{"id":1225,"date":"2023-08-06T11:06:55","date_gmt":"2023-08-06T11:06:55","guid":{"rendered":"https:\/\/www.livefooty.net\/?page_id=1225"},"modified":"2023-09-19T10:56:48","modified_gmt":"2023-09-19T10:56:48","slug":"elo-loverseny-online-elo-kozvetitesek","status":"publish","type":"page","link":"https:\/\/www.livefooty.net\/hu\/elo-loverseny-online-elo-kozvetitesek\/","title":{"rendered":"\u00c9l\u0151 l\u00f3versenyek online \u2013 \u00e9l\u0151 k\u00f6zvet\u00edt\u00e9sek"},"content":{"rendered":"<h2 class=\"wp-block-heading\">\u00c9l\u0151 l\u00f3verseny online \u2013 Versenynapt\u00e1r<\/h2>\n\n\n\n<center>\n<b><a href=\"\/WilliamHill.php\" rel=\"nofollow\" onclick=\"window.open('https:\/\/sports.williamhill.com\/betting\/en-gb\/horse-racing\/meetings')\">N\u00e9zze \u00e9l\u0151ben a l\u00f3versenyeket online!<\/a><\/b>\n<\/center>\n\n\n\n<p> <b>L\u00f3verseny<\/b> a vil\u00e1g egyik legr\u00e9gebbi sport\u00e1ga, eg\u00e9szen a r\u00f3mai id\u0151kig \u00e9s a szek\u00e9rversenyekig ny\u00falik vissza. A modern id\u0151kben nagyon kev\u00e9s olyan orsz\u00e1g van, ahol ne lenne olyan jelent\u0151s l\u00f3verseny, amely megragadja a lakoss\u00e1g k\u00e9pzelet\u00e9t. A legh\u00edresebb l\u00f3versenyek \u00e9s esem\u00e9nyek k\u00f6z\u00e9 tartozik a <b>Grand National<\/b>, <b>A Kentucky Derby<\/b>, <b>Belmont Stakes<\/b>, <b>Prix de l&#039;Arc de Triomphe<\/b>, <b>Kir\u00e1lyi Ascot<\/b>, <b>Az Irish Grand National<\/b>, <b>Dubai vil\u00e1gbajnoks\u00e1g<\/b> \u00e9s a <b>Melbourne Kupa<\/b>. Persze van m\u00e9g sok m\u00e1s is, ez csak a fejem b\u00fabja. <\/p>\n\n\n\n<!--more-->\n\n\n\n<p>\n\tA l\u00f3verseny mindig a szerencsej\u00e1t\u00e9k szinonim\u00e1ja volt, \u00e9s ez a szerencsej\u00e1t\u00e9k az, amely az \u00e9vek sor\u00e1n a l\u00f3versenyz\u00e9st hajtotta. Az igaz\u00e1n j\u00f3l ismert versenyeken k\u00edv\u00fcl naponta t\u00f6bb tucat l\u00f3versenyt rendeznek szerte a vil\u00e1gon. A l\u00f3versenyek olyan ipar\u00e1gak, amelyek milli\u00f3kat pump\u00e1lnak sok orsz\u00e1g gazdas\u00e1g\u00e1ba, \u00e9s vannak olyan profi szerencsej\u00e1t\u00e9kosok is, akik teljes munkaid\u0151ben meg tudnak \u00e9lni a l\u00f3versenyeken val\u00f3 szerencsej\u00e1t\u00e9kb\u00f3l. M\u00e1sr\u00e9szt sokan \u00e9lvezik azt a kih\u00edv\u00e1st, hogy megpr\u00f3b\u00e1lj\u00e1k megj\u00f3solni a gy\u0151ztest a fut\u00f3k statisztik\u00e1inak tanulm\u00e1nyoz\u00e1sa alapj\u00e1n. Ak\u00e1r egy \u00e9vente egyszer 5 GBP-t fogad\u00f3 szem\u00e9ly, ak\u00e1r egy profi szerencsej\u00e1t\u00e9kos, az igazi \u00e9lvezet az, ha \u00e9l\u0151ben n\u00e9zi a versenyt. Az a baj, hogy sok ilyen l\u00f3verseny olyankor megy, amikor az embereknek nincs lehet\u0151s\u00e9g\u00fck megn\u00e9zni \u0151ket, vagy dr\u00e1ga TV-el\u0151fizet\u00e9st ig\u00e9nyelnek a n\u00e9z\u00e9s\u00e9hez. Ezt szem el\u0151tt tartva \u00f6ssze\u00e1ll\u00edtottunk egy list\u00e1t <b>L\u00f3versenyek, amelyeket \u00e9l\u0151ben mutatnak be online<\/b>.\n\t<br><\/p>\n\n\n\n<h2 class=\"wp-block-heading\">\n\tA mai \u00e9l\u0151 l\u00f3versenyek menetrendje\n\t<\/h2>\n\n\n\n<p> Minden <b>l\u00f3versenyek<\/b> Az al\u00e1bbiakban \u00e9l\u0151 online k\u00f6zvet\u00edt\u00e9s t\u00f6rt\u00e9nik olyan form\u00e1tumban, amely Mac-en \u00e9s PC-n is megtekinthet\u0151. Ha regisztr\u00e1lni szeretne, hogy \u00e9l\u0151ben n\u00e9zhesse ezeket a versenyeket <a onclick=\"window.open('https:\/\/sports.williamhill.com\/betting\/en-gb\/horse-racing\/meetings')\" href=\"\/WilliamHill.php\" rel=\"nofollow\">Kattints ide<\/a>. <\/p>\n\n\n\n<p>[scu name=&#8221;betfair-racing&#8221;]<br><\/p>\n\n\n\n<h2 class=\"wp-block-heading\">A 3 legfontosabb l\u00f3verseny az Egyes\u00fclt Kir\u00e1lys\u00e1gban<\/h2>\n\n\n\n<h2 class=\"wp-block-heading\">A Grand National<\/h2>\n\n\n\n<p> Ami a p\u00e9nzd\u00edjakat illeti, <b>a Grand National a leg\u00e9rt\u00e9kesebb National Hunt l\u00f3verseny az Egyes\u00fclt Kir\u00e1lys\u00e1gban<\/b>. Fuss \u00e1t 4 m\u00e9rf\u00f6ld 856 yard t\u00e1vols\u00e1got, lefedve a 2 k\u00f6rt <a href=\"https:\/\/www.livefooty.net\/hu\/aintree-loverseny\/\" title=\"\">Aintree nemzeti l\u00f3versenyp\u00e1lya<\/a>William Philip Molyneux alap\u00edtotta, aki a liverpooli Aintree-ben l\u00e9v\u0151 f\u00f6ld tulajdonosa volt, \u00e9s b\u00e1r t\u00f6rt\u00e9nelmi vita folyik arr\u00f3l, hogy az els\u0151 Grand National Race-t mikor rendezt\u00e9k meg, a v\u00e9lem\u00e9ny 1836-ra d\u0151lt el, b\u00e1r az 1836-1838. nem szerepelnek a rekordok k\u00f6nyv\u00e9ben, mert az 1837-ben \u00e9s 1838-ban lefutott versenyeket eredetileg m\u00e1shol tartott\u00e1k. <br><\/p>\n\n\n\n<p>\n1839-ben t\u00f6bb figyelemre m\u00e9lt\u00f3 esem\u00e9ny is t\u00f6rt\u00e9nt, amelyek hozz\u00e1j\u00e1rultak ahhoz, hogy ez a verseny orsz\u00e1gosan fontosabb megvil\u00e1g\u00edt\u00e1sba ker\u00fclt. A Great Saint Alban&#039;s Chase, amelyre kor\u00e1bban az Aintree-tal\u00e1lkoz\u00f3val \u00fctk\u00f6z\u0151 d\u00e1tumon ker\u00fclt sor, 1838 ut\u00e1n nem \u00faj\u00edtott\u00e1k meg, \u00edgy a l\u00f3versenynapt\u00e1rban egy d\u00e1tumot kellett kit\u00f6lteni. Abban az id\u0151ben a nemzeti vasutak meg\u00e9rkeztek Liverpoolba, \u00edgy sokkal k\u00f6nnyebben megszervezhet\u0151 a sz\u00e1ll\u00edt\u00e1s \u00e9s a logisztika, \u00e9s lehet\u0151v\u00e9 v\u00e1lt az orsz\u00e1gszerte megrendez\u00e9sre ker\u00fcl\u0151 tal\u00e1lkoz\u00f3kra val\u00f3 utaz\u00e1s, \u00e9s abban az \u00e9vben megalakult egy bizotts\u00e1g az Aintree-i versenyek jobb megszervez\u00e9s\u00e9re \u00e9s n\u00e9pszer\u0171s\u00edt\u00e9s\u00e9re. Az orsz\u00e1gos figyelem \u00e9s h\u00edrver\u00e9s megjelen\u00e9s\u00e9vel a verseny gyorsan a min\u0151s\u00e9gi lovak \u00e9s lovasok nagyobb mez\u0151ny\u00e9t vonzotta, a m\u00e9dia figyelme pedig nagyobb l\u00e9tsz\u00e1mot b\u00e1tor\u00edtott a r\u00e9szv\u00e9telre. Ez\u00e9rt 1839 lett az els\u0151 hivatalos Grand National.\n<br><\/p>\n\n\n\n<p>\nMa ez a verseny hihetetlen\u00fcl n\u00e9pszer\u0171 azok k\u00f6r\u00e9ben, akik egy\u00e9bk\u00e9nt soha nem k\u00f6tn\u00e9nek m\u00e1s sportesem\u00e9nyre, \u00e9s olyan h\u00edrnevet \u00e9p\u00edtett ki az izgalomr\u00f3l \u00e9s a vesz\u00e9lyr\u0151l, amelyet a \u201eNemzeti b\u00e1rsony\u201d \u00e9s a \u201eBajnokok\u201d c\u00edm\u0171 filmekben is meg\u00f6r\u00f6k\u00edtettek. A legend\u00e1s nevek k\u00e9z a k\u00e9zben j\u00e1rnak a t\u00f6rt\u00e9nelemmel <b>Grand National<\/b>, nem t\u00f6bb, mint a Red Rum, az egyetlen l\u00f3, aki valaha h\u00e1romszor nyerte meg a versenyt. Hal\u00e1la ut\u00e1n a nagy fenevadat az aintree-i c\u00e9l\u00e1llom\u00e1s mellett helyezt\u00e9k \u00f6r\u00f6k nyugalomra.\n<br><\/p>\n\n\n\n<p>\nA Grand National t\u00f6rt\u00e9net\u00e9ben t\u00f6bb mint \u00f6tven l\u00f3hal\u00e1loz\u00e1s t\u00f6rt\u00e9nt, ezek k\u00f6z\u00fcl n\u00e9gy 1954-ben t\u00f6rt\u00e9nt, \u00e9s minden \u00e9vben vit\u00e1kat \u00e9s vit\u00e1kat gener\u00e1l. A s\u00falyos ker\u00edt\u00e9sek h\u00edrhedt sorozat\u00e1val, bele\u00e9rtve a Becher&#039;s Brook-ot \u00e9s a The Chair-t is, ez egy olyan verseny, amely m\u00e9g a legkiv\u00e1l\u00f3bb zsok\u00e9kat is pr\u00f3b\u00e1ra teszi, \u00e9s sok h\u00edres versenyz\u0151 van, akik sz\u00e1m\u00e1ra a gy\u0151zelem megfoghatatlannak bizonyult.\n<br><br><\/p>\n\n\n\n<h2 class=\"wp-block-heading\"><a href=\"https:\/\/www.livefooty.net\/hu\/cheltenham-fesztival\/\" title=\"\">A Cheltenham Gold Cup<\/a><\/h2>\n\n\n\n<p>\nEzt a nagyra becs\u00fclt Blue Riband esem\u00e9nyt az egyes\u00fclt kir\u00e1lys\u00e1gbeli Cheltenham l\u00f3versenyp\u00e1ly\u00e1j\u00e1n rendezik az \u00e9ves <b>Cheltenham Fesztiv\u00e1l<\/b> m\u00e1rciusban. Az orsz\u00e1g leg\u00e9rt\u00e9kesebb nem hendikep versenyek\u00e9nt a <b>Cheltenham Arany Kupa<\/b> a nemzetvad\u00e1szat legrangosabb napt\u00e1r\u00e1nak tartj\u00e1k. 3 m\u00e9rf\u00f6ldet fed le, 2 1\/2 furlongot 22 ker\u00edt\u00e9sen \u00e1t.\n<br><\/p>\n\n\n\n<p>\nEredetileg s\u00edkfut\u00e1sk\u00e9nt ismert\u00e9k, amikor az els\u0151 versenyre 1819-ben ker\u00fclt sor egy olyan helysz\u00ednen, amely jelenleg a jelenlegi versenyp\u00e1ly\u00e1ra n\u00e9z. 1924-ben azonban ugr\u00e1sszer\u0171en megt\u00f6rt\u00e9nt a jelenleg \u201eOld Course\u201d n\u00e9ven ismert p\u00e1lya, de akkoriban a Cheltenham Fesztiv\u00e1l egy\u00e9b esem\u00e9nyei be\u00e1rny\u00e9kolt\u00e1k. Golden Miller, aki 1934-ben a Grand Nationalt is megnyerte, a Cheltenham Gold Cup t\u00f6rt\u00e9net\u00e9nek legsikeresebb gy\u0151ztes lova volt, 1932 \u00e9s 1936 k\u00f6z\u00f6tt zsin\u00f3rban \u00f6t d\u00edjat nyert.\n<br><\/p>\n\n\n\n<p>\n1959-ben a versenyt \u00e1thelyezt\u00e9k az \u201e\u00daj p\u00e1ly\u00e1ra\u201d, \u00e9s ott is maradt. A Cheltenham Arany Kup\u00e1hoz f\u0171z\u0151d\u0151 tal\u00e1n legh\u00edresebb n\u00e9v Arkle-\u00e9, a l\u00f3\u00e9, aki 1964-ben, 1965-ben \u00e9s 1966-ban h\u00e1romszor nyert egym\u00e1s ut\u00e1n. Annyira megd\u00f6bbent\u0151 volt a f\u00f6l\u00e9nye, hogy \u0151 lett a legr\u00f6videbb \u00e1r\u00fa gy\u0151ztes a vil\u00e1gbajnoks\u00e1g t\u00f6rt\u00e9net\u00e9ben. a verseny 1\/10-n\u00e9l, ami azt jelentette, hogy a 10-es nyer\u0151 fogad\u00e1s csak 1-et nyert volna. A valaha volt leghosszabb nyer\u0151\u00e1r 100\/1 volt az arany\u00e9rm\u00e9n 1990-ben.\n<br><\/p>\n\n\n\n<p>\nA Cheltenham Arany Kup\u00e1val kapcsolatos legnagyobb eredm\u00e9ny Michael Dickinson edz\u0151\u00e9 1983-ban, aki b\u00fcszke volt arra, hogy nemcsak a gy\u0151ztest edzette, hanem a m\u00e1sik n\u00e9gy lovat is, akik m\u00e1sodik, harmadik, negyedik \u00e9s \u00f6t\u00f6dikk\u00e9nt k\u00f6vetkeztek.\n<br><\/p>\n\n\n\n<p>\nSajnos a Cheltenham Gold Cup-ot \u00e9s az eg\u00e9sz Cheltenham Fesztiv\u00e1lt 2001-ben le kellett mondani a ragad\u00f3s sz\u00e1j- \u00e9s k\u00f6r\u00f6mf\u00e1j\u00e1s miatti korl\u00e1toz\u00e1sok miatt. A Gold Trophy Chase helyett az \u00e9v v\u00e9g\u00e9n Sandownban, de hi\u00e1nyzott bel\u0151le az aura, amelyet a Cheltenham Gold Cup \u00e1ltal\u00e1ban gener\u00e1l.\n<br><br><\/p>\n\n\n\n<h2 class=\"wp-block-heading\"><a href=\"https:\/\/www.livefooty.net\/hu\/epsom-loverseny\/\" title=\"\">Az Epsom Derby<\/a><\/h2>\n\n\n\n<p>\nNemzetk\u00f6zileg a <b>Epsom Derby<\/b> hanem k\u00f6znyelvben mint <b>A Derby vagy a Derby Stakes<\/b>, ez egy s\u00edkfut\u00e1s, 1 m\u00e9rf\u00f6ld\u00f6n, 4 furlongon \u00e9s 10 yardon futva. Minden \u00e9v j\u00fanius els\u0151 szombatj\u00e1n Epsom Downsban rendezik meg, \u00e9s ez az Egyes\u00fclt Kir\u00e1lys\u00e1g legnagyobb \u00e9s leggazdagabb l\u00f3versenye. A kor\u00e1bbi nyertesek az elm\u00falt \u00e9vekben 700 000 \u00a3-t \u00e9s a 2007-es Aurhorized \u00e9rt\u00e9k\u00e9t 10 milli\u00f3 \u00a3-ra n\u00f6velt\u00e9k.\n<br><\/p>\n\n\n\n<p>\nAz Epsom Derbyre el\u0151sz\u00f6r 1780. m\u00e1jus 4-\u00e9n ker\u00fclt sor, \u00e9s annak a f\u00e9rfinak a tisztelet\u00e9re kapta a nev\u00e9t, aki a verseny kezdeti \u00f6tlete megsz\u00fclet\u0151 partij\u00e1nak h\u00e1zigazd\u00e1ja, Edward Smith-Stanley, Derby 12. gr\u00f3fja, b\u00e1r \u0151 maga nem \u00e9rt el sikert. Egyik saj\u00e1t lov\u00e1val 1787-ig. Mi\u00f3ta a Derby elfoglalta hely\u00e9t a l\u00f3versenynapt\u00e1rban, a Derby k\u00e9ts\u00e9gtelen\u00fcl ihletet adott a vil\u00e1g sz\u00e1mos m\u00e1s l\u00f3verseny\u00e9nek, k\u00f6zt\u00fck az Irish Derbynek, a j\u00f3l ismert Kentucky Derbynek, a Victoria Derby \u00e9s a Prix du Jockey Club (The French Derby).\n<br><\/p>\n\n\n\n<p>\nA legval\u00f3sz\u00edn\u0171bbnek tartott lovak pr\u00f3baversenyeit \u00e1prilisban \u00e9s m\u00e1jusban rendezik, \u00e9s ez rendk\u00edv\u00fcl sikeresnek bizonyult a k\u00f6vetkez\u0151 \u00e9vek lehets\u00e9ges gy\u0151zteseinek bemutat\u00e1s\u00e1ban.\n<br><\/p>\n\n\n\n<p>\nSok h\u00edres n\u00e9v f\u0171z\u0151dik a v\u00e1ros hossz\u00fa \u00e9s jeles t\u00f6rt\u00e9net\u00e9hez <b>Epsom Derby<\/b>Legink\u00e1bb a zsok\u00e9 Lester Piggott volt, aki 1954 \u00e9s 1983 k\u00f6z\u00f6tt nem kevesebb, mint 9 gy\u0151ztesen lovagolt p\u00e1lyafut\u00e1sa sor\u00e1n. Az oktat\u00f3k k\u00f6z\u00fcl hosszasan vissza kell menn\u00fcnk a verseny m\u00faltbeli dics\u0151s\u00e9g\u00e9be, hogy megtal\u00e1ljuk azokat, akiknek 7 gy\u0151zelm\u00fck van. nev\u00fckh\u00f6z, k\u00f6zt\u00fck Robert Robsonhoz, John Porterhez \u00e9s legut\u00f3bb Fred Darlinghoz, utols\u00f3 gy\u0151ztes\u00e9vel, Owen Tudorral 1941-ben. De ha olyan lovakr\u00f3l van sz\u00f3, akik megnyert\u00e9k ezt a legkiemelked\u0151bb versenyt, a Shergar n\u00e9v mindig kiemelkedik, nem csak az 1981-ben el\u00e9rt, 10 hossz\u00fas\u00e1g\u00fa rekordgy\u0151zelm\u00e9\u00e9rt, de a Kildare megyei Irish Ballymany Stud-t\u00f3l 1983-ban \u00e1larcos fegyveresek \u00e1ltal elk\u00f6vetett h\u00edrhedt emberrabl\u00e1s\u00e1\u00e9rt. Soha nem tal\u00e1lt\u00e1k meg.\n<br><\/p>\n\n\n\n<p>\nA p\u00e1lya, amelyen az Epsom Derby fut, \u00f6nmag\u00e1ban is eg\u00e9szen egyedi. Teljes hossz\u00e1ban tele fordulatokkal, fordulatokkal, es\u00e9sekkel \u00e9s emelked\u00e9ssel, a versenyl\u00f3 \u00e1ll\u00f3k\u00e9pess\u00e9g\u00e9nek \u00e9s zsok\u00e9k\u00e9szs\u00e9g\u00e9nek legm\u00e9lyebb pr\u00f3b\u00e1j\u00e1nak tekintik. M\u00edg azok sz\u00e1m\u00e1ra, akik elj\u00f6nnek megn\u00e9zni a l\u00e1tv\u00e1nyt, az vil\u00e1gszerte h\u00edres arr\u00f3l, hogy \u00e9kessz\u00f3l\u00f3an megjelen\u00edti a t\u00e1rsadalmi oszt\u00e1lyok \u00f6sszes r\u00e9teg\u00e9t, \u00e9s olyan bulihangulatot gener\u00e1l, amelyet m\u00e1s versenyhelysz\u00ednek biztosan nehezen tudnak ut\u00e1nozni.\n<\/p>\n\n\n\n<p><\/p>\n\n\n\n<h2 class=\"wp-block-heading\">N\u00e9zze mindezt \u00e9s m\u00e9g sok m\u00e1s \u00e9l\u0151 l\u00f3versenyt \u00e9l\u0151ben online<\/h2>\n\n\n\n<p>\n<b><a href=\"https:\/\/www.livehorseracingonline.com\" target=\"_blank\" rel=\"noopener\">\u00c9l\u0151 l\u00f3verseny online<\/a><\/b> lehet\u0151s\u00e9gek vil\u00e1g\u00e1t ad a versenyen bel\u00fcli fogad\u00e1si szc\u00e9n\u00e1hoz, ahogyan azt sz\u00e1mos bukm\u00e9kert\u0151l elv\u00e1rhatja <b>patakolja ezeket a nagy l\u00f3versenyeket<\/b> plusz m\u00e9g sok kisebb tal\u00e1lkoz\u00f3 napi szinten \u00e9l\u0151ben az interneten kereszt\u00fcl. Annyival <b>\u00e9l\u0151 l\u00f3verseny-folyamok<\/b> el\u00e9rhet\u0151, nincs ments\u00e9g arra, hogy lemaradjon a keresett l\u00f3versenyr\u0151l.\t\n<\/p>","protected":false},"excerpt":{"rendered":"<p>Live Horse Racing Online &#8211; Race Schedule Watch Live Horse Racing Online! Horse Racing is one of the oldest sports in the world, dating all the way back to Roman times and Chariot races. In modern times there&#8217;s very few countries that don&#8217;t have a major horse racing event that captures the imagination of the [&hellip;]<\/p>","protected":false},"author":1,"featured_media":0,"parent":0,"menu_order":0,"comment_status":"closed","ping_status":"closed","template":"","meta":{"footnotes":""},"class_list":["post-1225","page","type-page","status-publish","hentry"],"_links":{"self":[{"href":"https:\/\/www.livefooty.net\/hu\/wp-json\/wp\/v2\/pages\/1225","targetHints":{"allow":["GET"]}}],"collection":[{"href":"https:\/\/www.livefooty.net\/hu\/wp-json\/wp\/v2\/pages"}],"about":[{"href":"https:\/\/www.livefooty.net\/hu\/wp-json\/wp\/v2\/types\/page"}],"author":[{"embeddable":true,"href":"https:\/\/www.livefooty.net\/hu\/wp-json\/wp\/v2\/users\/1"}],"replies":[{"embeddable":true,"href":"https:\/\/www.livefooty.net\/hu\/wp-json\/wp\/v2\/comments?post=1225"}],"version-history":[{"count":0,"href":"https:\/\/www.livefooty.net\/hu\/wp-json\/wp\/v2\/pages\/1225\/revisions"}],"wp:attachment":[{"href":"https:\/\/www.livefooty.net\/hu\/wp-json\/wp\/v2\/media?parent=1225"}],"curies":[{"name":"wp","href":"https:\/\/api.w.org\/{rel}","templated":true}]}}