{"id":1222,"date":"2023-08-06T10:57:49","date_gmt":"2023-08-06T10:57:49","guid":{"rendered":"https:\/\/www.livefooty.net\/?page_id=1222"},"modified":"2023-09-19T11:01:24","modified_gmt":"2023-09-19T11:01:24","slug":"mai-menetrendek-osszes-sport-elo-online","status":"publish","type":"page","link":"https:\/\/www.livefooty.net\/hu\/mai-menetrendek-osszes-sport-elo-online\/","title":{"rendered":"Mai menetrend \u2013 Minden sport \u00e9l\u0151ben online"},"content":{"rendered":"<h2 class=\"wp-block-heading\">Mai \u00e9l\u0151 sportk\u00f6zvet\u00edt\u00e9sek<\/h2>\n\n\n\n<p> A fogad\u00f3irod\u00e1k \u00e9s m\u00e1s sportoldalak hozz\u00e1f\u00e9r\u00e9st biztos\u00edtanak <b>\u00e9l\u0151 sportk\u00f6zvet\u00edt\u00e9sek<\/b> a vil\u00e1g minden t\u00e1j\u00e1n zajl\u00f3 esem\u00e9nyekr\u0151l.  Az \u00f6r\u00f6kk\u00e9 n\u00e9pszer\u0171 labdar\u00fag\u00f3 (futball) m\u00e9rk\u0151z\u00e9sek mellett sz\u00e1mos m\u00e1s sport\u00e1gat is lefednek, bele\u00e9rtve a golf, a tenisz, a r\u00f6gbi, a motorsport \u00e9s m\u00e9g sok m\u00e1s sport\u00e1g nagy versenyeit.  A bukm\u00e9kerek megk\u00f6nny\u00edtik, hogy sokkal t\u00f6bb \u00e9l\u0151 sportot n\u00e9zhessenek. <\/p>\n\n\n\n<!--more-->\n\n\n\n<p><br><\/p>\n\n\n\n<p>\n\tAhogy az internet sebess\u00e9ge csak javul, \u00fagy gondolom, hogy a v\u00e1rhat\u00f3 lefedetts\u00e9g is csak javulni fog. Ha ezt mondjuk, mivel ez a streamek min\u0151s\u00e9ge, az m\u00e9g nagy k\u00e9perny\u0151s t\u00e9v\u00e9n is nagyon j\u00f3l n\u00e9zhet\u0151, \u00edgy az elmos\u00f3dott \u00e9s szaggatott k\u00e9pkockasebess\u00e9gek m\u00e1r nem kifog\u00e1sok arra, hogy ne n\u00e9zz\u00fck \u00e9l\u0151ben online a sportot.\n\t<br><br><\/p>\n\n\n<p>[scu name=&#8221;roja-schedule&#8221;]<\/p>\n\n\n\n<h2 class=\"wp-block-heading\">\n\t\u00c9l\u0151 futball a bukm\u00e9kerekkel (jelenlegi brit id\u0151 szerint)\n\t<\/h2>\n\n\n<p>[scu name=&#8221;betfair-football&#8221;]<\/p>\n\n\n\n<p>\n\tA fenti linkek mindegyike harmadik felek webhely\u00e9re mutat, amelyekr\u0151l \u00fagy gondoljuk, hogy az adott esem\u00e9nyt mutatj\u00e1k <b>vagy<\/b> eml\u00edtett sport\u00e1g. Azonban l\u00e1tni fogja, hogy bizonyos esem\u00e9nyek nem lesznek <a href=\"https:\/\/www.livefooty.net\/VPN.php\" target=\"_blank\" rel=\"nofollow noopener\">minden orsz\u00e1gban el\u00e9rhet\u0151<\/a>, Sajn\u00e1lom az esetet. Ha \u00e9rdekl\u0151dik az \u00e9l\u0151 l\u00f3versenyek online n\u00e9z\u00e9se ir\u00e1nt, akkor ezeket k\u00fcl\u00f6n r\u00e9szbe tessz\u00fck, csak k\u00f6vesse a linket az \u00e9l\u0151 L\u00f3verseny online oldal megtekint\u00e9s\u00e9hez.\n\t<\/p>","protected":false},"excerpt":{"rendered":"<p>Todays Live Sports Streams Bookmakers and other sports websites give access to live sporting streams from events taking place all over the world. As well as the ever popular football (soccer) matches there are plenty of other sports covered as well including major tournaments in Golf, Tennis, Rugby, Motorsport and much more. The bookmakers make [&hellip;]<\/p>","protected":false},"author":1,"featured_media":0,"parent":0,"menu_order":0,"comment_status":"closed","ping_status":"closed","template":"","meta":{"footnotes":""},"class_list":["post-1222","page","type-page","status-publish","hentry"],"_links":{"self":[{"href":"https:\/\/www.livefooty.net\/hu\/wp-json\/wp\/v2\/pages\/1222","targetHints":{"allow":["GET"]}}],"collection":[{"href":"https:\/\/www.livefooty.net\/hu\/wp-json\/wp\/v2\/pages"}],"about":[{"href":"https:\/\/www.livefooty.net\/hu\/wp-json\/wp\/v2\/types\/page"}],"author":[{"embeddable":true,"href":"https:\/\/www.livefooty.net\/hu\/wp-json\/wp\/v2\/users\/1"}],"replies":[{"embeddable":true,"href":"https:\/\/www.livefooty.net\/hu\/wp-json\/wp\/v2\/comments?post=1222"}],"version-history":[{"count":0,"href":"https:\/\/www.livefooty.net\/hu\/wp-json\/wp\/v2\/pages\/1222\/revisions"}],"wp:attachment":[{"href":"https:\/\/www.livefooty.net\/hu\/wp-json\/wp\/v2\/media?parent=1222"}],"curies":[{"name":"wp","href":"https:\/\/api.w.org\/{rel}","templated":true}]}}