{"id":1196,"date":"2023-08-06T10:00:51","date_gmt":"2023-08-06T10:00:51","guid":{"rendered":"https:\/\/www.livefooty.net\/?page_id=1196"},"modified":"2023-09-19T10:53:43","modified_gmt":"2023-09-19T10:53:43","slug":"betfair-live-streams-online","status":"publish","type":"page","link":"https:\/\/www.livefooty.net\/hu\/betfair-live-streams-online\/","title":{"rendered":"Betfair \u2013 \u00c9l\u0151 k\u00f6zvet\u00edt\u00e9sek online"},"content":{"rendered":"<h2 class=\"wp-block-heading\">Betfair \u00e9l\u0151 sportk\u00f6zvet\u00edt\u00e9sek \u2013 N\u00e9zz \u00e9l\u0151ben online<\/h2>\n\n\n\n<p> Vannak neh\u00e9z m\u00f3dszerek <b>n\u00e9zheti kedvenc sportjait online<\/b> \u00e9s ott vannak a k\u00f6nny\u0171 m\u00f3dszerek.  A legegyszer\u0171bbek k\u00f6z\u00e9 tartozik a legnagyobb v\u00e1llalatok online \u00e9l\u0151 k\u00f6zvet\u00edt\u00e9seinek megtekint\u00e9se. <b>Betfair<\/b> p\u00e9ld\u00e1ul az egyik legnagyobb online bukm\u00e9ker, \u00e9s most a legjobb oddsok mellett most lehet\u0151s\u00e9get adnak arra is, hogy online n\u00e9zze kedvenc sportk\u00f6zvet\u00edt\u00e9seit, teljesen ingyen! A Betfair \u00e9l\u0151 k\u00f6zvet\u00edt\u00e9sei kiv\u00e1l\u00f3 min\u0151s\u00e9g\u0171 sportesem\u00e9nyeket k\u00edn\u00e1lnak \u00d6nnek ingyenesen, \u00e9s mind\u00f6ssze 2 perc regisztr\u00e1ci\u00f3ra \u00e9s egy sz\u00e1mla befizet\u00e9s\u00e9re van sz\u00fcks\u00e9g ahhoz, hogy hozz\u00e1f\u00e9rjen ezekhez. <\/p>\n\n\n\n<!--more-->\n\n\n\n<p> Az \u00e9l\u0151 foci az, ami a legt\u00f6bb embert \u00e9rdekli, \u00e9s a Betfairnek joga van n\u00e9h\u00e1ny top lig\u00e1b\u00f3l \u00e9s kup\u00e1b\u00f3l meccseket mutatni \u00d6nnek \u2013 <b>Serie A, portug\u00e1l szuperliga, UEFA-kupa \u00e9s a legt\u00f6bb nemzetk\u00f6zi bar\u00e1ts\u00e1gos m\u00e9rk\u0151z\u00e9s<\/b> hogy csak n\u00e9h\u00e1nyat eml\u00edts\u00fcnk*.  A Betfair folyamatosan b\u0151v\u00edti ezt a list\u00e1t, \u00edgy nincs okod arra, hogy ne regisztr\u00e1lj most.  Ha a futballon k\u00edv\u00fcl m\u00e1s sport\u00e1gakat is keresel, akkor a list\u00e1n szerepel a tenisz, a snooker \u00e9s a kos\u00e1rlabda is.  Mit sz\u00f3ln\u00e1l a l\u00f3versenyz\u00e9shez?  Elakadt\u00e1l a munk\u00e1ban, de szeretn\u00e9d tudni, hogy a lovad hogy halad?  A Betfair t\u00f6bb \u00e9l\u0151 l\u00f3versenyt k\u00f6zvet\u00edt, mint b\u00e1rmely m\u00e1s online forr\u00e1s, amit tal\u00e1ltam.  Persze emellett remek kaszin\u00f3t is k\u00edn\u00e1lnak \u00e9s <a href=\"https:\/\/www.kushmoney.com\/\" target=\"_blank\" rel=\"noopener\">p\u00f3ker j\u00e1t\u00e9k<\/a> ha arra hajlik.   <br><\/p>\n\n\n\n<p>\n\tMinden <b>Betfair \u00e9l\u0151 k\u00f6zvet\u00edt\u00e9sek<\/b> ingyenesen megtekinthet\u0151k, mind\u00f6ssze egy felt\u00f6lt\u00f6tt sz\u00e1ml\u00e1ra van sz\u00fcks\u00e9ged.  Ha \u00d6n az a fajta, aki szereti a flittert, akkor ak\u00e1r 100 eur\u00f3nyi ingyenes fogad\u00e1st is ig\u00e9nybe vehet az \u00faj \u00fcgyfelek aj\u00e1nlat\u00e1val. Ha 5 x 10 eur\u00f3s vagy ann\u00e1l nagyobb t\u00e9tet teszel, 20 eur\u00f3nyi ingyenes fogad\u00e1st kapsz. Ism\u00e9telje meg ezt legfeljebb 5 alkalommal, hogy maxim\u00e1lisan 100 \u20ac b\u00f3nuszt kapjon. Minim\u00e1lis odds 1\/2 (1,5). A cserefogad\u00e1sok kiz\u00e1rva. \u00c1SZF \u00e9rv\u00e9nyes\n\t<br><\/p>\n\n\n\n<p>\n\tA Betfairre val\u00f3 regisztr\u00e1ci\u00f3 egyszer\u0171 m\u00f3dja <b>\u00e9l\u0151 sportk\u00f6zvet\u00edt\u00e9sek online n\u00e9z\u00e9se<\/b>, ha m\u00e9g nem vagy tag, azt javaslom, hogy most menj oda \u00e9s v\u00e9gezd el!<\/p>","protected":false},"excerpt":{"rendered":"<p>Betfair Live Sports Streams &#8211; Watch Live Online There are hard ways of watching your favourite sports online and then there are the easy ways. Right up there as the easiest has to be watching live streams from some of the biggest companies online. Betfair for example are one of the biggest bookmakers online and [&hellip;]<\/p>","protected":false},"author":1,"featured_media":0,"parent":0,"menu_order":0,"comment_status":"closed","ping_status":"closed","template":"","meta":{"footnotes":""},"class_list":["post-1196","page","type-page","status-publish","hentry"],"_links":{"self":[{"href":"https:\/\/www.livefooty.net\/hu\/wp-json\/wp\/v2\/pages\/1196","targetHints":{"allow":["GET"]}}],"collection":[{"href":"https:\/\/www.livefooty.net\/hu\/wp-json\/wp\/v2\/pages"}],"about":[{"href":"https:\/\/www.livefooty.net\/hu\/wp-json\/wp\/v2\/types\/page"}],"author":[{"embeddable":true,"href":"https:\/\/www.livefooty.net\/hu\/wp-json\/wp\/v2\/users\/1"}],"replies":[{"embeddable":true,"href":"https:\/\/www.livefooty.net\/hu\/wp-json\/wp\/v2\/comments?post=1196"}],"version-history":[{"count":0,"href":"https:\/\/www.livefooty.net\/hu\/wp-json\/wp\/v2\/pages\/1196\/revisions"}],"wp:attachment":[{"href":"https:\/\/www.livefooty.net\/hu\/wp-json\/wp\/v2\/media?parent=1196"}],"curies":[{"name":"wp","href":"https:\/\/api.w.org\/{rel}","templated":true}]}}