{"id":1177,"date":"2023-08-06T08:59:54","date_gmt":"2023-08-06T08:59:54","guid":{"rendered":"https:\/\/www.livefooty.net\/?page_id=1177"},"modified":"2023-09-19T11:01:58","modified_gmt":"2023-09-19T11:01:58","slug":"tvants-elo-foci-kozvetitesek-tvantokkal","status":"publish","type":"page","link":"https:\/\/www.livefooty.net\/hu\/tvants-elo-foci-kozvetitesek-tvantokkal\/","title":{"rendered":"TVAnts \u2013 \u00c9l\u0151 futballk\u00f6zvet\u00edt\u00e9sek a TVAnts seg\u00edts\u00e9g\u00e9vel"},"content":{"rendered":"<p> <b>TVAnts<\/b> m\u00e9g mindig az egyik legn\u00e9pszer\u0171bb program el\u00e9rhet\u0151 <b>\u00e9l\u0151 focin\u00e9z\u00e9s az interneten<\/b>. A TVAnts \u00e1tvette a Coolstreaming \u00e9s a PPLive hely\u00e9t, mivel ezek elhalv\u00e1nyultak. A TVAnts folyamatosan javult. Mostant\u00f3l a csatorn\u00e1k hatalmas v\u00e1laszt\u00e9k\u00e1t k\u00edn\u00e1ljuk, k\u00f6zt\u00fck sok olyan csatorn\u00e1t, amelyek \u00e9l\u0151 futball \u00e9s egy\u00e9b sportok minden form\u00e1j\u00e1t mutatj\u00e1k a vil\u00e1g minden t\u00e1j\u00e1r\u00f3l. Az \u00e9l\u0151 foci mellett a TVants sz\u00e1mos m\u00e1s \u00e9l\u0151 sport\u00e1gat is k\u00edn\u00e1l, mint p\u00e9ld\u00e1ul krikett, r\u00f6gbi, golf \u00e9s rengeteg kos\u00e1rlabdameccs. Lehet, hogy a TVAnts nem a legk\u00f6nnyebben haszn\u00e1lhat\u00f3 streamel\u0151szoftver, de ha egyszer beind\u00edtja, elgondolkozik azon, hogyan siker\u00fclt valaha is a TVAnts n\u00e9lk\u00fcl, ez minden bizonnyal \u00e9lvezett\u00e9 teszi a szombat d\u00e9lut\u00e1ni futballm\u00e9rk\u0151z\u00e9sek \u00e9l\u0151 n\u00e9z\u00e9s\u00e9t.  <\/p>\n\n\n\n<!--more-->\n\n\n\n<p>\n\tA TVAnts innen let\u00f6lthet\u0151:-\n\t<br>\n<\/p>\n\n\n\n<center>\n\t<a href=\"https:\/\/tvants.en.softonic.com\/download\" target=\"_blank\" rel=\"nofollow noopener\">TVAnts let\u00f6lt\u00e9se<\/a>\n\t<\/center>\n\n\n\n<p>\n\t\tA szoftver let\u00f6lt\u00e9se egyszer\u0171, szerencs\u00e9re a TVAnts meglehet\u0151sen \u00e1tfog\u00f3 csatornalist\u00e1t tartalmaz a saj\u00e1t keres\u0151 funkci\u00f3j\u00e1val. Ha t\u00f6bb csatorn\u00e1t keresel, \u00e9rdemes lehet megn\u00e9zni a TVAnts hivatalos weboldal\u00e1t <a href=\"https:\/\/translate.google.com\/translate?u=http%3A%2F%2Fwww.tvants.com%2F%3Fkeyword%3D%25u4F53%25u80B2&amp;langpair=zh-CN|en&amp;hl=en&amp;ie=UTF-8&amp;oe=UTF-8&amp;prev=%2Flanguage_tools\" target=\"_blank\" rel=\"nofollow noopener\">itt<\/a>. Ha ez nem j\u00f3, akkor \u00e9rdemes kipr\u00f3b\u00e1lni a k\u00fcl\u00f6nf\u00e9le \u00e9l\u0151 futballlist\u00e1kat tartalmaz\u00f3 webhelyek egyik\u00e9t, amelyek n\u00e9melyike k\u00f6zvetlen linkeket tartalmaz a meccsekre?\n\t<\/p>","protected":false},"excerpt":{"rendered":"<p>TVAnts is still one of the most popular programs available for watching live football on the internet. TVAnts took over from Coolstreaming and PPLive, as these have faded away TVAnts has continued to get better. Now offering a huge range of channels including many that show all forms of live football and other sports from [&hellip;]<\/p>","protected":false},"author":1,"featured_media":0,"parent":0,"menu_order":0,"comment_status":"closed","ping_status":"closed","template":"","meta":{"footnotes":""},"class_list":["post-1177","page","type-page","status-publish","hentry"],"_links":{"self":[{"href":"https:\/\/www.livefooty.net\/hu\/wp-json\/wp\/v2\/pages\/1177","targetHints":{"allow":["GET"]}}],"collection":[{"href":"https:\/\/www.livefooty.net\/hu\/wp-json\/wp\/v2\/pages"}],"about":[{"href":"https:\/\/www.livefooty.net\/hu\/wp-json\/wp\/v2\/types\/page"}],"author":[{"embeddable":true,"href":"https:\/\/www.livefooty.net\/hu\/wp-json\/wp\/v2\/users\/1"}],"replies":[{"embeddable":true,"href":"https:\/\/www.livefooty.net\/hu\/wp-json\/wp\/v2\/comments?post=1177"}],"version-history":[{"count":0,"href":"https:\/\/www.livefooty.net\/hu\/wp-json\/wp\/v2\/pages\/1177\/revisions"}],"wp:attachment":[{"href":"https:\/\/www.livefooty.net\/hu\/wp-json\/wp\/v2\/media?parent=1177"}],"curies":[{"name":"wp","href":"https:\/\/api.w.org\/{rel}","templated":true}]}}