{"id":1141,"date":"2023-08-06T08:01:12","date_gmt":"2023-08-06T08:01:12","guid":{"rendered":"https:\/\/livefooty.net\/?page_id=1141"},"modified":"2025-10-14T09:58:51","modified_gmt":"2025-10-14T09:58:51","slug":"live-football-other-sports-online-news-and-games","status":"publish","type":"page","link":"https:\/\/www.livefooty.net\/hu\/","title":{"rendered":"\u00c9l\u0151 futball \u00e9s m\u00e1s sportok online - H\u00edrek \u00e9s j\u00e1t\u00e9kok"},"content":{"rendered":"<h2 class=\"wp-block-heading\">Hol n\u00e9zhet \u00e9l\u0151ben focit, teniszt, dartsot stb.<\/h2>\n\n\n\n<figure class=\"wp-block-image size-full is-style-rounded\"><img decoding=\"async\" width=\"1024\" height=\"683\" src=\"https:\/\/www.livefooty.net\/wp-content\/uploads\/2023\/08\/live-footy.jpg\" alt=\"\u00c9l\u0151 Footy\" class=\"wp-image-1322\" title=\"\" srcset=\"https:\/\/www.livefooty.net\/wp-content\/uploads\/2023\/08\/live-footy.jpg 1024w, https:\/\/www.livefooty.net\/wp-content\/uploads\/2023\/08\/live-footy-300x200.jpg 300w, https:\/\/www.livefooty.net\/wp-content\/uploads\/2023\/08\/live-footy-768x512.jpg 768w, https:\/\/www.livefooty.net\/wp-content\/uploads\/2023\/08\/live-footy-18x12.jpg 18w, https:\/\/www.livefooty.net\/wp-content\/uploads\/2023\/08\/live-footy-665x444.jpg 665w, https:\/\/www.livefooty.net\/wp-content\/uploads\/2023\/08\/live-footy-390x260.jpg 390w\" sizes=\"(max-width: 1024px) 100vw, 1024px\" \/><\/figure>\n\n\n\n<p>Az internet nem csak a Facebookra \u00e9s a porn\u00f3ra val\u00f3, vannak hasznos dolgok is a kibert\u00e9rben! A sportrajong\u00f3k sz\u00e1m\u00e1ra az egyik leghasznosabb a lehet\u0151s\u00e9g, hogy val\u00f3di, t\u00f6rv\u00e9nyes, enged\u00e9lyezett \u00e9l\u0151 sportk\u00f6zvet\u00edt\u00e9seket n\u00e9zhetnek online, fizet\u0151s k\u00f6zvet\u00edt\u0151 partnerekt\u0151l. Ami kezdetben a komoly techno-nerdek \u00e9s mindenf\u00e9le geekek sz\u00e1m\u00e1ra k\u00e9sz\u00fclt, m\u00e1ra nagyon is mainstream lett, \u00e9s ez olyasvalami, amit rengeteg ember tesz h\u00e9tr\u0151l h\u00e9tre, hogy min\u00e9l t\u00f6bb \u00e9l\u0151 futballt n\u00e9zhessen.  Nem kell kock\u00e1ztatnod a sz\u00e1m\u00edt\u00f3g\u00e9pedet, itt csak a hivatalos streamekr\u0151l besz\u00e9l\u00fcnk.<\/p>\n\n\n\n<!--more-->\n\n\n\n<hr class=\"wp-block-separator has-alpha-channel-opacity\"\/>\n\n\n\n<p><\/p>\n\n\n\n<hr class=\"wp-block-separator has-alpha-channel-opacity\"\/>\n\n\n\n<h2 class=\"wp-block-heading\">A bukm\u00e9kerek<\/h2>\n\n\n\n<p>Egyre t\u00f6bb online fogad\u00f3iroda k\u00edn\u00e1l \u00e9l\u0151 k\u00f6zvet\u00edt\u00e9seket k\u00fcl\u00f6nb\u00f6z\u0151 sport\u00e1gakr\u00f3l, k\u00f6zt\u00fck term\u00e9szetesen a mindig n\u00e9pszer\u0171 labdar\u00fag\u00e1sr\u00f3l, bele\u00e9rtve a f\u0151bb eur\u00f3pai bajnoks\u00e1gok m\u00e9rk\u0151z\u00e9seit is. B\u00e1r a szab\u00e1lyok bukm\u00e9kerenk\u00e9nt elt\u00e9r\u0151ek (n\u00e9melyik\u00fckn\u00e9l bet\u00e9tet kell elhelyezni, s\u0151t, n\u00e9melyik\u00fckn\u00e9l m\u00e9g az is el\u0151fordulhat, hogy az adott esem\u00e9ny megtekint\u00e9s\u00e9hez fogad\u00e1st kell k\u00f6tni), az eredm\u00e9ny ugyanaz: professzion\u00e1lis min\u0151s\u00e9g\u0171 \u00e9l\u0151 k\u00f6zvet\u00edt\u00e9sek sok olyan sportesem\u00e9nyr\u0151l, amelyeket m\u00e1s m\u00f3don nem l\u00e1thatunk. Technikailag ez egyszer\u0171, nem bonyolultabb, mint egy Youtube-vide\u00f3 megtekint\u00e9se. Egy be\u00e1gyazott vide\u00f3lej\u00e1tsz\u00f3t haszn\u00e1lnak az \u00e9l\u0151 sportk\u00f6zvet\u00edt\u00e9sek megjelen\u00edt\u00e9s\u00e9re, \u00e9s emiatt a webb\u00f6ng\u00e9sz\u0151k 99%-\u00e9ben is megtekinthet\u0151, az egyetlen probl\u00e9ma n\u00e9h\u00e1ny Apple k\u00e9sz\u00fcl\u00e9kkel ad\u00f3dhat, hogy mi\u00e9rt ragaszkodnak ahhoz, hogy nem t\u00e1mogatj\u00e1k a Flash-t, azt csak tal\u00e1lgatni lehet. Az egyetlen tov\u00e1bbi korl\u00e1toz\u00e1s, amir\u0151l besz\u00e9lni kell, hogy egyes esem\u00e9nyek Geo Restricted (f\u00f6ldrajzi korl\u00e1toz\u00e1s), az egyes orsz\u00e1gok m\u0171sorszolg\u00e1ltat\u00f3i jogait\u00f3l f\u00fcgg\u0151en. A bukm\u00e9kerek azonban m\u00e9g mindig kiv\u00e1l\u00f3 lehet\u0151s\u00e9get ny\u00fajtanak arra, hogy t\u00f6bb \u00e9l\u0151 futballt n\u00e9zhess\u00fcnk, mint amennyit egy\u00e9bk\u00e9nt valaha is l\u00e1thatn\u00e1nk.<\/p>\n\n\n\n<figure class=\"wp-block-image size-large is-style-default\"><img decoding=\"async\" width=\"1024\" height=\"318\" src=\"https:\/\/www.livefooty.net\/wp-content\/uploads\/2023\/08\/live-footy-online-1024x318.jpg\" alt=\"\u00e9l\u0151 l\u00e1bbeli online\" class=\"wp-image-1324\" title=\"\" srcset=\"https:\/\/www.livefooty.net\/wp-content\/uploads\/2023\/08\/live-footy-online-1024x318.jpg 1024w, https:\/\/www.livefooty.net\/wp-content\/uploads\/2023\/08\/live-footy-online-300x93.jpg 300w, https:\/\/www.livefooty.net\/wp-content\/uploads\/2023\/08\/live-footy-online-768x238.jpg 768w, https:\/\/www.livefooty.net\/wp-content\/uploads\/2023\/08\/live-footy-online-18x6.jpg 18w, https:\/\/www.livefooty.net\/wp-content\/uploads\/2023\/08\/live-footy-online-665x206.jpg 665w, https:\/\/www.livefooty.net\/wp-content\/uploads\/2023\/08\/live-footy-online-838x260.jpg 838w, https:\/\/www.livefooty.net\/wp-content\/uploads\/2023\/08\/live-footy-online.jpg 1080w\" sizes=\"(max-width: 1024px) 100vw, 1024px\" \/><\/figure>\n\n\n\n<h2 class=\"wp-block-heading\">A m\u0171sorszolg\u00e1ltat\u00f3k<\/h2>\n\n\n\n<p>Eltartott egy ideig, de v\u00e9gre kezdik megl\u00e1tni a f\u00e9nyt, az online t\u00f6k\u00e9letes m\u00e9dium a sport t\u00f6bb ember sz\u00e1m\u00e1ra t\u00f6rt\u00e9n\u0151 megnyit\u00e1s\u00e1hoz, valamint a n\u00e9zetts\u00e9g \u00e9s a rekl\u00e1mb\u00f3l sz\u00e1rmaz\u00f3 bev\u00e9tel n\u00f6vel\u00e9s\u00e9hez. Term\u00e9szetesen orsz\u00e1gonk\u00e9nt nagyon elt\u00e9r\u0151 az el\u00e9rhet\u0151s\u00e9g, de a tendencia tov\u00e1bbra is pozit\u00edv a sportrajong\u00f3k sz\u00e1m\u00e1ra, lassan egyre t\u00f6bb sport\u00e1g jelenik meg \u00e9l\u0151ben az interneten. Az Egyes\u00fclt Kir\u00e1lys\u00e1gban k\u00fcl\u00f6n\u00f6sen a BBC ny\u00fajt kiv\u00e1l\u00f3 \u00e9l\u0151 sportk\u00f6zvet\u00edt\u00e9seket online, a Forma-1 k\u00fcl\u00f6n eml\u00edt\u00e9sre szorult a napokban. A l\u00e9tfontoss\u00e1g\u00fa gyakorlatokat, amelyek egykor csak egy 30 m\u00e1sodperces el\u0151kvalifik\u00e1ci\u00f3s \u00f6sszes\u00edt\u0151 nyer\u0151g\u00e9pek voltak, \u00e9l\u0151ben mutatt\u00e1k be online, ez volt a kezdete annak a folyamatnak, amely mindenkit felp\u00f6rgetett a j\u00e1t\u00e9k\u00e1n. Abban is biztos lehet, hogy minden futballm\u00e9rk\u0151z\u00e9st, amelyr\u0151l a BBC c\u00edmlapja, az interneten is \u00e9l\u0151ben k\u00f6zvet\u00edtenek, ami felbecs\u00fclhetetlen \u00e9rt\u00e9k\u0171 szolg\u00e1ltat\u00e1s, ha munk\u00e1ba szorul, vagy t\u00e1vol van a t\u00e9v\u00e9t\u0151l. A Sky-nak m\u00e9g a NowTV szolg\u00e1ltat\u00e1sa is (nagyon szeretik a Manchester United, a Liverpool, a Chelsea \u00e9s az Arsenal meccseit!), amely lehet\u0151v\u00e9 teszi, hogy mobileszk\u00f6z\u00e9n \u00e9l\u0151ben n\u00e9zhesse a Sky Sports akci\u00f3it, cs\u00f6kkentett el\u0151fizet\u00e9si d\u00edj ellen\u00e9ben. M\u00e9g korai napok vannak, \u00e9s m\u00e9g hossz\u00fa az \u00fat, de lassan eljutunk oda, biztosan csak id\u0151 k\u00e9rd\u00e9se lesz, hogy az \u00d6SSZES focimeccset \u00e9l\u0151ben n\u00e9zhess\u00fck online?<\/p>\n\n\n\n<h3 class=\"wp-block-heading\">Leg\u00fajabb Footy Goings-On<\/h3>\n\n\n\n<p>[scu name=&#8221;event-summary&#8221;]<\/p>\n\n\n\n<hr class=\"wp-block-separator has-alpha-channel-opacity\"\/>\n\n\n\n<h3 class=\"wp-block-heading\">\u00c9l\u0151 futballh\u00edrek<\/h3>\n\n\n\n<p>[scu name=\"rss-feed\"]<\/p>","protected":false},"excerpt":{"rendered":"<p>Where To Watch Live Football, Tennis, Darts etc The internet isn&#8217;t just for Facebook and porn, there are actually some useful things going on out there in cyberspace! One of the most useful for sports fans is the ability to watch genuine, legitimate, authorised live sports streams online from paid up broadcast partners. What started [&hellip;]<\/p>","protected":false},"author":1,"featured_media":0,"parent":0,"menu_order":0,"comment_status":"closed","ping_status":"closed","template":"","meta":{"footnotes":""},"class_list":["post-1141","page","type-page","status-publish","hentry"],"_links":{"self":[{"href":"https:\/\/www.livefooty.net\/hu\/wp-json\/wp\/v2\/pages\/1141","targetHints":{"allow":["GET"]}}],"collection":[{"href":"https:\/\/www.livefooty.net\/hu\/wp-json\/wp\/v2\/pages"}],"about":[{"href":"https:\/\/www.livefooty.net\/hu\/wp-json\/wp\/v2\/types\/page"}],"author":[{"embeddable":true,"href":"https:\/\/www.livefooty.net\/hu\/wp-json\/wp\/v2\/users\/1"}],"replies":[{"embeddable":true,"href":"https:\/\/www.livefooty.net\/hu\/wp-json\/wp\/v2\/comments?post=1141"}],"version-history":[{"count":1,"href":"https:\/\/www.livefooty.net\/hu\/wp-json\/wp\/v2\/pages\/1141\/revisions"}],"predecessor-version":[{"id":3083,"href":"https:\/\/www.livefooty.net\/hu\/wp-json\/wp\/v2\/pages\/1141\/revisions\/3083"}],"wp:attachment":[{"href":"https:\/\/www.livefooty.net\/hu\/wp-json\/wp\/v2\/media?parent=1141"}],"curies":[{"name":"wp","href":"https:\/\/api.w.org\/{rel}","templated":true}]}}