{"id":1441,"date":"2023-09-19T18:37:41","date_gmt":"2023-09-19T18:37:41","guid":{"rendered":"https:\/\/www.livefooty.net\/?page_id=1441"},"modified":"2023-09-19T19:13:18","modified_gmt":"2023-09-19T19:13:18","slug":"europa-league-live-footy","status":"publish","type":"page","link":"https:\/\/www.livefooty.net\/fr\/europa-league-live-footy\/","title":{"rendered":"Ligue Europa en direct Footy"},"content":{"rendered":"<p> Le <b>Ligue Europa<\/b> La Ligue Europa est une comp\u00e9tition annuelle de football organis\u00e9e par l'Union des associations europ\u00e9ennes de football (UEFA) pour les clubs de football de deuxi\u00e8me niveau en Europe. Il existe plusieurs fa\u00e7ons de participer \u00e0 la Ligue Europa, notamment en ne terminant pas assez haut dans un championnat national pour se qualifier pour la Ligue des champions, en \u00e9chouant dans les tours pr\u00e9liminaires de la Ligue des champions ou en terminant troisi\u00e8me d'un groupe de la Ligue des champions.  Toutefois, l'Europa League est toujours consid\u00e9r\u00e9e comme un troph\u00e9e de club majeur \u00e0 remporter et certaines des plus grandes \u00e9quipes d'Europe sont fi\u00e8res de leur palmar\u00e8s dans le deuxi\u00e8me niveau des comp\u00e9titions europ\u00e9ennes de clubs.  Il est int\u00e9ressant de noter que le championnat s'est d\u00e9velopp\u00e9 ces derniers temps, les instances dirigeantes du sport cherchant de nouveaux moyens de soutirer l'argent de la t\u00e9l\u00e9vision aux abonn\u00e9s et de le reverser aux clubs.  M\u00eame si le football du jeudi soir n'est pas ce \u00e0 quoi la plupart des \u00e9quipes aspirent, l'argent suppl\u00e9mentaire et la chance de remporter un troph\u00e9e majeur pour le club valent toujours la peine d'\u00eatre tent\u00e9s. <\/p>\n\n\n\n<!--more-->\n\n\n\n<figure class=\"wp-block-image size-full is-style-rounded\"><img decoding=\"async\" width=\"800\" height=\"489\" src=\"https:\/\/www.livefooty.net\/wp-content\/uploads\/2023\/09\/Europa-League-Footy.jpg\" alt=\"Ligue Europa en direct Footy\" class=\"wp-image-1458\" title=\"\" srcset=\"https:\/\/www.livefooty.net\/wp-content\/uploads\/2023\/09\/Europa-League-Footy.jpg 800w, https:\/\/www.livefooty.net\/wp-content\/uploads\/2023\/09\/Europa-League-Footy-300x183.jpg 300w, https:\/\/www.livefooty.net\/wp-content\/uploads\/2023\/09\/Europa-League-Footy-768x469.jpg 768w, https:\/\/www.livefooty.net\/wp-content\/uploads\/2023\/09\/Europa-League-Footy-18x12.jpg 18w, https:\/\/www.livefooty.net\/wp-content\/uploads\/2023\/09\/Europa-League-Footy-665x406.jpg 665w, https:\/\/www.livefooty.net\/wp-content\/uploads\/2023\/09\/Europa-League-Footy-425x260.jpg 425w\" sizes=\"(max-width: 800px) 100vw, 800px\" \/><\/figure>\n\n\n\n<p>S'il est possible de <b>regarder la Ligue Europa sur l'internet<\/b> Dans certaines r\u00e9gions du Royaume-Uni, BT Sports ayant d\u00e9sormais l'exclusivit\u00e9 de l'Europa League, il sera loin d'\u00eatre bon march\u00e9, \u00e0 moins que vous ne viviez dans une r\u00e9gion ayant acc\u00e8s \u00e0 la large bande de BT.  Les autres devront payer le double forfait Sky et BT Sports.  Selon l'endroit o\u00f9 vous vivez dans le monde, vous aurez un bien meilleur acc\u00e8s en ligne \u00e0 l'Europa League, de nombreux sites diffusant les matchs gratuitement.  En fait, m\u00eame dans le reste de l'Europe, l'acc\u00e8s est bien meilleur qu'au Royaume-Uni. <\/p>\n\n\n\n<p>[scu name=&#8221;europa-league&#8221;]<\/p>","protected":false},"excerpt":{"rendered":"<p>The Europa League is an annual club football competition organised by the Union of European Football Associations (UEFA) for the second tier of football clubs in Europe, there are several ways of being entered in to the Europa League including not finishing high enough in a domestic league to qualify for the Champions League, failing [&hellip;]<\/p>","protected":false},"author":1,"featured_media":0,"parent":0,"menu_order":0,"comment_status":"closed","ping_status":"closed","template":"","meta":{"footnotes":""},"class_list":["post-1441","page","type-page","status-publish","hentry"],"_links":{"self":[{"href":"https:\/\/www.livefooty.net\/fr\/wp-json\/wp\/v2\/pages\/1441","targetHints":{"allow":["GET"]}}],"collection":[{"href":"https:\/\/www.livefooty.net\/fr\/wp-json\/wp\/v2\/pages"}],"about":[{"href":"https:\/\/www.livefooty.net\/fr\/wp-json\/wp\/v2\/types\/page"}],"author":[{"embeddable":true,"href":"https:\/\/www.livefooty.net\/fr\/wp-json\/wp\/v2\/users\/1"}],"replies":[{"embeddable":true,"href":"https:\/\/www.livefooty.net\/fr\/wp-json\/wp\/v2\/comments?post=1441"}],"version-history":[{"count":0,"href":"https:\/\/www.livefooty.net\/fr\/wp-json\/wp\/v2\/pages\/1441\/revisions"}],"wp:attachment":[{"href":"https:\/\/www.livefooty.net\/fr\/wp-json\/wp\/v2\/media?parent=1441"}],"curies":[{"name":"wp","href":"https:\/\/api.w.org\/{rel}","templated":true}]}}