{"id":1339,"date":"2023-08-22T08:49:50","date_gmt":"2023-08-22T08:49:50","guid":{"rendered":"https:\/\/www.livefooty.net\/?page_id=1339"},"modified":"2023-09-19T10:58:44","modified_gmt":"2023-09-19T10:58:44","slug":"serie-a-football-en-direct","status":"publish","type":"page","link":"https:\/\/www.livefooty.net\/fr\/serie-a-football-en-direct\/","title":{"rendered":"Football de Serie A en direct"},"content":{"rendered":"<p> Le football italien peut probablement \u00eatre consid\u00e9r\u00e9 comme le plus comp\u00e9tent tactiquement de tous. Le football italien a une r\u00e9p\u00e9tition quelque peu injuste du football d\u00e9fensif, souvent lanc\u00e9 par des experts surpay\u00e9s qui aiment utiliser le mot catenaccio. Le football italien est loin d&#039;\u00eatre monolithique et ceux qui le regardent appr\u00e9cient pleinement les batailles tactiques entre diff\u00e9rentes philosophies et styles de jeu. Le football italien a parcouru un long chemin depuis ces jours heureux ; des jours au cours desquels de v\u00e9ritables superstars comme Zinedine Zizou Zidane, Ronaldo et mon pr\u00e9f\u00e9r\u00e9 George ont d\u00e9m\u00e9nag\u00e9 \u00e0 Man City avant que ce ne soit cool, Weah a exerc\u00e9 son m\u00e9tier \u00e0 la Juventus, \u00e0 l&#039;Inter et \u00e0 Milan respectivement. Sa r\u00e9putation s&#039;est effondr\u00e9e et on peut toujours affirmer que le football italien se bat toujours pour se lib\u00e9rer des entraves de cette trag\u00e9die. <\/p>\n\n\n\n<!--more-->\n\n\n\n<p><br><\/p>\n\n\n\n<p> Outre la Premier League, c&#039;est la Serie italienne qui a le plus retenu mon attention en tant que jeune fan de football. Tous ceux qui ont jou\u00e9 \u00e0 Football Manager dans les ann\u00e9es 90 comprendront ce que je veux dire : l&#039;AC Milan, l&#039;Inter Milan, la Juventus, Weah, Zidane, etc. C&#039;\u00e9tait une ligue incroyable \u00e0 regarder, dans laquelle les matchs \u00e9taient si diff\u00e9rents de la course et de la d\u00e9gringolade des Britanniques. football. Puis les scandales ont \u00e9clat\u00e9, l&#039;avantage concurrentiel a sembl\u00e9 quitter la Serie A et le \u00ab Produit \u00bb n&#039;\u00e9tait plus que l&#039;ombre de lui-m\u00eame. J&#039;esp\u00e8re vraiment qu&#039;un jour la Serie A reviendra \u00e0 ce qu&#039;elle \u00e9tait, une \u00e9poque o\u00f9 la Liga n&#039;\u00e9tait m\u00eame pas mentionn\u00e9e ! <br><\/p>\n\n\n\n<div itemscope=\"\" itemtype=\"https:\/\/schema.org\/FAQPage\">\n\t\t<div itemscope=\"\" itemprop=\"mainEntity\" itemtype=\"https:\/\/schema.org\/Question\">\n\t\t\t<h4 itemprop=\"name\">Puis-je l\u00e9galement regarder le football de Serie A en direct en ligne ?<\/h4>\n\t\t\t<div itemscope=\"\" itemprop=\"acceptedAnswer\" itemtype=\"https:\/\/schema.org\/Answer\">\n\t\t\t\t<div itemprop=\"text\"><p>William Hill diffuse un grand nombre de matchs de la meilleure ligue italienne, la Serie A, veuillez suivre le lien pour l&#039;actualit\u00e9 <a href=\"\/WilliamHill-Football.php\" rel=\"nofollow noopener\" target=\"_blank\"><b>Programme de football de William Hill<\/b><\/a>. (Des termes et conditions s&#039;appliquent, les flux seront restreints pour certains pays.)<\/p><\/div>\n\t\t\t<\/div>\n\t\t<\/div>\n\t\t<div itemscope=\"\" itemprop=\"mainEntity\" itemtype=\"https:\/\/schema.org\/Question\">\n\t\t\t<h4 itemprop=\"name\">Quelle est la qualit\u00e9 des diffusions en direct de Serie A ?<\/h4>\n\t\t\t<div itemscope=\"\" itemprop=\"acceptedAnswer\" itemtype=\"https:\/\/schema.org\/Answer\">\n\t\t\t\t<div itemprop=\"text\"><p>Extr\u00eamement facile \u00e0 regarder, m\u00eame sur un grand t\u00e9l\u00e9viseur (si vous avez un moyen de connecter votre ordinateur\/appareil).<\/p><\/div>\n\t\t\t<\/div>\n\t\t<\/div>\n\t\t<div itemscope=\"\" itemprop=\"mainEntity\" itemtype=\"https:\/\/schema.org\/Question\">\n\t\t\t<h4 itemprop=\"name\">Dans quelle mesure la Serie A est-elle comp\u00e9titive ?<\/h4>\n\t\t\t<div itemscope=\"\" itemprop=\"acceptedAnswer\" itemtype=\"https:\/\/schema.org\/Answer\">\n\t\t\t\t<div itemprop=\"text\"><p>Ayant grandi en regardant beaucoup le football italien \u00e0 la fin des ann\u00e9es 80 et dans les ann\u00e9es 90, cela me fait vraiment mal de le dire, mais je ne suis plus aussi comp\u00e9titif. Avec autant d&#039;argent affluant vers la Juventus, c&#039;est devenu une ligue de Jeventus, puis cela fonctionne \u00e9galement. Esp\u00e9rons qu\u2019il retrouvera bient\u00f4t sa gloire d\u2019antan !<\/p><\/div>\n\t\t\t<\/div>\n\t\t<\/div>\n\t\t<div itemscope=\"\" itemprop=\"mainEntity\" itemtype=\"https:\/\/schema.org\/Question\">\n\t\t\t<h4 itemprop=\"name\">Puis-je jouer sur la Serie A ?<\/h4>\n\t\t\t<div itemscope=\"\" itemprop=\"acceptedAnswer\" itemtype=\"https:\/\/schema.org\/Answer\">\n\t\t\t\t<div itemprop=\"text\"><p>Absolument, \u00e0 condition que vous soyez assez vieux pour jouer l\u00e9galement l\u00e0 o\u00f9 vous vivez. La Serie A offre d&#039;excellentes cotes pour de nombreux matchs si vous excluez la Juve de l&#039;\u00e9quation, c&#039;est une bonne ligue sur laquelle parier et les cotes ont g\u00e9n\u00e9ralement tendance \u00e0 refl\u00e9ter cette quantit\u00e9 \u00ab inconnue \u00bb, en particulier lorsque les 5-6 \u00e9quipes en dessous de la Juventus s&#039;affrontent. <a href=\"\/WilliamHill-Football.php\" rel=\"nofollow noopener\" target=\"_blank\">William Hill propose un grand nombre de march\u00e9s sur les matchs de Serie A<\/a>.<\/p><\/div>\n\t\t\t<\/div>\n\t\t<\/div>\n\t<\/div>\n\n\n\n<p>[scu name=&#8221;serie-a&#8221;]<\/p>","protected":false},"excerpt":{"rendered":"<p>Italian football can probably be seen as the most tactically competent of them all. Italian football has a somewhat unfair repetition for defensive football, often thrown around by overpaid pundits who love to use the word catenaccio. Italian football is far from monolithic, and those who watch it thoroughly enjoy the tactical battles between different [&hellip;]<\/p>","protected":false},"author":1,"featured_media":0,"parent":0,"menu_order":0,"comment_status":"closed","ping_status":"closed","template":"","meta":{"footnotes":""},"class_list":["post-1339","page","type-page","status-publish","hentry"],"_links":{"self":[{"href":"https:\/\/www.livefooty.net\/fr\/wp-json\/wp\/v2\/pages\/1339","targetHints":{"allow":["GET"]}}],"collection":[{"href":"https:\/\/www.livefooty.net\/fr\/wp-json\/wp\/v2\/pages"}],"about":[{"href":"https:\/\/www.livefooty.net\/fr\/wp-json\/wp\/v2\/types\/page"}],"author":[{"embeddable":true,"href":"https:\/\/www.livefooty.net\/fr\/wp-json\/wp\/v2\/users\/1"}],"replies":[{"embeddable":true,"href":"https:\/\/www.livefooty.net\/fr\/wp-json\/wp\/v2\/comments?post=1339"}],"version-history":[{"count":0,"href":"https:\/\/www.livefooty.net\/fr\/wp-json\/wp\/v2\/pages\/1339\/revisions"}],"wp:attachment":[{"href":"https:\/\/www.livefooty.net\/fr\/wp-json\/wp\/v2\/media?parent=1339"}],"curies":[{"name":"wp","href":"https:\/\/api.w.org\/{rel}","templated":true}]}}