{"id":1333,"date":"2023-08-22T08:08:27","date_gmt":"2023-08-22T08:08:27","guid":{"rendered":"https:\/\/www.livefooty.net\/?page_id=1333"},"modified":"2023-09-19T10:58:12","modified_gmt":"2023-09-19T10:58:12","slug":"live-primera-division-football","status":"publish","type":"page","link":"https:\/\/www.livefooty.net\/fr\/live-primera-division-football\/","title":{"rendered":"Football de premi\u00e8re division en direct"},"content":{"rendered":"<p> La Primera Division espagnole, commun\u00e9ment appel\u00e9e La Liga, est l'\u00e9chelon sup\u00e9rieur du football espagnol.  Au cours des deux derni\u00e8res d\u00e9cennies, en raison de ses performances au niveau europ\u00e9en, elle est largement consid\u00e9r\u00e9e comme la meilleure ligue de \"football pur\" au monde.  Peut-\u00eatre pas en termes d'excitation ou de r\u00e9sultats surprenants, mais certainement pour la qualit\u00e9 du football propos\u00e9.  Le championnat lui-m\u00eame est domin\u00e9 par deux \u00e9quipes : tout le monde a entendu parler du FC Barcelone et du Real Madrid, n'est-ce pas ?  Derri\u00e8re eux, il y a un petit groupe d'\u00e9quipes, dont S\u00e9ville et l'Atl\u00e9tico de Madrid, qui cr\u00e9ent parfois la surprise, et en dessous, les autres \u00e9quipes.  Le football espagnol, et en particulier la Liga, est tr\u00e8s suivi dans le monde entier et attire souvent les meilleurs joueurs de chaque continent. <b>Vous pouvez regarder le football de la Primera Division en direct et en ligne depuis de nombreux pays.<\/b>    <\/p>\n\n\n\n<!--more-->\n\n\n\n<p> La Primera Division pouvait autrefois revendiquer les 2 meilleurs joueurs du monde, Messi et Ronaldo. Mais avec Ronaldo d\u00e9cid\u00e9 de s&#039;essayer en Italie, tout a chang\u00e9, tout comme la chance du Real Madrid. Un Barcelone inspir\u00e9 par Messi est un \u00e9norme obstacle \u00e0 surmonter pour toute \u00e9quipe de football et c&#039;est seulement avec lequel le Real Madrid pourrait bien avoir du mal jusqu&#039;\u00e0 ce que des renforts suppl\u00e9mentaires de classe mondiale puissent \u00eatre trouv\u00e9s. <br><\/p>\n\n\n\n<div itemscope=\"\" itemtype=\"https:\/\/schema.org\/FAQPage\">\n\t\t<div itemscope=\"\" itemprop=\"mainEntity\" itemtype=\"https:\/\/schema.org\/Question\">\n\t\t\t<h4 itemprop=\"name\">Puis-je l\u00e9galement regarder la Primera Division espagnole en direct en ligne ?<\/h4>\n\t\t\t<div itemscope=\"\" itemprop=\"acceptedAnswer\" itemtype=\"https:\/\/schema.org\/Answer\">\n\t\t\t\t<div itemprop=\"text\"><p>William Hill diffuse un grand nombre de matchs de la Primera Division, veuillez suivre le lien pour le courant <a href=\"\/WilliamHill-Football.php\" rel=\"nofollow noopener\" target=\"_blank\"><b>Programme de football de William Hill<\/b><\/a>. (Des termes et conditions s&#039;appliquent, les flux seront g\u00e9o-restreints)<\/p><\/div>\n\t\t\t<\/div>\n\t\t<\/div>\n\t\t<div itemscope=\"\" itemprop=\"mainEntity\" itemtype=\"https:\/\/schema.org\/Question\">\n\t\t\t<h4 itemprop=\"name\">Quelle est la qualit\u00e9 des diffusions en direct de la Primera Division\u00a0?<\/h4>\n\t\t\t<div itemscope=\"\" itemprop=\"acceptedAnswer\" itemtype=\"https:\/\/schema.org\/Answer\">\n\t\t\t\t<div itemprop=\"text\"><p>Extr\u00eamement facile \u00e0 regarder, m\u00eame sur un grand t\u00e9l\u00e9viseur (si vous avez un moyen de connecter votre ordinateur\/appareil).<\/p><\/div>\n\t\t\t<\/div>\n\t\t<\/div>\n\t\t<div itemscope=\"\" itemprop=\"mainEntity\" itemtype=\"https:\/\/schema.org\/Question\">\n\t\t\t<h4 itemprop=\"name\">Dans quelle mesure la Primera Division est-elle comp\u00e9titive ?<\/h4>\n\t\t\t<div itemscope=\"\" itemprop=\"acceptedAnswer\" itemtype=\"https:\/\/schema.org\/Answer\">\n\t\t\t\t<div itemprop=\"text\"><p>Si vous supportez Barcelone ou le Real Madrid, alors tr\u00e8s ! Cependant, pour les neutres, la ligue n&#039;est pas consid\u00e9r\u00e9e comme la meilleure, tandis que la qualit\u00e9 du football pr\u00e9sent\u00e9 est sans aucun doute la pr\u00e9visibilit\u00e9 a conduit m\u00eame certains de ses plus grands joueurs \u00e0 qualifier la ligue d&#039;\u00ab ennuyeuse \u00bb.<\/p><\/div>\n\t\t\t<\/div>\n\t\t<\/div>\n\t\t<div itemscope=\"\" itemprop=\"mainEntity\" itemtype=\"https:\/\/schema.org\/Question\">\n\t\t\t<h4 itemprop=\"name\">Puis-je jouer sur la Primera Division ?<\/h4>\n\t\t\t<div itemscope=\"\" itemprop=\"acceptedAnswer\" itemtype=\"https:\/\/schema.org\/Answer\">\n\t\t\t\t<div itemprop=\"text\"><p>Absolument, \u00e0 condition que vous soyez assez vieux pour jouer l\u00e9galement l\u00e0 o\u00f9 vous vivez. Cependant, la Primera Division n&#039;a pas tendance \u00e0 r\u00e9server beaucoup de surprises en ce qui concerne les meilleures \u00e9quipes, alors ne vous attendez pas \u00e0 des cotes brillantes. Cela \u00e9tant dit <a href=\"\/WilliamHill-Football.php\" rel=\"nofollow noopener\" target=\"_blank\">William Hill propose un grand nombre de march\u00e9s sur les matchs de Primera Division<\/a>.<\/p><\/div>\n\t\t\t<\/div>\n\t\t<\/div>\n\t<\/div>\n\n\n\n<p>[scu name=&#8221;primera-division&#8221;]<\/p>","protected":false},"excerpt":{"rendered":"<p>Spain&#8217;s Primera Division, commonly known as La Liga is the top tier in Spanish football. Over the past couple of decades purely on European level achievement it is widely regarded as the best &#8220;pure football&#8221; league in the world. Maybe not in terms of excitement or surprise results but definitely for the quality of the [&hellip;]<\/p>","protected":false},"author":1,"featured_media":0,"parent":0,"menu_order":0,"comment_status":"closed","ping_status":"closed","template":"","meta":{"footnotes":""},"class_list":["post-1333","page","type-page","status-publish","hentry"],"_links":{"self":[{"href":"https:\/\/www.livefooty.net\/fr\/wp-json\/wp\/v2\/pages\/1333","targetHints":{"allow":["GET"]}}],"collection":[{"href":"https:\/\/www.livefooty.net\/fr\/wp-json\/wp\/v2\/pages"}],"about":[{"href":"https:\/\/www.livefooty.net\/fr\/wp-json\/wp\/v2\/types\/page"}],"author":[{"embeddable":true,"href":"https:\/\/www.livefooty.net\/fr\/wp-json\/wp\/v2\/users\/1"}],"replies":[{"embeddable":true,"href":"https:\/\/www.livefooty.net\/fr\/wp-json\/wp\/v2\/comments?post=1333"}],"version-history":[{"count":0,"href":"https:\/\/www.livefooty.net\/fr\/wp-json\/wp\/v2\/pages\/1333\/revisions"}],"wp:attachment":[{"href":"https:\/\/www.livefooty.net\/fr\/wp-json\/wp\/v2\/media?parent=1333"}],"curies":[{"name":"wp","href":"https:\/\/api.w.org\/{rel}","templated":true}]}}