{"id":1260,"date":"2023-08-18T08:28:30","date_gmt":"2023-08-18T08:28:30","guid":{"rendered":"https:\/\/www.livefooty.net\/?page_id=1260"},"modified":"2023-09-19T10:55:07","modified_gmt":"2023-09-19T10:55:07","slug":"legal","status":"publish","type":"page","link":"https:\/\/www.livefooty.net\/fr\/legal\/","title":{"rendered":"L\u00e9gal"},"content":{"rendered":"<h2 class=\"wp-block-heading\">Notifications de contenu ill\u00e9gal pr\u00e9sum\u00e9<\/h2>\n\n\n\n<p> Le site web livefooty.net est simplement une source d'information en ligne relative \u00e0 tous les aspects du sport, nous sommes avant tout des fans de sport qui aiment \u00e9crire sur le sport.  Le contenu de notre site Web provient d'un certain nombre de r\u00e9dacteurs et de sources de donn\u00e9es tierces, les sources de donn\u00e9es comprennent, mais ne sont pas limit\u00e9es \u00e0 football-api.com et Bet365 Live Odds Feed.  Nous ne donnons aucune garantie, implicite ou explicite, quant \u00e0 l'exactitude des informations contenues sur livefooty.net. Certaines de ces informations peuvent contenir des liens vers des contenus situ\u00e9s sur les serveurs de tiers. livefooty.net n'h\u00e9berge ni ne transmet aucun contenu audiovisuel, n'incorpore sciemment aucun contenu audiovisuel ill\u00e9gal, ni ne renvoie directement \u00e0 des sources tierces de contenu audiovisuel et ne contr\u00f4le ni n'influence ce contenu. livefooty.net ne peut accepter aucune responsabilit\u00e9 pour le contenu transmis par d'autres. La responsabilit\u00e9 de ce contenu incombe \u00e0 ceux qui l'h\u00e9bergent ou le transmettent. livefooty.net ne peut pas non plus assumer la responsabilit\u00e9 des visiteurs du site web livefooty.net. Il incombe \u00e0 chaque visiteur de s'assurer qu'il se conforme enti\u00e8rement aux lois locales, nationales ou d'\u00c9tat. <\/p>\n\n\n\n<!--more-->\n\n\n\n<p>\nBien que livefooty.net ne puisse pas surveiller activement ni assumer la responsabilit\u00e9 du contenu transmis via des sites Web tiers, il est pr\u00eat \u00e0 prendre des mesures pour supprimer les liens vers du contenu ill\u00e9gal ou du contenu int\u00e9gr\u00e9 ill\u00e9gal d\u00e8s r\u00e9ception d&#039;une notification appropri\u00e9e. livefooty.net supprimera de son site Web tout lien vers du contenu ill\u00e9gal \u00e0 condition que les informations suivantes aient \u00e9t\u00e9 fournies\u00a0:\u00a0-\n<\/p>\n\n\n\n<p>\n1. Identit\u00e9 du contenu que vous pr\u00e9tendez ill\u00e9gal et motifs de l&#039;ill\u00e9galit\u00e9. Des exemples de contenus ill\u00e9gaux sont, sans s&#039;y limiter\u00a0: un langage offensant, diffamatoire ou abusif, des publications ill\u00e9gales, une violation de la vie priv\u00e9e ou des droits moraux, une violation des droits de propri\u00e9t\u00e9 intellectuelle, la transmission de secrets commerciaux, de savoir-faire ou d&#039;informations secr\u00e8tes, des informations sexuelles ou abusives sur les enfants ou des informations autrement ill\u00e9gales\u00a0;\n<br>\n2. Identification de l&#039;emplacement du contenu que vous pr\u00e9tendez ill\u00e9gal, y compris au minimum l&#039;URL exacte de la page Web, la date et l&#039;heure auxquelles vous avez identifi\u00e9 le contenu ill\u00e9gal pr\u00e9sum\u00e9 et une capture d&#039;\u00e9cran de la page Web, affichant le contenu ill\u00e9gal pr\u00e9sum\u00e9 ;\n<br>\n3. Identification de l&#039;emplacement du lien vers le contenu que vous pr\u00e9tendez \u00eatre ill\u00e9gal, y compris au minimum l&#039;URL exacte de la page Web sur laquelle le lien est affich\u00e9 ainsi que la date et l&#039;heure auxquelles vous avez identifi\u00e9 le lien vers le contenu ill\u00e9gal pr\u00e9sum\u00e9 ;\n<br>\n4. Vos coordonn\u00e9es\n<br>\n5. Une d\u00e9claration dans laquelle vous d\u00e9clarez\u00a0:\n<br><br>\n    * que vous pensez de bonne foi que l&#039;utilisation contest\u00e9e du contenu n&#039;est pas autoris\u00e9e par le propri\u00e9taire ou son agent\u00a0;\n<br>\n    * que l&#039;utilisation contest\u00e9e n&#039;est pas autoris\u00e9e par la loi\u00a0;\n<br>\n    * que vous avez somm\u00e9 le propri\u00e9taire du site Internet qui h\u00e9berge, fournit ou transmet le contenu ill\u00e9gal de cesser son activit\u00e9 ill\u00e9gale ou, si cela n&#039;est pas possible, pourquoi vous n&#039;avez pas pu contacter directement ledit propri\u00e9taire\u00a0; \n<br>\n    * que les informations contenues dans la notification sont exactes, et sous peine de parjure, que vous \u00eates autoris\u00e9 \u00e0 agir au nom du propri\u00e9taire d&#039;un droit qui aurait \u00e9t\u00e9 viol\u00e9 ou autrement abus\u00e9\u00a0;\n<br>\n    * que vous indemnisez livefooty.net, toutes ses soci\u00e9t\u00e9s affili\u00e9es et leurs dirigeants, administrateurs, employ\u00e9s, agents et successeurs respectifs de toutes r\u00e9clamations, pertes, co\u00fbts et d\u00e9penses, dommages, p\u00e9nalit\u00e9s et responsabilit\u00e9s encourus par livefooty.net en cons\u00e9quence de l&#039;avis\u00a0; et\n<br>\n    * que vous acceptez que l&#039;avis ainsi que tous les litiges en d\u00e9coulant ou en relation avec celui-ci soient r\u00e9gis par les lois de l&#039;\u00eele de Man.\n<br><\/p>\n\n\n\n<p> D\u00e8s r\u00e9ception d&#039;une notification conforme \u00e0 ce qui pr\u00e9c\u00e8de, livefooty.net supprimera dans les plus brefs d\u00e9lais le lien identifi\u00e9 de son site Internet. Veuillez adresser ces notifications \u00e0 l&#039;adresse e-mail\u00a0:  <br> <b>info@livefooty.net<\/b> <br> <\/p>\n\n\n\n<p>\n<b>Que se passe-t-il si le probl\u00e8me concerne le contenu sans lien (c&#039;est-\u00e0-dire texte\/image) contenu dans une page sur livefooty.net\u00a0?<\/b> \u2013 Si vous rencontrez un probl\u00e8me concernant le contenu du site livefooty.net, veuillez nous le faire savoir (info@livefooty.net). Nous vous expliquerons soit pourquoi nous consid\u00e9rons le contenu comme correct, soit si nous sommes d&#039;accord avec votre position, nous modifierons\/supprimerons le contenu si n\u00e9cessaire.\n<br><\/p>\n\n\n\n<p> Derni\u00e8re mise \u00e0 jour le 18\/08\/2023 <\/p>","protected":false},"excerpt":{"rendered":"<p>Notifications Of Alleged Illegal Content The website livefooty.net is simply an online information source relating to all aspects of sport, we are primarily sports fans who like to write about sport. The content for our website comes from a number of writers and 3rd party data sources, data sources include but are not limited to [&hellip;]<\/p>","protected":false},"author":1,"featured_media":0,"parent":0,"menu_order":0,"comment_status":"closed","ping_status":"closed","template":"","meta":{"footnotes":""},"class_list":["post-1260","page","type-page","status-publish","hentry"],"_links":{"self":[{"href":"https:\/\/www.livefooty.net\/fr\/wp-json\/wp\/v2\/pages\/1260","targetHints":{"allow":["GET"]}}],"collection":[{"href":"https:\/\/www.livefooty.net\/fr\/wp-json\/wp\/v2\/pages"}],"about":[{"href":"https:\/\/www.livefooty.net\/fr\/wp-json\/wp\/v2\/types\/page"}],"author":[{"embeddable":true,"href":"https:\/\/www.livefooty.net\/fr\/wp-json\/wp\/v2\/users\/1"}],"replies":[{"embeddable":true,"href":"https:\/\/www.livefooty.net\/fr\/wp-json\/wp\/v2\/comments?post=1260"}],"version-history":[{"count":0,"href":"https:\/\/www.livefooty.net\/fr\/wp-json\/wp\/v2\/pages\/1260\/revisions"}],"wp:attachment":[{"href":"https:\/\/www.livefooty.net\/fr\/wp-json\/wp\/v2\/media?parent=1260"}],"curies":[{"name":"wp","href":"https:\/\/api.w.org\/{rel}","templated":true}]}}