{"id":1222,"date":"2023-08-06T10:57:49","date_gmt":"2023-08-06T10:57:49","guid":{"rendered":"https:\/\/www.livefooty.net\/?page_id=1222"},"modified":"2023-09-19T11:01:24","modified_gmt":"2023-09-19T11:01:24","slug":"horaires-daujourdhui-tous-les-sports-en-direct-en-ligne","status":"publish","type":"page","link":"https:\/\/www.livefooty.net\/fr\/horaires-daujourdhui-tous-les-sports-en-direct-en-ligne\/","title":{"rendered":"Programmes du jour \u2013 Tous les sports en direct en ligne"},"content":{"rendered":"<h2 class=\"wp-block-heading\">Diffusions sportives en direct d&#039;aujourd&#039;hui<\/h2>\n\n\n\n<p> Les bookmakers et autres sites sportifs donnent acc\u00e8s \u00e0 <b>diffusions sportives en direct<\/b> des \u00e9v\u00e9nements qui se d\u00e9roulent partout dans le monde. En plus des matchs de football, toujours populaires, de nombreux autres sports sont \u00e9galement couverts, notamment des tournois majeurs de golf, de tennis, de rugby, de sport automobile et bien plus encore. Les bookmakers permettent de regarder beaucoup plus de sport en direct si facilement. <\/p>\n\n\n\n<!--more-->\n\n\n\n<p><br><\/p>\n\n\n\n<p>\n\tComme les vitesses Internet ne font que s\u2019am\u00e9liorer, je suppose que la couverture \u00e0 laquelle nous pouvons nous attendre ne fera que s\u2019am\u00e9liorer \u00e9galement. Cela dit, la qualit\u00e9 des flux est tr\u00e8s regardable, m\u00eame sur les t\u00e9l\u00e9viseurs grand \u00e9cran, donc les fr\u00e9quences d&#039;images floues et saccad\u00e9es ne sont plus des excuses pour ne pas regarder le sport en direct en ligne.\n\t<br><br><\/p>\n\n\n<p>[scu name=&#8221;roja-schedule&#8221;]<\/p>\n\n\n\n<h2 class=\"wp-block-heading\">\n\tFootball en direct avec les bookmakers (heure actuelle du Royaume-Uni)\n\t<\/h2>\n\n\n<p>[scu name=&#8221;betfair-football&#8221;]<\/p>\n\n\n\n<p>\n\tTous les liens ci-dessus renvoient vers des sites Web tiers qui, selon nous, diffusent l&#039;\u00e9v\u00e9nement sp\u00e9cifique. <b>ou<\/b> sport mentionn\u00e9. Cependant, vous constaterez que certains \u00e9v\u00e9nements ne seront pas <a href=\"https:\/\/www.livefooty.net\/VPN.php\" target=\"_blank\" rel=\"nofollow noopener\">disponible dans tous les pays<\/a>, D\u00e9sol\u00e9 pour \u00e7a. Si vous souhaitez regarder des courses de chevaux en direct en ligne, nous les avons plac\u00e9es dans une section distincte, suivez simplement le lien pour regarder la page en ligne des courses de chevaux en direct.\n\t<\/p>","protected":false},"excerpt":{"rendered":"<p>Todays Live Sports Streams Bookmakers and other sports websites give access to live sporting streams from events taking place all over the world. As well as the ever popular football (soccer) matches there are plenty of other sports covered as well including major tournaments in Golf, Tennis, Rugby, Motorsport and much more. The bookmakers make [&hellip;]<\/p>","protected":false},"author":1,"featured_media":0,"parent":0,"menu_order":0,"comment_status":"closed","ping_status":"closed","template":"","meta":{"footnotes":""},"class_list":["post-1222","page","type-page","status-publish","hentry"],"_links":{"self":[{"href":"https:\/\/www.livefooty.net\/fr\/wp-json\/wp\/v2\/pages\/1222","targetHints":{"allow":["GET"]}}],"collection":[{"href":"https:\/\/www.livefooty.net\/fr\/wp-json\/wp\/v2\/pages"}],"about":[{"href":"https:\/\/www.livefooty.net\/fr\/wp-json\/wp\/v2\/types\/page"}],"author":[{"embeddable":true,"href":"https:\/\/www.livefooty.net\/fr\/wp-json\/wp\/v2\/users\/1"}],"replies":[{"embeddable":true,"href":"https:\/\/www.livefooty.net\/fr\/wp-json\/wp\/v2\/comments?post=1222"}],"version-history":[{"count":0,"href":"https:\/\/www.livefooty.net\/fr\/wp-json\/wp\/v2\/pages\/1222\/revisions"}],"wp:attachment":[{"href":"https:\/\/www.livefooty.net\/fr\/wp-json\/wp\/v2\/media?parent=1222"}],"curies":[{"name":"wp","href":"https:\/\/api.w.org\/{rel}","templated":true}]}}