{"id":1220,"date":"2023-08-06T10:53:16","date_gmt":"2023-08-06T10:53:16","guid":{"rendered":"https:\/\/www.livefooty.net\/?page_id=1220"},"modified":"2023-09-19T10:59:20","modified_gmt":"2023-09-19T10:59:20","slug":"ppstream-live-streams","status":"publish","type":"page","link":"https:\/\/www.livefooty.net\/fr\/ppstream-live-streams\/","title":{"rendered":"Diffusions en direct PPStream"},"content":{"rendered":"<h2 class=\"wp-block-heading\">Logiciel de streaming PPStream<\/h2>\n\n\n\n<p> La qualit\u00e9 des flux disponibles via <b>PPStream<\/b> est encore meilleur que SOPCast et TVants, les cha\u00eenes sont trouv\u00e9es rapidement et une image stable est disponible pour la plupart des utilisateurs de PPStream en quelques minutes. L'interface n'est disponible qu'en chinois et les flux sont lus soit dans une version int\u00e9gr\u00e9e de Media Player, soit, si vous parvenez \u00e0 trouver l'option de menu, dans un Media Player autonome.  Cette approche globale rend ce logiciel tr\u00e8s facile \u00e0 utiliser, c'est une application tr\u00e8s utile qui vous permet de regarder du football en direct sur le web. PPStream propose un large \u00e9ventail de cha\u00eenes qui diffusent tous les types de football en direct, y compris les matchs nationaux et internationaux du monde entier. Quelques-unes des cha\u00eenes disponibles par l'interm\u00e9diaire de <b>PPStream propose des commentaires en anglais<\/b>. <\/p>\n\n\n\n<!--more-->\n\n\n\n<p>\n\tPPStream est disponible en t\u00e9l\u00e9chargement \u00e0 partir d&#039;ici, m\u00eame si vous devrez peut-\u00eatre \u00eatre patient\u00a0:\u00a0-\n\t<br><\/p>\n\n\n\n<center>\n\t<a href=\"https:\/\/www.ppstream.com\/bin\/ppstreamsetup.exe\" target=\"_blank\" rel=\"noopener\">T\u00e9l\u00e9charger PPStream<\/a>\n\t<\/center>\n\n\n\n<p>\n\tPPStream dispose d&#039;une liste int\u00e9gr\u00e9e de cha\u00eenes qui rend la navigation sur les cha\u00eenes tr\u00e8s facile. Si vous rencontrez des difficult\u00e9s pour trouver ce que vous cherchez, vous pouvez essayer l&#039;un des nombreux sites Web d&#039;annonces de football en direct sur le Web.\n\t<\/p>","protected":false},"excerpt":{"rendered":"<p>PPStream Streaming Software The quality of streams available through PPStream is even better than SOPCast and TVants, channels are found quickly and a steady picture is available for most PPStream users in a matter of minutes. The interface is only available in Chinese and streams are either played in an embedded version of media player [&hellip;]<\/p>","protected":false},"author":1,"featured_media":0,"parent":0,"menu_order":0,"comment_status":"closed","ping_status":"closed","template":"","meta":{"footnotes":""},"class_list":["post-1220","page","type-page","status-publish","hentry"],"_links":{"self":[{"href":"https:\/\/www.livefooty.net\/fr\/wp-json\/wp\/v2\/pages\/1220","targetHints":{"allow":["GET"]}}],"collection":[{"href":"https:\/\/www.livefooty.net\/fr\/wp-json\/wp\/v2\/pages"}],"about":[{"href":"https:\/\/www.livefooty.net\/fr\/wp-json\/wp\/v2\/types\/page"}],"author":[{"embeddable":true,"href":"https:\/\/www.livefooty.net\/fr\/wp-json\/wp\/v2\/users\/1"}],"replies":[{"embeddable":true,"href":"https:\/\/www.livefooty.net\/fr\/wp-json\/wp\/v2\/comments?post=1220"}],"version-history":[{"count":0,"href":"https:\/\/www.livefooty.net\/fr\/wp-json\/wp\/v2\/pages\/1220\/revisions"}],"wp:attachment":[{"href":"https:\/\/www.livefooty.net\/fr\/wp-json\/wp\/v2\/media?parent=1220"}],"curies":[{"name":"wp","href":"https:\/\/api.w.org\/{rel}","templated":true}]}}