{"id":1199,"date":"2023-08-06T10:04:58","date_gmt":"2023-08-06T10:04:58","guid":{"rendered":"https:\/\/www.livefooty.net\/?page_id=1199"},"modified":"2024-03-07T15:49:49","modified_gmt":"2024-03-07T15:49:49","slug":"william-hill-tv-live-streams-watch-live-online","status":"publish","type":"page","link":"https:\/\/www.livefooty.net\/fr\/william-hill-tv-live-streams-watch-live-online\/","title":{"rendered":"William Hill TV Live Streams - Regarder en direct en ligne"},"content":{"rendered":"<h2 class=\"wp-block-heading\">William Hill Live Streams - Regarder en ligne<\/h2>\n\n\n\n<p> <b>William Hill<\/b> est l'un des derniers bookmakers \u00e0 rendre les sports en direct disponibles en ligne par le biais de son site Web. <b><a onclick=\"window.open('https:\/\/sports.williamhill.com\/betting\/en-gb\/football')\" href=\"\/WilliamHill.php\" rel=\"nofollow\">William Hill TV streaming<\/a><\/b> service.  Vous pouvez regarder un certain nombre de sports par l'interm\u00e9diaire de William Hill, notamment le football en direct (Serie A et Europa League pour n'en citer que deux), le tennis, le snooker et un grand nombre de courses de chevaux.  William Hill offre une excellente qualit\u00e9 de streaming, bien qu'il soit pr\u00e9cis\u00e9 que vous aurez besoin d'un PC sous Windows pour le visionner, ce qui n'est pas le cas des utilisateurs de Mac.  La plupart des flux sont gratuits pour les membres de William Hill, mais pour les courses de chevaux, vous devez parier (au moins 5 \u00a3) pour pouvoir les regarder. <\/p>\n\n\n\n<!--more-->\n\n\n\n<p>\n\tOutre le fait qu'ils int\u00e9ressent les amateurs de sport qui souhaitent simplement regarder le sport en direct, ces services de streaming propos\u00e9s par des bookmakers tels que WillIam Hill ouvrent un nouveau monde de possibilit\u00e9s. <b>jeux d'argent en direct<\/b> \u00e0 ceux qui pr\u00e9f\u00e8rent faire leurs paris sportifs en ligne.  Que l'on soit coinc\u00e9 au bureau ou que l'on n'ait tout simplement pas acc\u00e8s \u00e0 la t\u00e9l\u00e9vision parce que sa femme regarde le 75e \u00e9pisode de Coronation Street cette semaine, le streaming en ligne permet au parieur de faire un choix plus \u00e9clair\u00e9 pendant le match.  Pour d'autres, il s'agit simplement d'un moyen de regarder un match de football ou un autre \u00e9v\u00e9nement sportif qu'ils n'auraient peut-\u00eatre pas pu regarder autrement.\n\t<br><\/p>\n\n\n\n<p>\n\tWilliam Hill est l'un des plus grands bookmakers du monde, cr\u00e9ez votre compte gratuit maintenant, acc\u00e9dez \u00e0 leur service de streaming et vous recevrez m\u00eame un pari gratuit de 25 \u00a3.<br><\/p>\n\n\n\n<center>\n\tS'inscrire chez William Hill est un moyen tr\u00e8s simple de profiter de vos sports pr\u00e9f\u00e9r\u00e9s en ligne et en direct !\n\t<\/center>\n\n\n\n<p><\/p>\n\n\n\n<h2 class=\"wp-block-heading\">William Hill Live Streaming et In-Play<\/h2>\n\n\n\n<p>\n\tSi vous \u00eates d\u00e9j\u00e0 client de William Hill Sports, vous serez heureux d'apprendre qu'ils offrent un service de streaming en direct et des paris in-play sur une vari\u00e9t\u00e9 de sports.\n\t<\/p>\n\n\n\n<h3 class=\"wp-block-heading\">Comment savoir si un match est diffus\u00e9 en direct sur William Hill ?<\/h3>\n\n\n\n<p>\n\tC'est tr\u00e8s simple, utilisez l'un des liens ci-dessus qui vous m\u00e8nera aux matches en cours et \u00e0 venir.  Ensuite, rep\u00e9rez la petite ic\u00f4ne \"TV\" \u00e0 c\u00f4t\u00e9\n\tdu match.  Si c'est le cas, c'est que le match est retransmis en direct.  Voici un exemple de capture d'\u00e9cran qui montre ce qu'il faut regarder.  C'est exactement la m\u00eame chose\n\tpour tous les autres sports, pas seulement le football.\n\t<\/p>\n\n\n\n<h3 class=\"wp-block-heading\">Quels sont les avantages de l'utilisation de William Hill Live Streaming ?<\/h3>\n\n\n\n<p>\n\tWilliam Hill est l'un des principaux fournisseurs de paris sportifs au monde. Il offre une vari\u00e9t\u00e9 d'options pour la diffusion en direct, y compris son service William Hill Live Streaming. Ce service permet aux parieurs de regarder les \u00e9v\u00e9nements sportifs et les cotes de paris en direct pendant qu'ils se d\u00e9roulent.\n\t<br><\/p>\n\n\n\n<p>\nL'un des avantages de l'utilisation de William Hill Live Streaming est qu'il permet aux parieurs d'acc\u00e9der \u00e0 une grande vari\u00e9t\u00e9 d'\u00e9v\u00e9nements sportifs. Cela comprend \u00e0 la fois les \u00e9v\u00e9nements internationaux et nationaux. En outre, ce service est disponible \u00e0 la fois sur les plateformes de bureau et mobiles, ce qui permet aux parieurs de l'utiliser facilement, o\u00f9 qu'ils se trouvent.\n<br><\/p>\n\n\n\n<p>\nIl y a un certain nombre d'avantages \u00e0 utiliser le Live Streaming de William Hill. Tout d'abord, il est facile \u00e0 utiliser - tout ce dont vous avez besoin, c'est d'un navigateur web et d'une connexion internet. Deuxi\u00e8mement, son utilisation est gratuite - il n'est pas n\u00e9cessaire de s'inscrire ou de d\u00e9poser de l'argent. Et enfin, il est fiable - leur service de streaming en direct a \u00e9t\u00e9 test\u00e9 et s'est av\u00e9r\u00e9 stable et fiable.\n<br><\/p>\n\n\n\n<h3 class=\"wp-block-heading\">Quels sont les avantages de l'utilisation de William Hill In-Play ?<\/h3>\n\n\n\n<p>\nL'utilisation de William Hill In-Play offre un certain nombre d'avantages. Tout d'abord, il est facile \u00e0 utiliser - tout ce dont vous avez besoin, c'est d'un navigateur web et d'une connexion internet. Deuxi\u00e8mement, il est rapide et fiable - les paris in-play sont plac\u00e9s imm\u00e9diatement et les paiements sont trait\u00e9s rapidement. Enfin, il est s\u00fbr : votre argent est prot\u00e9g\u00e9 par notre syst\u00e8me s\u00e9curis\u00e9.\n<br><\/p>\n\n\n\n<h3 class=\"wp-block-heading\">Existe-t-il des limitations \u00e0 l'utilisation de William Hill Live Streaming et In-Play ?<\/h3>\n\n\n\n<p>Il y a quelques limitations \u00e0 l'utilisation de William Hill Live Streaming et In-Play. Tout d'abord, le streaming en direct n'est disponible que sur ordinateur - vous ne pourrez pas regarder le service de streaming sur votre t\u00e9l\u00e9phone ou votre tablette (correct au moment de la publication). Deuxi\u00e8mement, les paris in-play sont disponibles sur un nombre limit\u00e9 de sports - vous pourrez probablement parier sur le football, le cricket, etc. mais pas sur d'autres sports.&nbsp;\n<br><\/p>\n\n\n\n<p>\nQue vous soyez client de William Hill Sports ou non, vous appr\u00e9cierez l'utilisation de nos services de streaming en direct et d'in-play. Ils sont faciles \u00e0 utiliser et fiables, vous pouvez donc \u00eatre s\u00fbr que votre argent est en s\u00e9curit\u00e9.  William Hill est l'un des plus grands noms du pari en ligne et le service qu'il offre le refl\u00e8te. William Hill s'est forg\u00e9 une excellente r\u00e9putation en offrant un service client de qualit\u00e9 et des cotes fiables.  William Hill propose un large \u00e9ventail d'autres options de paris, notamment les courses de chevaux, le football, le basket-ball et le cricket. Son site web tr\u00e8s complet permet de parier facilement et \u00e0 tout moment sur n'importe quel sport ou jeu.\n<br><\/p>\n\n\n\n<p>\nToutes les informations sont correctes au moment de la publication.  N'oubliez pas qu'il est probable que les exigences en mati\u00e8re de financement des paris et des comptes changent de temps \u00e0 autre, en particulier avec les services \u00e0 valeur ajout\u00e9e tels que le streaming en direct fourni par les bookmakers.\navec des services \u00e0 valeur ajout\u00e9e tels que le streaming en direct fourni par les bookmakers, ce qui est le cas pour le streaming en direct de William Hill comme pour n'importe quel bookmaker.  Il y aura \u00e9galement des restrictions g\u00e9ographiques quant \u00e0 ce qui peut \u00eatre montr\u00e9 et o\u00f9.\n<\/p>","protected":false},"excerpt":{"rendered":"<p>William Hill Live Streams &#8211; Watch Online William Hill are one of the latest bookmakers to make live sports available online through their William Hill TV streaming service. You can watch a number of sports through William Hill including live football (Serie A and the Europa League to name just 2), Tennis, Snooker and a [&hellip;]<\/p>","protected":false},"author":1,"featured_media":0,"parent":0,"menu_order":0,"comment_status":"closed","ping_status":"closed","template":"","meta":{"footnotes":""},"class_list":["post-1199","page","type-page","status-publish","hentry"],"_links":{"self":[{"href":"https:\/\/www.livefooty.net\/fr\/wp-json\/wp\/v2\/pages\/1199","targetHints":{"allow":["GET"]}}],"collection":[{"href":"https:\/\/www.livefooty.net\/fr\/wp-json\/wp\/v2\/pages"}],"about":[{"href":"https:\/\/www.livefooty.net\/fr\/wp-json\/wp\/v2\/types\/page"}],"author":[{"embeddable":true,"href":"https:\/\/www.livefooty.net\/fr\/wp-json\/wp\/v2\/users\/1"}],"replies":[{"embeddable":true,"href":"https:\/\/www.livefooty.net\/fr\/wp-json\/wp\/v2\/comments?post=1199"}],"version-history":[{"count":1,"href":"https:\/\/www.livefooty.net\/fr\/wp-json\/wp\/v2\/pages\/1199\/revisions"}],"predecessor-version":[{"id":1745,"href":"https:\/\/www.livefooty.net\/fr\/wp-json\/wp\/v2\/pages\/1199\/revisions\/1745"}],"wp:attachment":[{"href":"https:\/\/www.livefooty.net\/fr\/wp-json\/wp\/v2\/media?parent=1199"}],"curies":[{"name":"wp","href":"https:\/\/api.w.org\/{rel}","templated":true}]}}