{"id":1174,"date":"2023-08-06T08:48:04","date_gmt":"2023-08-06T08:48:04","guid":{"rendered":"https:\/\/www.livefooty.net\/?page_id=1174"},"modified":"2023-09-19T11:00:35","modified_gmt":"2023-09-19T11:00:35","slug":"politique-de-confidentialite-pour-livefooty-net","status":"publish","type":"page","link":"https:\/\/www.livefooty.net\/fr\/politique-de-confidentialite-pour-livefooty-net\/","title":{"rendered":"Politique de confidentialit\u00e9 pour livefooty.net"},"content":{"rendered":"<p> <b>Le site web livefooty.net fonctionne uniquement comme un portail web d'information destin\u00e9 aux amateurs de sport \u00e2g\u00e9s de plus de 18 ans. Si vous n'avez pas plus de 18 ans, vous devez cesser imm\u00e9diatement d'utiliser ce site web.<\/b> Les informations contenues dans ce site Web sont uniquement \u00e0 des fins d\u2019information g\u00e9n\u00e9rale. Les informations sont fournies par livefooty.net et bien que nous nous efforcions de maintenir les informations \u00e0 jour et correctes, nous ne faisons aucune d\u00e9claration ou garantie d&#039;aucune sorte, expresse ou implicite, quant \u00e0 l&#039;exhaustivit\u00e9, l&#039;exactitude, la fiabilit\u00e9, l&#039;ad\u00e9quation ou la disponibilit\u00e9 en ce qui concerne le site Web ou les informations, produits, services ou graphiques associ\u00e9s contenus sur le site Web \u00e0 quelque fin que ce soit. Toute confiance que vous accordez \u00e0 ces informations est donc strictement \u00e0 vos propres risques. <\/p>\n\n\n\n<!--more-->\n\n\n\n<p><\/p>\n\n\n\n<p>\nEn aucun cas, nous ne serons responsables de toute perte ou dommage, y compris, sans limitation, des pertes ou dommages indirects ou cons\u00e9cutifs, ou de toute perte ou dommage de quelque nature que ce soit r\u00e9sultant de la perte de donn\u00e9es ou de b\u00e9n\u00e9fices d\u00e9coulant de ou en relation avec l&#039;utilisation de ce site Web. .\n<br><\/p>\n\n\n\n<h3 class=\"wp-block-heading\"> Politique de confidentialit\u00e9 de www.livefooty.net <\/h3>\n\n\n\n<p> Si vous avez besoin de plus d&#039;informations ou si vous avez des questions concernant notre politique de confidentialit\u00e9, n&#039;h\u00e9sitez pas \u00e0 nous contacter par e-mail \u00e0 info@livefooty.net. <\/p>\n\n\n\n<p> Sur www.livefooty.net, la confidentialit\u00e9 de nos visiteurs est d&#039;une extr\u00eame importance pour nous. Ce document de politique de confidentialit\u00e9 d\u00e9crit les types d&#039;informations personnelles re\u00e7ues et collect\u00e9es par www.livefooty.net et la mani\u00e8re dont elles sont utilis\u00e9es. <\/p>\n\n\n\n<p> <b>Fichiers journaux<\/b><br> Comme beaucoup d&#039;autres sites Web, www.livefooty.net utilise des fichiers journaux. Les informations contenues dans les fichiers journaux comprennent les adresses de protocole Internet ( IP ), le type de navigateur, le fournisseur d&#039;acc\u00e8s Internet ( FAI ), l&#039;horodatage, les pages de r\u00e9f\u00e9rence\/de sortie et le nombre de clics pour analyser les tendances, administrer le site, suivre les mouvements de l&#039;utilisateur. autour du site et recueillir des informations d\u00e9mographiques. Les adresses IP et autres informations similaires ne sont li\u00e9es \u00e0 aucune information personnellement identifiable. <\/p>\n\n\n\n<p> <b>Cookies et balises Web<\/b><br> www.livefooty.net n&#039;utilise pas de cookies. <b>Cookie DART DoubleClick<\/b><br><\/p>\n\n\n\n<p>\n.:\u00a0Google, en tant que fournisseur tiers, utilise des cookies pour diffuser des annonces sur votre site.<br>\n.:\u00a0: L&#039;utilisation par Google du cookie DART lui permet de diffuser des annonces \u00e0 vos utilisateurs en fonction de leur visite sur vos sites et sur d&#039;autres sites Internet. <br>\n.:\u00a0: Les utilisateurs peuvent refuser l&#039;utilisation du cookie DART en visitant la politique de confidentialit\u00e9 du r\u00e9seau de publicit\u00e9 et de contenu de Google \u00e0 l&#039;URL suivante\u00a0: https:\/\/www.google.com\/privacy_ads.html <\/p>\n\n\n\n<p> Certains de nos partenaires publicitaires peuvent utiliser des cookies et des balises Web sur notre site. Nos partenaires publicitaires comprennent \u2026\u2026. \n<br> Amazone\n<br> eBay\n<br> William Hill\n<br> <\/p>\n\n\n\n<p> Ces serveurs publicitaires ou r\u00e9seaux publicitaires tiers utilisent une technologie pour envoyer les publicit\u00e9s et les liens qui apparaissent sur www.livefooty.net directement \u00e0 vos navigateurs. Ils re\u00e7oivent automatiquement votre adresse IP lorsque cela se produit. D&#039;autres technologies (telles que les cookies, JavaScript ou les balises Web) peuvent \u00e9galement \u00eatre utilis\u00e9es par les r\u00e9seaux publicitaires tiers pour mesurer l&#039;efficacit\u00e9 de leurs publicit\u00e9s et\/ou pour personnaliser le contenu publicitaire que vous voyez. <\/p>\n\n\n\n<p> www.livefooty.net n&#039;a aucun acc\u00e8s ni contr\u00f4le sur ces cookies qui sont utilis\u00e9s par des annonceurs tiers. <\/p>\n\n\n\n<p> Vous devez consulter les politiques de confidentialit\u00e9 respectives de ces serveurs publicitaires tiers pour des informations plus d\u00e9taill\u00e9es sur leurs pratiques ainsi que pour des instructions sur la fa\u00e7on de vous d\u00e9sinscrire de certaines pratiques. La politique de confidentialit\u00e9 de www.livefooty.net ne s&#039;applique pas \u00e0 ces autres annonceurs ou sites Web et nous ne pouvons pas contr\u00f4ler leurs activit\u00e9s. <\/p>\n\n\n\n<p> Si vous souhaitez d\u00e9sactiver les cookies, vous pouvez le faire via les options de votre navigateur individuel. Des informations plus d\u00e9taill\u00e9es sur la gestion des cookies avec des navigateurs Web sp\u00e9cifiques peuvent \u00eatre trouv\u00e9es sur les sites Web respectifs des navigateurs. <br><\/p>\n\n\n\n<h3 class=\"wp-block-heading\">Liens et services tiers \u2013 Avis de non-responsabilit\u00e9<\/h3>\n\n\n\n<p>  Ce site Web (livefooty.net) contient ou peut contenir des liens vers d&#039;autres sites Web, y compris des publicit\u00e9s de tiers. livefooty.net n&#039;est pas responsable de ces autres sites Web ou de leurs conditions de services. Nous ne s\u00e9lectionnons ni n\u2019approuvons ces autres sites Web. livefooty.net d\u00e9cline express\u00e9ment toute responsabilit\u00e9, directement ou indirectement, pour tout dommage quel qu&#039;il soit subi par tout utilisateur en relation avec l&#039;utilisation de tout site Web dont l&#039;acc\u00e8s a \u00e9t\u00e9 trouv\u00e9 via ce site. Veuillez lire attentivement les conditions d&#039;utilisation de chacun de ces autres sites Web pour d\u00e9couvrir comment ces autres sites Web proposent et conditionnent leurs biens et services. Si vous d\u00e9cidez d&#039;acc\u00e9der \u00e0 un autre site Web et \u00e0 tout service associ\u00e9, vous le faites enti\u00e8rement \u00e0 vos propres risques. Si vous souhaitez faire une objection concernant un lien vers un site Web tiers qui a \u00e9t\u00e9 plac\u00e9 sur le site livefooty.net, veuillez suivre les \u00e9tapes de notre <a href=\"https:\/\/www.livefooty.net\/fr\/legal\/\" title=\"\">page juridique<\/a>. <br><\/p>\n\n\n\n<p>\nLe site Web livefooty.net est h\u00e9berg\u00e9 et exploit\u00e9 depuis l\u2019\u00eele de Man. En tant que propri\u00e9taires de sites Web, nous avons pris toutes les mesures n\u00e9cessaires pour garantir que ce site Web fonctionne en totale conformit\u00e9 avec la loi Manx. Cette politique de confidentialit\u00e9 et ces conditions d&#039;utilisation sont r\u00e9gies par les lois de l&#039;\u00eele de Man. En tant qu&#039;utilisateur de ce site Web, vous \u00eates cens\u00e9 vous comporter de mani\u00e8re morale, l\u00e9gale et responsable \u00e0 l&#039;\u00e9gard des lois qui vous sont applicables (notamment en ne portant pas atteinte aux droits des titulaires de droits). Tous les litiges d\u00e9coulant de ou en relation avec ce site Web seront r\u00e9gis par les lois de l&#039;\u00eele de Man.  \n<br><\/p>\n\n\n\n<p>\nDerni\u00e8re mise \u00e0 jour le 12\/04\/2017\n<\/p>","protected":false},"excerpt":{"rendered":"<p>Le site web livefooty.net fonctionne uniquement comme un portail web d'information destin\u00e9 aux amateurs de sport \u00e2g\u00e9s de plus de 18 ans. Si vous n'avez pas plus de 18 ans, vous devez cesser imm\u00e9diatement d'utiliser ce site. Les informations contenues dans ce site web sont uniquement destin\u00e9es \u00e0 des fins d'information g\u00e9n\u00e9rale. Les informations sont fournies par livefooty.net et bien que [...]<\/p>","protected":false},"author":1,"featured_media":0,"parent":0,"menu_order":0,"comment_status":"closed","ping_status":"closed","template":"","meta":{"footnotes":""},"class_list":["post-1174","page","type-page","status-publish","hentry"],"_links":{"self":[{"href":"https:\/\/www.livefooty.net\/fr\/wp-json\/wp\/v2\/pages\/1174","targetHints":{"allow":["GET"]}}],"collection":[{"href":"https:\/\/www.livefooty.net\/fr\/wp-json\/wp\/v2\/pages"}],"about":[{"href":"https:\/\/www.livefooty.net\/fr\/wp-json\/wp\/v2\/types\/page"}],"author":[{"embeddable":true,"href":"https:\/\/www.livefooty.net\/fr\/wp-json\/wp\/v2\/users\/1"}],"replies":[{"embeddable":true,"href":"https:\/\/www.livefooty.net\/fr\/wp-json\/wp\/v2\/comments?post=1174"}],"version-history":[{"count":0,"href":"https:\/\/www.livefooty.net\/fr\/wp-json\/wp\/v2\/pages\/1174\/revisions"}],"wp:attachment":[{"href":"https:\/\/www.livefooty.net\/fr\/wp-json\/wp\/v2\/media?parent=1174"}],"curies":[{"name":"wp","href":"https:\/\/api.w.org\/{rel}","templated":true}]}}