{"id":1163,"date":"2023-08-06T08:34:34","date_gmt":"2023-08-06T08:34:34","guid":{"rendered":"https:\/\/www.livefooty.net\/?page_id=1163"},"modified":"2023-09-28T07:11:31","modified_gmt":"2023-09-28T07:11:31","slug":"bet365-live-streams","status":"publish","type":"page","link":"https:\/\/www.livefooty.net\/fr\/bet365-live-streams\/","title":{"rendered":"Bet365 Live Streams"},"content":{"rendered":"<h2 class=\"wp-block-heading\">Diffusions sportives en direct avec Bet365<\/h2>\n\n\n\n<p>Si vous souhaitez suivre en direct les derni\u00e8res actions de football sur votre ordinateur ou votre appareil mobile, alors Bet365 est le bookmaker en ligne que vous souhaitez consulter, la diffusion en direct de Bet365 est excellente !<\/p>\n\n\n\n<!--more-->\n\n\n\n<p><strong>Regarder du sport en direct sur Internet<\/strong> C&#039;est une grande entreprise et le fait est que les grandes entreprises le savent aussi ! L&#039;une des fa\u00e7ons les plus n\u00e9glig\u00e9es et ignor\u00e9es de regarder votre sport pr\u00e9f\u00e9r\u00e9 en ligne (que ce soit <strong>Football, Golf, Tennis<\/strong> ou toute autre chose d&#039;ailleurs) est de profiter des flux en direct propos\u00e9s par ces grandes entreprises. La BBC, ITV et de nombreux bookmakers de diverses juridictions peuvent proposer une diffusion en direct d&#039;\u00e9v\u00e9nements sportifs en ligne. \u00c0 mon avis, Bet365 n\u2019en est qu\u2019un bon exemple (et mon pr\u00e9f\u00e9r\u00e9). <strong>Diffusions en direct de Bet365<\/strong> donnent acc\u00e8s \u00e0 une multitude de sports en direct \u00e0 ses membres, \u00e0 mon avis ces flux sportifs sont g\u00e9n\u00e9ralement de tr\u00e8s haute qualit\u00e9 et suppriment une grande partie du \u00ab o\u00f9 puis-je regarder \u00e7a ? \u00e9l\u00e9ment des sports en direct en ligne. Peut-\u00eatre en raison de la nature m\u00eame de la gestion d&#039;un bookmaker sportif, de nombreux \u00e9v\u00e9nements eux-m\u00eames ne sont pas le genre de choses que l&#039;on voit \u00e0 la t\u00e9l\u00e9vision \u00ab\u00a0normale\u00a0\u00bb dans de nombreux pays. Pour une liste compl\u00e8te des \u00e9v\u00e9nements, veuillez vous r\u00e9f\u00e9rer \u00e0 la page Bet365 Live Streaming. Les conditions g\u00e9n\u00e9rales s&#039;appliquent, 18+<\/p>\n\n\n\n<p>Pour ajouter \u00e0 l'excitation du jeu, bet365 diffuse plus de 140 000 \u00e9v\u00e9nements en direct sur votre PC chaque ann\u00e9e, afin que vous puissiez parier pendant que l'action se d\u00e9roule. Les points forts comprennent les tournois de tennis Masters Series et les matchs de certaines des meilleures ligues nationales de football du monde. Pour utiliser le service de streaming en direct, vous devez \u00eatre connect\u00e9 et disposer d'un compte approvisionn\u00e9 ou avoir plac\u00e9 un pari au cours des derni\u00e8res 24 heures. Tout match\/\u00e9v\u00e9nement sur notre site web qui a l'ic\u00f4ne Play ou Video \u00e0 c\u00f4t\u00e9 est programm\u00e9 pour \u00eatre diffus\u00e9 en Live Streaming. Les conditions d'utilisation s'appliquent, 18+.<\/p>\n\n\n\n<p>Et n'oubliez pas l'innovant Bet365 Live Golf Tracker qui vous permet non seulement de regarder en direct les trous Par 3 de la plupart des plus grands tournois de golf du monde, mais aussi de suivre toute l'action en temps r\u00e9el, y compris les trac\u00e9s des trous et des greens, les classements actuels et les donn\u00e9es de position \u00e0 la seconde pr\u00e8s.<br>pour chaque joueur sur le parcours. Brillant.<\/p>\n\n\n\n<p><strong>Bet365 diffuse-t-il du football en direct\u00a0?<\/strong>  Bet365 est une soci\u00e9t\u00e9 de paris en ligne r\u00e9put\u00e9e qui propose la diffusion en continu de matchs de football en direct. Ce service est disponible pour les utilisateurs du Royaume-Uni, de l'Irlande et de l'Italie. La soci\u00e9t\u00e9 offre \u00e9galement une vari\u00e9t\u00e9 d'autres options de streaming sportif, y compris le cricket, le tennis et le rugby.  Pour acc\u00e9der au service de streaming en direct de Bet365, les utilisateurs doivent d'abord cr\u00e9er un compte et v\u00e9rifier leur identit\u00e9. Une fois connect\u00e9, il peut s\u00e9lectionner les matchs qu'il souhaite regarder. Les flux en direct sont disponibles pour la plupart des rencontres au Royaume-Uni et en Irlande, ainsi que pour certains matchs de la Serie A italienne et de la Ligue 1. Certains matchs peuvent \u00eatre indisponibles en raison de restrictions de licence ou de contraintes de temps.  Dans l'ensemble, le service de streaming en direct de Bet365 est pratique et abordable. C'est une excellente option pour les fans de sport britanniques qui veulent regarder leurs \u00e9quipes pr\u00e9f\u00e9r\u00e9es en d\u00e9placement ou pour ceux qui n'ont pas le c\u00e2ble ou la t\u00e9l\u00e9vision par satellite \u00e0 la maison.  Non seulement vous pouvez regarder des matchs du monde entier en direct et en temps r\u00e9el, mais vous pouvez \u00e9galement utiliser le service de streaming de Bet365 pour suivre les discussions d'avant-match et d'apr\u00e8s-match - ce qui signifie que, peu importe ce qui se passe sur le terrain, vous \u00eates toujours dans le coup.<\/p>\n\n\n\n<p><strong>Comment regarder une diffusion en direct sur Bet365 ?<\/strong>  Il existe plusieurs fa\u00e7ons de regarder des streams en direct sur Bet365. La fa\u00e7on la plus simple est de simplement visiter le site Web et de s\u00e9lectionner vos matchs pr\u00e9f\u00e9r\u00e9s. Vous pouvez \u00e9galement utiliser l'application disponible pour les appareils Android et iOS.Bet365 est l'une des principales soci\u00e9t\u00e9s de paris en ligne dans le monde et ils offrent une vari\u00e9t\u00e9 d'options de streaming en direct. Que vous souhaitiez regarder un match de football ou un autre \u00e9v\u00e9nement sportif, Bet365 a l'option de streaming qu'il vous faut.<\/p>\n\n\n\n<p><strong>Qu&#039;est-ce que le service de diffusion en direct de Bet365 ?<\/strong>  Bet365 est une soci\u00e9t\u00e9 leader de paris en ligne proposant un service de diffusion en direct qui permet aux utilisateurs de regarder des \u00e9v\u00e9nements sportifs, notamment des matchs de football, de cricket et de tennis, au fur et \u00e0 mesure qu&#039;ils se d\u00e9roulent. Le service est disponible sur les ordinateurs de bureau et les appareils mobiles et offre une gamme de fonctionnalit\u00e9s, notamment la possibilit\u00e9 de suivre plusieurs jeux \u00e0 la fois et de discuter avec d&#039;autres t\u00e9l\u00e9spectateurs. Bet365 propose \u00e9galement des conseils de paris et des informations sur le march\u00e9, ce qui en fait une source d&#039;informations id\u00e9ale pour ceux qui s&#039;int\u00e9ressent aux paris sportifs.<\/p>\n\n\n\n<p><strong>Comment fonctionne la diffusion en direct de Bet365 ?<\/strong>  Bet365 est l&#039;une des principales soci\u00e9t\u00e9s de paris en ligne au monde et propose une large gamme d&#039;options de paris, y compris la diffusion en direct. Lorsque vous vous inscrivez \u00e0 Bet365, vous pouvez choisir de regarder vos paris en temps r\u00e9el ou de les consulter par la suite. La diffusion en direct avec Bet365 est simple et directe : ouvrez simplement la fen\u00eatre de pari et cliquez sur le bouton \u00ab Regarder en direct \u00bb. Vous pouvez \u00e9galement utiliser la fonction de diffusion en direct pour suivre vos \u00e9quipes sportives ou vos joueurs pr\u00e9f\u00e9r\u00e9s pendant que vous jouez.<\/p>\n\n\n\n<p><strong>La diffusion en direct de Bet365 est-elle gratuite\u00a0?<\/strong>  Oui, le service de streaming en direct de Bet365 est gratuit.  Cependant, il y a quelques restrictions sur ce qui peut \u00eatre diffus\u00e9 et pour combien de temps. Par exemple, le streaming en direct n'est pas disponible pour certains \u00e9v\u00e9nements sportifs tels que la Premier League anglaise et la Liga. En outre, le streaming en direct n'est disponible que pour les clients disposant d'un compte qualifiant.<\/p>\n\n\n\n<p><strong>Comment regarder du streaming en direct sur Bet365 ?<\/strong>  Bet365 est l'un des sites de paris en ligne les plus populaires et propose un service de streaming en direct qui vous permet de suivre toute l'action depuis votre ordinateur, votre tablette ou votre t\u00e9l\u00e9phone. Pour utiliser ce service, il vous suffit de cliquer sur le lien \" Streaming en direct \" situ\u00e9 dans le menu principal du site Web et de s\u00e9lectionner votre appareil pr\u00e9f\u00e9r\u00e9. Vous pourrez alors acc\u00e9der \u00e0 tous les flux en direct et interagir avec d'autres t\u00e9l\u00e9spectateurs par le biais de salons de discussion ou de forums. Vous pouvez \u00e9galement placer des paris tout en regardant les streams en direct, de sorte qu'il n'y a jamais de moment ennuyeux lorsque vous utilisez le service de streaming de Bet365.Pour regarder un stream en direct sur Bet365, les clients doivent s'identifier ou cr\u00e9er un compte. Apr\u00e8s s'\u00eatre connect\u00e9s, les clients pourront s\u00e9lectionner l'\u00e9v\u00e9nement qu'ils souhaitent regarder.<\/p>\n\n\n\n<p><strong>Comment fonctionne la diffusion en direct de Bet365 sur les appareils mobiles ?<\/strong>  Bet365 live streaming fonctionne sur les appareils mobiles en permettant aux utilisateurs de regarder les matchs et les tournois bet365 via l'application. L'application est disponible pour les appareils Android et iOS, ce qui permet aux utilisateurs d'acc\u00e9der facilement \u00e0 leur contenu pr\u00e9f\u00e9r\u00e9. Il suffit d'ouvrir l'application Bet365 et de s\u00e9lectionner un match ou un tournoi que vous souhaitez regarder. Vous pourrez alors suivre l'action au fur et \u00e0 mesure, sans avoir besoin d'un abonnement au c\u00e2ble ou d'un autre logiciel.<\/p>","protected":false},"excerpt":{"rendered":"<p>Live Sports Streams With Bet365 If you&#8217;re looking to catch a live stream of the latest football action on your desktop or mobile device, then Bet365 is the online sports book you want to check out, Bet365 live streaming is excellent!<\/p>","protected":false},"author":1,"featured_media":0,"parent":0,"menu_order":0,"comment_status":"closed","ping_status":"closed","template":"","meta":{"footnotes":""},"class_list":["post-1163","page","type-page","status-publish","hentry"],"_links":{"self":[{"href":"https:\/\/www.livefooty.net\/fr\/wp-json\/wp\/v2\/pages\/1163","targetHints":{"allow":["GET"]}}],"collection":[{"href":"https:\/\/www.livefooty.net\/fr\/wp-json\/wp\/v2\/pages"}],"about":[{"href":"https:\/\/www.livefooty.net\/fr\/wp-json\/wp\/v2\/types\/page"}],"author":[{"embeddable":true,"href":"https:\/\/www.livefooty.net\/fr\/wp-json\/wp\/v2\/users\/1"}],"replies":[{"embeddable":true,"href":"https:\/\/www.livefooty.net\/fr\/wp-json\/wp\/v2\/comments?post=1163"}],"version-history":[{"count":0,"href":"https:\/\/www.livefooty.net\/fr\/wp-json\/wp\/v2\/pages\/1163\/revisions"}],"wp:attachment":[{"href":"https:\/\/www.livefooty.net\/fr\/wp-json\/wp\/v2\/media?parent=1163"}],"curies":[{"name":"wp","href":"https:\/\/api.w.org\/{rel}","templated":true}]}}