{"id":1704,"date":"2024-02-29T11:08:03","date_gmt":"2024-02-29T11:08:03","guid":{"rendered":"https:\/\/www.livefooty.net\/?page_id=1704"},"modified":"2024-03-07T15:50:30","modified_gmt":"2024-03-07T15:50:30","slug":"fa-cup-live-online","status":"publish","type":"page","link":"https:\/\/www.livefooty.net\/fi\/fa-cup-live-online\/","title":{"rendered":"FA Cup - FA Cupin suorat online-l\u00e4hetykset"},"content":{"rendered":"<p>The <b>FA Cup<\/b> on maailman jalkapallomaailman paras seuracup-kilpailu, joka ei katso <b>FA Cupin loppuottelu<\/b>? Sill\u00e4 on yli 100-vuotiset perinteet, ja sill\u00e4 on erityinen paikka monien jalkapallofanien syd\u00e4miss\u00e4.  Cup of upsets on yht\u00e4 romanttinen spektaakkeli kuin ennenkin.  Englantilaisen jalkapallon seuraajille FA Cupin loppuottelu kuuluu vuoden kohokohtiin, ja lippujen hankkiminen t\u00e4h\u00e4n otteluun on eritt\u00e4in vaikeaa.  Useimmat FA Cupin ottelut televisioidaan suorana l\u00e4hetyksen\u00e4 BBC:n ja BT Sportin kautta, jos asut Yhdistyneess\u00e4 kuningaskunnassa, mutta muualla otteluiden saaminen voi olla vaikeaa. T\u00e4ss\u00e4 on lis\u00e4tietoja <a href=\"https:\/\/en.wikipedia.org\/wiki\/FA_Cup\" target=\"_blank\" rel=\"noopener\">FA Cupin historia<\/a>.\n\t<\/p>\n\n\n\n<!--more-->\n\n\n\n<p> <\/p>\n\n\n<div class=\"wp-block-image is-style-rounded\">\n<figure class=\"aligncenter size-full\"><img decoding=\"async\" width=\"600\" height=\"451\" src=\"https:\/\/www.livefooty.net\/wp-content\/uploads\/2024\/02\/FA-Cup-Football.jpg\" alt=\"FA Cup Trophy - Katso suoraa l\u00e4hetyst\u00e4\" class=\"wp-image-1705\" title=\"\" srcset=\"https:\/\/www.livefooty.net\/wp-content\/uploads\/2024\/02\/FA-Cup-Football.jpg 600w, https:\/\/www.livefooty.net\/wp-content\/uploads\/2024\/02\/FA-Cup-Football-300x226.jpg 300w, https:\/\/www.livefooty.net\/wp-content\/uploads\/2024\/02\/FA-Cup-Football-16x12.jpg 16w, https:\/\/www.livefooty.net\/wp-content\/uploads\/2024\/02\/FA-Cup-Football-346x260.jpg 346w\" sizes=\"(max-width: 600px) 100vw, 600px\" \/><\/figure><\/div>\n\n\n<p> FA Cupin 2016\/2017 ensimm\u00e4inen kierros k\u00e4ynnistyy viikonloppuna 04. marraskuuta.  Se on valtava tilaisuus niille liigan ulkopuolisille joukkueille, jotka ovat taistelleet tiens\u00e4 l\u00e4pi ennakkokierrosten, kohdata liigavastustaja ja antaa itsest\u00e4\u00e4n hyv\u00e4 tilaisuus.  Joillekin joukkueille mahdollisuus esiinty\u00e4 valtakunnallisessa televisiossa, kun ne ovat tottuneet pelaamaan satojen katsojien edess\u00e4, on t\u00e4rkeint\u00e4 kilpailun t\u00e4ss\u00e4 vaiheessa.  BBC ei olisi valinnut t\u00e4t\u00e4 peli\u00e4 perjantai-illan l\u00e4hetykseen, ellei siin\u00e4 olisi ollut \"mahdollisuutta\" yll\u00e4tykseen, ja on todella mielenkiintoista n\u00e4hd\u00e4, miten he p\u00e4rj\u00e4\u00e4v\u00e4t! <\/p>\n\n\n\n<p> Olemme nyt 4. kierroksella, ja viel\u00e4 on 2 liigan ulkopuolista joukkuetta taistelemassa mahdollisuudesta kunniaan.  Sutton United is\u00e4nn\u00f6i Leeds Unitedia ottelussa, jossa olen varma, ett\u00e4 he ottaisivat mieless\u00e4\u00e4n tasapelin saadakseen mahdollisuuden pelata Elland Roadilla.  Toinen liigan ulkopuolinen joukkue Lincoln puolestaan pelaa Brightonin kotona.  Rehellisesti sanottuna molemmat liigan ulkopuoliset joukkueet pit\u00e4v\u00e4t mahdollisuuksistaan p\u00e4\u00e4st\u00e4 jatkoon, sill\u00e4 ne ovat jo aiheuttaneet useita yll\u00e4tyksi\u00e4, ja kotiedun ansiosta kuka tiet\u00e4\u00e4?  Palkintona on varmasti suuri mahdollisuus saada vastaansa yksi Valioliigan suurista pojista seuraavalla kierroksella, ja se on heille valtava kannustin. <br><\/p>\n\n\n\n<p>FA Cupin 4. kierroksen melko vakavan 4. kierroksen j\u00e4lkeen kaikki odottavat innolla t\u00e4m\u00e4n vuoden 5. kierrosta.  Ainoa ongelma on se, ett\u00e4 n\u00e4in monen yll\u00e4tyksen j\u00e4lkeen ottelulista on joskus melko tyls\u00e4.  Ei kuitenkaan t\u00e4ll\u00e4 kertaa, sill\u00e4 on yksi aivan huippuottelu, kun Manchester United vierailee Chelsean vieraana maanantaina 18. p\u00e4iv\u00e4.  OGS ihmettelee, mit\u00e4 h\u00e4nen pit\u00e4\u00e4 tehd\u00e4 p\u00e4\u00e4st\u00e4kseen helpommalla sen j\u00e4lkeen, kun h\u00e4n matkusti 4. kierroksella Arsenalin vieraaksi.  Toisessa huippuottelussa valioliigan hallitseva mestari Manchester City matkustaa Newport Countyn vieraaksi, mik\u00e4 on varmasti uusi kokemus monille heid\u00e4n pelaajilleen. <br><\/p>\n\n\n\n<p>FA Cupin 3. kierros on kohta, jossa unelmat joko tehd\u00e4\u00e4n tai murskataan, alempien liigojen pikkulapset voivat saada mahdollisuuden pelata valioliigakilpailijoitaan vastaan, ja kuten kaikki tiet\u00e4v\u00e4t, FA Cupissa tapahtuu yll\u00e4tyksi\u00e4.  Vaikka t\u00e4m\u00e4n vuoden 3. kierroksen arvonta ei ole tuonut esiin monia potentiaalisia j\u00e4ttim\u00e4isi\u00e4 tappotarinoita, on silti paljon otteluita, joissa yll\u00e4tyksi\u00e4 on luvassa.  Mestaruussarjan k\u00e4rkijoukkue Reading matkustaa Old Traffordille (j\u00e4lleen), ja Wolves pyrkii hy\u00f6dynt\u00e4m\u00e4\u00e4n Liverpoolin, joka h\u00e4visi hiljattain ensimm\u00e4ist\u00e4 kertaa aikoihin.  Nottingham Forest saattaa luottaa mahdollisuuksiinsa saada yll\u00e4tys Chelsean joukkuetta vastaan, joka kamppailee maalinteossa. Todellisten FA Cup -romantikkojen ja monien mielest\u00e4 kierroksen parhaana otteluna pidet\u00e4\u00e4n kuitenkin Accrington Stanleyn (kuka se on? Juuri niin!) ja Ipswichin v\u00e4list\u00e4 ottelua! <br><\/p>\n\n\n\n<p>FA Cupin 6. kierros on juuri alkanut, tai kuten me vanhanaikaiset ihmiset haluamme sit\u00e4 kutsua, puoliv\u00e4lier\u00e4t.  Juuri nyt, jos olet Liverpoolin fani, sinun t\u00e4ytyy hieroa k\u00e4si\u00e4si ilosta.  Kun t\u00e4m\u00e4n vuoden FA Cupissa on jo niin paljon yll\u00e4tyksi\u00e4, mik\u00e4 on mahdollisuus, ett\u00e4 kaksi parasta joukkuetta, jotka ovat j\u00e4ljell\u00e4 kilpailussa, saavat kesken\u00e4\u00e4n puoliv\u00e4lier\u00e4vaiheessa arvonnan?  Joko Manchester United tai Arsenal putoaa kilpailusta, ja viimeaikaisen muodon perusteella pit\u00e4isi luottaa vahvasti tykkimiehiin, jopa Old Traffordilla. Unitedin pelitavalla todellinen kysymys on, onko kukaan en\u00e4\u00e4 hereill\u00e4 loppuvihellyksess\u00e4?  Bradford vastaan Reading takaa sen, ett\u00e4 1 alemman sarjatason joukkue p\u00e4\u00e4see t\u00e4n\u00e4 vuonna v\u00e4lieriin.  J\u00e4ljelle j\u00e4\u00e4 vain Midlandsin derby Villa vastaan West Brom, joka on uusinta viimeisimm\u00e4st\u00e4 ja eritt\u00e4in tiukasta Valioliigan ottelusta.  Miten Villa p\u00e4rj\u00e4\u00e4 cupissa, kun liigassa selviytymisen on oltava Tim Sherwoodin prioriteetti?  Jos olisin vedonly\u00f6j\u00e4, veikkaisin, ett\u00e4 v\u00e4lierien kokoonpano olisi jotakuinkin Readingin, West Bromin, Liverpoolin ja Arsenalin kaltainen, mutta kun katsoo, miten asiat ovat menneet t\u00e4m\u00e4n vuoden FA Cupissa, en olisi yll\u00e4ttynyt, jos tilanne olisi t\u00e4ysin p\u00e4invastainen. <br><\/p>\n\n\n\n<p> Kun FA Cupin turnaus on virallisesti ollut historian PITUIN FA Cup -turnaus, olemme vihdoin finaalivaiheessa.  Uskon, ett\u00e4 kaikki ovat iloisia t\u00e4m\u00e4n kauden p\u00e4\u00e4ttymisest\u00e4, mutta suurin osa on saanut sen mit\u00e4 toivoi, derbyfinaalin.  Vaikka useimmat luulivat, ett\u00e4 kyseess\u00e4 olisi Manchesterin derby, kun v\u00e4lierien arvonta julkistettiin, Arsenal ja Chelsea tekiv\u00e4t molemmat numeroita huipputason joukkueille.  Arsenalin taktinen mestariluokka riitti Citylle, ja United ei vain koskaan p\u00e4\u00e4ssyt peliin mukaan Chelsean joukkuetta vastaan, joka hy\u00f6dynsi tilanteen t\u00e4ysin.  J\u00e4ljelle j\u00e4\u00e4 siis Lontoon derby, kun Chelsea kohtaa Arsenalin vuoden 2020 FA Cupin finaalissa.  Kuinka outoa siit\u00e4 tulee, kun FA Cupin finaalip\u00e4iv\u00e4n\u00e4 stadionilla ei ole yht\u00e4\u00e4n fania?  Valtavasti!  Yksi asia on kuitenkin varmaa, ja se on se, ett\u00e4 pubeissa tulee olemaan hyvin vilkasta. <br><\/p>\n\n\n\n<p> Suoratoiston ansiosta on nyt mahdollista katsoa kaikki suosikkisi FA Cupin ottelut suorana l\u00e4hetyksen\u00e4.  Kun niin monta peli\u00e4 pelataan samaan aikaan, jokaisen fanin suosikkijoukkueen on vaikea saada aikaa televisiossa, vaikka interaktiivinen televisio onkin nyky\u00e4\u00e4n k\u00e4yt\u00f6ss\u00e4. Koska FA Cup on yh\u00e4 suositumpi, monista FA Cupin otteluista on yleens\u00e4 tarjolla kattava suora l\u00e4hetys verkossa (BBC ja BT Sport tarjoavat hyvi\u00e4 online-l\u00e4hetyksi\u00e4 Yhdistyneess\u00e4 kuningaskunnassa).  Muualla vedonv\u00e4litt\u00e4j\u00e4t<a title=\"\" href=\"https:\/\/www.livefooty.net\/fi\/william-hill-tv-live-streams-katso-live-online\/\"> kattaa joskus suuren m\u00e4\u00e4r\u00e4n FA Cupin otteluita suorana l\u00e4hetyksen\u00e4 verkossa.<\/a>erityisesti aiemmilla kierroksilla. \u00c4l\u00e4k\u00e4 unohda, ett\u00e4 jos et voi katsoa suorana l\u00e4hetyksen\u00e4, BBC kattaa l\u00e4hes jokaisen pelin paikallisen radiol\u00e4hetyksen avulla. <a href=\"https:\/\/www.bbc.co.uk\/sport\/0\/football\/13629210\" target=\"_blank\" rel=\"noopener\">FA Cup Live Radio Link<\/a>. <\/p>\n\n\n\n<p>[scu name=&#8221;fa-cup&#8221;]<\/p>\n\n\n\n<h3 class=\"wp-block-heading\">FA Cup Footy juorut &amp; n\u00e4kemykset<\/h3>\n\n\n\n<p>[scu name=\"event-summary\"]<\/p>\n\n\n\n<hr class=\"wp-block-separator has-alpha-channel-opacity\"\/>\n\n\n\n<h3 class=\"wp-block-heading\">Live FA Cup Uutiset<\/h3>\n\n\n\n<p>[scu name=\"rss-feed\"]<\/p>","protected":false},"excerpt":{"rendered":"<p>The FA Cup is the best club cup competition in world football, who doesn&#8217;t watch the FA Cup final? It has a tradition spanning over 100 years and holds a special place in the hearts of many football fans. The cup of upsets is as romantic a spectacle now as it ever was. For followers [&hellip;]<\/p>","protected":false},"author":1,"featured_media":0,"parent":0,"menu_order":0,"comment_status":"closed","ping_status":"closed","template":"","meta":{"footnotes":""},"class_list":["post-1704","page","type-page","status-publish","hentry"],"_links":{"self":[{"href":"https:\/\/www.livefooty.net\/fi\/wp-json\/wp\/v2\/pages\/1704","targetHints":{"allow":["GET"]}}],"collection":[{"href":"https:\/\/www.livefooty.net\/fi\/wp-json\/wp\/v2\/pages"}],"about":[{"href":"https:\/\/www.livefooty.net\/fi\/wp-json\/wp\/v2\/types\/page"}],"author":[{"embeddable":true,"href":"https:\/\/www.livefooty.net\/fi\/wp-json\/wp\/v2\/users\/1"}],"replies":[{"embeddable":true,"href":"https:\/\/www.livefooty.net\/fi\/wp-json\/wp\/v2\/comments?post=1704"}],"version-history":[{"count":2,"href":"https:\/\/www.livefooty.net\/fi\/wp-json\/wp\/v2\/pages\/1704\/revisions"}],"predecessor-version":[{"id":1746,"href":"https:\/\/www.livefooty.net\/fi\/wp-json\/wp\/v2\/pages\/1704\/revisions\/1746"}],"wp:attachment":[{"href":"https:\/\/www.livefooty.net\/fi\/wp-json\/wp\/v2\/media?parent=1704"}],"curies":[{"name":"wp","href":"https:\/\/api.w.org\/{rel}","templated":true}]}}