{"id":1441,"date":"2023-09-19T18:37:41","date_gmt":"2023-09-19T18:37:41","guid":{"rendered":"https:\/\/www.livefooty.net\/?page_id=1441"},"modified":"2023-09-19T19:13:18","modified_gmt":"2023-09-19T19:13:18","slug":"europa-league-live-footy","status":"publish","type":"page","link":"https:\/\/www.livefooty.net\/fi\/europa-league-live-footy\/","title":{"rendered":"Europa League Live Footy"},"content":{"rendered":"<p> The <b>Europa League<\/b> on Euroopan jalkapalloliiton (UEFA) j\u00e4rjest\u00e4m\u00e4 vuosittainen seurajoukkueiden jalkapallokilpailu Euroopan jalkapalloseurojen kakkostasolle.Europa Leagueen voi osallistua useilla eri tavoilla, kuten jos ei ole sijoittunut tarpeeksi korkealle kotimaan liigassa p\u00e4\u00e4st\u00e4kseen Mestarien liigaan, jos ei ole selviytynyt Mestarien liigan alkukierroksilla tai jos on sijoittunut kolmanneksi Mestarien liigan ryhm\u00e4ss\u00e4.  Se on kuitenkin edelleen merkitt\u00e4v\u00e4 seurapokaali, jonka voittaminen on t\u00e4rke\u00e4\u00e4, ja jotkut Euroopan suurimmista joukkueista ovat ylpeit\u00e4 saavutuksistaan Euroopan seurakilpailujen toisella sarjatasolla.  Yksi merkitt\u00e4v\u00e4 asia on se, miten liiga on laajentunut viime aikoina, kun urheilun hallintoelimet keksiv\u00e4t uusia tapoja puristaa televisiorahat tilaajilta seuroille.  Vaikka torstai-illan jalkapallo ei olekaan sit\u00e4, mit\u00e4 useimmat joukkueet tavoittelevat, ylim\u00e4\u00e4r\u00e4inen raha ja mahdollisuus voittaa merkitt\u00e4v\u00e4 seurapokaali ovat aina tavoittelemisen arvoisia. <\/p>\n\n\n\n<!--more-->\n\n\n\n<figure class=\"wp-block-image size-full is-style-rounded\"><img decoding=\"async\" width=\"800\" height=\"489\" src=\"https:\/\/www.livefooty.net\/wp-content\/uploads\/2023\/09\/Europa-League-Footy.jpg\" alt=\"Europa League Live Footy\" class=\"wp-image-1458\" title=\"\" srcset=\"https:\/\/www.livefooty.net\/wp-content\/uploads\/2023\/09\/Europa-League-Footy.jpg 800w, https:\/\/www.livefooty.net\/wp-content\/uploads\/2023\/09\/Europa-League-Footy-300x183.jpg 300w, https:\/\/www.livefooty.net\/wp-content\/uploads\/2023\/09\/Europa-League-Footy-768x469.jpg 768w, https:\/\/www.livefooty.net\/wp-content\/uploads\/2023\/09\/Europa-League-Footy-18x12.jpg 18w, https:\/\/www.livefooty.net\/wp-content\/uploads\/2023\/09\/Europa-League-Footy-665x406.jpg 665w, https:\/\/www.livefooty.net\/wp-content\/uploads\/2023\/09\/Europa-League-Footy-425x260.jpg 425w\" sizes=\"(max-width: 800px) 100vw, 800px\" \/><\/figure>\n\n\n\n<p>Vaikka on mahdollista <b>katsella Europa Leaguea internetin kautta<\/b> tietyiss\u00e4 osissa Yhdistynytt\u00e4 kuningaskuntaa BT Sportsilla on nyt yksinoikeudet kaikkiin Eurooppa-liigan otteluihin, joten se ei tule olemaan l\u00e4hesk\u00e4\u00e4n halpaa, ellet asu alueella, jossa on BT-laajakaistayhteys.  Loput joutuvat maksamaan Sky- ja BT-urheilupaketin kaksinkertaisesta hinnasta.  Riippuen siit\u00e4, miss\u00e4 p\u00e4in maailmaa asut, sinulla on paljon paremmat online-yhteydet Eurooppa-liigaan, sill\u00e4 monissa paikoissa pelit n\u00e4ytet\u00e4\u00e4n ilmaiseksi.  Itse asiassa jopa muualla Euroopassa p\u00e4\u00e4sy on paljon parempi kuin Yhdistyneess\u00e4 kuningaskunnassa. <\/p>\n\n\n\n<p>[scu name=\"europa-liiga\"]<\/p>","protected":false},"excerpt":{"rendered":"<p>Eurooppa-liiga on vuosittainen seurajoukkueiden jalkapallokilpailu, jonka Euroopan jalkapalloliiton (UEFA) j\u00e4rjest\u00e4\u00e4 Euroopan jalkapalloseurojen kakkostasolle. Eurooppa-liigaan voi osallistua useilla eri tavoilla, mukaan lukien se, ett\u00e4 ei ole sijoittunut tarpeeksi korkealle kotimaan liigassa p\u00e4\u00e4st\u00e4kseen Mestareiden liigaan, [...]<\/p>","protected":false},"author":1,"featured_media":0,"parent":0,"menu_order":0,"comment_status":"closed","ping_status":"closed","template":"","meta":{"footnotes":""},"class_list":["post-1441","page","type-page","status-publish","hentry"],"_links":{"self":[{"href":"https:\/\/www.livefooty.net\/fi\/wp-json\/wp\/v2\/pages\/1441","targetHints":{"allow":["GET"]}}],"collection":[{"href":"https:\/\/www.livefooty.net\/fi\/wp-json\/wp\/v2\/pages"}],"about":[{"href":"https:\/\/www.livefooty.net\/fi\/wp-json\/wp\/v2\/types\/page"}],"author":[{"embeddable":true,"href":"https:\/\/www.livefooty.net\/fi\/wp-json\/wp\/v2\/users\/1"}],"replies":[{"embeddable":true,"href":"https:\/\/www.livefooty.net\/fi\/wp-json\/wp\/v2\/comments?post=1441"}],"version-history":[{"count":0,"href":"https:\/\/www.livefooty.net\/fi\/wp-json\/wp\/v2\/pages\/1441\/revisions"}],"wp:attachment":[{"href":"https:\/\/www.livefooty.net\/fi\/wp-json\/wp\/v2\/media?parent=1441"}],"curies":[{"name":"wp","href":"https:\/\/api.w.org\/{rel}","templated":true}]}}