{"id":1437,"date":"2023-09-19T12:48:24","date_gmt":"2023-09-19T12:48:24","guid":{"rendered":"https:\/\/www.livefooty.net\/?page_id=1437"},"modified":"2023-09-20T08:10:04","modified_gmt":"2023-09-20T08:10:04","slug":"mestarien-liiga-live-mestarien-liiga-jalkapallo","status":"publish","type":"page","link":"https:\/\/www.livefooty.net\/fi\/mestarien-liiga-live-mestarien-liiga-jalkapallo\/","title":{"rendered":"Mestarien liiga - Live Mestarien liigan jalkapallo"},"content":{"rendered":"<p> The <b>UEFA:n Mestarien liiga<\/b> on Euroopan jalkapalloliiton (UEFA) j\u00e4rjest\u00e4m\u00e4 vuotuinen seurajalkapallokilpailu Euroopan menestyneimmille jalkapalloseuroille. Se on yksi jalkapallon arvostetuimmista seurapokaaleista, mahdollisesti seuratasolla kaikkein arvostetuin. Sen maailmanlaajuinen yleis\u00f6m\u00e4\u00e4r\u00e4 on yli 1 miljardi ihmist\u00e4 (suurempi kuin SuperBowl). <br><\/p>\n\n\n\n<!--more-->\n\n\n\n<p> <\/p>\n\n\n\n<figure class=\"wp-block-image size-full is-style-rounded\"><img decoding=\"async\" width=\"800\" height=\"473\" src=\"https:\/\/www.livefooty.net\/wp-content\/uploads\/2023\/09\/Champions-League-Live.jpg\" alt=\"Mestarien liigan live verkossa\" class=\"wp-image-1439\" title=\"\" srcset=\"https:\/\/www.livefooty.net\/wp-content\/uploads\/2023\/09\/Champions-League-Live.jpg 800w, https:\/\/www.livefooty.net\/wp-content\/uploads\/2023\/09\/Champions-League-Live-300x177.jpg 300w, https:\/\/www.livefooty.net\/wp-content\/uploads\/2023\/09\/Champions-League-Live-768x454.jpg 768w, https:\/\/www.livefooty.net\/wp-content\/uploads\/2023\/09\/Champions-League-Live-18x12.jpg 18w, https:\/\/www.livefooty.net\/wp-content\/uploads\/2023\/09\/Champions-League-Live-665x393.jpg 665w, https:\/\/www.livefooty.net\/wp-content\/uploads\/2023\/09\/Champions-League-Live-440x260.jpg 440w\" sizes=\"(max-width: 800px) 100vw, 800px\" \/><\/figure>\n\n\n\n<p>Turnaus avattiin kaudella 1955-1956 Euroopan kansallisten jalkapalloliigojen voittajien kilpailuna nimell\u00e4 Eurooppa Cup, mutta kaudesta 1992-1993 l\u00e4htien kilpailijoina ovat olleet Euroopan parhaaksi rankatut joukkueet ja turnaus on nimetty uudelleen nimell\u00e4 Eurooppa Cup. <b>Mestarien liiga<\/b>, mutta UEFA:n Mestarien liigaa ei pid\u00e4 sekoittaa UEFA Cupiin, joka on eurooppalaisten seurajoukkueiden toiseksi t\u00e4rkein kilpailu.  Siirtyminen tavanomaisesta cup-muodosta liigaan perustuvaan j\u00e4rjestelm\u00e4\u00e4n lis\u00e4si kunkin joukkueen pelien m\u00e4\u00e4r\u00e4\u00e4 ja lis\u00e4si my\u00f6s merkitt\u00e4v\u00e4sti mahdollisuuksia televisiointiin. <br><\/p>\n\n\n\n<p>On mahdollista <b>katsella Mestarien liigaa internetin kautta<\/b> tietyiss\u00e4 Yhdistyneen kuningaskunnan osissa. BT Sportsilla on nyt yksinoikeudet kaikkiin Mestarien liigan otteluihin, mik\u00e4 on hienoa, jos olet BT:n laajakaista-asiakas, mutta monilla alueilla Brittein saarilla ei ole t\u00e4t\u00e4 mahdollisuutta.  Ainoa tapa seurata Mestarien liigan jalkapalloa on maksaa BT Sports -paketti Sky-paketin lis\u00e4ksi, ja molemmilla paketeilla ei ole tarjouksia Yhdistyneen kuningaskunnan syrj\u00e4isille alueille.  Myym\u00e4ll\u00e4 n\u00e4m\u00e4 oikeudet BT Sportille tietyt Yhdistyneen kuningaskunnan alueet ovat l\u00e4hes t\u00e4ysin vieraantuneet siit\u00e4, ett\u00e4 niill\u00e4 ei ole varaa seurata eurooppalaista seurajalkapalloa, mink\u00e4 vuoksi vaihtoehtoisten suoratoistol\u00e4hteiden suosio kasvaa jatkuvasti. <\/p>\n\n\n\n<p>[scu name=&#8221;champions-league&#8221;]<\/p>\n\n\n\n<h3 class=\"wp-block-heading\">Mestarien liigan juorut &amp; n\u00e4kemykset<\/h3>\n\n\n\n<p>[scu name=\"event-summary\"]<\/p>\n\n\n\n<hr class=\"wp-block-separator has-alpha-channel-opacity\"\/>\n\n\n\n<h3 class=\"wp-block-heading\">Live Mestarien liigan uutiset<\/h3>\n\n\n\n<p>[scu name=\"rss-feed\"]<\/p>","protected":false},"excerpt":{"rendered":"<p>The UEFA Champions League is an annual club football competition organised by the Union of European Football Associations (UEFA) for the most successful football clubs in Europe. It is one of the most prestigious club trophies in football, possibly the most at club level. It has a global audience of more than 1 billion people [&hellip;]<\/p>","protected":false},"author":1,"featured_media":0,"parent":0,"menu_order":0,"comment_status":"closed","ping_status":"closed","template":"","meta":{"footnotes":""},"class_list":["post-1437","page","type-page","status-publish","hentry"],"_links":{"self":[{"href":"https:\/\/www.livefooty.net\/fi\/wp-json\/wp\/v2\/pages\/1437","targetHints":{"allow":["GET"]}}],"collection":[{"href":"https:\/\/www.livefooty.net\/fi\/wp-json\/wp\/v2\/pages"}],"about":[{"href":"https:\/\/www.livefooty.net\/fi\/wp-json\/wp\/v2\/types\/page"}],"author":[{"embeddable":true,"href":"https:\/\/www.livefooty.net\/fi\/wp-json\/wp\/v2\/users\/1"}],"replies":[{"embeddable":true,"href":"https:\/\/www.livefooty.net\/fi\/wp-json\/wp\/v2\/comments?post=1437"}],"version-history":[{"count":0,"href":"https:\/\/www.livefooty.net\/fi\/wp-json\/wp\/v2\/pages\/1437\/revisions"}],"wp:attachment":[{"href":"https:\/\/www.livefooty.net\/fi\/wp-json\/wp\/v2\/media?parent=1437"}],"curies":[{"name":"wp","href":"https:\/\/api.w.org\/{rel}","templated":true}]}}