{"id":1341,"date":"2023-08-22T09:14:43","date_gmt":"2023-08-22T09:14:43","guid":{"rendered":"https:\/\/www.livefooty.net\/?page_id=1341"},"modified":"2023-09-19T10:57:14","modified_gmt":"2023-09-19T10:57:14","slug":"live-ligue-1-jalkapallo","status":"publish","type":"page","link":"https:\/\/www.livefooty.net\/fi\/live-ligue-1-jalkapallo\/","title":{"rendered":"Live Ligue 1 -jalkapallo"},"content":{"rendered":"<p> Ranska saattaa olla maailmanmestari, mutta et ehk\u00e4 tied\u00e4, ett\u00e4 Ligue 1 on Euroopan kehittynein liiga, vaikka he itse sanovatkin! Parhaimmillaan kehitysliigaksi usein pilkattu ja pahimmillaan merkityksett\u00f6m\u00e4n\u00e4 Ligue 1 on kest\u00e4nyt vaikeita aikoja luopua mainettaan toisen tason kilpailuna, mik\u00e4 on johtanut imartelemattomaan Farmers League -kuvaukseen (Valitettavasti ranskalaisen jalkapallon osalta parhaat pelaajat eiv\u00e4t pysytell\u00e4 liian kauan, ja Ligue 1 on pitk\u00e4\u00e4n tunnustettu tuottavaksi viljelyalukseksi nuorille, joista tulee maailman merkitt\u00e4vimpi\u00e4 jalkapalloilijoita.) Ligue 1 on kuitenkin t\u00e4ynn\u00e4 ensiluokkaisia seuroja: Paris Saint Germain, Marseille, Monaco, Rennes, Lille ja Nizza ovat kaikki parempia kuin kunnollisia. Ainoa todellinen ongelma on se, kuinka pitk\u00e4lle PSG on ostovoiman suhteen edell\u00e4. PSG:n ja muun ranskalaisen jalkapallon v\u00e4linen kuilu on usein saanut monet odottamaan pariisilaisten voittavan Ligue 1:n ennen kuin palloa edes potkitaan. Useimmiten ne osoittautuvat oikeaksi.    <\/p>\n\n\n\n<!--more-->\n\n\n\n<p>Joten vaikka Ligue 1 ei todellakaan ole agronomien liiga, sit\u00e4 ei voida arvioida menestyneeksi kilpailuna, kun yksi joukkue hallitsee. Suurin osa Ligue 1:n otteluista pelataan lauantaisin ja sunnuntaisin, mutta koko kauden aikana useita otteluita voidaan pelata my\u00f6s arkisin, iltaisin. Toivomme, ett\u00e4 vahvan taloudellisen ja taloudellisen tuen ansiosta Ligue 1 voi pit\u00e4\u00e4 kiinni parhaista kykyj\u00e4\u00e4n tulevina vuosina ja tulla laadukkaammaksi, arvostetummaksi Euroopan liigaksi. Siit\u00e4 on pitk\u00e4 aika, kun Ligue 1 on ollut hallitseva voima Euroopan kilpailuissa, mutta toivottavasti tilanne paranee pian. <br><\/p>\n\n\n\n<div itemscope=\"\" itemtype=\"https:\/\/schema.org\/FAQPage\">\n\t\t<div itemscope=\"\" itemprop=\"mainEntity\" itemtype=\"https:\/\/schema.org\/Question\">\n\t\t\t<h4 itemprop=\"name\">Voinko katsoa Ligue 1 -jalkapalloa laillisesti verkossa?<\/h4>\n\t\t\t<div itemscope=\"\" itemprop=\"acceptedAnswer\" itemtype=\"https:\/\/schema.org\/Answer\">\n\t\t\t\t<div itemprop=\"text\"><p>William Hill suoratoistaa suuren m\u00e4\u00e4r\u00e4n pelej\u00e4 Ranskan Ligue 1:st\u00e4, seuraa ajankohtaista linkki\u00e4 <a href=\"\/WilliamHill-Football.php\" rel=\"nofollow noopener\" target=\"_blank\"><b>William Hillin jalkapalloaikataulu<\/b><\/a>. (S\u00e4\u00e4nn\u00f6t ja ehdot ovat voimassa. Odota, ett\u00e4 streamit ovat maantieteellisesti rajoitettuja asuinpaikastasi riippuen.)<\/p><\/div>\n\t\t\t<\/div>\n\t\t<\/div>\n\t\t<div itemscope=\"\" itemprop=\"mainEntity\" itemtype=\"https:\/\/schema.org\/Question\">\n\t\t\t<h4 itemprop=\"name\">Kuinka hyvi\u00e4 ovat Ligue 1:n suorat l\u00e4hetykset?<\/h4>\n\t\t\t<div itemscope=\"\" itemprop=\"acceptedAnswer\" itemtype=\"https:\/\/schema.org\/Answer\">\n\t\t\t\t<div itemprop=\"text\"><p>Eritt\u00e4in katsottavissa, jopa suurella televisiolla (jos sinulla on tapa liitt\u00e4\u00e4 tietokoneesi\/laitteesi).<\/p><\/div>\n\t\t\t<\/div>\n\t\t<\/div>\n\t\t<div itemscope=\"\" itemprop=\"mainEntity\" itemtype=\"https:\/\/schema.org\/Question\">\n\t\t\t<h4 itemprop=\"name\">Kuinka kilpailukykyinen Ligue 1 on?<\/h4>\n\t\t\t<div itemscope=\"\" itemprop=\"acceptedAnswer\" itemtype=\"https:\/\/schema.org\/Answer\">\n\t\t\t\t<div itemprop=\"text\"><p>Jos poistit PSG:n ja sen rikkaat tukijat yht\u00e4l\u00f6st\u00e4, Ligue 1 on itse asiassa eritt\u00e4in kilpailukykyinen useimpien joukkueiden kanssa, jotka pystyv\u00e4t voittamaan toisensa. Ei kuitenkaan voida kiist\u00e4\u00e4, ett\u00e4 PSG:n ostovoimalla he ovat t\u00e4ll\u00e4 hetkell\u00e4 suuren askeleen edell\u00e4 muita liigan j\u00e4seni\u00e4.<\/p><\/div>\n\t\t\t<\/div>\n\t\t<\/div>\n\t\t<div itemscope=\"\" itemprop=\"mainEntity\" itemtype=\"https:\/\/schema.org\/Question\">\n\t\t\t<h4 itemprop=\"name\">Voinko pelata Ligue 1:ss\u00e4?<\/h4>\n\t\t\t<div itemscope=\"\" itemprop=\"acceptedAnswer\" itemtype=\"https:\/\/schema.org\/Answer\">\n\t\t\t\t<div itemprop=\"text\"><p>Ehdottomasti, kunhan olet tarpeeksi vanha pelaamaan laillisesti siell\u00e4 miss\u00e4 asut. Ligue 1 on eritt\u00e4in kilpailukykyinen (kunhan j\u00e4tt\u00e4\u00e4 huomiotta PSG-pelit) kotimaisten liigajen suhteen, ja kertoimet yleens\u00e4 heijastavat t\u00e4t\u00e4 &quot;tuntematonta&quot; m\u00e4\u00e4r\u00e4\u00e4. <a href=\"\/WilliamHill-Football.php\" rel=\"nofollow noopener\" target=\"_blank\">William Hill tarjoaa suuren m\u00e4\u00e4r\u00e4n markkinoita Ligue 1 -otteluissa<\/a>.<\/p><\/div>\n\t\t\t<\/div>\n\t\t<\/div>\n\t<\/div>\n\n\n\n<p>[scu name=&#8221;ligue1&#8243;]<\/p>","protected":false},"excerpt":{"rendered":"<p>France might be world champions, but what you might not know is that Ligue 1 is the most improved league in Europe, even if they do say so themselves! Oft-derided as a development league at best and insignificant at worst, Ligue 1 has endured a hard time shedding its reputation as a second-tier competition, leading [&hellip;]<\/p>","protected":false},"author":1,"featured_media":0,"parent":0,"menu_order":0,"comment_status":"closed","ping_status":"closed","template":"","meta":{"footnotes":""},"class_list":["post-1341","page","type-page","status-publish","hentry"],"_links":{"self":[{"href":"https:\/\/www.livefooty.net\/fi\/wp-json\/wp\/v2\/pages\/1341","targetHints":{"allow":["GET"]}}],"collection":[{"href":"https:\/\/www.livefooty.net\/fi\/wp-json\/wp\/v2\/pages"}],"about":[{"href":"https:\/\/www.livefooty.net\/fi\/wp-json\/wp\/v2\/types\/page"}],"author":[{"embeddable":true,"href":"https:\/\/www.livefooty.net\/fi\/wp-json\/wp\/v2\/users\/1"}],"replies":[{"embeddable":true,"href":"https:\/\/www.livefooty.net\/fi\/wp-json\/wp\/v2\/comments?post=1341"}],"version-history":[{"count":0,"href":"https:\/\/www.livefooty.net\/fi\/wp-json\/wp\/v2\/pages\/1341\/revisions"}],"wp:attachment":[{"href":"https:\/\/www.livefooty.net\/fi\/wp-json\/wp\/v2\/media?parent=1341"}],"curies":[{"name":"wp","href":"https:\/\/api.w.org\/{rel}","templated":true}]}}