{"id":1308,"date":"2023-08-18T09:26:11","date_gmt":"2023-08-18T09:26:11","guid":{"rendered":"https:\/\/www.livefooty.net\/?page_id=1308"},"modified":"2023-09-19T10:54:22","modified_gmt":"2023-09-19T10:54:22","slug":"epsom-hevoskilpailut","status":"publish","type":"page","link":"https:\/\/www.livefooty.net\/fi\/epsom-hevoskilpailut\/","title":{"rendered":"Epsom hevoskilpailut"},"content":{"rendered":"<p> <b><a href=\"https:\/\/www.livehorseracingonline.com\" target=\"_blank\" rel=\"noopener\">Katso kaikki hevoskilpailut Epsomista liven\u00e4<\/a><\/b> <br><\/p>\n\n\n\n<p> Epsom, joka on maailmankuulu Derbyst\u00e4, joka ajetaan joka vuosi kes\u00e4kuussa, Derby alkoi vuonna 1779. Epsom Downs -kurssi itsess\u00e4\u00e4n on melko tavallinen vasenk\u00e4tinen u-muoto, jonka pituus on 1 maili ja 4 vakopituutta. T\u00e4m\u00e4n lis\u00e4ksi on kannukset 5, 6 ja 7 vakokisoihin. <br><\/p>\n\n\n\n<!--more-->\n\n\n\n<h3 class=\"wp-block-heading\">Lis\u00e4\u00e4 Derbyst\u00e4<\/h3>\n\n\n\n<p>\n\tKansainv\u00e4lisesti Epsom Derbyn\u00e4, mutta puhekieless\u00e4 The Derbyn\u00e4 tai The Derby Stakesina tunnettu tasainen kilpailu, joka juoksee yli 1 mailin, 4 vakomatkaa ja 10 jaardia. Se j\u00e4rjestet\u00e4\u00e4n Epsom Downsissa joka vuosi kes\u00e4kuun ensimm\u00e4isen\u00e4 lauantaina ja se on Yhdistyneen kuningaskunnan suurin ja rikkain hevoskilpailu. Aiemmat voittajat ovat viime vuosina ansainneet palkintoja jopa 700 000 puntaa, ja vuoden 2007 Aurhorizedin arvo nousi uskomattoman 10 miljoonan punnan stud-palkkioihin.\n\t<br><\/p>\n\n\n\n<p>\nEpsom Derby j\u00e4rjestettiin ensimm\u00e4isen kerran 4. toukokuuta 1780, ja se nimettiin sen miehen kunniaksi, joka is\u00e4nn\u00f6i niit\u00e4 juhlia, joissa alkuper\u00e4inen idea kilpailusta syntyi, Edward Smith-Stanley, Derbyn 12. jaarli, vaikka h\u00e4n itse ei saavuttanut menestyst\u00e4. yhden oman hevosensa kanssa vuoteen 1787 asti. Siit\u00e4 l\u00e4htien, kun Derby otti paikkansa hevoskilpailukalenterissa, siit\u00e4 on tullut kiistaton inspiraatio monille muille hevoskilpailuille ymp\u00e4ri maailmaa, mukaan lukien Irish Derby, tunnettu Kentucky Derby, Victoria Derby ja Prix du Jockey Club (ranskalainen derby).\n<br><\/p>\n\n\n\n<p>\nTodenn\u00e4k\u00f6isimmin kilpailevien hevosten koekilpailut ajetaan huhti- ja toukokuussa, ja t\u00e4m\u00e4 on osoittautunut eritt\u00e4in menestyksekk\u00e4\u00e4ksi esittelem\u00e4\u00e4n mahdollisia voittajia tuleville vuosille.\n<br><\/p>\n\n\n\n<p>\nMonet kuuluisat nimet yhdistet\u00e4\u00e4n Epsom Derbyn pitk\u00e4\u00e4n ja maineikkaaseen historiaan, joista merkitt\u00e4vin on jockey Lester Piggott, joka ratsasti urallaan per\u00e4ti 9 voittajaa vuosina 1954\u20131983. Kouluttajien joukossa on v\u00e4ltt\u00e4m\u00e4t\u00f6nt\u00e4 palata takaisin pitk\u00e4\u00e4n kilpailun menneisiin loistoihin l\u00f6yt\u00e4\u00e4kseen ne, joilla on 7 voittoa, muun muassa Robert Robson, John Porter ja viimeksi Fred Darling viimeisen voittajansa Owen Tudorin kanssa vuonna 1941. Mutta kun on kyse hevosista, jotka ovat voittaneet T\u00e4m\u00e4 maineikkain kilpailu, nimi Shergar erottuu aina, ei vain h\u00e4nen poikkeuksellisen enn\u00e4tyksellisen 10 pituuden voittomarginaalistaan vuonna 1981, vaan h\u00e4nen surullisen kuuluisan kidnappauksensa Irlannin Ballymany Studilta Kildaren kreivikunnassa naamioituneiden pyssymiehien k\u00e4siss\u00e4 vuonna 1983. H\u00e4nt\u00e4 ei koskaan l\u00f6ydetty.\n\t<\/p>","protected":false},"excerpt":{"rendered":"<p>Watch Every Horse Race From Epsom Live Epsom, world famous for the Derby which is ran in June each year, the Derby started in 1779. The Epsom Downs course itself is a fairly standard left handed u-shape of 1 mile and 4 furlongs in length. In addition to the this there are spurs for 5, [&hellip;]<\/p>","protected":false},"author":1,"featured_media":0,"parent":0,"menu_order":0,"comment_status":"closed","ping_status":"closed","template":"","meta":{"footnotes":""},"class_list":["post-1308","page","type-page","status-publish","hentry"],"_links":{"self":[{"href":"https:\/\/www.livefooty.net\/fi\/wp-json\/wp\/v2\/pages\/1308","targetHints":{"allow":["GET"]}}],"collection":[{"href":"https:\/\/www.livefooty.net\/fi\/wp-json\/wp\/v2\/pages"}],"about":[{"href":"https:\/\/www.livefooty.net\/fi\/wp-json\/wp\/v2\/types\/page"}],"author":[{"embeddable":true,"href":"https:\/\/www.livefooty.net\/fi\/wp-json\/wp\/v2\/users\/1"}],"replies":[{"embeddable":true,"href":"https:\/\/www.livefooty.net\/fi\/wp-json\/wp\/v2\/comments?post=1308"}],"version-history":[{"count":0,"href":"https:\/\/www.livefooty.net\/fi\/wp-json\/wp\/v2\/pages\/1308\/revisions"}],"wp:attachment":[{"href":"https:\/\/www.livefooty.net\/fi\/wp-json\/wp\/v2\/media?parent=1308"}],"curies":[{"name":"wp","href":"https:\/\/api.w.org\/{rel}","templated":true}]}}