{"id":1302,"date":"2023-08-18T09:06:26","date_gmt":"2023-08-18T09:06:26","guid":{"rendered":"https:\/\/www.livefooty.net\/?page_id=1302"},"modified":"2023-09-19T10:52:21","modified_gmt":"2023-09-19T10:52:21","slug":"aintree-hevoskilpailut","status":"publish","type":"page","link":"https:\/\/www.livefooty.net\/fi\/aintree-hevoskilpailut\/","title":{"rendered":"Aintreen hevoskilpailut"},"content":{"rendered":"<h2 class=\"wp-block-heading\">Aintree Race Course \u2013 Live-kisat<\/h2>\n\n\n\n<p> <b><a href=\"https:\/\/www.livehorseracingonline.com\" target=\"_blank\" rel=\"noopener\" title=\"\">Katso Aintreen hevoskilpailuja liven\u00e4 tietokoneellasi, matkapuhelimella tai tabletilla<\/a><\/b> <br><\/p>\n\n\n\n<p> Aintree Race Course on yksi kuuluisimmista koko Yhdistyneess\u00e4 kuningaskunnassa yhdest\u00e4 yksinkertaisesta syyst\u00e4: se on Grand National -kilpailun koti.  Jopa ihmisille, jotka eiv\u00e4t ole kiinnostuneita hevosurheilusta tai uhkapeleist\u00e4, National on kenties ainoa kilpailu, jonka KAIKKI tuntevat ja jonka useimmat ihmiset tuntevat olonsa mukavaksi, kun he voivat ly\u00f6d\u00e4 vetoa.  <\/p>\n\n\n\n<!--more-->\n\n\n\n<p>Me kaikki tied\u00e4mme, ett\u00e4 kev\u00e4t on kunnolla k\u00e4ynniss\u00e4, kun Aintree Festival ja Grand National alkavat.  Aintree Racecourse on itse asiassa kaksi rataa yhdess\u00e4. Grand National -rata on erityinen estejuoksurata, jonka kokonaispituus on 2 mailia ja 2 furlongia.  T\u00e4m\u00e4 rata on karkea kolmio, joka ajetaan vasenk\u00e4tisesti (vastap\u00e4iv\u00e4\u00e4n).  Toinen rata, Mildmayn rata, on paljon lyhyempi, vain 1 maili ja 3 furlongia, ja se on paljon tiukempi soikea rata, joka juostaan j\u00e4lleen vasenk\u00e4tisesti. <\/p>","protected":false},"excerpt":{"rendered":"<p>Aintree Race Course - Live-kilpailut Katso hevoskilpailuja Aintreen kilpailuista suorana tietokoneella, mobiililaitteella tai tabletilla Aintree Race Course on yksi kuuluisimmista koko Yhdistyneess\u00e4 kuningaskunnassa yhdest\u00e4 yksinkertaisesta syyst\u00e4, se on Grand Nationalin koti. Jopa ihmiset, jotka eiv\u00e4t ole kiinnostuneita hevosista [...]<\/p>","protected":false},"author":1,"featured_media":0,"parent":0,"menu_order":0,"comment_status":"closed","ping_status":"closed","template":"","meta":{"footnotes":""},"class_list":["post-1302","page","type-page","status-publish","hentry"],"_links":{"self":[{"href":"https:\/\/www.livefooty.net\/fi\/wp-json\/wp\/v2\/pages\/1302","targetHints":{"allow":["GET"]}}],"collection":[{"href":"https:\/\/www.livefooty.net\/fi\/wp-json\/wp\/v2\/pages"}],"about":[{"href":"https:\/\/www.livefooty.net\/fi\/wp-json\/wp\/v2\/types\/page"}],"author":[{"embeddable":true,"href":"https:\/\/www.livefooty.net\/fi\/wp-json\/wp\/v2\/users\/1"}],"replies":[{"embeddable":true,"href":"https:\/\/www.livefooty.net\/fi\/wp-json\/wp\/v2\/comments?post=1302"}],"version-history":[{"count":0,"href":"https:\/\/www.livefooty.net\/fi\/wp-json\/wp\/v2\/pages\/1302\/revisions"}],"wp:attachment":[{"href":"https:\/\/www.livefooty.net\/fi\/wp-json\/wp\/v2\/media?parent=1302"}],"curies":[{"name":"wp","href":"https:\/\/api.w.org\/{rel}","templated":true}]}}