{"id":1240,"date":"2023-08-14T09:00:19","date_gmt":"2023-08-14T09:00:19","guid":{"rendered":"https:\/\/www.livefooty.net\/?page_id=1240"},"modified":"2023-09-19T11:00:15","modified_gmt":"2023-09-19T11:00:15","slug":"valioliigan-taulukko","status":"publish","type":"page","link":"https:\/\/www.livefooty.net\/fi\/valioliigan-taulukko\/","title":{"rendered":"Valioliigan taulukko"},"content":{"rendered":"<h2 class=\"wp-block-heading\">Valioliigan taulukko<\/h2>\n\n\n\n<p> N\u00e4m\u00e4 ovat Englannin Valioliigan viimeisimm\u00e4t sijoitukset, joita p\u00e4ivitet\u00e4\u00e4n useita kertoja p\u00e4ivitt\u00e4in.<\/p>\n\n\n\n<!--more-->\n\n\n\n<p><\/p>\n\n\n<p>[scu name=&#8221;premier-league-table&#8221;]<\/p>\n\n\n\n<p>\n  Teemme parhaamme pit\u00e4\u00e4ksemme n\u00e4m\u00e4 mahdollisimman ajan tasalla, mutta ilmoitathan meille, jos viimeisimpi\u00e4 tuloksia ei ole viel\u00e4 otettu huomioon.  \n<\/p>","protected":false},"excerpt":{"rendered":"<p>Premier League Table Updated several times daily these are the latest standings in the English Premier League.<\/p>","protected":false},"author":1,"featured_media":0,"parent":0,"menu_order":0,"comment_status":"closed","ping_status":"closed","template":"","meta":{"footnotes":""},"class_list":["post-1240","page","type-page","status-publish","hentry"],"_links":{"self":[{"href":"https:\/\/www.livefooty.net\/fi\/wp-json\/wp\/v2\/pages\/1240","targetHints":{"allow":["GET"]}}],"collection":[{"href":"https:\/\/www.livefooty.net\/fi\/wp-json\/wp\/v2\/pages"}],"about":[{"href":"https:\/\/www.livefooty.net\/fi\/wp-json\/wp\/v2\/types\/page"}],"author":[{"embeddable":true,"href":"https:\/\/www.livefooty.net\/fi\/wp-json\/wp\/v2\/users\/1"}],"replies":[{"embeddable":true,"href":"https:\/\/www.livefooty.net\/fi\/wp-json\/wp\/v2\/comments?post=1240"}],"version-history":[{"count":0,"href":"https:\/\/www.livefooty.net\/fi\/wp-json\/wp\/v2\/pages\/1240\/revisions"}],"wp:attachment":[{"href":"https:\/\/www.livefooty.net\/fi\/wp-json\/wp\/v2\/media?parent=1240"}],"curies":[{"name":"wp","href":"https:\/\/api.w.org\/{rel}","templated":true}]}}