{"id":1225,"date":"2023-08-06T11:06:55","date_gmt":"2023-08-06T11:06:55","guid":{"rendered":"https:\/\/www.livefooty.net\/?page_id=1225"},"modified":"2023-09-19T10:56:48","modified_gmt":"2023-09-19T10:56:48","slug":"live-hevosurheilu-online-suoratoistolahetykset","status":"publish","type":"page","link":"https:\/\/www.livefooty.net\/fi\/live-hevosurheilu-online-suoratoistolahetykset\/","title":{"rendered":"Live-hevoskilpailut verkossa \u2013 Live-l\u00e4hetykset"},"content":{"rendered":"<h2 class=\"wp-block-heading\">Live-hevoskilpailut verkossa \u2013 kilpailuaikataulu<\/h2>\n\n\n\n<center>\n<b><a href=\"\/WilliamHill.php\" rel=\"nofollow\" onclick=\"window.open('https:\/\/sports.williamhill.com\/betting\/en-gb\/horse-racing\/meetings')\">Katso hevoskilpailuja liven\u00e4 verkossa!<\/a><\/b>\n<\/center>\n\n\n\n<p> <b>Kilparatsastus<\/b> on yksi maailman vanhimmista urheilulajeista, sill\u00e4 se juontaa juurensa roomalaisiin aikoihin ja vaunukilpailuihin.  Nykyaikana on hyvin v\u00e4h\u00e4n maita, joissa ei olisi suurta hevosurheilutapahtumaa, joka her\u00e4tt\u00e4\u00e4 suuren yleis\u00f6n mielikuvituksen.  Joitakin tunnetuimpia hevoskilpailuja ja -tapahtumia ovat muun muassa <b>Grand National<\/b>, <b>Kentuckyn derby<\/b>, <b>Belmont Stakes<\/b>, <b>Prix de l&#039;Arc de Triomphe<\/b>, <b>Kuninkaallinen Ascot<\/b>, <b>Irlannin Grand National<\/b>, <b>Dubain maailmancup<\/b> ja <b>Melbourne Cup<\/b>. Tietysti niit\u00e4 on monia muitakin, se on vain lista p\u00e4\u00e4n yl\u00e4osasta. <\/p>\n\n\n\n<!--more-->\n\n\n\n<p>\n\tHorse Racing on aina ollut synonyymi rahapelaamiselle, ja se on uhkapeli, joka on ajanut hevosurheilua vuosien ajan. N\u00e4iden todella tunnettujen kilpailujen lis\u00e4ksi ymp\u00e4ri maailmaa j\u00e4rjestet\u00e4\u00e4n p\u00e4ivitt\u00e4in kymmeni\u00e4 hevoskilpailuja. Horse Racing on toimiala, joka pumppaa miljoonia monien maiden talouksiin, ja on jopa ammattipelaajia, jotka voivat ansaita kokop\u00e4iv\u00e4isen elantonsa hevoskilpailuissa pelaamisesta. Toisaalta monet ihmiset vain nauttivat haasteesta yritt\u00e4\u00e4 ennustaa voittaja juoksijoiden tilastojen tutkimisen perusteella. Olitpa kerran vuodessa 5 punnan vetoa tekev\u00e4 henkil\u00f6 tai ammattipeluri, todellinen nautinto on kilpailun katsominen liven\u00e4. Ongelmana on, ett\u00e4 monet n\u00e4ist\u00e4 hevoskilpailuista ovat k\u00e4ynniss\u00e4 silloin, kun ihmisill\u00e4 ei ole mahdollisuutta katsoa niit\u00e4, joko se tai niiden katsominen vaatii kalliita TV-tilauksia. T\u00e4t\u00e4 silm\u00e4ll\u00e4 pit\u00e4en olemme koonneet luettelon <b>Hevoskilpailut, jotka n\u00e4ytet\u00e4\u00e4n suorana verkossa<\/b>.\n\t<br><\/p>\n\n\n\n<h2 class=\"wp-block-heading\">\n\tT\u00e4m\u00e4n p\u00e4iv\u00e4n live-hevoskilpailujen aikataulu\n\t<\/h2>\n\n\n\n<p> Kaikki <b>hevoskilpailut<\/b> alla suoratoistaa verkossa muodossa, joka on katsottavissa sek\u00e4 Macilla ett\u00e4 PC:ll\u00e4. Ilmoittaudu mukaan katsomaan mit\u00e4 tahansa n\u00e4ist\u00e4 kilpailuista liven\u00e4 <a onclick=\"window.open('https:\/\/sports.williamhill.com\/betting\/en-gb\/horse-racing\/meetings')\" href=\"\/WilliamHill.php\" rel=\"nofollow\">Klikkaa t\u00e4st\u00e4<\/a>. <\/p>\n\n\n\n<p>[scu name=&#8221;betfair-racing&#8221;]<br><\/p>\n\n\n\n<h2 class=\"wp-block-heading\">3 t\u00e4rkeint\u00e4 hevoskilpailua Yhdistyneess\u00e4 kuningaskunnassa<\/h2>\n\n\n\n<h2 class=\"wp-block-heading\">Grand National<\/h2>\n\n\n\n<p> Mit\u00e4 tulee palkintorahoihin, <b>Grand National on arvokkain National Hunt -hevoskilpailu Yhdistyneess\u00e4 kuningaskunnassa<\/b>. Juokse 4 mailia 856 jaardia kattaen 2 rataa <a href=\"https:\/\/www.livefooty.net\/fi\/aintree-hevoskilpailut\/\" title=\"\">Aintreen kansallinen kilparata<\/a>, sen perusti William Philip Molyneux, joka omisti maan Aintreessa Liverpoolissa, ja vaikka historiallista keskustelua k\u00e4yd\u00e4\u00e4nkin siit\u00e4, milloin ensimm\u00e4inen Grand National Race todellisuudessa ajettiin, mielipide on tyytynyt vuoteen 1836, vaikka vuodet 1836-1838 eiv\u00e4t n\u00e4y enn\u00e4tyskirjoissa, koska vuosina 1837 ja 1838 ajettujen kilpailujen uskottiin alun perin olleen muualla. <br><\/p>\n\n\n\n<p>\nVuonna 1839 tapahtui useita merkitt\u00e4vi\u00e4 tapahtumia, jotka vaikuttivat siihen, ett\u00e4 t\u00e4m\u00e4 rotu n\u00e4htiin kansallisesti t\u00e4rke\u00e4mm\u00e4ss\u00e4 valossa. Great Saint Albanin takaa-ajoa, joka oli aiemmin pidetty Aintree-kokouksen kanssa ristiriidassa olevana p\u00e4iv\u00e4m\u00e4\u00e4r\u00e4n\u00e4, ei uusittu vuoden 1838 j\u00e4lkeen, joten hevoskilpailukalenteriin j\u00e4i p\u00e4iv\u00e4m\u00e4\u00e4r\u00e4, joka oli t\u00e4ytett\u00e4v\u00e4. Tuolloin kansalliset rautatiet saapuivat Liverpooliin, mik\u00e4 helpotti kuljetusten ja logistiikan j\u00e4rjest\u00e4mist\u00e4 ja mahdollisti matkustamisen kokouksiin ja kokouksista eri puolilla maata, ja sin\u00e4 vuonna perustettiin komitea j\u00e4rjest\u00e4m\u00e4\u00e4n ja edist\u00e4m\u00e4\u00e4n kilpailua paremmin Aintreessa. Kansallisen huomion ja julkisuuden tultua kilpailu houkutteli nopeasti suuremman kent\u00e4n laadukkaita hevosia ja ratsastajia, ja tiedotusv\u00e4lineiden huomio rohkaisi suurempia m\u00e4\u00e4ri\u00e4 osallistumaan. Siksi vuodesta 1839 tuli ensimm\u00e4inen virallinen Grand National.\n<br><\/p>\n\n\n\n<p>\nNyky\u00e4\u00e4n t\u00e4m\u00e4 kilpailu on uskomattoman suosittu niiden keskuudessa, jotka eiv\u00e4t muuten koskaan ly\u00f6 vetoa mihink\u00e4\u00e4n muuhun urheilutapahtumaan, ja se on rakentanut j\u00e4nnityksen ja vaaran mainetta, joka on ikuistettu elokuvissa &quot;National Velvet&quot; ja &quot;Champions&quot;. Legendaariset nimet kulkevat k\u00e4si k\u00e4dess\u00e4 historian kanssa <b>Grand National<\/b>, ei sen enemp\u00e4\u00e4 kuin Red Rum, ainoa hevonen, joka on koskaan voittanut kilpailun 3 kertaa. H\u00e4nen kuoltuaan suuri peto haudattiin Aintreen maalipylv\u00e4\u00e4n viereen.\n<br><\/p>\n\n\n\n<p>\nGrand Nationalin historiassa on sattunut yli viisikymment\u00e4 hevoskuolemaa, joista nelj\u00e4 sattui vuonna 1954, ja joka vuosi se her\u00e4tt\u00e4\u00e4 kiistaa ja keskustelua. Sen surullisen kuuluisan sarjan vakavia aitoja, joihin kuuluvat Becher&#039;s Brook ja The Chair, t\u00e4m\u00e4 on kilpailu, joka koettelee hienoimmatkin ratsastajat ja monet kuuluisat ratsastajat, joille voitto on osoittautunut vaikeaksi.\n<br><br><\/p>\n\n\n\n<h2 class=\"wp-block-heading\"><a href=\"https:\/\/www.livefooty.net\/fi\/cheltenham-festivaali\/\" title=\"\">Cheltenham Gold Cup<\/a><\/h2>\n\n\n\n<p>\nT\u00e4m\u00e4 arvostettu Blue Riband -tapahtuma j\u00e4rjestet\u00e4\u00e4n Cheltenhamin kilparadalla Yhdistyneess\u00e4 kuningaskunnassa vuosittain. <b>Cheltenhamin festivaali<\/b> maaliskuussa. Maan arvokkaimpana ei-vammakilpailuna <b>Cheltenham Gold Cup<\/b> pidet\u00e4\u00e4n Nation Hunt -kalenterin arvostetuimpana. Se kattaa 3 mailia, 2 1\/2 vakopituutta 22 aidan yli.\n<br><\/p>\n\n\n\n<p>\nSe tunnettiin alun perin tasakilpailuna, kun ensimm\u00e4inen osakilpailu j\u00e4rjestettiin vuonna 1819 paikassa, josta t\u00e4ll\u00e4 hetkell\u00e4 on n\u00e4kym\u00e4t nykyiselle kilparadalle. Kuitenkin vuonna 1924 se tapahtui hyppyill\u00e4 t\u00e4ll\u00e4 hetkell\u00e4 nimell\u00e4 &quot;Old Course&quot;, mutta se j\u00e4i tuolloin muiden Cheltenham-festivaalien tapahtumien varjoon. Golden Miller, joka voitti my\u00f6s Grand Nationalin vuonna 1934, oli Cheltenham Gold Cupin historian menestynein hevonen voittaen viisi palkintoa per\u00e4kk\u00e4in vuosina 1932-1936.\n<br><\/p>\n\n\n\n<p>\nVuonna 1959 kilpailu siirrettiin &quot;Uudelle radalle&quot; ja siell\u00e4 se on s\u00e4ilynyt. Ehk\u00e4 tunnetuin Cheltenham Gold Cupiin liittyv\u00e4 nimi on Arkle, hevonen, joka voitti kolme kertaa per\u00e4kk\u00e4in vuosina 1964, 1965 ja 1966. H\u00e4nen ylivoimansa n\u00e4htiin niin h\u00e4mm\u00e4stytt\u00e4v\u00e4n\u00e4, ett\u00e4 h\u00e4nest\u00e4 tuli lyhimm\u00e4n hinnoin voittaja Suomen historiassa. kisa oli 1\/10, mik\u00e4 tarkoitti, ett\u00e4 voittopanos 10 olisi voittanut vain 1. Kaikkien aikojen pisin voittohinta oli 100\/1 Gold Coinissa vuonna 1990.\n<br><\/p>\n\n\n\n<p>\nSuurin Cheltenham Gold Cupiin liittyv\u00e4 saavutus kuuluu valmentaja Michael Dickinsonille vuonna 1983, joka oli ylpe\u00e4 siit\u00e4, ett\u00e4 h\u00e4n ei vain kouluttanut voittajaa, vaan nelj\u00e4 muuta hevosta, jotka seurasivat per\u00e4ss\u00e4 toiseksi, kolmanneksi, nelj\u00e4nneksi ja viidenneksi!\n<br><\/p>\n\n\n\n<p>\nValitettavasti Cheltenham Gold Cup ja koko Cheltenham Festival jouduttiin perumaan vuonna 2001 suu- ja sorkkataudin puhkeamisen vuoksi voimassa olevien rajoitusten vuoksi. Se korvattiin Gold Trophy Chasella my\u00f6hemmin samana vuonna Sandownissa, mutta siit\u00e4 puuttui Cheltenham Gold Cupin tyypillinen aura.\n<br><br><\/p>\n\n\n\n<h2 class=\"wp-block-heading\"><a href=\"https:\/\/www.livefooty.net\/fi\/epsom-hevoskilpailut\/\" title=\"\">Epsom Derby<\/a><\/h2>\n\n\n\n<p>\nTunnetaan kansainv\u00e4lisesti nimell\u00e4 <b>Epsom Derby<\/b> mutta enemm\u00e4n puhekieless\u00e4 kuin <b>Derby tai Derby Stakes<\/b>, t\u00e4m\u00e4 tasainen kilpailu, joka juoksee yli 1 mailin, 4 vakomatkaa ja 10 jaardia. Se j\u00e4rjestet\u00e4\u00e4n Epsom Downsissa joka vuosi kes\u00e4kuun ensimm\u00e4isen\u00e4 lauantaina ja se on Yhdistyneen kuningaskunnan suurin ja rikkain hevoskilpailu. Aiemmat voittajat ovat viime vuosina ansainneet palkintoja jopa $ 700,000,00 ja arvo Aurhorized, 2007 nousi uskomattoman $ 10 miljoonan stud maksuja.\n<br><\/p>\n\n\n\n<p>\nEpsom Derby j\u00e4rjestettiin ensimm\u00e4isen kerran 4. toukokuuta 1780, ja se nimettiin sen miehen kunniaksi, joka is\u00e4nn\u00f6i niit\u00e4 juhlia, joissa alkuper\u00e4inen idea kilpailusta syntyi, Edward Smith-Stanley, Derbyn 12. jaarli, vaikka h\u00e4n itse ei saavuttanut menestyst\u00e4. yhden oman hevosensa kanssa vuoteen 1787 asti. Siit\u00e4 l\u00e4htien, kun Derby otti paikkansa hevoskilpailukalenterissa, siit\u00e4 on tullut kiistaton inspiraatio monille muille hevoskilpailuille ymp\u00e4ri maailmaa, mukaan lukien Irish Derby, tunnettu Kentucky Derby, Victoria Derby ja Prix du Jockey Club (ranskalainen derby).\n<br><\/p>\n\n\n\n<p>\nTodenn\u00e4k\u00f6isimmin kilpailevien hevosten koekilpailut ajetaan huhti- ja toukokuussa, ja t\u00e4m\u00e4 on osoittautunut eritt\u00e4in menestyksekk\u00e4\u00e4ksi esittelem\u00e4\u00e4n mahdollisia voittajia tuleville vuosille.\n<br><\/p>\n\n\n\n<p>\nMonet kuuluisat nimet liittyv\u00e4t sen pitk\u00e4\u00e4n ja maineikkaaseen historiaan <b>Epsom Derby<\/b>, joista tunnetuin on jockey Lester Piggott, joka ratsasti per\u00e4ti 9 voittajaa urallaan vuosina 1954\u20131983. Valmentajien joukossa on tarpeen palata pitk\u00e4\u00e4n takaisin kilpailun menneisiin loistoihin l\u00f6yt\u00e4\u00e4kseen ne, joilla on 7 voittoa. Heid\u00e4n nimeens\u00e4, heid\u00e4n joukossaan Robert Robson, John Porter ja viimeksi Fred Darling viimeisen voittajansa Owen Tudorin kanssa vuonna 1941. Mutta kun on kyse hevosista, jotka ovat voittaneet t\u00e4m\u00e4n maineikkaimman kilpailun, nimi Shergar erottuu aina, ei vain h\u00e4nen poikkeuksellisen enn\u00e4tyksellisen 10 pituuden voittomarginaalinsa vuoksi vuonna 1981, mutta h\u00e4nen surullisen kuuluisan sieppauksensa Irlannin Ballymany Studilta Kildaren kreivikunnassa naamioituneiden pyssymiehien k\u00e4siss\u00e4 vuonna 1983. H\u00e4nt\u00e4 ei koskaan l\u00f6ydetty.\n<br><\/p>\n\n\n\n<p>\nRata, jolla Epsom Derby\u00e4 ajetaan, on sin\u00e4ns\u00e4 varsin ainutlaatuinen. T\u00e4ynn\u00e4 k\u00e4\u00e4nteit\u00e4, k\u00e4\u00e4nn\u00f6ksi\u00e4, putouksia ja nousuja koko pituudeltaan, sit\u00e4 pidet\u00e4\u00e4n sek\u00e4 kilpahevosen kest\u00e4vyyden ett\u00e4 jockeying-taidon \u00e4\u00e4rimm\u00e4isen\u00e4 koetuksena. Vaikka spektaakkelia katsoville tulee, se on maailmanlaajuisesti tunnettu siit\u00e4, ett\u00e4 se esittelee kaunopuheisesti kaikki sosiaalisen luokan kerrokset kokoontuvat yhteen, ja se luo juhlatunnelmaa, jota muiden kilpailupaikkojen on varmasti vaikea j\u00e4ljitell\u00e4.\n<\/p>\n\n\n\n<p><\/p>\n\n\n\n<h2 class=\"wp-block-heading\">Katso kaikki n\u00e4m\u00e4 ja paljon muuta hevosurheilua liven\u00e4 verkossa<\/h2>\n\n\n\n<p>\n<b><a href=\"https:\/\/www.livehorseracingonline.com\" target=\"_blank\" rel=\"noopener\">Live hevoskilpailut verkossa<\/a><\/b> lis\u00e4\u00e4 mahdollisuuksien maailman kilpailun vedonly\u00f6ntiin, joten voit odottaa useiden vedonv\u00e4litt\u00e4jien <b>suoratoistaa n\u00e4it\u00e4 suuria hevoskilpailuja<\/b> sek\u00e4 monia muita pienempi\u00e4 kokouksia p\u00e4ivitt\u00e4in suorana Internetin kautta. Niin monen kanssa <b>suoria hevoskilpailuja<\/b> saatavilla, ei ole tekosyyt\u00e4 j\u00e4tt\u00e4\u00e4 etsim\u00e4si hevoskilpailut v\u00e4liin.\t\n<\/p>","protected":false},"excerpt":{"rendered":"<p>Live Horse Racing Online &#8211; Race Schedule Watch Live Horse Racing Online! Horse Racing is one of the oldest sports in the world, dating all the way back to Roman times and Chariot races. In modern times there&#8217;s very few countries that don&#8217;t have a major horse racing event that captures the imagination of the [&hellip;]<\/p>","protected":false},"author":1,"featured_media":0,"parent":0,"menu_order":0,"comment_status":"closed","ping_status":"closed","template":"","meta":{"footnotes":""},"class_list":["post-1225","page","type-page","status-publish","hentry"],"_links":{"self":[{"href":"https:\/\/www.livefooty.net\/fi\/wp-json\/wp\/v2\/pages\/1225","targetHints":{"allow":["GET"]}}],"collection":[{"href":"https:\/\/www.livefooty.net\/fi\/wp-json\/wp\/v2\/pages"}],"about":[{"href":"https:\/\/www.livefooty.net\/fi\/wp-json\/wp\/v2\/types\/page"}],"author":[{"embeddable":true,"href":"https:\/\/www.livefooty.net\/fi\/wp-json\/wp\/v2\/users\/1"}],"replies":[{"embeddable":true,"href":"https:\/\/www.livefooty.net\/fi\/wp-json\/wp\/v2\/comments?post=1225"}],"version-history":[{"count":0,"href":"https:\/\/www.livefooty.net\/fi\/wp-json\/wp\/v2\/pages\/1225\/revisions"}],"wp:attachment":[{"href":"https:\/\/www.livefooty.net\/fi\/wp-json\/wp\/v2\/media?parent=1225"}],"curies":[{"name":"wp","href":"https:\/\/api.w.org\/{rel}","templated":true}]}}