{"id":1222,"date":"2023-08-06T10:57:49","date_gmt":"2023-08-06T10:57:49","guid":{"rendered":"https:\/\/www.livefooty.net\/?page_id=1222"},"modified":"2023-09-19T11:01:24","modified_gmt":"2023-09-19T11:01:24","slug":"paivan-aikataulut-kaikki-urheilu-live-online","status":"publish","type":"page","link":"https:\/\/www.livefooty.net\/fi\/paivan-aikataulut-kaikki-urheilu-live-online\/","title":{"rendered":"P\u00e4iv\u00e4n aikataulut \u2013 kaikki urheilulajit liven\u00e4 verkossa"},"content":{"rendered":"<h2 class=\"wp-block-heading\">T\u00e4m\u00e4n p\u00e4iv\u00e4n suorat urheilul\u00e4hetykset<\/h2>\n\n\n\n<p> Vedonv\u00e4litt\u00e4j\u00e4t ja muut urheilusivustot antavat p\u00e4\u00e4syn <b>suoria urheilul\u00e4hetyksi\u00e4<\/b> ymp\u00e4ri maailmaa j\u00e4rjestett\u00e4vist\u00e4 tapahtumista.  Suosittujen jalkapallo-otteluiden lis\u00e4ksi tarjolla on paljon muitakin urheilulajeja, kuten golfin, tenniksen, rugbyn, moottoriurheilun ja paljon muuta.  Vedonv\u00e4litt\u00e4jien avulla on niin helppoa katsoa paljon enemm\u00e4n live-urheilua. <\/p>\n\n\n\n<!--more-->\n\n\n\n<p><br><\/p>\n\n\n\n<p>\n\tKoska Internetin nopeudet vain paranevat kuin odotamme, my\u00f6s kattavuus paranee. Sen sanominen, koska se on suoratoiston laatu, on eritt\u00e4in katsottavissa jopa suurista televisioista, joten ep\u00e4selv\u00e4t ja nykiv\u00e4t kuvataajuudet eiv\u00e4t ole en\u00e4\u00e4 tekosyit\u00e4 olla katsomatta urheilua suorana verkossa.\n\t<br><br><\/p>\n\n\n<p>[scu name=&#8221;roja-schedule&#8221;]<\/p>\n\n\n\n<h2 class=\"wp-block-heading\">\n\tLive-jalkapallo vedonv\u00e4litt\u00e4jien kanssa (nykyinen Britannian aikaa)\n\t<\/h2>\n\n\n<p>[scu name=&#8221;betfair-football&#8221;]<\/p>\n\n\n\n<p>\n\tKaikki yll\u00e4 olevat linkit ovat kolmansien osapuolien verkkosivustoille, joiden uskomme n\u00e4ytt\u00e4v\u00e4n tietyn tapahtuman <b>tai<\/b> mainittu urheilu. Huomaat kuitenkin, ett\u00e4 jotkin tapahtumat eiv\u00e4t ole <a href=\"https:\/\/www.livefooty.net\/VPN.php\" target=\"_blank\" rel=\"nofollow noopener\">saatavilla kaikissa maissa<\/a>, anteeksi tuosta. Jos olet kiinnostunut katsomaan live-hevoskilpailuja verkossa, olemme laittaneet ne erilliseen osioon, seuraa linkki\u00e4 katsoaksesi hevoskilpailujen live-verkkosivua.\n\t<\/p>","protected":false},"excerpt":{"rendered":"<p>Todays Live Sports Streams Bookmakers and other sports websites give access to live sporting streams from events taking place all over the world. As well as the ever popular football (soccer) matches there are plenty of other sports covered as well including major tournaments in Golf, Tennis, Rugby, Motorsport and much more. The bookmakers make [&hellip;]<\/p>","protected":false},"author":1,"featured_media":0,"parent":0,"menu_order":0,"comment_status":"closed","ping_status":"closed","template":"","meta":{"footnotes":""},"class_list":["post-1222","page","type-page","status-publish","hentry"],"_links":{"self":[{"href":"https:\/\/www.livefooty.net\/fi\/wp-json\/wp\/v2\/pages\/1222","targetHints":{"allow":["GET"]}}],"collection":[{"href":"https:\/\/www.livefooty.net\/fi\/wp-json\/wp\/v2\/pages"}],"about":[{"href":"https:\/\/www.livefooty.net\/fi\/wp-json\/wp\/v2\/types\/page"}],"author":[{"embeddable":true,"href":"https:\/\/www.livefooty.net\/fi\/wp-json\/wp\/v2\/users\/1"}],"replies":[{"embeddable":true,"href":"https:\/\/www.livefooty.net\/fi\/wp-json\/wp\/v2\/comments?post=1222"}],"version-history":[{"count":0,"href":"https:\/\/www.livefooty.net\/fi\/wp-json\/wp\/v2\/pages\/1222\/revisions"}],"wp:attachment":[{"href":"https:\/\/www.livefooty.net\/fi\/wp-json\/wp\/v2\/media?parent=1222"}],"curies":[{"name":"wp","href":"https:\/\/api.w.org\/{rel}","templated":true}]}}