{"id":1220,"date":"2023-08-06T10:53:16","date_gmt":"2023-08-06T10:53:16","guid":{"rendered":"https:\/\/www.livefooty.net\/?page_id=1220"},"modified":"2023-09-19T10:59:20","modified_gmt":"2023-09-19T10:59:20","slug":"ppstream-live-streamit","status":"publish","type":"page","link":"https:\/\/www.livefooty.net\/fi\/ppstream-live-streamit\/","title":{"rendered":"PPStream Live Stream"},"content":{"rendered":"<h2 class=\"wp-block-heading\">PPStream-suoratoistoohjelmisto<\/h2>\n\n\n\n<p> kautta saatavilla olevien streamien laatu <b>PPSstream<\/b> on jopa parempi kuin SOPCast ja TVants, kanavat l\u00f6ytyv\u00e4t nopeasti ja vakaa kuva on useimpien PPStreamin k\u00e4ytt\u00e4jien saatavilla muutamassa minuutissa. K\u00e4ytt\u00f6liittym\u00e4 on saatavilla vain kiinaksi, ja streamit toistetaan joko mediasoittimen sulautetussa versiossa tai jos voit harjoitella valikkovaihtoehtoa erillisess\u00e4 mediasoittimessa. T\u00e4m\u00e4 kaikki yhdess\u00e4 l\u00e4hestymistapa tekee t\u00e4st\u00e4 ohjelmistosta eritt\u00e4in helppok\u00e4ytt\u00f6isen, se on eritt\u00e4in hy\u00f6dyllinen sovellus, jonka avulla voit katsoa jalkapalloa verkossa. PPStream sis\u00e4lt\u00e4\u00e4 laajan valikoiman kanavia, jotka n\u00e4ytt\u00e4v\u00e4t kaikenlaista live-jalkapalloa, mukaan lukien kotimaiset ja kansainv\u00e4liset ottelut kaikkialta maailmasta. Jotkut kanavat ovat k\u00e4ytett\u00e4viss\u00e4 <b>PPStream sis\u00e4lt\u00e4\u00e4 englanninkielisen kommentin<\/b>. <\/p>\n\n\n\n<!--more-->\n\n\n\n<p>\n\tPPStream on ladattavissa t\u00e4\u00e4lt\u00e4, vaikka saatat joutua olemaan k\u00e4rsiv\u00e4llinen: -\n\t<br><\/p>\n\n\n\n<center>\n\t<a href=\"https:\/\/www.ppstream.com\/bin\/ppstreamsetup.exe\" target=\"_blank\" rel=\"noopener\">Lataa PPStream<\/a>\n\t<\/center>\n\n\n\n<p>\n\tPPStreamissa on sis\u00e4\u00e4nrakennettu kanavaluettelo, joka tekee kanavien selaamisesta eritt\u00e4in helppoa. Jos sinulla on vaikeuksia l\u00f6yt\u00e4\u00e4 etsim\u00e4\u00e4si, sinun kannattaa kokeilla yht\u00e4 monista verkossa olevista jalkapallolistaussivustoista.\n\t<\/p>","protected":false},"excerpt":{"rendered":"<p>PPStream Streaming Software The quality of streams available through PPStream is even better than SOPCast and TVants, channels are found quickly and a steady picture is available for most PPStream users in a matter of minutes. The interface is only available in Chinese and streams are either played in an embedded version of media player [&hellip;]<\/p>","protected":false},"author":1,"featured_media":0,"parent":0,"menu_order":0,"comment_status":"closed","ping_status":"closed","template":"","meta":{"footnotes":""},"class_list":["post-1220","page","type-page","status-publish","hentry"],"_links":{"self":[{"href":"https:\/\/www.livefooty.net\/fi\/wp-json\/wp\/v2\/pages\/1220","targetHints":{"allow":["GET"]}}],"collection":[{"href":"https:\/\/www.livefooty.net\/fi\/wp-json\/wp\/v2\/pages"}],"about":[{"href":"https:\/\/www.livefooty.net\/fi\/wp-json\/wp\/v2\/types\/page"}],"author":[{"embeddable":true,"href":"https:\/\/www.livefooty.net\/fi\/wp-json\/wp\/v2\/users\/1"}],"replies":[{"embeddable":true,"href":"https:\/\/www.livefooty.net\/fi\/wp-json\/wp\/v2\/comments?post=1220"}],"version-history":[{"count":0,"href":"https:\/\/www.livefooty.net\/fi\/wp-json\/wp\/v2\/pages\/1220\/revisions"}],"wp:attachment":[{"href":"https:\/\/www.livefooty.net\/fi\/wp-json\/wp\/v2\/media?parent=1220"}],"curies":[{"name":"wp","href":"https:\/\/api.w.org\/{rel}","templated":true}]}}