{"id":1202,"date":"2023-08-06T10:11:31","date_gmt":"2023-08-06T10:11:31","guid":{"rendered":"https:\/\/www.livefooty.net\/?page_id=1202"},"modified":"2023-09-19T10:54:44","modified_gmt":"2023-09-19T10:54:44","slug":"jalkapallo-aikataulut-viimeisin-live-jalkapallo","status":"publish","type":"page","link":"https:\/\/www.livefooty.net\/fi\/jalkapallo-aikataulut-viimeisin-live-jalkapallo\/","title":{"rendered":"Jalkapalloaikataulut \u2013 viimeisin live-jalkapallo"},"content":{"rendered":"<h2 class=\"wp-block-heading\">Live Football \u2013 ilmaiset Internet-aikataulut<\/h2>\n\n\n\n<p> Luultavasti vaikein osa <b>katsomassa jalkapalloa liven\u00e4<\/b> ja muita urheilulajeja internetiss\u00e4 on selvitt\u00e4\u00e4, mitk\u00e4 kanavat n\u00e4ytt\u00e4v\u00e4t mit\u00e4 urheilulajeja ja mist\u00e4 kanavat ovat k\u00e4ytett\u00e4viss\u00e4.  Uuden sukupolven P2P-ohjelmistojen avulla voit helposti valita kanavan, jota haluat katsoa, mutta siit\u00e4 ei ole paljon hy\u00f6ty\u00e4, ellet tied\u00e4, mik\u00e4 kanava n\u00e4ytt\u00e4\u00e4 mit\u00e4kin jalkapallo-ottelua ja milloin.  On selv\u00e4\u00e4, ett\u00e4 vedonv\u00e4litt\u00e4j\u00e4t tekev\u00e4t koko hommasta paljon helpompaa niiden urheilulajien osalta, joita ne n\u00e4ytt\u00e4v\u00e4t! <\/p>\n\n\n\n<!--more-->\n\n\n\n<p><br><\/p>\n\n\n\n<p>\n\tSeuraavat linkit sis\u00e4lt\u00e4v\u00e4t yksityiskohtaista ja ajankohtaista tietoa siit\u00e4, mit\u00e4 on suunniteltu ja miss\u00e4 pelataan useimmista Euroopan maista: - \n\t<\/p>\n\n\n\n<ul class=\"wp-block-list\">\n<li><a href=\"https:\/\/www.livefooty.net\/fi\/paivan-aikataulut-kaikki-urheilu-live-online\/\">Live-urheiluaikataulu<\/a> \u2013 Luettelo kaikista suorista urheilulajeista, jotka on m\u00e4\u00e4r\u00e4 tapahtua t\u00e4n\u00e4\u00e4n <\/li>\n\n\n\n<li><a href=\"https:\/\/www.livefooty.net\/fi\/william-hill-tv-live-streams-katso-live-online\/\">William Hillin live-jalkapallol\u00e4hetykset<\/a> \u2013 Aikataulu jalkapallo-otteluista suoratoistona William Hillill\u00e4 <\/li>\n\n\n\n<li><a href=\"https:\/\/www.livefooty.net\/fi\/betfair-live-streams-online\/\">Betfairin live-jalkapallol\u00e4hetykset<\/a> \u2013 Jalkapallopelien suoratoisto Betfairissa <\/li>\n<\/ul>\n\n\n\n<p>\n\tYll\u00e4 olevat linkit n\u00e4ytt\u00e4v\u00e4t, mit\u00e4 urheilua on saatavilla verkossa t\u00e4n\u00e4\u00e4n. Eri kilpailujen aloitusajat l\u00f6ytyv\u00e4t alla olevista jalkapalloaikatauluista. Kaikki n\u00e4m\u00e4 pelit eiv\u00e4t v\u00e4ltt\u00e4m\u00e4tt\u00e4 ole saatavilla liven\u00e4 miss\u00e4 asut.\n\t<\/p>\n\n\n<p>[scu name=&#8221;football-schedule&#8221;]<\/p>\n\n\n\n<p><\/p>","protected":false},"excerpt":{"rendered":"<p>Live Football &#8211; Free Internet Schedules Probably the hardest part of watching live football and other sports on the internet is to find out what channels are showing what sports and where to access those channels. The new generation of P2P software allows you to easily select a channel to watch but it&#8217;s not really [&hellip;]<\/p>","protected":false},"author":1,"featured_media":0,"parent":0,"menu_order":0,"comment_status":"closed","ping_status":"closed","template":"","meta":{"footnotes":""},"class_list":["post-1202","page","type-page","status-publish","hentry"],"_links":{"self":[{"href":"https:\/\/www.livefooty.net\/fi\/wp-json\/wp\/v2\/pages\/1202","targetHints":{"allow":["GET"]}}],"collection":[{"href":"https:\/\/www.livefooty.net\/fi\/wp-json\/wp\/v2\/pages"}],"about":[{"href":"https:\/\/www.livefooty.net\/fi\/wp-json\/wp\/v2\/types\/page"}],"author":[{"embeddable":true,"href":"https:\/\/www.livefooty.net\/fi\/wp-json\/wp\/v2\/users\/1"}],"replies":[{"embeddable":true,"href":"https:\/\/www.livefooty.net\/fi\/wp-json\/wp\/v2\/comments?post=1202"}],"version-history":[{"count":0,"href":"https:\/\/www.livefooty.net\/fi\/wp-json\/wp\/v2\/pages\/1202\/revisions"}],"wp:attachment":[{"href":"https:\/\/www.livefooty.net\/fi\/wp-json\/wp\/v2\/media?parent=1202"}],"curies":[{"name":"wp","href":"https:\/\/api.w.org\/{rel}","templated":true}]}}