{"id":1199,"date":"2023-08-06T10:04:58","date_gmt":"2023-08-06T10:04:58","guid":{"rendered":"https:\/\/www.livefooty.net\/?page_id=1199"},"modified":"2024-03-07T15:49:49","modified_gmt":"2024-03-07T15:49:49","slug":"william-hill-tv-live-streams-katso-live-online","status":"publish","type":"page","link":"https:\/\/www.livefooty.net\/fi\/william-hill-tv-live-streams-katso-live-online\/","title":{"rendered":"William Hillin TV-suorat suorat l\u00e4hetykset \u2013 katso suoraa verkossa"},"content":{"rendered":"<h2 class=\"wp-block-heading\">William Hillin live-l\u00e4hetykset \u2013 katso verkossa<\/h2>\n\n\n\n<p> <b>William Hill<\/b> ovat yksi viimeisimmist\u00e4 vedonv\u00e4litt\u00e4jist\u00e4, jotka tarjoavat live-urheilua verkossa heid\u00e4n kauttaan <b><a onclick=\"window.open('https:\/\/sports.williamhill.com\/betting\/en-gb\/football')\" href=\"\/WilliamHill.php\" rel=\"nofollow\">William Hill TV-suoratoisto<\/a><\/b> palvelua. William Hillin kautta voit katsella useita urheilulajeja, mukaan lukien jalkapalloa (Serie A ja Eurooppa-liiga vain kaksi), tennist\u00e4, snookeria ja monia hevoskilpailuja. William Hill tarjoaa huippuluokan stream-laadun, vaikka siin\u00e4 sanotaan, ett\u00e4 tarvitset Windows-pohjaisen tietokoneen katseluun, joten t\u00e4m\u00e4 ei ole hyv\u00e4 Mac-k\u00e4ytt\u00e4jille. Useimmat striimit ovat William Hillin j\u00e4senille ilmaisia, mutta hevoskilpailuissa tarvitset vedon (v\u00e4hint\u00e4\u00e4n 5 puntaa) katsoaksesi. <\/p>\n\n\n\n<!--more-->\n\n\n\n<p>\n\tSen lis\u00e4ksi, ett\u00e4 ne vetoavat urheilun yst\u00e4viin, jotka haluavat vain katsoa suoraa urheilua, n\u00e4m\u00e4 vedonv\u00e4litt\u00e4jien, kuten WillIam Hill, tarjoamat suoratoistopalvelut avaavat uuden maailman. <b>live-pelaamista<\/b> niille, jotka haluavat tehd\u00e4 urheiluvedonly\u00f6ntins\u00e4 verkossa. Olipa h\u00e4n jumissa toimistossa tai yksinkertaisesti h\u00e4n ei p\u00e4\u00e4se televisioon, koska vaimo katsoo t\u00e4ll\u00e4 viikolla Coronation Streetin 75. jaksoa, online-suoratoisto antaa pelurille mahdollisuuden tehd\u00e4 tietoisempia valintoja pelin sis\u00e4ll\u00e4. Toisille se vain antaa sinulle tavan katsella jalkapallo-ottelua tai muuta urheilutapahtumaa, jota et ehk\u00e4 muuten olisi voinut katsoa.\n\t<br><\/p>\n\n\n\n<p>\n\tWilliam Hill on yksi suurimmista vedonv\u00e4litt\u00e4jist\u00e4, rekister\u00f6i nyt ilmainen tili, p\u00e4\u00e4set k\u00e4ytt\u00e4m\u00e4\u00e4n heid\u00e4n suoratoistopalveluaan ja saat jopa ilmaisen 25 punnan vedon.<br><\/p>\n\n\n\n<center>\n\tRekister\u00f6ityminen William Hilliin on todella yksinkertainen tapa nauttia suosikkiurheilulajeistasi verkossa!\n\t<\/center>\n\n\n\n<p><\/p>\n\n\n\n<h2 class=\"wp-block-heading\">William Hill Live Streaming ja In-Play<\/h2>\n\n\n\n<p>\n\tJos olet jo William Hill Sportsin asiakas, olet iloinen, ett\u00e4 he tarjoavat live-suoratoistopalvelun ja vedonly\u00f6nti\u00e4 eri urheilulajeista.\n\t<\/p>\n\n\n\n<h3 class=\"wp-block-heading\">Mist\u00e4 tied\u00e4n, onko ottelu suoratoistona William Hillill\u00e4?<\/h3>\n\n\n\n<p>\n\tSe on todella yksinkertaista, k\u00e4yt\u00e4 yht\u00e4 yll\u00e4 olevista linkeist\u00e4, joka vie sinut nykyisiin ja tuleviin otteluihin. Katso sitten kiinnikkeen vieress\u00e4 olevaa pient\u00e4 &quot;TV&quot;-kuvaketta. Jos se on siell\u00e4, se n\u00e4ytet\u00e4\u00e4n suorana. T\u00e4ss\u00e4 on esimerkkikuvakaappaus siit\u00e4, mit\u00e4 pit\u00e4\u00e4 huomioida. Se on t\u00e4sm\u00e4lleen sama kaikissa muissa urheilulajeissa, ei vain jalkapallossa.\n\t<\/p>\n\n\n\n<h3 class=\"wp-block-heading\">Mit\u00e4 hy\u00f6ty\u00e4 William Hillin live-suoratoistosta on?<\/h3>\n\n\n\n<p>\n\tWilliam Hill on yksi johtavista urheiluvedonly\u00f6ntitarjoajista maailmassa. He tarjoavat erilaisia vaihtoehtoja suoratoistoon, mukaan lukien William Hill Live Streaming -palvelun. T\u00e4m\u00e4n palvelun avulla vedonly\u00f6j\u00e4t voivat katsoa live-urheilutapahtumia ja vedonly\u00f6ntikertoimia niiden ollessa k\u00e4ynniss\u00e4.\n\t<br><\/p>\n\n\n\n<p>\nYksi William Hill Live Streamingin k\u00e4yt\u00f6n eduista on, ett\u00e4 se antaa vedonly\u00f6jille p\u00e4\u00e4syn monenlaisiin urheilutapahtumiin. T\u00e4m\u00e4 sis\u00e4lt\u00e4\u00e4 sek\u00e4 kansainv\u00e4lisi\u00e4 ett\u00e4 kotimaisia tapahtumia. Lis\u00e4ksi t\u00e4m\u00e4 palvelu on saatavilla sek\u00e4 ty\u00f6p\u00f6yt\u00e4- ett\u00e4 mobiilialustoille, joten vedonly\u00f6jien on helppo k\u00e4ytt\u00e4\u00e4 sit\u00e4 sijainnista riippumatta.\n<br><\/p>\n\n\n\n<p>\nWilliam Hill Live Streamingin k\u00e4ytt\u00e4misess\u00e4 on useita etuja. Ensinn\u00e4kin se on helppok\u00e4ytt\u00f6inen \u2013 tarvitset vain verkkoselaimen ja Internet-yhteyden. Toiseksi, sen k\u00e4ytt\u00f6 on ilmaista \u2013 sinun ei tarvitse rekister\u00f6ity\u00e4 tai tallettaa rahaa. Ja lopuksi se on luotettava \u2013 heid\u00e4n suoratoistopalvelunsa on testattu ja se on todistettu vakaaksi ja luotettavaksi.\n<br><\/p>\n\n\n\n<h3 class=\"wp-block-heading\">Mit\u00e4 hy\u00f6ty\u00e4 William Hillin k\u00e4yt\u00f6st\u00e4 on peliss\u00e4?<\/h3>\n\n\n\n<p>\nWilliam Hill In-Playn k\u00e4ytt\u00f6 tarjoaa useita etuja. Ensinn\u00e4kin se on helppok\u00e4ytt\u00f6inen \u2013 tarvitset vain verkkoselaimen ja Internet-yhteyden. Toiseksi se on nopea ja luotettava \u2013 peliss\u00e4 panokset asetetaan v\u00e4litt\u00f6m\u00e4sti ja voitot k\u00e4sitell\u00e4\u00e4n nopeasti. Ja lopuksi se on turvallista \u2013 suojattu j\u00e4rjestelm\u00e4mme suojaa rahasi.\n<br><\/p>\n\n\n\n<h3 class=\"wp-block-heading\">Onko William Hillin live-suoratoiston ja In-Playn k\u00e4yt\u00f6ll\u00e4 rajoituksia?<\/h3>\n\n\n\n<p>William Hill Live Streamingin ja In-Playn k\u00e4ytt\u00f6\u00f6n liittyy muutamia rajoituksia. Ensinn\u00e4kin suoratoisto on saatavilla vain ty\u00f6p\u00f6yd\u00e4ll\u00e4 \u2013 et voi katsoa suoratoistopalvelua puhelimellasi tai tabletillasi (oikein julkaisuhetkell\u00e4). Toiseksi, in-play-vedonly\u00f6nti on saatavilla rajoitetulle m\u00e4\u00e4r\u00e4lle urheilulajeja \u2013 voit todenn\u00e4k\u00f6isesti ly\u00f6d\u00e4 vetoa jalkapallosta, kriketist\u00e4 jne, mutta et muutamissa lajeissa.&nbsp;\n<br><\/p>\n\n\n\n<p>\nOlitpa William Hill Sportsin asiakas tai et, voit nauttia live-suoratoisto- ja pelipalveluistamme. Ne ovat helppok\u00e4ytt\u00f6isi\u00e4 ja luotettavia, joten voit olla varma, ett\u00e4 rahasi ovat turvassa. William Hill on yksi suurimmista nimist\u00e4 online-vedonly\u00f6nniss\u00e4 ja heid\u00e4n tarjoamansa palvelu kuvastaa t\u00e4t\u00e4. William Hill on rakentanut erinomaisen maineen laadukkaan asiakaspalvelun ja luotettavien kertoimien tarjoajana. William Hill tarjoaa laajan valikoiman muita vedonly\u00f6ntivaihtoehtoja, mukaan lukien hevoskilpailut, jalkapallo, koripallo ja kriketti. Heid\u00e4n kattavan verkkosivustonsa avulla on helppo asettaa vetoja mihin tahansa urheilulajiin tai peleihin milloin tahansa.\n<br><\/p>\n\n\n\n<p>\nKaikki tiedot ovat oikein julkaisuhetkell\u00e4. Muista, ett\u00e4 on todenn\u00e4k\u00f6ist\u00e4, ett\u00e4 vedonly\u00f6nti-\/tilinrahoitusvaatimukset saattavat muuttua ajoittain, erityisesti vedonv\u00e4litt\u00e4jien tarjoamien lis\u00e4arvopalvelujen, kuten live-suoratoiston, osalta, t\u00e4m\u00e4 on sama William Hillin live-suoratoistossa kuin miss\u00e4 tahansa vedonv\u00e4litt\u00e4j\u00e4ss\u00e4. My\u00f6s maantieteellisi\u00e4 rajoituksia on sen suhteen, mit\u00e4 voidaan n\u00e4ytt\u00e4\u00e4 miss\u00e4.\n<\/p>","protected":false},"excerpt":{"rendered":"<p>William Hill Live Streams &#8211; Watch Online William Hill are one of the latest bookmakers to make live sports available online through their William Hill TV streaming service. You can watch a number of sports through William Hill including live football (Serie A and the Europa League to name just 2), Tennis, Snooker and a [&hellip;]<\/p>","protected":false},"author":1,"featured_media":0,"parent":0,"menu_order":0,"comment_status":"closed","ping_status":"closed","template":"","meta":{"footnotes":""},"class_list":["post-1199","page","type-page","status-publish","hentry"],"_links":{"self":[{"href":"https:\/\/www.livefooty.net\/fi\/wp-json\/wp\/v2\/pages\/1199","targetHints":{"allow":["GET"]}}],"collection":[{"href":"https:\/\/www.livefooty.net\/fi\/wp-json\/wp\/v2\/pages"}],"about":[{"href":"https:\/\/www.livefooty.net\/fi\/wp-json\/wp\/v2\/types\/page"}],"author":[{"embeddable":true,"href":"https:\/\/www.livefooty.net\/fi\/wp-json\/wp\/v2\/users\/1"}],"replies":[{"embeddable":true,"href":"https:\/\/www.livefooty.net\/fi\/wp-json\/wp\/v2\/comments?post=1199"}],"version-history":[{"count":1,"href":"https:\/\/www.livefooty.net\/fi\/wp-json\/wp\/v2\/pages\/1199\/revisions"}],"predecessor-version":[{"id":1745,"href":"https:\/\/www.livefooty.net\/fi\/wp-json\/wp\/v2\/pages\/1199\/revisions\/1745"}],"wp:attachment":[{"href":"https:\/\/www.livefooty.net\/fi\/wp-json\/wp\/v2\/media?parent=1199"}],"curies":[{"name":"wp","href":"https:\/\/api.w.org\/{rel}","templated":true}]}}