{"id":1196,"date":"2023-08-06T10:00:51","date_gmt":"2023-08-06T10:00:51","guid":{"rendered":"https:\/\/www.livefooty.net\/?page_id=1196"},"modified":"2023-09-19T10:53:43","modified_gmt":"2023-09-19T10:53:43","slug":"betfair-live-streams-online","status":"publish","type":"page","link":"https:\/\/www.livefooty.net\/fi\/betfair-live-streams-online\/","title":{"rendered":"Betfair \u2013 Live Stream Online"},"content":{"rendered":"<h2 class=\"wp-block-heading\">Betfairin live-urheilul\u00e4hetykset \u2013 katso liven\u00e4 verkossa<\/h2>\n\n\n\n<p> On vaikeita tapoja <b>katsella suosikkiurheiluasi verkossa<\/b> ja sitten on helppoja tapoja.  Helpoimmillaan on varmasti suurimpien yritysten suorien verkkol\u00e4hetysten seuraaminen. <b>Betfair<\/b> on esimerkiksi yksi suurimmista vedonv\u00e4litt\u00e4jist\u00e4 verkossa, ja nyt he tarjoavat sinulle parhaat kertoimet ja antavat sinulle mahdollisuuden katsoa suosikkiurheilul\u00e4hetyksi\u00e4si verkossa t\u00e4ysin ilmaiseksi! Betfairin suorat l\u00e4hetykset tarjoavat huippulaadukasta urheilutoimintaa ilman kustannuksia, ja niiden k\u00e4ytt\u00e4miseen riitt\u00e4\u00e4 2 minuutin rekister\u00f6ityminen ja tilin tallettaminen. <\/p>\n\n\n\n<!--more-->\n\n\n\n<p> Live-jalkapallo on se, mist\u00e4 useimmat ihmiset ovat kiinnostuneita, ja Betfairilla on oikeus n\u00e4ytt\u00e4\u00e4 sinulle pelej\u00e4 joistakin huippuliigoista ja cupeista \u2013 <b>Serie A, Portugalin Superliga, UEFA Cup ja useimmat kansainv\u00e4liset yst\u00e4vyysottelut.<\/b> vain muutamia mainitakseni*.  Betfair lis\u00e4\u00e4 t\u00e4t\u00e4 listaa koko ajan, joten ei ole mit\u00e4\u00e4n syyt\u00e4 olla rekister\u00f6itym\u00e4tt\u00e4 nyt.  Jos etsit muutakin kuin jalkapalloa, muiden urheilulajien luetteloon kuuluu my\u00f6s tennis, snooker ja koripallo.  Ent\u00e4 hevosurheilu?  Oletko jumissa t\u00f6iss\u00e4, mutta haluat tiet\u00e4\u00e4, miten hevosesi p\u00e4rj\u00e4\u00e4?  Betfair tarjoaa enemm\u00e4n live-l\u00e4hetyksi\u00e4 hevoskilpailuista kuin mik\u00e4\u00e4n muu netist\u00e4 l\u00f6yt\u00e4m\u00e4ni l\u00e4hde.  Tietenkin he tarjoavat my\u00f6s huippuluokan kasinon ja <a href=\"https:\/\/www.kushmoney.com\/\" target=\"_blank\" rel=\"noopener\">pokeripeli<\/a> jos olet niin taipuvainen.   <br><\/p>\n\n\n\n<p>\n\tKaikki <b>Betfairin live-l\u00e4hetykset<\/b> ovat vapaasti katsottavissa, tarvitset vain rahoitetun tilin.  Jos olet sellainen, joka pit\u00e4\u00e4 r\u00e4pik\u00f6innist\u00e4, voit jopa hy\u00f6dynt\u00e4\u00e4 jopa 100 euron ilmaiset vedot heid\u00e4n uuden asiakastarjouksensa avulla. Aseta 5 x 10 euron tai sit\u00e4 suurempi panos ja saat 20 euron ilmaiset vedot. Toista enint\u00e4\u00e4n 5 kertaa saadaksesi enint\u00e4\u00e4n 100 euron bonuksen. Minimikertoimet 1\/2 (1,5). P\u00f6rssipanokset eiv\u00e4t ole mukana. T&amp;Cs sovelletaan\n\t<br><\/p>\n\n\n\n<p>\n\tBetfairilla rekister\u00f6ityminen on yksinkertainen tapa <b>katsomassa suoria urheilul\u00e4hetyksi\u00e4 verkossa<\/b>, jos et ole viel\u00e4 j\u00e4sen, suosittelen sinua menem\u00e4\u00e4n sinne nyt ja tekem\u00e4\u00e4n sen!<\/p>","protected":false},"excerpt":{"rendered":"<p>Betfair Live Sports Streams &#8211; Watch Live Online There are hard ways of watching your favourite sports online and then there are the easy ways. Right up there as the easiest has to be watching live streams from some of the biggest companies online. Betfair for example are one of the biggest bookmakers online and [&hellip;]<\/p>","protected":false},"author":1,"featured_media":0,"parent":0,"menu_order":0,"comment_status":"closed","ping_status":"closed","template":"","meta":{"footnotes":""},"class_list":["post-1196","page","type-page","status-publish","hentry"],"_links":{"self":[{"href":"https:\/\/www.livefooty.net\/fi\/wp-json\/wp\/v2\/pages\/1196","targetHints":{"allow":["GET"]}}],"collection":[{"href":"https:\/\/www.livefooty.net\/fi\/wp-json\/wp\/v2\/pages"}],"about":[{"href":"https:\/\/www.livefooty.net\/fi\/wp-json\/wp\/v2\/types\/page"}],"author":[{"embeddable":true,"href":"https:\/\/www.livefooty.net\/fi\/wp-json\/wp\/v2\/users\/1"}],"replies":[{"embeddable":true,"href":"https:\/\/www.livefooty.net\/fi\/wp-json\/wp\/v2\/comments?post=1196"}],"version-history":[{"count":0,"href":"https:\/\/www.livefooty.net\/fi\/wp-json\/wp\/v2\/pages\/1196\/revisions"}],"wp:attachment":[{"href":"https:\/\/www.livefooty.net\/fi\/wp-json\/wp\/v2\/media?parent=1196"}],"curies":[{"name":"wp","href":"https:\/\/api.w.org\/{rel}","templated":true}]}}