{"id":1174,"date":"2023-08-06T08:48:04","date_gmt":"2023-08-06T08:48:04","guid":{"rendered":"https:\/\/www.livefooty.net\/?page_id=1174"},"modified":"2023-09-19T11:00:35","modified_gmt":"2023-09-19T11:00:35","slug":"privacy-policy-for-livefooty-net","status":"publish","type":"page","link":"https:\/\/www.livefooty.net\/fi\/privacy-policy-for-livefooty-net\/","title":{"rendered":"Livefooty.net:n tietosuojak\u00e4yt\u00e4nt\u00f6"},"content":{"rendered":"<p> <b>Sivusto livefooty.net toimii ainoastaan 18 vuotta t\u00e4ytt\u00e4neille urheilufaneille suunnattuna tietoportaalina. Jos et ole yli 18-vuotias, sinun on lopetettava t\u00e4m\u00e4n verkkosivuston k\u00e4ytt\u00f6 v\u00e4litt\u00f6m\u00e4sti.<\/b> T\u00e4m\u00e4n sivuston sis\u00e4lt\u00e4m\u00e4t tiedot ovat vain yleisi\u00e4 tiedoksiantoja. Tiedot tarjoaa livefooty.net, ja vaikka pyrimme pit\u00e4m\u00e4\u00e4n tiedot ajan tasalla ja oikein, emme anna mink\u00e4\u00e4nlaista nimenomaista tai ep\u00e4suoraa takuuta tai takuita tietojen t\u00e4ydellisyydest\u00e4, tarkkuudesta, luotettavuudesta, soveltuvuudesta tai saatavuudesta. verkkosivustoa tai sen sis\u00e4lt\u00e4mi\u00e4 tietoja, tuotteita, palveluita tai niihin liittyv\u00e4\u00e4 grafiikkaa mihin tahansa tarkoitukseen. T\u00e4llaisiin tietoihin luottaminen on siksi t\u00e4ysin omalla vastuullasi. <\/p>\n\n\n\n<!--more-->\n\n\n\n<p><\/p>\n\n\n\n<p>\nEmme ole miss\u00e4\u00e4n tapauksessa vastuussa mist\u00e4\u00e4n menetyksist\u00e4 tai vahingoista, mukaan lukien rajoituksetta ep\u00e4suorat tai v\u00e4lilliset menetykset tai vahingot tai tappiot tai vahingot, jotka johtuvat t\u00e4m\u00e4n verkkosivuston k\u00e4yt\u00f6st\u00e4 tai siihen liittyvien tietojen tai voittojen menetyksest\u00e4. .\n<br><\/p>\n\n\n\n<h3 class=\"wp-block-heading\"> www.livefooty.net tietosuojak\u00e4yt\u00e4nt\u00f6 <\/h3>\n\n\n\n<p> Jos tarvitset lis\u00e4tietoja tai sinulla on kysytt\u00e4v\u00e4\u00e4 tietosuojak\u00e4yt\u00e4nn\u00f6st\u00e4mme, ota meihin yhteytt\u00e4 s\u00e4hk\u00f6postitse osoitteeseen info@livefooty.net. <\/p>\n\n\n\n<p> Sivustolla www.livefooty.net vierailijoidemme yksityisyys on meille eritt\u00e4in t\u00e4rke\u00e4\u00e4. T\u00e4ss\u00e4 tietosuojak\u00e4yt\u00e4nn\u00f6ss\u00e4 kerrotaan, millaisia henkil\u00f6tietoja www.livefooty.net vastaanottaa ja ker\u00e4\u00e4 ja miten niit\u00e4 k\u00e4ytet\u00e4\u00e4n. <\/p>\n\n\n\n<p> <b>Lokitiedostot<\/b><br> Kuten monet muutkin Web-sivustot, www.livefooty.net k\u00e4ytt\u00e4\u00e4 lokitiedostoja. Lokitiedostojen sis\u00e4lt\u00e4m\u00e4t tiedot sis\u00e4lt\u00e4v\u00e4t Internet-protokollan (IP) osoitteet, selaimen tyypin, Internet-palveluntarjoajan (ISP), p\u00e4iv\u00e4m\u00e4\u00e4r\u00e4n\/aikaleiman, viittaus-\/poistumissivut ja napsautusten m\u00e4\u00e4r\u00e4n trendien analysoimiseksi, sivuston hallintaan, k\u00e4ytt\u00e4jien liikkeiden seuraamiseen. ymp\u00e4ri sivustoa ja ker\u00e4t\u00e4 v\u00e4est\u00f6tietoja. IP-osoitteita ja muita vastaavia tietoja ei ole linkitetty mihink\u00e4\u00e4n henkil\u00f6kohtaisesti tunnistettavissa olevaan tietoon. <\/p>\n\n\n\n<p> <b>Ev\u00e4steet ja verkkoj\u00e4ljitteet<\/b><br> www.livefooty.net ei k\u00e4yt\u00e4 ev\u00e4steit\u00e4. <b>DoubleClick DART -ev\u00e4ste<\/b><br><\/p>\n\n\n\n<p>\n.:: Google kolmannen osapuolen toimittajana k\u00e4ytt\u00e4\u00e4 ev\u00e4steit\u00e4 mainosten n\u00e4ytt\u00e4miseen sivustollasi.<br>\n.:: Google k\u00e4ytt\u00e4\u00e4 DART-ev\u00e4stett\u00e4, jotta se voi n\u00e4ytt\u00e4\u00e4 mainoksia k\u00e4ytt\u00e4jillesi heid\u00e4n vierailunsa perusteella sivustoillasi ja muilla Internetin sivustoilla. <br>\n.:: K\u00e4ytt\u00e4j\u00e4t voivat kielt\u00e4yty\u00e4 DART-ev\u00e4steen k\u00e4yt\u00f6st\u00e4 vierailemalla Googlen mainosten ja sis\u00e4lt\u00f6verkoston tietosuojak\u00e4yt\u00e4nn\u00f6ss\u00e4 seuraavassa URL-osoitteessa \u2013 https:\/\/www.google.com\/privacy_ads.html <\/p>\n\n\n\n<p> Jotkut mainoskumppanimme voivat k\u00e4ytt\u00e4\u00e4 sivustollamme ev\u00e4steit\u00e4 ja j\u00e4ljitteit\u00e4. Mainoskumppaneitamme ovat \u2026\u2026. \n<br> Amazon\n<br> eBay\n<br> William Hill\n<br> <\/p>\n\n\n\n<p> N\u00e4m\u00e4 kolmannen osapuolen mainospalvelimet tai mainosverkostot k\u00e4ytt\u00e4v\u00e4t tekniikkaa www.livefooty.net-sivustolla n\u00e4kyvien mainosten ja linkkien l\u00e4hett\u00e4miseen suoraan selaimeesi. He saavat automaattisesti IP-osoitteesi, kun t\u00e4m\u00e4 tapahtuu. Kolmannen osapuolen mainosverkostot voivat k\u00e4ytt\u00e4\u00e4 my\u00f6s muita tekniikoita (kuten ev\u00e4steit\u00e4, JavaScripti\u00e4 tai verkkoj\u00e4ljitteit\u00e4) mainostensa tehokkuuden mittaamiseen ja\/tai n\u00e4kem\u00e4si mainossis\u00e4ll\u00f6n mukauttamiseen. <\/p>\n\n\n\n<p> www.livefooty.net ei voi hallita n\u00e4it\u00e4 kolmannen osapuolen mainostajien k\u00e4ytt\u00e4mi\u00e4 ev\u00e4steit\u00e4. <\/p>\n\n\n\n<p> Sinun tulee tutustua n\u00e4iden kolmannen osapuolen mainospalvelimien tietosuojak\u00e4yt\u00e4nt\u00f6ihin saadaksesi tarkempia tietoja niiden k\u00e4yt\u00e4nn\u00f6ist\u00e4 sek\u00e4 ohjeita tiettyjen k\u00e4yt\u00e4nt\u00f6jen poistamisesta. www.livefooty.net:n tietosuojak\u00e4yt\u00e4nt\u00f6 ei koske t\u00e4llaisten muiden mainostajien tai verkkosivustojen toimintaa, emmek\u00e4 voi hallita niiden toimintaa. <\/p>\n\n\n\n<p> Jos haluat poistaa ev\u00e4steet k\u00e4yt\u00f6st\u00e4, voit tehd\u00e4 sen yksitt\u00e4isten selaimesi asetusten kautta. Tarkempia tietoja ev\u00e4steiden hallinnasta tietyill\u00e4 verkkoselaimilla l\u00f6ytyy selaimien vastaavilta verkkosivuilta. <br><\/p>\n\n\n\n<h3 class=\"wp-block-heading\">Linkit ja kolmannen osapuolen palvelut \u2013 Vastuuvapauslauseke<\/h3>\n\n\n\n<p>  T\u00e4m\u00e4 verkkosivusto (livefooty.net) sis\u00e4lt\u00e4\u00e4 tai saattaa sis\u00e4lt\u00e4\u00e4 linkkej\u00e4 muille verkkosivustoille, mukaan lukien kolmannen osapuolen mainonta. livefooty.net ei ole vastuussa t\u00e4llaisista muista verkkosivustoista tai niiden palveluehdoista. Emme seulo tai tue t\u00e4llaisia muita verkkosivustoja. livefooty.net irtisanoutuu nimenomaisesti kaikesta vastuusta, suoraan tai ep\u00e4suorasti, kaikista vahingoista, joita kenelle tahansa k\u00e4ytt\u00e4j\u00e4lle on aiheutunut mink\u00e4 tahansa verkkosivuston k\u00e4yt\u00f6n yhteydess\u00e4, johon p\u00e4\u00e4sy l\u00f6ytyi t\u00e4m\u00e4n sivuston kautta. Lue jokaisen t\u00e4llaisen muun verkkosivuston k\u00e4ytt\u00f6ehdot huolellisesti saadaksesi selville, kuinka n\u00e4m\u00e4 muut verkkosivustot tarjoavat ja miten ne tarjoavat tuotteitaan ja palveluitaan. Jos p\u00e4\u00e4t\u00e4t k\u00e4ytt\u00e4\u00e4 jotakin sellaista muuta verkkosivustoa ja siihen liittyvi\u00e4 palveluita, teet sen t\u00e4ysin omalla vastuullasi. Jos haluat esitt\u00e4\u00e4 vastalauseen livefooty.net-verkkosivustolle sijoitetusta linkist\u00e4 kolmannen osapuolen verkkosivustolle, seuraa ohjeitamme <a href=\"https:\/\/www.livefooty.net\/fi\/laillinen\/\" title=\"\">laillinen sivu<\/a>. <br><\/p>\n\n\n\n<p>\nLivefooty.net-sivustoa is\u00e4nn\u00f6i ja sit\u00e4 hallinnoidaan Mansaarelta. Verkkosivustojen omistajina olemme ryhtyneet kaikkiin tarvittaviin toimiin varmistaaksemme, ett\u00e4 t\u00e4m\u00e4 verkkosivusto toimii t\u00e4ysin Manxin lain mukaisesti. T\u00e4t\u00e4 tietosuojak\u00e4yt\u00e4nt\u00f6\u00e4 ja k\u00e4ytt\u00f6ehtoja s\u00e4\u00e4telev\u00e4t Mansaaren lait. T\u00e4m\u00e4n verkkosivuston k\u00e4ytt\u00e4j\u00e4n\u00e4 sinun odotetaan k\u00e4ytt\u00e4ytyv\u00e4n moraalisella, laillisella ja vastuullisella tavalla sinua koskevien lakien mukaisesti (mukaan lukien se, ett\u00e4 et loukkaa oikeudenhaltijoiden oikeuksia). Kaikki t\u00e4st\u00e4 verkkosivustosta johtuvat tai siihen liittyv\u00e4t riidat ovat Mansaaren lakien alaisia.  \n<br><\/p>\n\n\n\n<p>\nP\u00e4ivitetty viimeksi 12.4.2017\n<\/p>","protected":false},"excerpt":{"rendered":"<p>The website livefooty.net operates solely as an information only web portal for sports fans over the age of 18. If you are not over the age of 18 you must stop using this website immediately. The information contained in this website is for general information purposes only. The information is provided by livefooty.net and while [&hellip;]<\/p>","protected":false},"author":1,"featured_media":0,"parent":0,"menu_order":0,"comment_status":"closed","ping_status":"closed","template":"","meta":{"footnotes":""},"class_list":["post-1174","page","type-page","status-publish","hentry"],"_links":{"self":[{"href":"https:\/\/www.livefooty.net\/fi\/wp-json\/wp\/v2\/pages\/1174","targetHints":{"allow":["GET"]}}],"collection":[{"href":"https:\/\/www.livefooty.net\/fi\/wp-json\/wp\/v2\/pages"}],"about":[{"href":"https:\/\/www.livefooty.net\/fi\/wp-json\/wp\/v2\/types\/page"}],"author":[{"embeddable":true,"href":"https:\/\/www.livefooty.net\/fi\/wp-json\/wp\/v2\/users\/1"}],"replies":[{"embeddable":true,"href":"https:\/\/www.livefooty.net\/fi\/wp-json\/wp\/v2\/comments?post=1174"}],"version-history":[{"count":0,"href":"https:\/\/www.livefooty.net\/fi\/wp-json\/wp\/v2\/pages\/1174\/revisions"}],"wp:attachment":[{"href":"https:\/\/www.livefooty.net\/fi\/wp-json\/wp\/v2\/media?parent=1174"}],"curies":[{"name":"wp","href":"https:\/\/api.w.org\/{rel}","templated":true}]}}