{"id":1163,"date":"2023-08-06T08:34:34","date_gmt":"2023-08-06T08:34:34","guid":{"rendered":"https:\/\/www.livefooty.net\/?page_id=1163"},"modified":"2023-09-28T07:11:31","modified_gmt":"2023-09-28T07:11:31","slug":"bet365-live-lahetykset","status":"publish","type":"page","link":"https:\/\/www.livefooty.net\/fi\/bet365-live-lahetykset\/","title":{"rendered":"Bet365 live-l\u00e4hetykset"},"content":{"rendered":"<h2 class=\"wp-block-heading\">Live-urheilul\u00e4hetykset Bet365:n kautta<\/h2>\n\n\n\n<p>Jos haluat seurata viimeisimm\u00e4t jalkapallotapahtumat suorana l\u00e4hetyksen\u00e4 ty\u00f6p\u00f6yd\u00e4ll\u00e4si tai mobiililaitteellasi, Bet365 on online-urheiluvedonly\u00f6nti, johon haluat tutustua. Bet365:n live-suoratoisto on erinomaista!<\/p>\n\n\n\n<!--more-->\n\n\n\n<p><strong>Katsoa urheilua suorana internetin kautta<\/strong> on iso bisnes ja asia on, ett\u00e4 my\u00f6s suuret yritykset tiet\u00e4v\u00e4t sen! Yksi paljon katsotuista ja huomiotta j\u00e4tetyist\u00e4 tavoista katsella suosikkiurheiluasi verkossa (oli se sitten <strong>Jalkapallo, Golf, Tennis<\/strong> tai jotain muuta) on hy\u00f6dynt\u00e4\u00e4 n\u00e4iden suuryritysten tarjoamia suoria l\u00e4hetyksi\u00e4. BBC, ITV ja monet vedonv\u00e4litt\u00e4j\u00e4t eri laink\u00e4ytt\u00f6alueilla voivat tarjota urheilutapahtumien suoratoistoa verkossa. Mielest\u00e4ni vain yksi loistava esimerkki t\u00e4st\u00e4 (ja suosikkini) on Bet365. <strong>Bet365 live-l\u00e4hetykset<\/strong> tarjoavat j\u00e4senilleen p\u00e4\u00e4syn lukuisiin suoriin urheilulajeihin, mielest\u00e4ni n\u00e4m\u00e4 urheilustriimit ovat yleens\u00e4 eritt\u00e4in laadukkaita ja poistavat niin paljon &quot;miss\u00e4 voin katsoa t\u00e4t\u00e4?&quot; elementti live-urheilusta verkossa. Mahdollisesti urheiluvedonly\u00f6nnin luonteesta johtuen monet tapahtumat itsess\u00e4\u00e4n eiv\u00e4t ole sellaisia, joita n\u00e4kisit &quot;normaalissa&quot; televisiossa monissa maissa. T\u00e4ydellinen luettelo tapahtumista l\u00f6ytyy Bet365:n Live Streaming -sivulta. Ehdot voimassa, 18+<\/p>\n\n\n\n<p>Pelin sis\u00e4isen j\u00e4nnityksen lis\u00e4\u00e4miseksi bet365 suoratoistaa vuosittain yli 140 000 tapahtumaa suorana l\u00e4hetyksen\u00e4 tietokoneellesi, joten voit ly\u00f6d\u00e4 vetoa samalla, kun tapahtumat etenev\u00e4t. Kohokohtiin kuuluvat Masters Series -tennisturnaukset ja ottelut joistakin maailman parhaista jalkapalloliigoista. Jotta voit k\u00e4ytt\u00e4\u00e4 Live Streaming -palvelua, sinun on oltava kirjautuneena sis\u00e4\u00e4n ja sinulla on oltava rahoitettu tili tai sinun on pit\u00e4nyt ly\u00f6d\u00e4 vetoa viimeisen 24 tunnin aikana. Mik\u00e4 tahansa ottelu\/tapahtuma sivustollamme, jonka vieress\u00e4 on Play- tai Video-kuvake, on tarkoitus n\u00e4ytt\u00e4\u00e4 Live Streaming -l\u00e4hetyksen kautta. T&amp;Cs sovelletaan, 18+<\/p>\n\n\n\n<p>\u00c4l\u00e4k\u00e4 unohda innovatiivista Bet365 Live Golf Tracker -palvelua, jonka avulla voit paitsi katsoa suoraa striimi\u00e4 monien maailman suurimpien golfturnausten Par 3 -rei'ist\u00e4, my\u00f6s seurata kaikkea toimintaa reaaliajassa, mukaan lukien reikien ja viheri\u00f6iden pohjapiirrokset, t\u00e4m\u00e4nhetkiset sijoitukset ja sekunnin tarkkuudella paikkatiedot.<br>jokaiselle pelaajalle kent\u00e4ll\u00e4. Loistava.<\/p>\n\n\n\n<p><strong>Suoratoistaako Bet365 jalkapalloa liven\u00e4?<\/strong>  Bet365 on hyv\u00e4maineinen online-vedonly\u00f6ntiyritys, joka tarjoaa suoratoistoja jalkapallo-otteluista. T\u00e4m\u00e4 palvelu on saatavilla k\u00e4ytt\u00e4jille Yhdistyneess\u00e4 kuningaskunnassa, Irlannissa ja Italiassa. Yritys tarjoaa my\u00f6s useita muita urheilun suoratoistovaihtoehtoja, kuten kriketti, tennis ja rugby.  P\u00e4\u00e4st\u00e4kseen Bet365:n suoratoistopalveluun k\u00e4ytt\u00e4jien on ensin luotava tili ja vahvistettava henkil\u00f6llisyytens\u00e4. Kun he ovat kirjautuneet sis\u00e4\u00e4n, he voivat valita, mit\u00e4 otteluita he haluavat katsoa. Suoratoistopalvelua on saatavilla useimpiin otteluihin Isossa-Britanniassa ja Irlannissa sek\u00e4 joihinkin Italian Serie A:n ja Ligue 1:n otteluihin. Joitakin otteluita ei ehk\u00e4 ole saatavilla lisenssirajoitusten tai aikarajoitusten vuoksi.  Kaiken kaikkiaan Bet365:n suoratoistopalvelu on k\u00e4tev\u00e4 ja edullinen. Se on loistava vaihtoehto brittil\u00e4isille urheilufaneille, jotka haluavat seurata suosikkijoukkueitaan liikkeell\u00e4 tai niille, joilla ei ole kotona kaapeli- tai satelliittitelevisiota.  Et voi vain katsoa otteluita ymp\u00e4ri maailmaa suorana ja reaaliajassa, vaan voit my\u00f6s seurata Bet365:n suoratoistopalvelun avulla ottelua edelt\u00e4v\u00e4\u00e4 ja ottelun j\u00e4lkeist\u00e4 keskustelua - mik\u00e4 tarkoittaa, ett\u00e4 riippumatta siit\u00e4, mit\u00e4 kent\u00e4ll\u00e4 tapahtuu, olet aina ajan tasalla.<\/p>\n\n\n\n<p><strong>Kuinka katsoa live-l\u00e4hetyst\u00e4 Bet365:ss\u00e4?<\/strong>  Bet365:ll\u00e4 on muutamia tapoja katsoa live-striimej\u00e4. Helpoin tapa on yksinkertaisesti k\u00e4yd\u00e4 sivustolla ja valita suosikkiottelusi. Voit my\u00f6s k\u00e4ytt\u00e4\u00e4 sovellusta, joka on saatavilla sek\u00e4 Android- ett\u00e4 iOS-laitteille.Bet365 on yksi maailman johtavista online-vedonly\u00f6ntiyhti\u00f6ist\u00e4, ja se tarjoaa erilaisia live-striimausvaihtoehtoja. Halusitpa sitten seurata jalkapallo-ottelua tai muuta urheilutapahtumaa, Bet365:ll\u00e4 on sinulle sopiva suoratoistovaihtoehto.<\/p>\n\n\n\n<p><strong>Mik\u00e4 on Bet365:n live-suoratoistopalvelu?<\/strong>  Bet365 on johtava online-vedonly\u00f6ntiyritys, jolla on suoratoistopalvelu, jonka avulla k\u00e4ytt\u00e4j\u00e4t voivat seurata urheilutapahtumia, mukaan lukien jalkapallo-, kriketti- ja tennisotteluita, niiden tapahtuessa. Palvelu on saatavilla p\u00f6yt\u00e4koneille ja mobiililaitteille ja tarjoaa erilaisia ominaisuuksia, kuten mahdollisuuden seurata useita pelej\u00e4 kerralla ja keskustella muiden katsojien kanssa. Bet365 tarjoaa my\u00f6s vedonly\u00f6ntivinkkej\u00e4 ja markkinan\u00e4kemyksi\u00e4, mik\u00e4 tekee siit\u00e4 ihanteellisen tietol\u00e4hteen urheilupelaamisesta kiinnostuneille.<\/p>\n\n\n\n<p><strong>Miten Bet365:n live-suoratoisto toimii?<\/strong>  Bet365 on yksi maailman johtavista online-vedonly\u00f6ntiyrityksist\u00e4 ja tarjoaa laajan valikoiman vedonly\u00f6ntivaihtoehtoja, mukaan lukien live-suoratoisto. Kun kirjaudut Bet365:een, voit katsoa vetosi reaaliajassa tai tarkistaa ne j\u00e4lkik\u00e4teen. Suoratoisto Bet365:ll\u00e4 on yksinkertaista ja suoraviivaista: avaa vedonly\u00f6ntiikkuna ja napsauta &quot;Katso liven\u00e4&quot; -painiketta. Voit my\u00f6s k\u00e4ytt\u00e4\u00e4 suoratoistoominaisuutta seurataksesi suosikkiurheilujoukkueitasi tai -pelaajiasi pelatessasi.<\/p>\n\n\n\n<p><strong>Onko Bet365-suoratoisto ilmaista?<\/strong>  Kyll\u00e4, Bet365:n suoratoistopalvelun k\u00e4ytt\u00f6 on ilmaista.  On kuitenkin joitain rajoituksia sen suhteen, mit\u00e4 voi suoratoistaa ja kuinka kauan. Suora suoratoisto ei esimerkiksi ole k\u00e4ytett\u00e4viss\u00e4 tietyiss\u00e4 urheilutapahtumissa, kuten Englannin Valioliigassa ja La Ligassa. Lis\u00e4ksi suoratoisto on saatavilla vain asiakkaille, joilla on kelpoisuusehdot t\u00e4ytt\u00e4v\u00e4 tili.<\/p>\n\n\n\n<p><strong>Kuinka katsella live-l\u00e4hetyst\u00e4 Bet365:ss\u00e4?<\/strong>  Bet365 on yksi suosituimmista online-vedonly\u00f6ntisivustoista, ja se tarjoaa suoratoistopalvelun, jonka avulla voit seurata kaikkea toimintaa tietokoneelta, tabletilta tai puhelimelta. Voit k\u00e4ytt\u00e4\u00e4 palvelua yksinkertaisesti klikkaamalla sivuston p\u00e4\u00e4valikossa olevaa \"Live Streaming\" -linkki\u00e4 ja valitsemalla haluamasi laitteen. Sen j\u00e4lkeen p\u00e4\u00e4set katsomaan kaikkia live-striimej\u00e4 ja voit olla vuorovaikutuksessa muiden katsojien kanssa chat-huoneissa tai foorumeilla. Voit my\u00f6s ly\u00f6d\u00e4 vetoja live-striimej\u00e4 katsellessasi, joten Bet365:n suoratoistopalvelua k\u00e4ytt\u00e4ess\u00e4si ei ole koskaan tyls\u00e4\u00e4.Bet365:n live-striimej\u00e4 katsellaksesi asiakkaiden on kirjauduttava sis\u00e4\u00e4n tai luotava tili. Kirjautumisen j\u00e4lkeen asiakkaat voivat valita tapahtuman, jota he haluavat katsoa.<\/p>\n\n\n\n<p><strong>Kuinka Bet365-suoratoisto toimii mobiililaitteilla?<\/strong>  Bet365:n suoratoisto toimii mobiililaitteilla, ja k\u00e4ytt\u00e4j\u00e4t voivat seurata bet365-otteluita ja -turnauksia sovelluksen kautta. Sovellus on saatavilla sek\u00e4 Android- ett\u00e4 iOS-laitteille, joten k\u00e4ytt\u00e4jien on helppo k\u00e4ytt\u00e4\u00e4 suosikkisis\u00e4lt\u00f6\u00e4\u00e4n. Avaa vain Bet365-sovellus ja valitse ottelu tai turnaus, jota haluat katsoa. Sen j\u00e4lkeen voit seurata toimintaa sit\u00e4 mukaa kuin se tapahtuu, eik\u00e4 kaapelitilausta tai muuta ohjelmistoa tarvita.<\/p>","protected":false},"excerpt":{"rendered":"<p>Live Sports Streams With Bet365 If you&#8217;re looking to catch a live stream of the latest football action on your desktop or mobile device, then Bet365 is the online sports book you want to check out, Bet365 live streaming is excellent!<\/p>","protected":false},"author":1,"featured_media":0,"parent":0,"menu_order":0,"comment_status":"closed","ping_status":"closed","template":"","meta":{"footnotes":""},"class_list":["post-1163","page","type-page","status-publish","hentry"],"_links":{"self":[{"href":"https:\/\/www.livefooty.net\/fi\/wp-json\/wp\/v2\/pages\/1163","targetHints":{"allow":["GET"]}}],"collection":[{"href":"https:\/\/www.livefooty.net\/fi\/wp-json\/wp\/v2\/pages"}],"about":[{"href":"https:\/\/www.livefooty.net\/fi\/wp-json\/wp\/v2\/types\/page"}],"author":[{"embeddable":true,"href":"https:\/\/www.livefooty.net\/fi\/wp-json\/wp\/v2\/users\/1"}],"replies":[{"embeddable":true,"href":"https:\/\/www.livefooty.net\/fi\/wp-json\/wp\/v2\/comments?post=1163"}],"version-history":[{"count":0,"href":"https:\/\/www.livefooty.net\/fi\/wp-json\/wp\/v2\/pages\/1163\/revisions"}],"wp:attachment":[{"href":"https:\/\/www.livefooty.net\/fi\/wp-json\/wp\/v2\/media?parent=1163"}],"curies":[{"name":"wp","href":"https:\/\/api.w.org\/{rel}","templated":true}]}}