{"id":1141,"date":"2023-08-06T08:01:12","date_gmt":"2023-08-06T08:01:12","guid":{"rendered":"https:\/\/livefooty.net\/?page_id=1141"},"modified":"2025-10-14T09:58:51","modified_gmt":"2025-10-14T09:58:51","slug":"live-football-other-sports-online-news-and-games","status":"publish","type":"page","link":"https:\/\/www.livefooty.net\/fi\/","title":{"rendered":"Live-jalkapallo ja muut urheilulajit verkossa \u2013 uutisia ja pelej\u00e4"},"content":{"rendered":"<h2 class=\"wp-block-heading\">Mist\u00e4 katsoa liven\u00e4 jalkapalloa, tennist\u00e4, dartsia jne<\/h2>\n\n\n\n<figure class=\"wp-block-image size-full is-style-rounded\"><img decoding=\"async\" width=\"1024\" height=\"683\" src=\"https:\/\/www.livefooty.net\/wp-content\/uploads\/2023\/08\/live-footy.jpg\" alt=\"Live Footy\" class=\"wp-image-1322\" title=\"\" srcset=\"https:\/\/www.livefooty.net\/wp-content\/uploads\/2023\/08\/live-footy.jpg 1024w, https:\/\/www.livefooty.net\/wp-content\/uploads\/2023\/08\/live-footy-300x200.jpg 300w, https:\/\/www.livefooty.net\/wp-content\/uploads\/2023\/08\/live-footy-768x512.jpg 768w, https:\/\/www.livefooty.net\/wp-content\/uploads\/2023\/08\/live-footy-18x12.jpg 18w, https:\/\/www.livefooty.net\/wp-content\/uploads\/2023\/08\/live-footy-665x444.jpg 665w, https:\/\/www.livefooty.net\/wp-content\/uploads\/2023\/08\/live-footy-390x260.jpg 390w\" sizes=\"(max-width: 1024px) 100vw, 1024px\" \/><\/figure>\n\n\n\n<p>Internet ei ole vain Facebookia ja pornoa varten, vaan kyberavaruudessa tapahtuu itse asiassa hy\u00f6dyllisi\u00e4 asioita! Yksi hy\u00f6dyllisimmist\u00e4 urheilun yst\u00e4ville on mahdollisuus katsoa aitoja, laillisia ja valtuutettuja suoria urheilustriimej\u00e4 verkossa maksullisilta l\u00e4hetyskumppaneilta. Siit\u00e4, mik\u00e4 alkoi vakavalle techno-n\u00f6rteille ja ymp\u00e4rill\u00e4 oleville n\u00f6rteille, on tullut hyvin valtavirtaa, ja sit\u00e4 monet ihmiset tekev\u00e4t viikoittain katsoakseen enemm\u00e4n jalkapalloa liven\u00e4. Sinun ei tarvitse vaarantaa tietokonettasi, puhumme t\u00e4\u00e4ll\u00e4 vain virallisista streameista.<\/p>\n\n\n\n<!--more-->\n\n\n\n<hr class=\"wp-block-separator has-alpha-channel-opacity\"\/>\n\n\n\n<p><\/p>\n\n\n\n<hr class=\"wp-block-separator has-alpha-channel-opacity\"\/>\n\n\n\n<h2 class=\"wp-block-heading\">Vedonv\u00e4litt\u00e4j\u00e4t<\/h2>\n\n\n\n<p>Yh\u00e4 kasvava m\u00e4\u00e4r\u00e4 online-vedonv\u00e4litt\u00e4ji\u00e4 on alkanut tarjota live-l\u00e4hetyksi\u00e4 eri urheilulajeista, mukaan lukien tietysti yh\u00e4 suositumpi jalkapallo, mukaan lukien huippuottelut suurilta Euroopan liigoilta. Vaikka s\u00e4\u00e4nn\u00f6t vaihtelevat vedonv\u00e4litt\u00e4j\u00e4st\u00e4 toiseen (jotkut vaativat talletuksia ja toiset saattavat jopa vaatia vedonly\u00f6nnin tiettyyn tapahtumaan katsoakseen sen), lopputulos on sama, ammattitason live-l\u00e4hetyksi\u00e4 monista urheilutapahtumista, joita et vain saisi. n\u00e4hd\u00e4 mill\u00e4\u00e4n muulla tavalla. Teknisesti se on yksinkertaista, ei sen monimutkaisempaa kuin Youtube-videon katsominen. Upotettua videosoitinta k\u00e4ytet\u00e4\u00e4n n\u00e4ytt\u00e4m\u00e4\u00e4n suoria urheilul\u00e4hetyksi\u00e4 ja t\u00e4m\u00e4n vuoksi se on mahdollista katsoa verkkoselaimien 99%-muodossa, ainoa ongelma saattaa johtua joistakin Applen laitteista, miksi ne eiv\u00e4t tue Flashia, on kukaan arvaamaton. Ainoa muu rajoitus, josta puhutaan, on se, ett\u00e4 jotkin tapahtumat ovat maantieteellisesti rajoitettuja tiettyjen maiden l\u00e4hetysoikeuksista riippuen. Mutta vedonv\u00e4litt\u00e4j\u00e4t ovat silti erinomainen tapa katsoa enemm\u00e4n jalkapalloa liven\u00e4 kuin mit\u00e4 muuten koskaan n\u00e4kisit.<\/p>\n\n\n\n<figure class=\"wp-block-image size-large is-style-default\"><img decoding=\"async\" width=\"1024\" height=\"318\" src=\"https:\/\/www.livefooty.net\/wp-content\/uploads\/2023\/08\/live-footy-online-1024x318.jpg\" alt=\"live footy verkossa\" class=\"wp-image-1324\" title=\"\" srcset=\"https:\/\/www.livefooty.net\/wp-content\/uploads\/2023\/08\/live-footy-online-1024x318.jpg 1024w, https:\/\/www.livefooty.net\/wp-content\/uploads\/2023\/08\/live-footy-online-300x93.jpg 300w, https:\/\/www.livefooty.net\/wp-content\/uploads\/2023\/08\/live-footy-online-768x238.jpg 768w, https:\/\/www.livefooty.net\/wp-content\/uploads\/2023\/08\/live-footy-online-18x6.jpg 18w, https:\/\/www.livefooty.net\/wp-content\/uploads\/2023\/08\/live-footy-online-665x206.jpg 665w, https:\/\/www.livefooty.net\/wp-content\/uploads\/2023\/08\/live-footy-online-838x260.jpg 838w, https:\/\/www.livefooty.net\/wp-content\/uploads\/2023\/08\/live-footy-online.jpg 1080w\" sizes=\"(max-width: 1024px) 100vw, 1024px\" \/><\/figure>\n\n\n\n<h2 class=\"wp-block-heading\">L\u00e4hett\u00e4j\u00e4t<\/h2>\n\n\n\n<p>Kesti jonkin aikaa, mutta he ovat vihdoin alkaneet n\u00e4hd\u00e4 valoa. Verkko on t\u00e4ydellinen v\u00e4line urheilun avaamiseen useammille ihmisille ja katsojalukujen sek\u00e4 mainonnan tulojen kasvattamiseen. Tietysti se, mit\u00e4 on saatavilla, vaihtelee suuresti maittain, mutta trendi on edelleen positiivinen urheilun yst\u00e4vien kannalta, pikkuhiljaa n\u00e4emme enemm\u00e4n urheilulajeja liven\u00e4 verkossa. Isossa-Britanniassa erityisesti BBC tarjoaa erinomaisia suoria urheilul\u00e4hetyksi\u00e4 verkossa, ja Formula 1 tarvitsi erityismaininnan jo aikoinaan. T\u00e4rke\u00e4t harjoitukset, jotka olivat aikoinaan vain 30 sekuntia edelt\u00e4v\u00e4n karsinnan yhteenvetokolikkopeli\u00e4, n\u00e4ytettiin liven\u00e4 verkossa. Se oli alku prosessille, joka johdatti kaikki nostamaan peli\u00e4\u00e4n. Voit my\u00f6s olla varma, ett\u00e4 jokainen jalkapallo-ottelu, jonka BBC kattaa, n\u00e4ytet\u00e4\u00e4n suorana my\u00f6s verkossa. T\u00e4m\u00e4 on korvaamaton palvelu, kun olet jumissa t\u00f6iss\u00e4 tai poissa television \u00e4\u00e4rest\u00e4. Skylla on jopa NowTV-palvelu (he vain rakastavat Manchester Unitedin, Liverpoolin, Chelsean ja Arsenalin pelien n\u00e4ytt\u00e4mist\u00e4!), jonka avulla voit katsoa Sky Sports -toimintaa suorana mobiililaitteellasi alennettuun tilaushintaan. On viel\u00e4 alkup\u00e4ivi\u00e4 ja matkaa on viel\u00e4 pitk\u00e4, mutta olemme pikkuhiljaa perill\u00e4, varmasti on vain ajan kysymys, milloin voimme katsoa KAIKKI jalkapallo-ottelut suorana verkossa?<\/p>\n\n\n\n<h3 class=\"wp-block-heading\">Uusin Footy Goings-On<\/h3>\n\n\n\n<p>[scu name=\"event-summary\"]<\/p>\n\n\n\n<hr class=\"wp-block-separator has-alpha-channel-opacity\"\/>\n\n\n\n<h3 class=\"wp-block-heading\">Live jalkapallouutiset<\/h3>\n\n\n\n<p>[scu name=\"rss-feed\"]<\/p>","protected":false},"excerpt":{"rendered":"<p>Where To Watch Live Football, Tennis, Darts etc The internet isn&#8217;t just for Facebook and porn, there are actually some useful things going on out there in cyberspace! One of the most useful for sports fans is the ability to watch genuine, legitimate, authorised live sports streams online from paid up broadcast partners. What started [&hellip;]<\/p>","protected":false},"author":1,"featured_media":0,"parent":0,"menu_order":0,"comment_status":"closed","ping_status":"closed","template":"","meta":{"footnotes":""},"class_list":["post-1141","page","type-page","status-publish","hentry"],"_links":{"self":[{"href":"https:\/\/www.livefooty.net\/fi\/wp-json\/wp\/v2\/pages\/1141","targetHints":{"allow":["GET"]}}],"collection":[{"href":"https:\/\/www.livefooty.net\/fi\/wp-json\/wp\/v2\/pages"}],"about":[{"href":"https:\/\/www.livefooty.net\/fi\/wp-json\/wp\/v2\/types\/page"}],"author":[{"embeddable":true,"href":"https:\/\/www.livefooty.net\/fi\/wp-json\/wp\/v2\/users\/1"}],"replies":[{"embeddable":true,"href":"https:\/\/www.livefooty.net\/fi\/wp-json\/wp\/v2\/comments?post=1141"}],"version-history":[{"count":1,"href":"https:\/\/www.livefooty.net\/fi\/wp-json\/wp\/v2\/pages\/1141\/revisions"}],"predecessor-version":[{"id":3083,"href":"https:\/\/www.livefooty.net\/fi\/wp-json\/wp\/v2\/pages\/1141\/revisions\/3083"}],"wp:attachment":[{"href":"https:\/\/www.livefooty.net\/fi\/wp-json\/wp\/v2\/media?parent=1141"}],"curies":[{"name":"wp","href":"https:\/\/api.w.org\/{rel}","templated":true}]}}