{"id":1704,"date":"2024-02-29T11:08:03","date_gmt":"2024-02-29T11:08:03","guid":{"rendered":"https:\/\/www.livefooty.net\/?page_id=1704"},"modified":"2024-03-07T15:50:30","modified_gmt":"2024-03-07T15:50:30","slug":"fa-cup-en-directo-online","status":"publish","type":"page","link":"https:\/\/www.livefooty.net\/es\/fa-cup-en-directo-online\/","title":{"rendered":"FA Cup - Cobertura en directo por Internet de la FA Cup"},"content":{"rendered":"<p>El <b>Copa FA<\/b> es la mejor competici\u00f3n de copa de clubes del f\u00fatbol mundial, \u00bfqui\u00e9n no ve la <b>Final de la FA Cup<\/b>? Tiene m\u00e1s de 100 a\u00f1os de tradici\u00f3n y ocupa un lugar especial en el coraz\u00f3n de muchos aficionados al f\u00fatbol.  La Copa de las sorpresas es un espect\u00e1culo tan rom\u00e1ntico ahora como lo ha sido siempre.  Para los seguidores del f\u00fatbol ingl\u00e9s, la final de la Copa de Inglaterra es uno de los acontecimientos futbol\u00edsticos m\u00e1s destacados del a\u00f1o, y conseguir entradas para este partido es realmente dif\u00edcil.  Si vives en el Reino Unido, podr\u00e1s ver en directo por televisi\u00f3n la mayor\u00eda de los partidos de la FA Cup a trav\u00e9s de la BBC y BT Sport, pero en otros lugares te resultar\u00e1 dif\u00edcil conseguir entradas. Aqu\u00ed tienes m\u00e1s informaci\u00f3n sobre la <a href=\"https:\/\/en.wikipedia.org\/wiki\/FA_Cup\" target=\"_blank\" rel=\"noopener\">historia de la FA Cup<\/a>.\n\t<\/p>\n\n\n\n<!--more-->\n\n\n\n<p> <\/p>\n\n\n<div class=\"wp-block-image is-style-rounded\">\n<figure class=\"aligncenter size-full\"><img decoding=\"async\" width=\"600\" height=\"451\" src=\"https:\/\/www.livefooty.net\/wp-content\/uploads\/2024\/02\/FA-Cup-Football.jpg\" alt=\"Trofeo de la FA Cup - V\u00e9alo en directo\" class=\"wp-image-1705\" title=\"\" srcset=\"https:\/\/www.livefooty.net\/wp-content\/uploads\/2024\/02\/FA-Cup-Football.jpg 600w, https:\/\/www.livefooty.net\/wp-content\/uploads\/2024\/02\/FA-Cup-Football-300x226.jpg 300w, https:\/\/www.livefooty.net\/wp-content\/uploads\/2024\/02\/FA-Cup-Football-16x12.jpg 16w, https:\/\/www.livefooty.net\/wp-content\/uploads\/2024\/02\/FA-Cup-Football-346x260.jpg 346w\" sizes=\"(max-width: 600px) 100vw, 600px\" \/><\/figure><\/div>\n\n\n<p> La primera ronda de la FA Cup 2016\/2017 comienza el fin de semana del 4 de noviembre.  Es una gran oportunidad para aquellos equipos que no juegan en la liga y que han luchado por superar las rondas preliminares para enfrentarse a rivales de la liga y dar buena cuenta de s\u00ed mismos.  Para algunos, la oportunidad de aparecer en la televisi\u00f3n nacional cuando est\u00e1n acostumbrados a jugar ante cientos de espectadores es lo m\u00e1s importante en esta fase de la competici\u00f3n.  El primero en dar la sorpresa es el Eastleigh, que recibe al Swindon Town. La BBC no habr\u00eda elegido este partido para su cobertura del viernes por la noche a menos que hubiera una \"posibilidad\" de dar la sorpresa, \u00a1y va a ser muy interesante ver c\u00f3mo les va! <\/p>\n\n\n\n<p> Aqu\u00ed estamos en la 4\u00aa Ronda y todav\u00eda hay 2 equipos de fuera de la liga luchando por la oportunidad de la gloria.  El Sutton United recibe al Leeds United en un partido en el que estoy seguro de que en el fondo de sus mentes tomar\u00edan un empate por la oportunidad de jugar en Elland Road.  El Lincoln, por su parte, recibe al Brighton.  Para ser honestos, ambos equipos no ligueros tendr\u00e1n muchas posibilidades de pasar, ya que han causado varias sorpresas entre ellos, y con la ventaja de jugar en casa, \u00bfqui\u00e9n sabe?  El premio de una gran oportunidad de uno de los grandes de la Premier League en la siguiente ronda tiene que ser un gran incentivo para ellos. <br><\/p>\n\n\n\n<p>Despu\u00e9s de una 4\u00aa ronda bastante seria en t\u00e9rminos de sorpresas en la FA Cup, todo el mundo est\u00e1 deseando que llegue la 5\u00aa ronda de este a\u00f1o.  El \u00fanico problema es que, despu\u00e9s de tantas sorpresas, a veces nos encontramos con un calendario bastante aburrido.  Sin embargo, esta vez no ser\u00e1 as\u00ed, ya que el Manchester United visitar\u00e1 al Chelsea el lunes 18 de junio.  La OGS se preguntar\u00e1 qu\u00e9 tiene que hacer para tomarse un respiro despu\u00e9s de viajar a casa del Arsenal en la 4\u00aa jornada.  El otro partido destacado es el del vigente campe\u00f3n de la Premier League, el Manchester City, que visitar\u00e1 al Newport County, una experiencia totalmente nueva para muchos de sus jugadores. <br><\/p>\n\n\n\n<p>La 3\u00aa ronda de la FA Cup es el momento en el que los sue\u00f1os se hacen realidad o se rompen, los modestos de las ligas inferiores pueden tener la oportunidad de jugar contra sus grandes rivales de la Premier League y, como todo el mundo sabe, las sorpresas ocurren en la FA Cup.  Aunque el sorteo de la 3\u00aa ronda de este a\u00f1o no ha deparado muchas historias potencialmente mortales, todav\u00eda hay muchos partidos en los que se puede producir una sorpresa.  El Reading, un equipo de la Championship de altos vuelos, viaja a Old Trafford (otra vez), el Wolves intentar\u00e1 aprovecharse del Liverpool, que acaba de perder por primera vez en lo que parece una eternidad.  El Nottingham Forest podr\u00eda dar la campanada contra un Chelsea al que le cuesta marcar. Pero para los verdaderos rom\u00e1nticos de la FA Cup y lo que mucha gente ver\u00e1 como la eliminatoria de la ronda es el partido entre Accrington Stanley (\u00bfQui\u00e9nes son? \u00a1Exactamente!) e Ipswich. <br><\/p>\n\n\n\n<p>La 6\u00aa ronda de la FA Cup est\u00e1 a punto de llegar, o como nos gusta llamarla a los anticuados, los cuartos de final.  Ahora mismo, si eres aficionado del Liverpool, debes estar frot\u00e1ndote las manos de alegr\u00eda.  Con tantas sorpresas ya en la FA Cup de este a\u00f1o, \u00bfqu\u00e9 posibilidades hay de que los dos mejores equipos de la competici\u00f3n se enfrenten entre s\u00ed en los cuartos de final?  En cualquier caso, el Manchester United o el Arsenal van a quedar eliminados de la competici\u00f3n, y por su trayectoria reciente hay que apostar fuerte por los gunners, incluso en Old Trafford. Con la forma en que est\u00e1 jugando el United, la verdadera pregunta es si alguien seguir\u00e1 despierto cuando suene el pitido final.  El Bradford-Leading garantiza que un equipo de la liga inferior llegar\u00e1 a semifinales este a\u00f1o.  S\u00f3lo queda el derbi de las Midlands entre el Villa y el West Brom, una repetici\u00f3n del reciente y re\u00f1ido partido de la Premier League.  \u00bfC\u00f3mo rendir\u00e1 el Villa en la Copa cuando la supervivencia en la liga tiene que ser la prioridad de Tim Sherwood?  Si yo fuera un hombre de apuestas, apostar\u00eda por una semifinal en la que se vieran las caras el Reading, el West Brom, el Liverpool y el Arsenal, pero viendo c\u00f3mo han ido las cosas en la FA Cup de este a\u00f1o, no me sorprender\u00eda que ocurriera todo lo contrario. <br><\/p>\n\n\n\n<p> Despu\u00e9s de lo que oficialmente ha sido el torneo de la Copa de Inglaterra M\u00c1S LARGO de la historia, por fin hemos llegado a la fase final.  Creo que todo el mundo se alegrar\u00e1 de ver el final de esta temporada, pero la mayor\u00eda ha conseguido lo que deseaba: una final de derbi.  Aunque la mayor\u00eda de la gente pensaba que ser\u00eda un derbi de Manchester cuando se anunci\u00f3 el sorteo de semifinales, el Arsenal y el Chelsea se impusieron a los equipos m\u00e1s en forma de la m\u00e1xima categor\u00eda.  Una clase magistral de t\u00e1ctica por parte del Arsenal acab\u00f3 con el City, y el United no dio la cara ante un Chelsea que sac\u00f3 todo el partido posible.  As\u00ed que nos queda un derbi londinense, ya que el Chelsea se enfrentar\u00e1 al Arsenal en la final de la Copa de Inglaterra 2020.  \u00bfC\u00f3mo de extra\u00f1o va a ser que no haya aficionados en el estadio el d\u00eda de la final de la FA Cup?  Much\u00edsimo.  Sin embargo, una cosa es segura y es que los pubs estar\u00e1n muy concurridos. <br><\/p>\n\n\n\n<p> Gracias a la retransmisi\u00f3n en directo, ahora es posible ver toda la acci\u00f3n de tu FA Cup favorita en directo.  Con tantos partidos que se celebran al mismo tiempo, es dif\u00edcil, incluso en esta \u00e9poca de televisi\u00f3n interactiva, que todos los equipos favoritos de los aficionados salgan en la tele. Dado que la FA Cup es muy popular, suele haber una amplia cobertura online en directo de muchos de los partidos de la FA Cup (la BBC y BT Sport ofrecen una buena cobertura online en el Reino Unido).  Por otra parte, las casas de apuestas<a title=\"\" href=\"https:\/\/www.livefooty.net\/es\/william-hill-tv-transmisiones-en-vivo-ver-en-vivo-en-linea\/\"> a veces cubren un gran n\u00famero de partidos de la FA Cup en directo por Internet<\/a>especialmente en las primeras rondas. Y no se olvide si usted no puede ver en vivo a continuaci\u00f3n, la BBC cubre casi todos los partidos con la cobertura de radio local, s\u00f3lo echa un vistazo a lo siguiente <a href=\"https:\/\/www.bbc.co.uk\/sport\/0\/football\/13629210\" target=\"_blank\" rel=\"noopener\">Enlace de radio en directo de la FA Cup<\/a>. <\/p>\n\n\n\n<p>[scu name=&#8221;fa-cup&#8221;]<\/p>\n\n\n\n<h3 class=\"wp-block-heading\">FA Cup Footy Gossip &amp; Views<\/h3>\n\n\n\n<p>[scu name=&#8221;event-summary&#8221;]<\/p>\n\n\n\n<hr class=\"wp-block-separator has-alpha-channel-opacity\"\/>\n\n\n\n<h3 class=\"wp-block-heading\">Noticias en directo de la FA Cup<\/h3>\n\n\n\n<p>[scu name=\"rss-feed\"]<\/p>","protected":false},"excerpt":{"rendered":"<p>The FA Cup is the best club cup competition in world football, who doesn&#8217;t watch the FA Cup final? It has a tradition spanning over 100 years and holds a special place in the hearts of many football fans. The cup of upsets is as romantic a spectacle now as it ever was. For followers [&hellip;]<\/p>","protected":false},"author":1,"featured_media":0,"parent":0,"menu_order":0,"comment_status":"closed","ping_status":"closed","template":"","meta":{"footnotes":""},"class_list":["post-1704","page","type-page","status-publish","hentry"],"_links":{"self":[{"href":"https:\/\/www.livefooty.net\/es\/wp-json\/wp\/v2\/pages\/1704","targetHints":{"allow":["GET"]}}],"collection":[{"href":"https:\/\/www.livefooty.net\/es\/wp-json\/wp\/v2\/pages"}],"about":[{"href":"https:\/\/www.livefooty.net\/es\/wp-json\/wp\/v2\/types\/page"}],"author":[{"embeddable":true,"href":"https:\/\/www.livefooty.net\/es\/wp-json\/wp\/v2\/users\/1"}],"replies":[{"embeddable":true,"href":"https:\/\/www.livefooty.net\/es\/wp-json\/wp\/v2\/comments?post=1704"}],"version-history":[{"count":2,"href":"https:\/\/www.livefooty.net\/es\/wp-json\/wp\/v2\/pages\/1704\/revisions"}],"predecessor-version":[{"id":1746,"href":"https:\/\/www.livefooty.net\/es\/wp-json\/wp\/v2\/pages\/1704\/revisions\/1746"}],"wp:attachment":[{"href":"https:\/\/www.livefooty.net\/es\/wp-json\/wp\/v2\/media?parent=1704"}],"curies":[{"name":"wp","href":"https:\/\/api.w.org\/{rel}","templated":true}]}}