{"id":1441,"date":"2023-09-19T18:37:41","date_gmt":"2023-09-19T18:37:41","guid":{"rendered":"https:\/\/www.livefooty.net\/?page_id=1441"},"modified":"2023-09-19T19:13:18","modified_gmt":"2023-09-19T19:13:18","slug":"europa-league-live-footy","status":"publish","type":"page","link":"https:\/\/www.livefooty.net\/es\/europa-league-live-footy\/","title":{"rendered":"F\u00fatbol en vivo de la Europa League"},"content":{"rendered":"<p> El <b>Liga Europea<\/b> es una competici\u00f3n anual de f\u00fatbol de clubes organizada por la Uni\u00f3n de Asociaciones Europeas de F\u00fatbol (UEFA) para el segundo nivel de clubes de f\u00fatbol de Europa. Hay varias formas de ingresar a la Europa League, incluido no terminar lo suficientemente alto en una liga nacional para calificar. para la Liga de Campeones, caer en las rondas preliminares de la Liga de Campeones o terminar tercero en un grupo de la Liga de Campeones. Sin embargo, todav\u00eda est\u00e1 clasificado como un trofeo de club importante y algunos de los equipos m\u00e1s importantes de Europa est\u00e1n orgullosos de su r\u00e9cord en el segundo nivel de la competici\u00f3n de clubes europea. Una cosa realmente notable es la forma en que la liga se ha expandido en los \u00faltimos tiempos a medida que los \u00f3rganos rectores deportivos buscan m\u00e1s formas de exprimir el dinero televisivo de las manos de los suscriptores y llevarlo a los clubes. Si bien el f\u00fatbol de los jueves por la noche no es lo que la mayor\u00eda de los equipos aspiran, el dinero extra y la posibilidad de ganar un trofeo importante del club siempre valen la pena. <\/p>\n\n\n\n<!--more-->\n\n\n\n<figure class=\"wp-block-image size-full is-style-rounded\"><img decoding=\"async\" width=\"800\" height=\"489\" src=\"https:\/\/www.livefooty.net\/wp-content\/uploads\/2023\/09\/Europa-League-Footy.jpg\" alt=\"F\u00fatbol en vivo de la Europa League\" class=\"wp-image-1458\" title=\"\" srcset=\"https:\/\/www.livefooty.net\/wp-content\/uploads\/2023\/09\/Europa-League-Footy.jpg 800w, https:\/\/www.livefooty.net\/wp-content\/uploads\/2023\/09\/Europa-League-Footy-300x183.jpg 300w, https:\/\/www.livefooty.net\/wp-content\/uploads\/2023\/09\/Europa-League-Footy-768x469.jpg 768w, https:\/\/www.livefooty.net\/wp-content\/uploads\/2023\/09\/Europa-League-Footy-18x12.jpg 18w, https:\/\/www.livefooty.net\/wp-content\/uploads\/2023\/09\/Europa-League-Footy-665x406.jpg 665w, https:\/\/www.livefooty.net\/wp-content\/uploads\/2023\/09\/Europa-League-Footy-425x260.jpg 425w\" sizes=\"(max-width: 800px) 100vw, 800px\" \/><\/figure>\n\n\n\n<p>Si bien es posible <b>ver la Europa League por internet<\/b> En ciertas partes del Reino Unido, dado que BT Sports ahora tiene derechos exclusivos para toda la Europa League, no ser\u00e1 nada barato a menos que viva en un \u00e1rea con acceso a BT Broadband. El resto tiene que pagar el doble beneficio de un paquete deportivo Sky plus BT. Dependiendo de en qu\u00e9 otro lugar del mundo vivas, tendr\u00e1s mucho mejor acceso en l\u00ednea a la Europa League, con muchos lugares que muestran los juegos de forma gratuita. De hecho, incluso en el resto de Europa el acceso es mucho mejor que el que se ofrece en el Reino Unido. <\/p>\n\n\n\n<p>[scu name=&#8221;europa-league&#8221;]<\/p>","protected":false},"excerpt":{"rendered":"<p>The Europa League is an annual club football competition organised by the Union of European Football Associations (UEFA) for the second tier of football clubs in Europe, there are several ways of being entered in to the Europa League including not finishing high enough in a domestic league to qualify for the Champions League, failing [&hellip;]<\/p>","protected":false},"author":1,"featured_media":0,"parent":0,"menu_order":0,"comment_status":"closed","ping_status":"closed","template":"","meta":{"footnotes":""},"class_list":["post-1441","page","type-page","status-publish","hentry"],"_links":{"self":[{"href":"https:\/\/www.livefooty.net\/es\/wp-json\/wp\/v2\/pages\/1441","targetHints":{"allow":["GET"]}}],"collection":[{"href":"https:\/\/www.livefooty.net\/es\/wp-json\/wp\/v2\/pages"}],"about":[{"href":"https:\/\/www.livefooty.net\/es\/wp-json\/wp\/v2\/types\/page"}],"author":[{"embeddable":true,"href":"https:\/\/www.livefooty.net\/es\/wp-json\/wp\/v2\/users\/1"}],"replies":[{"embeddable":true,"href":"https:\/\/www.livefooty.net\/es\/wp-json\/wp\/v2\/comments?post=1441"}],"version-history":[{"count":0,"href":"https:\/\/www.livefooty.net\/es\/wp-json\/wp\/v2\/pages\/1441\/revisions"}],"wp:attachment":[{"href":"https:\/\/www.livefooty.net\/es\/wp-json\/wp\/v2\/media?parent=1441"}],"curies":[{"name":"wp","href":"https:\/\/api.w.org\/{rel}","templated":true}]}}