{"id":1341,"date":"2023-08-22T09:14:43","date_gmt":"2023-08-22T09:14:43","guid":{"rendered":"https:\/\/www.livefooty.net\/?page_id=1341"},"modified":"2023-09-19T10:57:14","modified_gmt":"2023-09-19T10:57:14","slug":"futbol-ligue-1-en-vivo","status":"publish","type":"page","link":"https:\/\/www.livefooty.net\/es\/futbol-ligue-1-en-vivo\/","title":{"rendered":"F\u00fatbol de la Liga 1 en vivo"},"content":{"rendered":"<p> Puede que Francia sea campeona del mundo, pero lo que quiz\u00e1 no sepas es que la Ligue 1 es la liga que m\u00e1s ha mejorado en Europa, \u00a1aunque ellos mismos lo digan! A menudo ridiculizada como una liga de desarrollo en el mejor de los casos e insignificante en el peor, la Ligue 1 ha pasado por momentos dif\u00edciles para deshacerse de su reputaci\u00f3n como una competici\u00f3n de segundo nivel, lo que ha llevado a la poco halagadora descripci\u00f3n de Farmers League (Desafortunadamente para el f\u00fatbol franc\u00e9s, los mejores jugadores tienden a no permanecen demasiado tiempo y la Ligue 1 ha sido reconocida durante mucho tiempo como un terreno productivo para j\u00f3venes que se convertir\u00e1n en algunos de los futbolistas m\u00e1s destacados del mundo). Sin embargo, la Ligue 1 est\u00e1 repleta de clubes de primera clase: Paris Saint Germain, Marsella, M\u00f3naco, Rennes, Lille y Niza son mejores que decentes. El \u00fanico problema real es qu\u00e9 tan adelantado est\u00e1 el PSG en t\u00e9rminos de poder adquisitivo. El abismo entre el PSG y el resto del f\u00fatbol franc\u00e9s ha llevado a menudo a muchos a esperar que los parisinos ganen la Ligue 1 incluso antes de que se patee un bal\u00f3n, y la mayor\u00eda de las veces se demuestra que tienen raz\u00f3n.    <\/p>\n\n\n\n<!--more-->\n\n\n\n<p>Entonces, si bien la Ligue 1 ciertamente no es una liga para agr\u00f3nomos, no se puede considerar exitosa como competencia mientras un equipo domina. La mayor\u00eda de los partidos de la Ligue 1 se disputan los s\u00e1bados y domingos, aunque a lo largo de la temporada tambi\u00e9n se pueden disputar varios partidos entre semana, por las noches. La esperanza es que con finanzas s\u00f3lidas y respaldo econ\u00f3mico en los pr\u00f3ximos a\u00f1os, la Ligue 1 pueda retener a sus mejores talentos y convertirse en una liga europea de mayor calidad y m\u00e1s respetada. Ha pasado mucho tiempo desde que la Ligue 1 fue una fuerza dominante en las competiciones europeas, pero es de esperar que esa situaci\u00f3n mejore pronto. <br><\/p>\n\n\n\n<div itemscope=\"\" itemtype=\"https:\/\/schema.org\/FAQPage\">\n\t\t<div itemscope=\"\" itemprop=\"mainEntity\" itemtype=\"https:\/\/schema.org\/Question\">\n\t\t\t<h4 itemprop=\"name\">\u00bfPuedo ver legalmente el f\u00fatbol de la Ligue 1 en vivo en l\u00ednea?<\/h4>\n\t\t\t<div itemscope=\"\" itemprop=\"acceptedAnswer\" itemtype=\"https:\/\/schema.org\/Answer\">\n\t\t\t\t<div itemprop=\"text\"><p>William Hill transmite una gran cantidad de juegos de la Ligue 1 francesa, siga el enlace para ver la actualidad <a href=\"\/WilliamHill-Football.php\" rel=\"nofollow noopener\" target=\"_blank\"><b>Calendario de f\u00fatbol de William Hill<\/b><\/a>. (Se aplican t\u00e9rminos y condiciones; espere que las transmisiones est\u00e9n restringidas geogr\u00e1ficamente seg\u00fan d\u00f3nde viva).<\/p><\/div>\n\t\t\t<\/div>\n\t\t<\/div>\n\t\t<div itemscope=\"\" itemprop=\"mainEntity\" itemtype=\"https:\/\/schema.org\/Question\">\n\t\t\t<h4 itemprop=\"name\">\u00bfQu\u00e9 tan buenas son las transmisiones en vivo de la Ligue 1?<\/h4>\n\t\t\t<div itemscope=\"\" itemprop=\"acceptedAnswer\" itemtype=\"https:\/\/schema.org\/Answer\">\n\t\t\t\t<div itemprop=\"text\"><p>Extremadamente visible, incluso en un televisor grande (si tiene una forma de conectar su computadora\/dispositivo).<\/p><\/div>\n\t\t\t<\/div>\n\t\t<\/div>\n\t\t<div itemscope=\"\" itemprop=\"mainEntity\" itemtype=\"https:\/\/schema.org\/Question\">\n\t\t\t<h4 itemprop=\"name\">\u00bfQu\u00e9 tan competitiva es la Ligue 1?<\/h4>\n\t\t\t<div itemscope=\"\" itemprop=\"acceptedAnswer\" itemtype=\"https:\/\/schema.org\/Answer\">\n\t\t\t\t<div itemprop=\"text\"><p>Si se excluye al PSG y a sus ricos patrocinadores de la ecuaci\u00f3n, entonces la Ligue 1 es en realidad muy competitiva y la mayor\u00eda de los equipos son capaces de vencerse entre s\u00ed. Sin embargo, no se puede negar que, con el poder adquisitivo del PSG, est\u00e1 actualmente un gran paso por delante del resto de la liga.<\/p><\/div>\n\t\t\t<\/div>\n\t\t<\/div>\n\t\t<div itemscope=\"\" itemprop=\"mainEntity\" itemtype=\"https:\/\/schema.org\/Question\">\n\t\t\t<h4 itemprop=\"name\">\u00bfPuedo apostar en la Ligue 1?<\/h4>\n\t\t\t<div itemscope=\"\" itemprop=\"acceptedAnswer\" itemtype=\"https:\/\/schema.org\/Answer\">\n\t\t\t\t<div itemprop=\"text\"><p>Absolutamente, siempre y cuando tengas la edad suficiente para jugar legalmente en el lugar donde vives. La Ligue 1 es extremadamente competitiva (siempre que se ignoren los partidos del PSG) en t\u00e9rminos de ligas nacionales y las probabilidades generalmente tienden a reflejar esa cantidad &quot;desconocida&quot;. <a href=\"\/WilliamHill-Football.php\" rel=\"nofollow noopener\" target=\"_blank\">William Hill ofrece una gran cantidad de mercados en los partidos de la Ligue 1<\/a>.<\/p><\/div>\n\t\t\t<\/div>\n\t\t<\/div>\n\t<\/div>\n\n\n\n<p>[scu name=&#8221;ligue1&#8243;]<\/p>","protected":false},"excerpt":{"rendered":"<p>France might be world champions, but what you might not know is that Ligue 1 is the most improved league in Europe, even if they do say so themselves! Oft-derided as a development league at best and insignificant at worst, Ligue 1 has endured a hard time shedding its reputation as a second-tier competition, leading [&hellip;]<\/p>","protected":false},"author":1,"featured_media":0,"parent":0,"menu_order":0,"comment_status":"closed","ping_status":"closed","template":"","meta":{"footnotes":""},"class_list":["post-1341","page","type-page","status-publish","hentry"],"_links":{"self":[{"href":"https:\/\/www.livefooty.net\/es\/wp-json\/wp\/v2\/pages\/1341","targetHints":{"allow":["GET"]}}],"collection":[{"href":"https:\/\/www.livefooty.net\/es\/wp-json\/wp\/v2\/pages"}],"about":[{"href":"https:\/\/www.livefooty.net\/es\/wp-json\/wp\/v2\/types\/page"}],"author":[{"embeddable":true,"href":"https:\/\/www.livefooty.net\/es\/wp-json\/wp\/v2\/users\/1"}],"replies":[{"embeddable":true,"href":"https:\/\/www.livefooty.net\/es\/wp-json\/wp\/v2\/comments?post=1341"}],"version-history":[{"count":0,"href":"https:\/\/www.livefooty.net\/es\/wp-json\/wp\/v2\/pages\/1341\/revisions"}],"wp:attachment":[{"href":"https:\/\/www.livefooty.net\/es\/wp-json\/wp\/v2\/media?parent=1341"}],"curies":[{"name":"wp","href":"https:\/\/api.w.org\/{rel}","templated":true}]}}