{"id":1339,"date":"2023-08-22T08:49:50","date_gmt":"2023-08-22T08:49:50","guid":{"rendered":"https:\/\/www.livefooty.net\/?page_id=1339"},"modified":"2023-09-19T10:58:44","modified_gmt":"2023-09-19T10:58:44","slug":"futbol-serie-a-en-vivo","status":"publish","type":"page","link":"https:\/\/www.livefooty.net\/es\/futbol-serie-a-en-vivo\/","title":{"rendered":"F\u00fatbol Serie A en vivo"},"content":{"rendered":"<p> El f\u00fatbol italiano probablemente pueda considerarse el m\u00e1s competente t\u00e1cticamente de todos. El f\u00fatbol italiano tiene una repetici\u00f3n un tanto injusta del f\u00fatbol defensivo, a menudo criticado por expertos sobrepagados a quienes les encanta usar la palabra catenaccio. El f\u00fatbol italiano est\u00e1 lejos de ser monol\u00edtico, y quienes lo ven disfrutan much\u00edsimo de las batallas t\u00e1cticas entre diferentes filosof\u00edas y estilos de juego. El f\u00fatbol italiano ha avanzado mucho desde aquellos d\u00edas felices; d\u00edas en los que aut\u00e9nticas superestrellas como Zinedine Zizou Zidane, Ronaldo y mi favorito personal, George, se mudaron al Manchester City antes de que fuera cool Weah ejercieron su oficio en la Juventus, el Inter y el Mil\u00e1n, respectivamente. Su reputaci\u00f3n cay\u00f3 en picada y a\u00fan se puede decir con seguridad que el f\u00fatbol italiano sigue luchando para liberarse de las cadenas de esta tragedia. <\/p>\n\n\n\n<!--more-->\n\n\n\n<p><br><\/p>\n\n\n\n<p> Aparte de la Premier League, fue la Serie Italiana la que m\u00e1s me llam\u00f3 la atenci\u00f3n como joven aficionado al f\u00fatbol. Cualquiera que haya jugado a Football Manager durante los a\u00f1os 90 sabr\u00e1 a qu\u00e9 me refiero: AC Milan, Inter de Mil\u00e1n, Juventus, Weah, Zidane, etc. Era una liga incre\u00edble de ver, una en la que los partidos eran muy diferentes al ajetreo y alboroto de los brit\u00e1nicos. f\u00fatbol americano. Luego llegaron los esc\u00e1ndalos, la ventaja competitiva pareci\u00f3 abandonar la Serie A y el \u201cProducto\u201d qued\u00f3 como una sombra de lo que era antes. \u00a1Realmente espero que alg\u00fan d\u00eda la Serie A vuelva a ser lo que sol\u00eda ser, d\u00edas en los que La Liga ni siquiera recib\u00eda una menci\u00f3n! <br><\/p>\n\n\n\n<div itemscope=\"\" itemtype=\"https:\/\/schema.org\/FAQPage\">\n\t\t<div itemscope=\"\" itemprop=\"mainEntity\" itemtype=\"https:\/\/schema.org\/Question\">\n\t\t\t<h4 itemprop=\"name\">\u00bfPuedo ver legalmente f\u00fatbol de la Serie A en vivo en l\u00ednea?<\/h4>\n\t\t\t<div itemscope=\"\" itemprop=\"acceptedAnswer\" itemtype=\"https:\/\/schema.org\/Answer\">\n\t\t\t\t<div itemprop=\"text\"><p>William Hill transmite una gran cantidad de juegos de la principal liga de Italia, la Serie A, siga el enlace para ver la actualidad <a href=\"\/WilliamHill-Football.php\" rel=\"nofollow noopener\" target=\"_blank\"><b>Calendario de f\u00fatbol de William Hill<\/b><\/a>. (Se aplican t\u00e9rminos y condiciones, las transmisiones estar\u00e1n restringidas para ciertos pa\u00edses).<\/p><\/div>\n\t\t\t<\/div>\n\t\t<\/div>\n\t\t<div itemscope=\"\" itemprop=\"mainEntity\" itemtype=\"https:\/\/schema.org\/Question\">\n\t\t\t<h4 itemprop=\"name\">\u00bfQu\u00e9 tan buenas son las transmisiones en vivo de la Serie A?<\/h4>\n\t\t\t<div itemscope=\"\" itemprop=\"acceptedAnswer\" itemtype=\"https:\/\/schema.org\/Answer\">\n\t\t\t\t<div itemprop=\"text\"><p>Extremadamente visible, incluso en un televisor grande (si tiene una forma de conectar su computadora\/dispositivo).<\/p><\/div>\n\t\t\t<\/div>\n\t\t<\/div>\n\t\t<div itemscope=\"\" itemprop=\"mainEntity\" itemtype=\"https:\/\/schema.org\/Question\">\n\t\t\t<h4 itemprop=\"name\">\u00bfQu\u00e9 tan competitiva es la Serie A?<\/h4>\n\t\t\t<div itemscope=\"\" itemprop=\"acceptedAnswer\" itemtype=\"https:\/\/schema.org\/Answer\">\n\t\t\t\t<div itemprop=\"text\"><p>Habiendo crecido viendo mucho f\u00fatbol italiano a finales de los 80 y 90, realmente me duele decirlo, pero ya no es tan competitivo. Con tanto dinero llegando a la Juventus, se ha convertido en una liga de Jeventus y luego tambi\u00e9n corre. \u00a1Ojal\u00e1 pronto recupere sus glorias anteriores!<\/p><\/div>\n\t\t\t<\/div>\n\t\t<\/div>\n\t\t<div itemscope=\"\" itemprop=\"mainEntity\" itemtype=\"https:\/\/schema.org\/Question\">\n\t\t\t<h4 itemprop=\"name\">\u00bfPuedo apostar en la Serie A?<\/h4>\n\t\t\t<div itemscope=\"\" itemprop=\"acceptedAnswer\" itemtype=\"https:\/\/schema.org\/Answer\">\n\t\t\t\t<div itemprop=\"text\"><p>Absolutamente, siempre y cuando tengas la edad suficiente para jugar legalmente en el lugar donde vives. La Serie A ofrece grandes cuotas para muchos partidos si se excluye a la Juve de la ecuaci\u00f3n, es una buena liga para apostar y las cuotas generalmente tienden a reflejar esa cantidad &quot;desconocida&quot;, especialmente cuando los 5-6 equipos debajo de la Juventus juegan entre s\u00ed. <a href=\"\/WilliamHill-Football.php\" rel=\"nofollow noopener\" target=\"_blank\">William Hill ofrece una gran cantidad de mercados en los partidos de la Serie A<\/a>.<\/p><\/div>\n\t\t\t<\/div>\n\t\t<\/div>\n\t<\/div>\n\n\n\n<p>[scu name=&#8221;serie-a&#8221;]<\/p>","protected":false},"excerpt":{"rendered":"<p>Italian football can probably be seen as the most tactically competent of them all. Italian football has a somewhat unfair repetition for defensive football, often thrown around by overpaid pundits who love to use the word catenaccio. Italian football is far from monolithic, and those who watch it thoroughly enjoy the tactical battles between different [&hellip;]<\/p>","protected":false},"author":1,"featured_media":0,"parent":0,"menu_order":0,"comment_status":"closed","ping_status":"closed","template":"","meta":{"footnotes":""},"class_list":["post-1339","page","type-page","status-publish","hentry"],"_links":{"self":[{"href":"https:\/\/www.livefooty.net\/es\/wp-json\/wp\/v2\/pages\/1339","targetHints":{"allow":["GET"]}}],"collection":[{"href":"https:\/\/www.livefooty.net\/es\/wp-json\/wp\/v2\/pages"}],"about":[{"href":"https:\/\/www.livefooty.net\/es\/wp-json\/wp\/v2\/types\/page"}],"author":[{"embeddable":true,"href":"https:\/\/www.livefooty.net\/es\/wp-json\/wp\/v2\/users\/1"}],"replies":[{"embeddable":true,"href":"https:\/\/www.livefooty.net\/es\/wp-json\/wp\/v2\/comments?post=1339"}],"version-history":[{"count":0,"href":"https:\/\/www.livefooty.net\/es\/wp-json\/wp\/v2\/pages\/1339\/revisions"}],"wp:attachment":[{"href":"https:\/\/www.livefooty.net\/es\/wp-json\/wp\/v2\/media?parent=1339"}],"curies":[{"name":"wp","href":"https:\/\/api.w.org\/{rel}","templated":true}]}}