{"id":1333,"date":"2023-08-22T08:08:27","date_gmt":"2023-08-22T08:08:27","guid":{"rendered":"https:\/\/www.livefooty.net\/?page_id=1333"},"modified":"2023-09-19T10:58:12","modified_gmt":"2023-09-19T10:58:12","slug":"futbol-division-en-vivo","status":"publish","type":"page","link":"https:\/\/www.livefooty.net\/es\/futbol-division-en-vivo\/","title":{"rendered":"F\u00fatbol de Primera Divisi\u00f3n en vivo"},"content":{"rendered":"<p> La Primera Divisi\u00f3n espa\u00f1ola, com\u00fanmente conocida como La Liga, es la m\u00e1xima categor\u00eda del f\u00fatbol espa\u00f1ol.  En las dos \u00faltimas d\u00e9cadas, se la ha considerado la mejor liga de \"f\u00fatbol puro\" del mundo.  Quiz\u00e1 no en t\u00e9rminos de emoci\u00f3n o resultados sorprendentes, pero s\u00ed por la calidad del f\u00fatbol que se practica.  La liga est\u00e1 dominada por dos equipos: todo el mundo conoce al Barcelona y al Real Madrid, \u00bfverdad?  Detr\u00e1s de ellos hay un peque\u00f1o grupo de equipos, como el Sevilla y el Atl\u00e9tico de Madrid, que de vez en cuando dan alguna sorpresa.  El f\u00fatbol espa\u00f1ol, y en particular la Liga, cuenta con un gran n\u00famero de seguidores en todo el mundo y a menudo atrae a los mejores jugadores de cada continente. <b>Puedes ver el f\u00fatbol de Primera Divisi\u00f3n en vivo online desde muchos pa\u00edses.<\/b>    <\/p>\n\n\n\n<!--more-->\n\n\n\n<p> La Primera Divisi\u00f3n sol\u00eda poder contar con los 2 mejores jugadores del mundo, Messi y Ronaldo. Pero cuando Ronaldo se mud\u00f3 para probar suerte en Italia, todo cambi\u00f3, al igual que la suerte del Real Madrid. Un Barcelona inspirado en Messi es un enorme obst\u00e1culo que cualquier equipo de f\u00fatbol debe superar y el Real Madrid podr\u00eda tener dificultades hasta que se encuentren m\u00e1s refuerzos de clase mundial. <br><\/p>\n\n\n\n<div itemscope=\"\" itemtype=\"https:\/\/schema.org\/FAQPage\">\n\t\t<div itemscope=\"\" itemprop=\"mainEntity\" itemtype=\"https:\/\/schema.org\/Question\">\n\t\t\t<h4 itemprop=\"name\">\u00bfPuedo ver legalmente la Primera Divisi\u00f3n espa\u00f1ola en vivo online?<\/h4>\n\t\t\t<div itemscope=\"\" itemprop=\"acceptedAnswer\" itemtype=\"https:\/\/schema.org\/Answer\">\n\t\t\t\t<div itemprop=\"text\"><p>William Hill transmite una gran cantidad de juegos de la Primera Divisi\u00f3n, siga el enlace para ver la actualidad <a href=\"\/WilliamHill-Football.php\" rel=\"nofollow noopener\" target=\"_blank\"><b>Calendario de f\u00fatbol de William Hill<\/b><\/a>. (Se aplican t\u00e9rminos y condiciones, las transmisiones estar\u00e1n restringidas geogr\u00e1ficamente)<\/p><\/div>\n\t\t\t<\/div>\n\t\t<\/div>\n\t\t<div itemscope=\"\" itemprop=\"mainEntity\" itemtype=\"https:\/\/schema.org\/Question\">\n\t\t\t<h4 itemprop=\"name\">\u00bfQu\u00e9 tan buenas son las transmisiones en vivo de la Primera Divisi\u00f3n?<\/h4>\n\t\t\t<div itemscope=\"\" itemprop=\"acceptedAnswer\" itemtype=\"https:\/\/schema.org\/Answer\">\n\t\t\t\t<div itemprop=\"text\"><p>Extremadamente visible, incluso en un televisor grande (si tiene una forma de conectar su computadora\/dispositivo).<\/p><\/div>\n\t\t\t<\/div>\n\t\t<\/div>\n\t\t<div itemscope=\"\" itemprop=\"mainEntity\" itemtype=\"https:\/\/schema.org\/Question\">\n\t\t\t<h4 itemprop=\"name\">\u00bfQu\u00e9 tan competitiva es la Primera Divisi\u00f3n?<\/h4>\n\t\t\t<div itemscope=\"\" itemprop=\"acceptedAnswer\" itemtype=\"https:\/\/schema.org\/Answer\">\n\t\t\t\t<div itemprop=\"text\"><p>Si apoyas al Barcelona o al Real Madrid, \u00a1entonces mucho! Sin embargo, para los neutrales la liga no es vista como la mejor, mientras que la calidad del f\u00fatbol mostrado es sin duda la previsibilidad que ha llevado incluso a algunos de sus mejores jugadores a etiquetar la liga como &quot;aburrida&quot;.<\/p><\/div>\n\t\t\t<\/div>\n\t\t<\/div>\n\t\t<div itemscope=\"\" itemprop=\"mainEntity\" itemtype=\"https:\/\/schema.org\/Question\">\n\t\t\t<h4 itemprop=\"name\">\u00bfPuedo apostar en Primera Divisi\u00f3n?<\/h4>\n\t\t\t<div itemscope=\"\" itemprop=\"acceptedAnswer\" itemtype=\"https:\/\/schema.org\/Answer\">\n\t\t\t\t<div itemprop=\"text\"><p>Absolutamente, siempre y cuando tengas la edad suficiente para jugar legalmente en el lugar donde vives. Sin embargo, la Primera Divisi\u00f3n no suele deparar muchas sorpresas en lo que respecta a los mejores equipos, as\u00ed que no esperes cuotas brillantes. Habiendo dicho eso <a href=\"\/WilliamHill-Football.php\" rel=\"nofollow noopener\" target=\"_blank\">William Hill ofrece una gran cantidad de mercados en los partidos de Primera Divisi\u00f3n<\/a>.<\/p><\/div>\n\t\t\t<\/div>\n\t\t<\/div>\n\t<\/div>\n\n\n\n<p>[scu name=&#8221;primera-division&#8221;]<\/p>","protected":false},"excerpt":{"rendered":"<p>Spain&#8217;s Primera Division, commonly known as La Liga is the top tier in Spanish football. Over the past couple of decades purely on European level achievement it is widely regarded as the best &#8220;pure football&#8221; league in the world. Maybe not in terms of excitement or surprise results but definitely for the quality of the [&hellip;]<\/p>","protected":false},"author":1,"featured_media":0,"parent":0,"menu_order":0,"comment_status":"closed","ping_status":"closed","template":"","meta":{"footnotes":""},"class_list":["post-1333","page","type-page","status-publish","hentry"],"_links":{"self":[{"href":"https:\/\/www.livefooty.net\/es\/wp-json\/wp\/v2\/pages\/1333","targetHints":{"allow":["GET"]}}],"collection":[{"href":"https:\/\/www.livefooty.net\/es\/wp-json\/wp\/v2\/pages"}],"about":[{"href":"https:\/\/www.livefooty.net\/es\/wp-json\/wp\/v2\/types\/page"}],"author":[{"embeddable":true,"href":"https:\/\/www.livefooty.net\/es\/wp-json\/wp\/v2\/users\/1"}],"replies":[{"embeddable":true,"href":"https:\/\/www.livefooty.net\/es\/wp-json\/wp\/v2\/comments?post=1333"}],"version-history":[{"count":0,"href":"https:\/\/www.livefooty.net\/es\/wp-json\/wp\/v2\/pages\/1333\/revisions"}],"wp:attachment":[{"href":"https:\/\/www.livefooty.net\/es\/wp-json\/wp\/v2\/media?parent=1333"}],"curies":[{"name":"wp","href":"https:\/\/api.w.org\/{rel}","templated":true}]}}