{"id":1225,"date":"2023-08-06T11:06:55","date_gmt":"2023-08-06T11:06:55","guid":{"rendered":"https:\/\/www.livefooty.net\/?page_id=1225"},"modified":"2023-09-19T10:56:48","modified_gmt":"2023-09-19T10:56:48","slug":"transmisiones-en-vivo-en-linea-de-carreras-de-caballos-en-vivo","status":"publish","type":"page","link":"https:\/\/www.livefooty.net\/es\/transmisiones-en-vivo-en-linea-de-carreras-de-caballos-en-vivo\/","title":{"rendered":"Carreras de caballos en vivo en l\u00ednea - Transmisiones en vivo"},"content":{"rendered":"<h2 class=\"wp-block-heading\">Carreras de caballos en vivo en l\u00ednea \u2013 Calendario de carreras<\/h2>\n\n\n\n<center>\n<b><a href=\"\/WilliamHill.php\" rel=\"nofollow\" onclick=\"window.open('https:\/\/sports.williamhill.com\/betting\/en-gb\/horse-racing\/meetings')\">\u00a1Mira carreras de caballos en vivo en l\u00ednea!<\/a><\/b>\n<\/center>\n\n\n\n<p> <b>Las carreras de caballos<\/b> es uno de los deportes m\u00e1s antiguos del mundo, ya que se remonta a la \u00e9poca romana y a las carreras de cuadrigas.  En los tiempos modernos hay muy pocos pa\u00edses que no tengan un gran evento h\u00edpico que cautive la imaginaci\u00f3n de la poblaci\u00f3n en general.  Algunas de las carreras y eventos h\u00edpicos m\u00e1s famosos son el <b>Gran nacional<\/b>, <b>El derbi de Kentucky<\/b>, <b>Estacas de Belmont<\/b>, <b>Premio del Arco de Triunfo<\/b>, <b>Ascot real<\/b>, <b>El Gran Nacional Irland\u00e9s<\/b>, <b>Copa Mundial de Dub\u00e1i<\/b> y el <b>Copa de Melbourne<\/b>. Por supuesto que hay muchos m\u00e1s, eso es s\u00f3lo una lista de lo que se me viene a la cabeza. <\/p>\n\n\n\n<!--more-->\n\n\n\n<p>\n\tLas carreras de caballos siempre han sido sin\u00f3nimo de juegos de azar y son los juegos de azar los que han impulsado las carreras de caballos a lo largo de los a\u00f1os. Adem\u00e1s de las carreras tan conocidas, cada d\u00eda se celebran decenas de carreras de caballos en todo el mundo. Las carreras de caballos son una industria que inyecta millones a las econom\u00edas de muchos pa\u00edses e incluso hay jugadores profesionales que pueden ganarse la vida a tiempo completo apostando en las carreras de caballos. Por otro lado, muchas personas simplemente disfrutan el desaf\u00edo de intentar predecir un ganador bas\u00e1ndose en el estudio de las estad\u00edsticas de los corredores. Ya sea que apueste \u00a35 una vez al a\u00f1o o sea un jugador profesional, el verdadero placer es ver la carrera en vivo. El problema es que muchas de estas carreras de caballos se transmiten en momentos en que la gente no tiene la oportunidad de verlas, o requieren costosas suscripciones de televisi\u00f3n para poder verlas. Con esto en mente, hemos compilado una lista de <b>Carreras de Caballos que se retransmiten en directo online<\/b>.\n\t<br><\/p>\n\n\n\n<h2 class=\"wp-block-heading\">\n\tCalendario de carreras de caballos en vivo de hoy\n\t<\/h2>\n\n\n\n<p> Toda la <b>Carreras de caballos<\/b> a continuaci\u00f3n se transmitir\u00e1 en vivo en l\u00ednea en un formato que se puede ver tanto en Mac como en PC. Para registrarse para ver cualquiera de estas carreras en vivo por favor <a onclick=\"window.open('https:\/\/sports.williamhill.com\/betting\/en-gb\/horse-racing\/meetings')\" href=\"\/WilliamHill.php\" rel=\"nofollow\">Haga clic aqu\u00ed<\/a>. <\/p>\n\n\n\n<p>[scu name=&#8221;betfair-racing&#8221;]<br><\/p>\n\n\n\n<h2 class=\"wp-block-heading\">Las 3 Carreras De Caballos M\u00e1s Importantes Del Reino Unido<\/h2>\n\n\n\n<h2 class=\"wp-block-heading\">El gran nacional<\/h2>\n\n\n\n<p> En t\u00e9rminos de premios en met\u00e1lico, <b>El Grand National es la carrera de caballos National Hunt m\u00e1s valiosa del Reino Unido.<\/b>. Corre una distancia de 4 millas 856 yardas, cubriendo 2 circuitos del <a href=\"https:\/\/www.livefooty.net\/es\/aintree-horse-racing\/\" title=\"\">Hip\u00f3dromo Nacional de Aintree<\/a>, fue fundada por William Philip Molyneux, propietario de la tierra en Aintree en Liverpool, y si bien existe cierto debate hist\u00f3rico sobre cu\u00e1ndo se llev\u00f3 a cabo realmente la primera Gran Carrera Nacional, la opini\u00f3n se ha conformado con 1836, aunque los a\u00f1os 1836-1838 no aparecen en los libros de r\u00e9cords porque originalmente se cre\u00eda que las carreras celebradas en 1837 y 1838 hab\u00edan tenido lugar en otro lugar. <br><\/p>\n\n\n\n<p>\nEn 1839 tuvieron lugar varios acontecimientos notables que contribuyeron a que esta carrera fuera vista desde una perspectiva m\u00e1s importante a nivel nacional. La Gran Caza de Saint Alban, que anteriormente hab\u00eda tenido lugar en una fecha que coincid\u00eda con la reuni\u00f3n de Aintree, no se renov\u00f3 despu\u00e9s de 1838, dejando una fecha en el calendario de carreras de caballos que deb\u00eda llenarse. En ese momento, los ferrocarriles nacionales llegaron a Liverpool, lo que facilit\u00f3 mucho la organizaci\u00f3n del transporte y la log\u00edstica y permiti\u00f3 viajar hacia y desde reuniones en todo el pa\u00eds, y ese a\u00f1o se form\u00f3 un comit\u00e9 para organizar y promover mejor las carreras en Aintree. Con la llegada de la atenci\u00f3n y la publicidad a nivel nacional, la carrera atrajo r\u00e1pidamente a un mayor n\u00famero de caballos y jinetes de calidad, y la atenci\u00f3n de los medios anim\u00f3 a un mayor n\u00famero de personas a asistir. Por lo tanto, 1839 se convirti\u00f3 en el primer Gran Nacional oficial.\n<br><\/p>\n\n\n\n<p>\nHoy en d\u00eda, esta carrera es incre\u00edblemente popular entre aquellos que de otro modo nunca har\u00edan una apuesta en ning\u00fan otro evento deportivo, y se ha ganado una reputaci\u00f3n de emoci\u00f3n y peligro que ha quedado inmortalizada en las pel\u00edculas &#039;National Velvet&#039; y &#039;Champions&#039;. Los nombres legendarios van de la mano con la historia del <b>Gran nacional<\/b>, ninguno m\u00e1s que Red Rum, el \u00fanico caballo que ha ganado la carrera 3 veces. Tras su muerte, la gran bestia fue sepultada junto al puesto de meta en Aintree.\n<br><\/p>\n\n\n\n<p>\nHa habido m\u00e1s de cincuenta muertes de equinos en la historia del Grand National, cuatro de ellas ocurrieron en 1954, y cada a\u00f1o genera controversia y discusi\u00f3n. Con su infame serie de vallas severas que incluyen Becher&#039;s Brook y The Chair, esta es una carrera que pone a prueba incluso a los mejores jinetes y hay muchos jinetes famosos para quienes ganar ha resultado dif\u00edcil de alcanzar.\n<br><br><\/p>\n\n\n\n<h2 class=\"wp-block-heading\"><a href=\"https:\/\/www.livefooty.net\/es\/festival-de-cheltenham\/\" title=\"\">La Copa de Oro de Cheltenham<\/a><\/h2>\n\n\n\n<p>\nEste estimado evento Blue Riband se lleva a cabo en el hip\u00f3dromo de Cheltenham en el Reino Unido durante el evento anual <b>Festival de Cheltenham<\/b> en marzo. Como la carrera sin handicap m\u00e1s valiosa del pa\u00eds, la <b>Copa de Oro de Cheltenham<\/b> Se considera el m\u00e1s prestigioso del calendario de Nation Hunt. Cubre 3 millas, 2 1\/2 furlongs sobre 22 vallas.\n<br><\/p>\n\n\n\n<p>\nOriginalmente se conoc\u00eda como carrera plana cuando la primera prueba tuvo lugar en 1819 en un sitio que actualmente domina el hip\u00f3dromo actual. Sin embargo, en 1924 tuvo lugar con saltos en lo que actualmente se conoce como el &#039;Old Course&#039;, pero qued\u00f3 eclipsado en aquel momento por otros eventos del Festival de Cheltenham. Golden Miller, que tambi\u00e9n gan\u00f3 el Grand National en 1934, fue el caballo ganador m\u00e1s exitoso en la historia de la Copa de Oro de Cheltenham, llev\u00e1ndose cinco premios seguidos entre 1932 y 1936.\n<br><\/p>\n\n\n\n<p>\nEn 1959 la carrera se traslad\u00f3 al &#039;Nuevo Recorrido&#039; y all\u00ed ha permanecido. Quiz\u00e1s el nombre m\u00e1s famoso asociado con la Copa de Oro de Cheltenham sea el de Arkle, el caballo que gan\u00f3 tres veces consecutivas en 1964, 1965 y 1966. Su superioridad fue tan sorprendente que se convirti\u00f3 en el ganador con el precio m\u00e1s bajo en la historia de la carrera a 1\/10, lo que significaba que una apuesta ganadora de 10\u20ac s\u00f3lo habr\u00eda ganado 1\u20ac. El precio ganador m\u00e1s largo fue 100\/1 en Gold Coin en 1990.\n<br><\/p>\n\n\n\n<p>\nEl mayor logro asociado con la Copa de Oro de Cheltenham pertenece al entrenador Michael Dickinson en 1983, quien estaba orgulloso de haber entrenado no s\u00f3lo al ganador sino tambi\u00e9n a los otros cuatro caballos que lo siguieron como segundo, tercero, cuarto y quinto.\n<br><\/p>\n\n\n\n<p>\nLamentablemente, la Copa de Oro de Cheltenham y todo el Festival de Cheltenham tuvieron que cancelarse en 2001 debido a las restricciones vigentes debido a un brote de fiebre aftosa. Fue reemplazado por la Gold Trophy Chase m\u00e1s adelante ese mismo a\u00f1o en Sandown, pero carec\u00eda del aura que normalmente genera la Cheltenham Gold Cup.\n<br><br><\/p>\n\n\n\n<h2 class=\"wp-block-heading\"><a href=\"https:\/\/www.livefooty.net\/es\/carreras-de-caballos-epsom\/\" title=\"\">El derbi de Epsom<\/a><\/h2>\n\n\n\n<p>\nConocido internacionalmente como el <b>Derbi de Epsom<\/b> pero m\u00e1s coloquialmente como <b>El Derby o The Derby Stakes<\/b>Esta es una carrera plana de 1 milla, 4 furlongs y 10 yardas. Se lleva a cabo en Epsom Downs todos los a\u00f1os el primer s\u00e1bado de junio y es la carrera de caballos m\u00e1s grande y rica del Reino Unido. Los ganadores anteriores han ganado en los \u00faltimos a\u00f1os premios de hasta 700.000,00 \u00a3 y el valor de Aurhorized, el 2007 se dispar\u00f3 hasta la incre\u00edble cifra de 10 millones de \u00a3 en honorarios de semental.\n<br><\/p>\n\n\n\n<p>\nEl Derby de Epsom tuvo lugar por primera vez el 4 de mayo de 1780 y recibi\u00f3 su nombre en honor al hombre que organiz\u00f3 la fiesta en la que se concibi\u00f3 la idea inicial de la carrera, Edward Smith-Stanley, el duod\u00e9cimo conde de Derby, aunque \u00e9l mismo no logr\u00f3 el \u00e9xito. con uno de sus propios caballos hasta 1787. Desde que ocup\u00f3 su lugar en el calendario de carreras de caballos, el Derby se ha convertido en una inspiraci\u00f3n indudable para muchas otras carreras de caballos en todo el mundo, incluido el Irish Derby, el conocido Kentucky Derby, el Victoria Derby y el Prix du Jockey Club (El Derby Franc\u00e9s).\n<br><\/p>\n\n\n\n<p>\nLas carreras de prueba para los caballos que se consideran con m\u00e1s probabilidades de competir se llevan a cabo durante abril y mayo, y esto ha demostrado ser un gran \u00e9xito a la hora de demostrar posibles ganadores para a\u00f1os futuros.\n<br><\/p>\n\n\n\n<p>\nMuchos nombres famosos est\u00e1n asociados con la larga e ilustre historia del <b>Derbi de Epsom<\/b>, siendo el m\u00e1s destacado de todos el jockey Lester Piggott, que mont\u00f3 nada menos que 9 ganadores en su carrera entre los a\u00f1os 1954 y 1983. Entre los entrenadores es necesario remontarse a las glorias pasadas de la carrera para encontrar aquellos que tienen 7 victorias. a su nombre, entre ellos Robert Robson, John Porter y, m\u00e1s recientemente, Fred Darling con su \u00faltimo ganador Owen Tudor en 1941. Pero cuando se trata de caballos que han ganado la m\u00e1s ilustre de las carreras, el nombre Shergar siempre se destacar\u00e1, no s\u00f3lo por su extraordinario margen de victoria por 10 cuerpos en 1981, sino por su infame secuestro del Irish Ballymany Stud en el condado de Kildare, a manos de hombres armados enmascarados en 1983. Nunca fue encontrado.\n<br><\/p>\n\n\n\n<p>\nEl recorrido por el que se desarrolla el Epsom Derby es en s\u00ed mismo bastante \u00fanico. Lleno de giros, vueltas, ca\u00eddas y subidas a lo largo de toda su longitud, se considera la prueba definitiva tanto de la resistencia de los caballos de carreras como de la habilidad de los jinetes. Mientras que para aquellos que vienen a ver el espect\u00e1culo, es mundialmente conocido por mostrar elocuentemente todas las capas de clases sociales reunidas y genera una atm\u00f3sfera de fiesta que otros lugares de carreras ciertamente dif\u00edcilmente podr\u00e1n emular.\n<\/p>\n\n\n\n<p><\/p>\n\n\n\n<h2 class=\"wp-block-heading\">Mire todas estas y mucho m\u00e1s carreras de caballos en vivo en vivo en l\u00ednea<\/h2>\n\n\n\n<p>\n<b><a href=\"https:\/\/www.livehorseracingonline.com\" target=\"_blank\" rel=\"noopener\">Carreras de caballos en vivo en l\u00ednea<\/a><\/b> agrega un mundo de posibilidades a la escena de las apuestas durante la carrera, por lo que, como era de esperar, varias casas de apuestas <b>transmite estas importantes carreras de caballos<\/b> adem\u00e1s de muchas m\u00e1s reuniones m\u00e1s peque\u00f1as que se realizan diariamente en vivo a trav\u00e9s de Internet. con tantos <b>transmisiones de carreras de caballos en vivo<\/b> Disponibles no hay excusa para perderse la carrera de caballos que est\u00e1s buscando.\t\n<\/p>","protected":false},"excerpt":{"rendered":"<p>Live Horse Racing Online &#8211; Race Schedule Watch Live Horse Racing Online! Horse Racing is one of the oldest sports in the world, dating all the way back to Roman times and Chariot races. In modern times there&#8217;s very few countries that don&#8217;t have a major horse racing event that captures the imagination of the [&hellip;]<\/p>","protected":false},"author":1,"featured_media":0,"parent":0,"menu_order":0,"comment_status":"closed","ping_status":"closed","template":"","meta":{"footnotes":""},"class_list":["post-1225","page","type-page","status-publish","hentry"],"_links":{"self":[{"href":"https:\/\/www.livefooty.net\/es\/wp-json\/wp\/v2\/pages\/1225","targetHints":{"allow":["GET"]}}],"collection":[{"href":"https:\/\/www.livefooty.net\/es\/wp-json\/wp\/v2\/pages"}],"about":[{"href":"https:\/\/www.livefooty.net\/es\/wp-json\/wp\/v2\/types\/page"}],"author":[{"embeddable":true,"href":"https:\/\/www.livefooty.net\/es\/wp-json\/wp\/v2\/users\/1"}],"replies":[{"embeddable":true,"href":"https:\/\/www.livefooty.net\/es\/wp-json\/wp\/v2\/comments?post=1225"}],"version-history":[{"count":0,"href":"https:\/\/www.livefooty.net\/es\/wp-json\/wp\/v2\/pages\/1225\/revisions"}],"wp:attachment":[{"href":"https:\/\/www.livefooty.net\/es\/wp-json\/wp\/v2\/media?parent=1225"}],"curies":[{"name":"wp","href":"https:\/\/api.w.org\/{rel}","templated":true}]}}