{"id":1199,"date":"2023-08-06T10:04:58","date_gmt":"2023-08-06T10:04:58","guid":{"rendered":"https:\/\/www.livefooty.net\/?page_id=1199"},"modified":"2024-03-07T15:49:49","modified_gmt":"2024-03-07T15:49:49","slug":"william-hill-tv-transmisiones-en-vivo-ver-en-vivo-en-linea","status":"publish","type":"page","link":"https:\/\/www.livefooty.net\/es\/william-hill-tv-transmisiones-en-vivo-ver-en-vivo-en-linea\/","title":{"rendered":"Transmisiones en vivo de William Hill TV: ver en vivo en l\u00ednea"},"content":{"rendered":"<h2 class=\"wp-block-heading\">Transmisiones en vivo de William Hill: ver en l\u00ednea<\/h2>\n\n\n\n<p> <b>William Hill<\/b> es una de las \u00faltimas casas de apuestas en hacer que los deportes en vivo est\u00e9n disponibles en l\u00ednea a trav\u00e9s de su <b><a onclick=\"window.open('https:\/\/sports.williamhill.com\/betting\/en-gb\/football')\" href=\"\/WilliamHill.php\" rel=\"nofollow\">Transmisi\u00f3n de televisi\u00f3n de William Hill<\/a><\/b> servicio. Puedes ver una variedad de deportes a trav\u00e9s de William Hill, incluido f\u00fatbol en vivo (Serie A y Europa League, por nombrar solo dos), tenis, billar y una gran cantidad de eventos de carreras de caballos. William Hill proporciona una calidad de transmisi\u00f3n de primer nivel, aunque indica que necesitar\u00e1 una PC con Windows para poder ver, por lo que este no es bueno para los usuarios de Mac. La mayor\u00eda de las transmisiones son gratuitas para los miembros de William Hill, pero para las carreras de caballos necesitar\u00e1s una apuesta (al menos \u00a3 5) para poder verlas. <\/p>\n\n\n\n<!--more-->\n\n\n\n<p>\n\tAdem\u00e1s de atraer a los fan\u00e1ticos de los deportes que solo quieren ver deportes en vivo, estos servicios de transmisi\u00f3n ofrecidos por casas de apuestas como WillIam Hill abren un nuevo mundo de <b>apuestas en vivo en el juego<\/b> a aquellos que prefieren hacer sus apuestas deportivas online. Ya sea atrapado en la oficina o simplemente sin acceso a la televisi\u00f3n porque la esposa est\u00e1 viendo el episodio 75 de Coronation Street esta semana, la transmisi\u00f3n en l\u00ednea permite al jugador hacer una selecci\u00f3n m\u00e1s informada en el juego. Para otros, simplemente les ofrece una forma de ver un partido de f\u00fatbol u otro evento deportivo que de otro modo no habr\u00edan podido ver.\n\t<br><\/p>\n\n\n\n<p>\n\tWilliam Hill es una de las casas de apuestas m\u00e1s importantes que existen, reg\u00edstrese para obtener una cuenta gratuita ahora, obtenga acceso a su servicio de transmisi\u00f3n e incluso obtendr\u00e1 una apuesta gratuita de \u00a325.<br><\/p>\n\n\n\n<center>\n\t\u00a1Registrarse en William Hill es una forma realmente sencilla de disfrutar de tus deportes favoritos en vivo online!\n\t<\/center>\n\n\n\n<p><\/p>\n\n\n\n<h2 class=\"wp-block-heading\">William Hill Transmisi\u00f3n en vivo y en juego<\/h2>\n\n\n\n<p>\n\tSi ya es cliente de William Hill Sports, le alegrar\u00e1 saber que ofrecen un servicio de transmisi\u00f3n en vivo y apuestas en vivo en una variedad de deportes.\n\t<\/p>\n\n\n\n<h3 class=\"wp-block-heading\">\u00bfC\u00f3mo s\u00e9 si un partido se transmite en vivo en William Hill?<\/h3>\n\n\n\n<p>\n\tEs realmente sencillo: utiliza uno de los enlaces anteriores que te llevar\u00e1n a los partidos actuales y futuros. Luego busque el peque\u00f1o \u00edcono &quot;TV&quot; al lado del dispositivo. Si est\u00e1 all\u00ed, se transmite en vivo. Aqu\u00ed hay una captura de pantalla de ejemplo de lo que debe tener en cuenta. Es exactamente lo mismo para todos los dem\u00e1s deportes, no s\u00f3lo el f\u00fatbol.\n\t<\/p>\n\n\n\n<h3 class=\"wp-block-heading\">\u00bfCu\u00e1les son los beneficios de utilizar la transmisi\u00f3n en vivo de William Hill?<\/h3>\n\n\n\n<p>\n\tWilliam Hill es uno de los principales proveedores de apuestas deportivas del mundo. Ofrecen diversas opciones de retransmisi\u00f3n en directo, incluido su servicio William Hill Live Streaming. Este servicio permite a los apostantes ver en directo los eventos deportivos y las cuotas de las apuestas mientras tienen lugar.\n\t<br><\/p>\n\n\n\n<p>\nUna de las ventajas de utilizar la retransmisi\u00f3n en directo de William Hill es que permite a los apostantes acceder a una amplia variedad de eventos deportivos. Esto incluye tanto eventos nacionales como internacionales. Adem\u00e1s, este servicio est\u00e1 disponible tanto en plataformas de escritorio como m\u00f3viles, lo que facilita su uso a los apostantes sin importar d\u00f3nde se encuentren.\n<br><\/p>\n\n\n\n<p>\nHay una serie de beneficios al utilizar William Hill Live Streaming. En primer lugar, es f\u00e1cil de usar: todo lo que necesita es un navegador web y una conexi\u00f3n a Internet. En segundo lugar, su uso es gratuito: no es necesario registrarse ni depositar dinero. Y, por \u00faltimo, es confiable: su servicio de transmisi\u00f3n en vivo ha sido probado y se ha demostrado que es estable y confiable.\n<br><\/p>\n\n\n\n<h3 class=\"wp-block-heading\">\u00bfCu\u00e1les son los beneficios de utilizar William Hill In-Play?<\/h3>\n\n\n\n<p>\nEl uso de William Hill In-Play ofrece una serie de beneficios. En primer lugar, es f\u00e1cil de usar: todo lo que necesita es un navegador web y una conexi\u00f3n a Internet. En segundo lugar, es r\u00e1pido y fiable: las apuestas en juego se realizan inmediatamente y los pagos se procesan r\u00e1pidamente. Y, por \u00faltimo, es seguro: su dinero est\u00e1 protegido por nuestro sistema seguro.\n<br><\/p>\n\n\n\n<h3 class=\"wp-block-heading\">\u00bfExiste alguna limitaci\u00f3n en el uso de William Hill Live Streaming y In-Play?<\/h3>\n\n\n\n<p>Existen algunas limitaciones al usar William Hill Live Streaming y In-Play. En primer lugar, la transmisi\u00f3n en vivo solo est\u00e1 disponible en computadoras de escritorio; no podr\u00e1 ver el servicio de transmisi\u00f3n en su tel\u00e9fono o tableta (correcto al momento de la publicaci\u00f3n). En segundo lugar, las apuestas en juego est\u00e1n disponibles en un n\u00famero limitado de deportes: probablemente podr\u00e1s apostar en f\u00fatbol, cricket, etc., pero no en otros deportes.&nbsp;\n<br><\/p>\n\n\n\n<p>\nTanto si es cliente de William Hill Sports como si no, disfrutar\u00e1 utilizando nuestros servicios de retransmisi\u00f3n en directo y de juego. Son f\u00e1ciles de usar y fiables, por lo que puede estar seguro de que su dinero est\u00e1 a salvo.  William Hill es uno de los nombres m\u00e1s importantes en las apuestas en l\u00ednea y el servicio que ofrecen refleja esto, William Hill ha construido una excelente reputaci\u00f3n por ofrecer un servicio al cliente de calidad y probabilidades fiables.  William Hill ofrece una amplia gama de otras opciones de apuestas, incluyendo carreras de caballos, f\u00fatbol, baloncesto y cricket. Su completo sitio web facilita la realizaci\u00f3n de apuestas sobre cualquier deporte o juego en cualquier momento.\n<br><\/p>\n\n\n\n<p>\nToda la informaci\u00f3n es correcta al momento de la publicaci\u00f3n. Recuerde que es probable que los requisitos de apuestas\/financiamiento de la cuenta cambien de vez en cuando, especialmente con servicios de valor agregado como la transmisi\u00f3n en vivo proporcionada por las casas de apuestas; esto es lo mismo para la transmisi\u00f3n en vivo de William Hill que para cualquier casa de apuestas. Tambi\u00e9n habr\u00e1 restricciones geogr\u00e1ficas en cuanto a qu\u00e9 se puede mostrar y d\u00f3nde.\n<\/p>","protected":false},"excerpt":{"rendered":"<p>William Hill Live Streams &#8211; Watch Online William Hill are one of the latest bookmakers to make live sports available online through their William Hill TV streaming service. You can watch a number of sports through William Hill including live football (Serie A and the Europa League to name just 2), Tennis, Snooker and a [&hellip;]<\/p>","protected":false},"author":1,"featured_media":0,"parent":0,"menu_order":0,"comment_status":"closed","ping_status":"closed","template":"","meta":{"footnotes":""},"class_list":["post-1199","page","type-page","status-publish","hentry"],"_links":{"self":[{"href":"https:\/\/www.livefooty.net\/es\/wp-json\/wp\/v2\/pages\/1199","targetHints":{"allow":["GET"]}}],"collection":[{"href":"https:\/\/www.livefooty.net\/es\/wp-json\/wp\/v2\/pages"}],"about":[{"href":"https:\/\/www.livefooty.net\/es\/wp-json\/wp\/v2\/types\/page"}],"author":[{"embeddable":true,"href":"https:\/\/www.livefooty.net\/es\/wp-json\/wp\/v2\/users\/1"}],"replies":[{"embeddable":true,"href":"https:\/\/www.livefooty.net\/es\/wp-json\/wp\/v2\/comments?post=1199"}],"version-history":[{"count":1,"href":"https:\/\/www.livefooty.net\/es\/wp-json\/wp\/v2\/pages\/1199\/revisions"}],"predecessor-version":[{"id":1745,"href":"https:\/\/www.livefooty.net\/es\/wp-json\/wp\/v2\/pages\/1199\/revisions\/1745"}],"wp:attachment":[{"href":"https:\/\/www.livefooty.net\/es\/wp-json\/wp\/v2\/media?parent=1199"}],"curies":[{"name":"wp","href":"https:\/\/api.w.org\/{rel}","templated":true}]}}