{"id":1196,"date":"2023-08-06T10:00:51","date_gmt":"2023-08-06T10:00:51","guid":{"rendered":"https:\/\/www.livefooty.net\/?page_id=1196"},"modified":"2023-09-19T10:53:43","modified_gmt":"2023-09-19T10:53:43","slug":"betfair-transmisiones-en-vivo-en-linea","status":"publish","type":"page","link":"https:\/\/www.livefooty.net\/es\/betfair-transmisiones-en-vivo-en-linea\/","title":{"rendered":"Betfair \u2013 Transmisiones en vivo en l\u00ednea"},"content":{"rendered":"<h2 class=\"wp-block-heading\">Transmisiones deportivas en vivo de Betfair: ver en vivo en l\u00ednea<\/h2>\n\n\n\n<p> Hay maneras dif\u00edciles de <b>ver tus deportes favoritos en l\u00ednea<\/b> y luego est\u00e1n las formas f\u00e1ciles.  La m\u00e1s sencilla es ver las retransmisiones en directo de algunas de las mayores empresas online. <b>Betfair<\/b> Betfair, por ejemplo, es una de las mayores casas de apuestas en l\u00ednea y ahora, adem\u00e1s de ofrecerte las mejores cuotas, te da la oportunidad de ver tus retransmisiones deportivas favoritas en l\u00ednea, \u00a1totalmente gratis! Las retransmisiones en directo de Betfair ofrecen acci\u00f3n deportiva de la m\u00e1xima calidad sin coste alguno para ti y todo lo que necesitas para acceder a ellas es registrarte en 2 minutos y depositar una cuenta. <\/p>\n\n\n\n<!--more-->\n\n\n\n<p> El f\u00fatbol en vivo es lo que le interesa a la mayor\u00eda de la gente y Betfair tiene el derecho de mostrarte partidos de algunas de las principales ligas y copas. <b>Serie A, Superliga portuguesa, Copa de la UEFA y la mayor\u00eda de los amistosos internacionales<\/b> por nombrar s\u00f3lo algunos*.  Betfair ampl\u00eda esta lista constantemente, as\u00ed que no hay raz\u00f3n para no registrarse ahora.  Si busca algo m\u00e1s que f\u00fatbol, la lista de otros deportes tambi\u00e9n incluye tenis, snooker y baloncesto.  \u00bfY las carreras de caballos?  \u00bfEst\u00e1s atrapado en el trabajo pero quieres saber c\u00f3mo le va a tu caballo?  Betfair retransmite m\u00e1s carreras de caballos en directo que cualquier otra fuente que haya encontrado en Internet.  Por supuesto, tambi\u00e9n ofrecen un casino de primera clase y <a href=\"https:\/\/www.kushmoney.com\/\" target=\"_blank\" rel=\"noopener\">juego de p\u00f3quer<\/a> si as\u00ed lo deseas.   <br><\/p>\n\n\n\n<p>\n\tTodo <b>Transmisiones en vivo de Betfair<\/b> son gratis, todo lo que necesita es una cuenta con fondos.  Si es de los que les gusta apostar, puede incluso beneficiarse de hasta 100 euros en apuestas gratuitas con su oferta para nuevos clientes. Realice 5 apuestas de 10 euros o m\u00e1s para recibir 20 euros en apuestas gratuitas. Repita la operaci\u00f3n hasta 5 veces para recibir una bonificaci\u00f3n m\u00e1xima de 100 euros. Cuotas m\u00ednimas 1\/2 (1,5). Apuestas de intercambio excluidas. Se aplican las condiciones generales.\n\t<br><\/p>\n\n\n\n<p>\n\tRegistrarse en Betfair es una forma sencilla de <b>ver transmisiones de deportes en vivo en l\u00ednea<\/b>, si a\u00fan no eres miembro, te sugiero que vayas all\u00ed ahora y lo hagas.<\/p>","protected":false},"excerpt":{"rendered":"<p>Betfair Live Sports Streams &#8211; Watch Live Online There are hard ways of watching your favourite sports online and then there are the easy ways. Right up there as the easiest has to be watching live streams from some of the biggest companies online. Betfair for example are one of the biggest bookmakers online and [&hellip;]<\/p>","protected":false},"author":1,"featured_media":0,"parent":0,"menu_order":0,"comment_status":"closed","ping_status":"closed","template":"","meta":{"footnotes":""},"class_list":["post-1196","page","type-page","status-publish","hentry"],"_links":{"self":[{"href":"https:\/\/www.livefooty.net\/es\/wp-json\/wp\/v2\/pages\/1196","targetHints":{"allow":["GET"]}}],"collection":[{"href":"https:\/\/www.livefooty.net\/es\/wp-json\/wp\/v2\/pages"}],"about":[{"href":"https:\/\/www.livefooty.net\/es\/wp-json\/wp\/v2\/types\/page"}],"author":[{"embeddable":true,"href":"https:\/\/www.livefooty.net\/es\/wp-json\/wp\/v2\/users\/1"}],"replies":[{"embeddable":true,"href":"https:\/\/www.livefooty.net\/es\/wp-json\/wp\/v2\/comments?post=1196"}],"version-history":[{"count":0,"href":"https:\/\/www.livefooty.net\/es\/wp-json\/wp\/v2\/pages\/1196\/revisions"}],"wp:attachment":[{"href":"https:\/\/www.livefooty.net\/es\/wp-json\/wp\/v2\/media?parent=1196"}],"curies":[{"name":"wp","href":"https:\/\/api.w.org\/{rel}","templated":true}]}}