{"id":1163,"date":"2023-08-06T08:34:34","date_gmt":"2023-08-06T08:34:34","guid":{"rendered":"https:\/\/www.livefooty.net\/?page_id=1163"},"modified":"2023-09-28T07:11:31","modified_gmt":"2023-09-28T07:11:31","slug":"bet365-streams-en-directo","status":"publish","type":"page","link":"https:\/\/www.livefooty.net\/es\/bet365-streams-en-directo\/","title":{"rendered":"Bet365 retransmisiones en directo"},"content":{"rendered":"<h2 class=\"wp-block-heading\">Transmisiones deportivas en vivo con Bet365<\/h2>\n\n\n\n<p>Si est\u00e1 buscando ver una transmisi\u00f3n en vivo de la \u00faltima acci\u00f3n del f\u00fatbol en su computadora de escritorio o dispositivo m\u00f3vil, entonces Bet365 es la casa de apuestas de deportes en l\u00ednea que desea consultar. \u00a1La transmisi\u00f3n en vivo de Bet365 es excelente!<\/p>\n\n\n\n<!--more-->\n\n\n\n<p><strong>Ver deportes en vivo a trav\u00e9s de Internet<\/strong> \u00a1Es un gran negocio y es que los grandes negocios tambi\u00e9n lo saben! Una de las formas m\u00e1s ignoradas e ignoradas de ver tu deporte favorito en l\u00ednea (ya sea <strong>F\u00fatbol, Golf, Tenis<\/strong> o cualquier otra cosa) es aprovechar las transmisiones en vivo que ofrecen estas grandes empresas. La BBC, ITV y muchas de las casas de apuestas de diversas jurisdicciones pueden ofrecer transmisi\u00f3n en vivo de eventos deportivos en l\u00ednea. En mi opini\u00f3n, un gran ejemplo de esto (y mi favorito) es Bet365. <strong>Transmisiones en vivo de Bet365<\/strong> brindan acceso a una multitud de deportes en vivo para sus miembros; en mi opini\u00f3n, estas transmisiones de deportes suelen ser de muy alta calidad y eliminan gran parte del &quot;\u00bfd\u00f3nde puedo ver esto?&quot; elemento de deportes en vivo en l\u00ednea. Posiblemente debido a la naturaleza misma de gestionar una casa de apuestas deportivas, muchos de los eventos en s\u00ed no son el tipo de cosas que se ver\u00edan en la televisi\u00f3n &quot;normal&quot; en muchos pa\u00edses. Para obtener una lista completa de eventos, consulte la p\u00e1gina de transmisi\u00f3n en vivo de Bet365. Se aplican t\u00e9rminos y condiciones, mayores de 18 a\u00f1os<\/p>\n\n\n\n<p>Para a\u00f1adir emoci\u00f3n al juego, bet365 retransmite m\u00e1s de 140.000 eventos en directo a su PC cada a\u00f1o, para que pueda apostar mientras se desarrolla la acci\u00f3n. Entre los eventos m\u00e1s destacados se encuentran los torneos Masters Series de tenis y los partidos de algunas de las ligas nacionales de f\u00fatbol m\u00e1s importantes del mundo. Para utilizar el servicio de retransmisi\u00f3n en directo, deber\u00e1 iniciar sesi\u00f3n y disponer de una cuenta con fondos o haber realizado una apuesta en las \u00faltimas 24 horas. Cualquier partido\/evento en nuestra p\u00e1gina web que tenga el icono de Play o Video al lado est\u00e1 programado para ser mostrado a trav\u00e9s de Live Streaming. Se aplican las condiciones generales, mayores de 18 a\u00f1os.<\/p>\n\n\n\n<p>Y no olvide el innovador Bet365 Live Golf Tracker, que no s\u00f3lo le permite ver en directo las retransmisiones de los hoyos par 3 de muchos de los torneos de golf m\u00e1s importantes del mundo, sino que tambi\u00e9n le permite seguir toda la acci\u00f3n en tiempo real, incluidos los trazados de los hoyos y los greens, las clasificaciones actuales y los datos posicionales actualizados al segundo.<br>para cada jugador del campo. Brillante.<\/p>\n\n\n\n<p><strong>\u00bfBet365 retransmite f\u00fatbol en directo?<\/strong>  Bet365 es una reputada empresa de apuestas en l\u00ednea que ofrece la retransmisi\u00f3n de partidos de f\u00fatbol en directo. Este servicio est\u00e1 disponible para usuarios del Reino Unido, Irlanda e Italia. La empresa tambi\u00e9n ofrece una gran variedad de opciones de retransmisi\u00f3n de otros deportes, como cricket, tenis y rugby.  Para acceder al servicio de retransmisi\u00f3n en directo de Bet365, los usuarios deben crear primero una cuenta y verificar su identidad. Una vez conectados, pueden seleccionar los partidos que quieren ver. Las retransmisiones en directo est\u00e1n disponibles para la mayor\u00eda de los encuentros en el Reino Unido e Irlanda, as\u00ed como para algunos partidos de la Serie A italiana y de la Ligue 1. Algunos partidos pueden no estar disponibles debido a restricciones de licencias o limitaciones de tiempo.  En general, el servicio de retransmisi\u00f3n en directo de Bet365 es c\u00f3modo y asequible. Es una gran opci\u00f3n para los aficionados al deporte del Reino Unido que quieran ver a sus equipos favoritos sobre la marcha o para aquellos que no tengan televisi\u00f3n por cable o sat\u00e9lite en casa.  No s\u00f3lo puede ver partidos de todo el mundo en directo y en tiempo real, sino que tambi\u00e9n puede utilizar el servicio de retransmisi\u00f3n de Bet365 para seguir los debates previos y posteriores al partido, lo que significa que, independientemente de lo que ocurra en el campo, siempre estar\u00e1 informado.<\/p>\n\n\n\n<p><strong>\u00bfC\u00f3mo ver la retransmisi\u00f3n en directo en Bet365?<\/strong>  Hay varias formas de ver retransmisiones en directo en Bet365. La forma m\u00e1s sencilla es visitar el sitio web y seleccionar sus partidos favoritos. Tambi\u00e9n puede utilizar la aplicaci\u00f3n disponible tanto para dispositivos Android como iOS.Bet365 es una de las principales empresas de apuestas en l\u00ednea del mundo y ofrece una gran variedad de opciones de retransmisi\u00f3n en directo. Tanto si quieres ver un partido de f\u00fatbol como cualquier otro evento deportivo, Bet365 tiene la opci\u00f3n de streaming para ti.<\/p>\n\n\n\n<p><strong>\u00bfQu\u00e9 es el servicio de retransmisi\u00f3n en directo de Bet365?<\/strong>  Bet365 es una empresa l\u00edder de apuestas en l\u00ednea con un servicio de retransmisi\u00f3n en directo que permite a los usuarios ver acontecimientos deportivos, como partidos de f\u00fatbol, cr\u00edquet y tenis, en el momento en que se celebran. El servicio est\u00e1 disponible en dispositivos m\u00f3viles y de sobremesa y ofrece una amplia gama de funciones, como la posibilidad de seguir varios partidos a la vez y chatear con otros espectadores. Bet365 tambi\u00e9n ofrece consejos de apuestas y perspectivas del mercado, lo que la convierte en una fuente de informaci\u00f3n ideal para los interesados en las apuestas deportivas.<\/p>\n\n\n\n<p><strong>\u00bfC\u00f3mo funciona la retransmisi\u00f3n en directo de Bet365?<\/strong>  Bet365 es una de las principales empresas de apuestas en l\u00ednea del mundo y ofrece una amplia gama de opciones de apuestas, incluida la retransmisi\u00f3n en directo. Cuando se registre en Bet365, podr\u00e1 elegir entre ver sus apuestas en tiempo real o revisarlas despu\u00e9s. La retransmisi\u00f3n en directo con Bet365 es sencilla y directa: s\u00f3lo tiene que abrir la ventana de apuestas y hacer clic en el bot\u00f3n \"Ver en directo\". Tambi\u00e9n puede utilizar la funci\u00f3n de retransmisi\u00f3n en directo para seguir a sus equipos deportivos o jugadores favoritos mientras apuesta.<\/p>\n\n\n\n<p><strong>\u00bfEs Bet365 live streaming gratis?<\/strong>  S\u00ed, el servicio de retransmisi\u00f3n en directo de Bet365 es gratuito.  Sin embargo, existen algunas restricciones sobre qu\u00e9 se puede retransmitir y durante cu\u00e1nto tiempo. Por ejemplo, la retransmisi\u00f3n en directo no est\u00e1 disponible para determinados eventos deportivos como la Premier League inglesa y La Liga. Adem\u00e1s, la retransmisi\u00f3n en directo s\u00f3lo est\u00e1 disponible para los clientes que tengan una cuenta v\u00e1lida.<\/p>\n\n\n\n<p><strong>\u00bfC\u00f3mo ver la retransmisi\u00f3n en directo en Bet365?<\/strong>  Bet365 es uno de los sitios de apuestas en l\u00ednea m\u00e1s populares y ofrece un servicio de retransmisi\u00f3n en directo que le permite ver toda la acci\u00f3n desde su ordenador, tableta o tel\u00e9fono. Para utilizar el servicio, simplemente haga clic en el enlace \"Transmisi\u00f3n en directo\" situado en el men\u00fa principal del sitio web y seleccione su dispositivo preferido. A continuaci\u00f3n, podr\u00e1 acceder a todas las retransmisiones en directo e interactuar con otros espectadores a trav\u00e9s de salas de chat o foros. Tambi\u00e9n podr\u00e1 realizar apuestas mientras ve las retransmisiones en directo, por lo que nunca se aburrir\u00e1 cuando utilice el servicio de retransmisi\u00f3n de Bet365. Despu\u00e9s de registrarse, los clientes podr\u00e1n seleccionar el evento que desean ver.<\/p>\n\n\n\n<p><strong>\u00bfC\u00f3mo funciona la retransmisi\u00f3n en directo de Bet365 en dispositivos m\u00f3viles?<\/strong>  La retransmisi\u00f3n en directo de Bet365 funciona en dispositivos m\u00f3viles permitiendo a los usuarios ver partidos y torneos de bet365 a trav\u00e9s de la aplicaci\u00f3n. La aplicaci\u00f3n est\u00e1 disponible tanto para dispositivos Android como iOS, lo que facilita a los usuarios el acceso a su contenido favorito. S\u00f3lo tiene que abrir la aplicaci\u00f3n de Bet365 y seleccionar el partido o torneo que desee ver. A continuaci\u00f3n, podr\u00e1 seguir la acci\u00f3n en directo, sin necesidad de suscribirse a una televisi\u00f3n por cable ni utilizar ning\u00fan otro software.<\/p>","protected":false},"excerpt":{"rendered":"<p>Live Sports Streams With Bet365 If you&#8217;re looking to catch a live stream of the latest football action on your desktop or mobile device, then Bet365 is the online sports book you want to check out, Bet365 live streaming is excellent!<\/p>","protected":false},"author":1,"featured_media":0,"parent":0,"menu_order":0,"comment_status":"closed","ping_status":"closed","template":"","meta":{"footnotes":""},"class_list":["post-1163","page","type-page","status-publish","hentry"],"_links":{"self":[{"href":"https:\/\/www.livefooty.net\/es\/wp-json\/wp\/v2\/pages\/1163","targetHints":{"allow":["GET"]}}],"collection":[{"href":"https:\/\/www.livefooty.net\/es\/wp-json\/wp\/v2\/pages"}],"about":[{"href":"https:\/\/www.livefooty.net\/es\/wp-json\/wp\/v2\/types\/page"}],"author":[{"embeddable":true,"href":"https:\/\/www.livefooty.net\/es\/wp-json\/wp\/v2\/users\/1"}],"replies":[{"embeddable":true,"href":"https:\/\/www.livefooty.net\/es\/wp-json\/wp\/v2\/comments?post=1163"}],"version-history":[{"count":0,"href":"https:\/\/www.livefooty.net\/es\/wp-json\/wp\/v2\/pages\/1163\/revisions"}],"wp:attachment":[{"href":"https:\/\/www.livefooty.net\/es\/wp-json\/wp\/v2\/media?parent=1163"}],"curies":[{"name":"wp","href":"https:\/\/api.w.org\/{rel}","templated":true}]}}