{"id":1141,"date":"2023-08-06T08:01:12","date_gmt":"2023-08-06T08:01:12","guid":{"rendered":"https:\/\/livefooty.net\/?page_id=1141"},"modified":"2025-10-14T09:58:51","modified_gmt":"2025-10-14T09:58:51","slug":"live-football-other-sports-online-news-and-games","status":"publish","type":"page","link":"https:\/\/www.livefooty.net\/es\/","title":{"rendered":"F\u00fatbol en directo y otros deportes en l\u00ednea - Noticias y juegos"},"content":{"rendered":"<h2 class=\"wp-block-heading\">D\u00f3nde ver f\u00fatbol, tenis, dardos, etc. en directo<\/h2>\n\n\n\n<figure class=\"wp-block-image size-full is-style-rounded\"><img decoding=\"async\" width=\"1024\" height=\"683\" src=\"https:\/\/www.livefooty.net\/wp-content\/uploads\/2023\/08\/live-footy.jpg\" alt=\"F\u00fatbol en directo\" class=\"wp-image-1322\" title=\"\" srcset=\"https:\/\/www.livefooty.net\/wp-content\/uploads\/2023\/08\/live-footy.jpg 1024w, https:\/\/www.livefooty.net\/wp-content\/uploads\/2023\/08\/live-footy-300x200.jpg 300w, https:\/\/www.livefooty.net\/wp-content\/uploads\/2023\/08\/live-footy-768x512.jpg 768w, https:\/\/www.livefooty.net\/wp-content\/uploads\/2023\/08\/live-footy-18x12.jpg 18w, https:\/\/www.livefooty.net\/wp-content\/uploads\/2023\/08\/live-footy-665x444.jpg 665w, https:\/\/www.livefooty.net\/wp-content\/uploads\/2023\/08\/live-footy-390x260.jpg 390w\" sizes=\"(max-width: 1024px) 100vw, 1024px\" \/><\/figure>\n\n\n\n<p>Internet no es s\u00f3lo Facebook y porno, \u00a1hay cosas \u00fatiles en el ciberespacio! Una de las m\u00e1s \u00fatiles para los aficionados al deporte es la posibilidad de ver en l\u00ednea retransmisiones deportivas en directo aut\u00e9nticas, leg\u00edtimas y autorizadas de socios de pago. Lo que empez\u00f3 como algo para serios nerds de la tecnolog\u00eda y frikis de todo tipo se ha convertido en algo muy com\u00fan y es algo que un gran n\u00famero de personas est\u00e1n haciendo semana tras semana con el fin de ver m\u00e1s f\u00fatbol en directo.  No hace falta que pongas en peligro tu ordenador, aqu\u00ed s\u00f3lo hablamos de streams oficiales.<\/p>\n\n\n\n<!--more-->\n\n\n\n<hr class=\"wp-block-separator has-alpha-channel-opacity\"\/>\n\n\n\n<p><\/p>\n\n\n\n<hr class=\"wp-block-separator has-alpha-channel-opacity\"\/>\n\n\n\n<h2 class=\"wp-block-heading\">Las casas de apuestas<\/h2>\n\n\n\n<p>Un n\u00famero cada vez mayor de casas de apuestas en l\u00ednea han empezado a ofrecer retransmisiones en directo de varios deportes, entre ellos, por supuesto, el siempre popular f\u00fatbol, incluidos los mejores partidos de las principales ligas europeas. Aunque las reglas var\u00edan de una casa de apuestas a otra (algunas exigen un dep\u00f3sito y otras incluso una apuesta en un evento concreto para poder verlo), el resultado es el mismo: retransmisiones en directo de calidad profesional de muchos eventos deportivos que no se pueden ver de ninguna otra forma. T\u00e9cnicamente es sencillo, no m\u00e1s complejo que ver un v\u00eddeo en Youtube. Se utiliza un reproductor de v\u00eddeo incrustado para mostrar las retransmisiones deportivas en directo y, gracias a ello, es posible verlo en 99% de los navegadores web, el \u00fanico problema puede venir de algunos dispositivos Apple, nadie sabe por qu\u00e9 insisten en no soportar Flash. La \u00fanica restricci\u00f3n de la que podemos hablar es que algunos eventos est\u00e1n restringidos geogr\u00e1ficamente dependiendo de los derechos de emisi\u00f3n en determinados pa\u00edses. Pero las casas de apuestas siguen siendo una forma excelente de ver m\u00e1s f\u00fatbol en directo del que de otra forma nunca llegar\u00edas a ver.<\/p>\n\n\n\n<figure class=\"wp-block-image size-large is-style-default\"><img decoding=\"async\" width=\"1024\" height=\"318\" src=\"https:\/\/www.livefooty.net\/wp-content\/uploads\/2023\/08\/live-footy-online-1024x318.jpg\" alt=\"f\u00fatbol en directo online\" class=\"wp-image-1324\" title=\"\" srcset=\"https:\/\/www.livefooty.net\/wp-content\/uploads\/2023\/08\/live-footy-online-1024x318.jpg 1024w, https:\/\/www.livefooty.net\/wp-content\/uploads\/2023\/08\/live-footy-online-300x93.jpg 300w, https:\/\/www.livefooty.net\/wp-content\/uploads\/2023\/08\/live-footy-online-768x238.jpg 768w, https:\/\/www.livefooty.net\/wp-content\/uploads\/2023\/08\/live-footy-online-18x6.jpg 18w, https:\/\/www.livefooty.net\/wp-content\/uploads\/2023\/08\/live-footy-online-665x206.jpg 665w, https:\/\/www.livefooty.net\/wp-content\/uploads\/2023\/08\/live-footy-online-838x260.jpg 838w, https:\/\/www.livefooty.net\/wp-content\/uploads\/2023\/08\/live-footy-online.jpg 1080w\" sizes=\"(max-width: 1024px) 100vw, 1024px\" \/><\/figure>\n\n\n\n<h2 class=\"wp-block-heading\">Los organismos de radiodifusi\u00f3n<\/h2>\n\n\n\n<p>Ha tardado un poco pero por fin empiezan a ver la luz, el online es el medio perfecto para acercar el deporte a m\u00e1s gente y aumentar las cifras de audiencia as\u00ed como los ingresos por publicidad. Por supuesto, lo que est\u00e1 disponible var\u00eda mucho de un pa\u00eds a otro, pero la tendencia sigue siendo positiva para los fan\u00e1ticos de los deportes; poco a poco estamos viendo que aparecen m\u00e1s deportes en vivo en l\u00ednea. En el Reino Unido, la BBC en particular ofrece una excelente cobertura deportiva en vivo en l\u00ednea; la F\u00f3rmula 1 necesitaba una menci\u00f3n especial en su d\u00eda. Las vitales sesiones de pr\u00e1ctica que alguna vez fueron solo un resumen de preclasificaci\u00f3n de 30 segundos se transmitieron en vivo en l\u00ednea; fue el comienzo de un proceso que llev\u00f3 a todos a mejorar su juego. Tambi\u00e9n puedes estar seguro de que todos los partidos de f\u00fatbol que cubre la BBC se transmiten en vivo en l\u00ednea, un servicio invaluable para cuando est\u00e1s atrapado en el trabajo o lejos del televisor. Sky incluso tiene su servicio NowTV (\u00a1les encanta mostrar los partidos del Manchester United, Liverpool, Chelsea y Arsenal!), que te permite ver la acci\u00f3n de Sky Sports en vivo a trav\u00e9s de tu dispositivo m\u00f3vil por un costo de suscripci\u00f3n reducido. A\u00fan es temprano y todav\u00eda queda un largo camino por recorrer pero poco a poco vamos llegando all\u00ed, seguramente solo ser\u00e1 cuesti\u00f3n de tiempo antes de que podamos ver TODOS los partidos de f\u00fatbol en vivo online.<\/p>\n\n\n\n<h3 class=\"wp-block-heading\">\u00daltimos acontecimientos del f\u00fatbol<\/h3>\n\n\n\n<p>[scu name=&#8221;event-summary&#8221;]<\/p>\n\n\n\n<hr class=\"wp-block-separator has-alpha-channel-opacity\"\/>\n\n\n\n<h3 class=\"wp-block-heading\">Noticias de f\u00fatbol en vivo<\/h3>\n\n\n\n<p>[scu name=\"rss-feed\"]<\/p>","protected":false},"excerpt":{"rendered":"<p>Where To Watch Live Football, Tennis, Darts etc The internet isn&#8217;t just for Facebook and porn, there are actually some useful things going on out there in cyberspace! One of the most useful for sports fans is the ability to watch genuine, legitimate, authorised live sports streams online from paid up broadcast partners. What started [&hellip;]<\/p>","protected":false},"author":1,"featured_media":0,"parent":0,"menu_order":0,"comment_status":"closed","ping_status":"closed","template":"","meta":{"footnotes":""},"class_list":["post-1141","page","type-page","status-publish","hentry"],"_links":{"self":[{"href":"https:\/\/www.livefooty.net\/es\/wp-json\/wp\/v2\/pages\/1141","targetHints":{"allow":["GET"]}}],"collection":[{"href":"https:\/\/www.livefooty.net\/es\/wp-json\/wp\/v2\/pages"}],"about":[{"href":"https:\/\/www.livefooty.net\/es\/wp-json\/wp\/v2\/types\/page"}],"author":[{"embeddable":true,"href":"https:\/\/www.livefooty.net\/es\/wp-json\/wp\/v2\/users\/1"}],"replies":[{"embeddable":true,"href":"https:\/\/www.livefooty.net\/es\/wp-json\/wp\/v2\/comments?post=1141"}],"version-history":[{"count":1,"href":"https:\/\/www.livefooty.net\/es\/wp-json\/wp\/v2\/pages\/1141\/revisions"}],"predecessor-version":[{"id":3083,"href":"https:\/\/www.livefooty.net\/es\/wp-json\/wp\/v2\/pages\/1141\/revisions\/3083"}],"wp:attachment":[{"href":"https:\/\/www.livefooty.net\/es\/wp-json\/wp\/v2\/media?parent=1141"}],"curies":[{"name":"wp","href":"https:\/\/api.w.org\/{rel}","templated":true}]}}