{"id":1704,"date":"2024-02-29T11:08:03","date_gmt":"2024-02-29T11:08:03","guid":{"rendered":"https:\/\/www.livefooty.net\/?page_id=1704"},"modified":"2024-03-07T15:50:30","modified_gmt":"2024-03-07T15:50:30","slug":"fa-cup-live-online","status":"publish","type":"page","link":"https:\/\/www.livefooty.net\/de\/fa-cup-live-online\/","title":{"rendered":"FA Cup - Live-Online-\u00dcbertragung des FA Cup"},"content":{"rendered":"<p>Der <b>FA-Cup<\/b> ist der beste Vereinspokalwettbewerb im Weltfu\u00dfball, wer schaut nicht die <b>FA-Cup-Finale<\/b>? Er hat eine \u00fcber 100-j\u00e4hrige Tradition und einen besonderen Platz in den Herzen vieler Fu\u00dfballfans.  Der Pokal der \u00dcberraschungen ist heute ein ebenso romantisches Spektakel wie eh und je.  F\u00fcr die Anh\u00e4nger des englischen Fu\u00dfballs geh\u00f6rt das FA-Cup-Finale zu den Fu\u00dfball-Highlights des Jahres, und es ist \u00e4u\u00dferst schwierig, Karten f\u00fcr dieses Spiel zu bekommen.  Die meisten FA-Cup-Spiele werden im Vereinigten K\u00f6nigreich von der BBC und BT Sport live im Fernsehen \u00fcbertragen, aber anderswo ist es schwierig, an Karten zu kommen. Hier finden Sie weitere Informationen \u00fcber den <a href=\"https:\/\/en.wikipedia.org\/wiki\/FA_Cup\" target=\"_blank\" rel=\"noopener\">Geschichte des FA-Cups<\/a>.\n\t<\/p>\n\n\n\n<!--more-->\n\n\n\n<p> <\/p>\n\n\n<div class=\"wp-block-image is-style-rounded\">\n<figure class=\"aligncenter size-full\"><img decoding=\"async\" width=\"600\" height=\"451\" src=\"https:\/\/www.livefooty.net\/wp-content\/uploads\/2024\/02\/FA-Cup-Football.jpg\" alt=\"FA Cup Trophy - Live-\u00dcbertragung\" class=\"wp-image-1705\" title=\"\" srcset=\"https:\/\/www.livefooty.net\/wp-content\/uploads\/2024\/02\/FA-Cup-Football.jpg 600w, https:\/\/www.livefooty.net\/wp-content\/uploads\/2024\/02\/FA-Cup-Football-300x226.jpg 300w, https:\/\/www.livefooty.net\/wp-content\/uploads\/2024\/02\/FA-Cup-Football-16x12.jpg 16w, https:\/\/www.livefooty.net\/wp-content\/uploads\/2024\/02\/FA-Cup-Football-346x260.jpg 346w\" sizes=\"(max-width: 600px) 100vw, 600px\" \/><\/figure><\/div>\n\n\n<p> Die erste Runde des FA-Cups 2016\/2017 beginnt am Wochenende des 04. Novembers.  F\u00fcr die Mannschaften, die sich in den Vorrunden durchgesetzt haben, ist dies eine gro\u00dfe Chance, sich mit Ligakonkurrenten zu messen und eine gute Figur zu machen.  F\u00fcr einige Teams, die es gewohnt sind, vor Hunderten von Zuschauern zu spielen, geht es in dieser Phase des Wettbewerbs um die Chance, im nationalen Fernsehen aufzutreten.  Die BBC h\u00e4tte dieses Spiel nicht f\u00fcr ihre Freitagabend-\u00dcbertragung ausgew\u00e4hlt, wenn es nicht die \"Chance\" auf eine \u00dcberraschung g\u00e4be, und es wird sehr interessant sein, zu sehen, wie sie sich schlagen werden! <\/p>\n\n\n\n<p> Wir befinden uns in der 4. Runde und es gibt immer noch 2 Nicht-Liga-Mannschaften, die ausw\u00e4rts um die Chance auf Ruhm k\u00e4mpfen.  Sutton United empf\u00e4ngt Leeds United in einem Spiel, bei dem sie sicher im Hinterkopf haben, dass sie ein Unentschieden nehmen w\u00fcrden, um in der Elland Road spielen zu k\u00f6nnen.  Der andere Nichtligist, Lincoln, spielt zu Hause gegen Brighton.  Um ehrlich zu sein, werden beide Nichtligisten mit ihren Chancen auf ein Weiterkommen lieb\u00e4ugeln, denn sie haben bereits f\u00fcr einige \u00dcberraschungen gesorgt, und wer wei\u00df, ob der Heimvorteil ausreicht?  Die Chance, in der n\u00e4chsten Runde auf einen der gro\u00dfen Premier-League-Klubs zu treffen, muss f\u00fcr sie ein gro\u00dfer Ansporn sein. <br><\/p>\n\n\n\n<p>Nach einer ziemlich heftigen 4. Runde im FA-Cup freuen sich alle auf die diesj\u00e4hrige 5.  Das einzige Problem ist, dass man nach so vielen \u00dcberraschungen manchmal mit einem ziemlich langweiligen Spielplan dasteht.  Diesmal jedoch nicht, denn am Montag, den 18. Mai, ist Manchester United zu Gast bei Chelsea.  OGS wird sich fragen, was er tun muss, um nach dem Ausw\u00e4rtsspiel bei Arsenal in der vierten Runde eine Pause zu bekommen.  Das andere herausragende Spiel ist die Reise des amtierenden Premier-League-Meisters Manchester City nach Newport County, was f\u00fcr viele seiner Spieler eine ganz neue Erfahrung sein d\u00fcrfte. <br><\/p>\n\n\n\n<p>Die 3. Runde des FA-Cups ist der Punkt, an dem Tr\u00e4ume entweder wahr werden oder zerplatzen. Kleine Mannschaften aus den unteren Ligen bekommen die Chance, gegen ihre teuren Rivalen aus der Premier League anzutreten, und wie jeder wei\u00df, kann es im FA-Cup zu \u00dcberraschungen kommen.  Auch wenn die Auslosung der 3. Runde in diesem Jahr nicht wirklich viele potenzielle Kracher zu Tage gef\u00f6rdert hat, so gibt es doch eine ganze Reihe von Spielen, in denen eine Sensation m\u00f6glich ist.  Der Meisterschaftsfavorit Reading reist (mal wieder) nach Old Trafford, Wolves wird versuchen, Liverpool zu schlagen, das k\u00fcrzlich zum ersten Mal seit einer gef\u00fchlten Ewigkeit verloren hat.  Nottingham Forest k\u00f6nnte sich gegen eine Mannschaft aus Chelsea, die sich mit dem Toreschie\u00dfen schwer tut, eine Chance ausrechnen. Aber f\u00fcr die wahren FA-Cup-Romantiker und das, was viele als das Spiel der Runde sehen, ist das Spiel zwischen Accrington Stanley (Wer sind die? Genau!) und Ipswich! <br><\/p>\n\n\n\n<p>Die 6. Runde des FA-Cups steht vor der T\u00fcr, oder wie wir altmodischen Leute es gerne nennen, das Viertelfinale.  Wenn Sie ein Liverpool-Fan sind, m\u00fcssen Sie sich gerade jetzt die H\u00e4nde reiben.  Bei so vielen \u00dcberraschungen im diesj\u00e4hrigen FA Cup ist die Chance gro\u00df, dass die beiden besten Teams des Wettbewerbs im Viertelfinale aufeinandertreffen.  So oder so werden entweder Manchester United oder Arsenal aus dem Wettbewerb ausscheiden, wobei die Gunners aufgrund ihrer j\u00fcngsten Form sogar im Old Trafford stark favorisiert werden m\u00fcssen. Bei der Art und Weise, wie United spielt, stellt sich die Frage, ob nach dem Schlusspfiff noch jemand wach ist.  Bradford gegen Reading sorgt daf\u00fcr, dass in diesem Jahr ein Team aus der unteren Liga ins Halbfinale einzieht.  Damit bleibt nur noch das Midlands-Derby zwischen Villa und West Brom, eine Wiederholung des letzten, sehr knappen Premier-League-Spiels.  Wie wird Villa im Pokal abschneiden, wenn das \u00dcberleben in der Liga f\u00fcr Tim Sherwood Priorit\u00e4t haben muss?  Wenn ich wetten w\u00fcrde, w\u00fcrde ich auf eine Halbfinalpaarung tippen, die in etwa so aussieht wie Reading, West Brom, Liverpool und Arsenal, aber wenn man bedenkt, wie die Dinge im diesj\u00e4hrigen FA Cup gelaufen sind, w\u00e4re ich nicht \u00fcberrascht, wenn das genaue Gegenteil der Fall w\u00e4re. <br><\/p>\n\n\n\n<p> Nach dem offiziell L\u00c4NGSTEN FA-Cup-Turnier in der Geschichte sind wir endlich im Finale angekommen.  Ich denke, jeder wird froh sein, dass diese Saison zu Ende ist, aber die meisten haben bekommen, was sie sich gew\u00fcnscht haben: ein Derby-Finale.  Als die Halbfinalauslosung bekannt gegeben wurde, dachten die meisten, dass es ein Manchester-Derby werden w\u00fcrde, aber Arsenal und Chelsea haben beide die Top-Teams der Liga geschlagen.  Eine taktische Meisterleistung von Arsenal hat City das Genick gebrochen, w\u00e4hrend United gegen eine Chelsea-Mannschaft, die ihre Vorteile voll ausspielte, einfach nicht auftauchte.  Es bleibt also ein Londoner Derby, wenn Chelsea im FA-Cup-Finale 2020 auf Arsenal trifft.  Wie seltsam wird es sein, wenn am Tag des FA-Cup-Finales keine Fans im Stadion sind?  Massiv!  Eines ist jedoch sicher: Die Kneipen werden sehr gut besucht sein. <br><\/p>\n\n\n\n<p> Dank des Live-Streamings ist es jetzt m\u00f6glich, alle Spiele des FA Cups live zu verfolgen.  Bei so vielen Spielen, die alle gleichzeitig stattfinden, ist es selbst im Zeitalter des interaktiven Fernsehens schwierig, f\u00fcr jedes Lieblingsteam der Fans Sendezeit im Fernsehen zu bekommen. Da der FA-Cup sehr beliebt ist, gibt es f\u00fcr viele FA-Cup-Spiele umfangreiche Live-\u00dcbertragungen im Internet (die BBC und BT Sport bieten im Vereinigten K\u00f6nigreich gute Online-\u00dcbertragungen an).  Anderswo die Buchmacher<a title=\"\" href=\"https:\/\/www.livefooty.net\/de\/william-hill-tv-live-streams-live-online-ansehen\/\"> manchmal eine gro\u00dfe Anzahl von FA-Cup-Spielen live online \u00fcbertragen<\/a>vor allem in den Vorrunden. Und vergessen Sie nicht, wenn Sie nicht live zuschauen k\u00f6nnen, dass die BBC fast jedes Spiel mit lokalen Radio\u00fcbertragungen abdeckt, schauen Sie sich einfach Folgendes an <a href=\"https:\/\/www.bbc.co.uk\/sport\/0\/football\/13629210\" target=\"_blank\" rel=\"noopener\">FA Cup Live Radio Link<\/a>. <\/p>\n\n\n\n<p>[scu name=&#8221;fa-cup&#8221;]<\/p>\n\n\n\n<h3 class=\"wp-block-heading\">FA Cup Footy Klatsch &amp; Ansichten<\/h3>\n\n\n\n<p>[scu name=\"event-summary\"]<\/p>\n\n\n\n<hr class=\"wp-block-separator has-alpha-channel-opacity\"\/>\n\n\n\n<h3 class=\"wp-block-heading\">Live FA Cup Nachrichten<\/h3>\n\n\n\n<p>[scu name=\"rss-feed\"]<\/p>","protected":false},"excerpt":{"rendered":"<p>The FA Cup is the best club cup competition in world football, who doesn&#8217;t watch the FA Cup final? It has a tradition spanning over 100 years and holds a special place in the hearts of many football fans. The cup of upsets is as romantic a spectacle now as it ever was. For followers [&hellip;]<\/p>","protected":false},"author":1,"featured_media":0,"parent":0,"menu_order":0,"comment_status":"closed","ping_status":"closed","template":"","meta":{"footnotes":""},"class_list":["post-1704","page","type-page","status-publish","hentry"],"_links":{"self":[{"href":"https:\/\/www.livefooty.net\/de\/wp-json\/wp\/v2\/pages\/1704","targetHints":{"allow":["GET"]}}],"collection":[{"href":"https:\/\/www.livefooty.net\/de\/wp-json\/wp\/v2\/pages"}],"about":[{"href":"https:\/\/www.livefooty.net\/de\/wp-json\/wp\/v2\/types\/page"}],"author":[{"embeddable":true,"href":"https:\/\/www.livefooty.net\/de\/wp-json\/wp\/v2\/users\/1"}],"replies":[{"embeddable":true,"href":"https:\/\/www.livefooty.net\/de\/wp-json\/wp\/v2\/comments?post=1704"}],"version-history":[{"count":2,"href":"https:\/\/www.livefooty.net\/de\/wp-json\/wp\/v2\/pages\/1704\/revisions"}],"predecessor-version":[{"id":1746,"href":"https:\/\/www.livefooty.net\/de\/wp-json\/wp\/v2\/pages\/1704\/revisions\/1746"}],"wp:attachment":[{"href":"https:\/\/www.livefooty.net\/de\/wp-json\/wp\/v2\/media?parent=1704"}],"curies":[{"name":"wp","href":"https:\/\/api.w.org\/{rel}","templated":true}]}}