{"id":1341,"date":"2023-08-22T09:14:43","date_gmt":"2023-08-22T09:14:43","guid":{"rendered":"https:\/\/www.livefooty.net\/?page_id=1341"},"modified":"2023-09-19T10:57:14","modified_gmt":"2023-09-19T10:57:14","slug":"live-ligue-1-fusball","status":"publish","type":"page","link":"https:\/\/www.livefooty.net\/de\/live-ligue-1-fusball\/","title":{"rendered":"Live Ligue 1 Fu\u00dfball"},"content":{"rendered":"<p> Frankreich ist vielleicht Weltmeister, aber was Sie vielleicht nicht wissen, ist, dass die Ligue 1 die Liga mit den meisten Fortschritten in Europa ist, auch wenn sie das selbst sagen! Die Ligue 1, die im besten Fall oft als Entwicklungsliga verspottet wird und im schlimmsten Fall unbedeutend ist, hat es schwer, ihren Ruf als zweitklassiger Wettbewerb abzulegen, was zu der wenig schmeichelhaften Beschreibung der Farmers League gef\u00fchrt hat (bedauerlicherweise tun dies im franz\u00f6sischen Fu\u00dfball die besten Spieler meist nicht). (Sie bleiben zu lange dabei, und die Ligue 1 gilt seit langem als produktiver N\u00e4hrboden f\u00fcr junge Spieler, die zu einigen der ber\u00fchmtesten Fu\u00dfballer der Welt werden.) Die Ligue 1 ist jedoch vollgestopft mit erstklassigen Vereinen: Paris Saint Germain, Marseille, Monaco, Rennes, Lille und Nizza sind alle mehr als anst\u00e4ndig. Die einzige wirkliche Frage ist, wie weit PSG in puncto Kaufkraft vorne liegt. Die Kluft zwischen PSG und dem Rest des franz\u00f6sischen Fu\u00dfballs hat oft dazu gef\u00fchrt, dass viele davon ausgehen, dass die Pariser die Ligue 1 gewinnen w\u00fcrden, bevor \u00fcberhaupt ein Ball getreten wird. Meistens haben sie Recht behalten.    <\/p>\n\n\n\n<!--more-->\n\n\n\n<p>Obwohl die Ligue 1 sicherlich keine Liga f\u00fcr Agronomen ist, kann sie nicht als erfolgreicher Wettbewerb angesehen werden, in dem eine Mannschaft dominiert. Die meisten Spiele der Ligue 1 finden samstags und sonntags statt, w\u00e4hrend der gesamten Saison k\u00f6nnen jedoch einige Spiele auch an Wochentagen, also abends, ausgetragen werden. Die Hoffnung besteht darin, dass die Ligue 1 mit starken Finanzen und wirtschaftlicher Unterst\u00fctzung in den kommenden Jahren ihre besten Talente behalten und zu einer qualitativ hochwertigeren und angeseheneren europ\u00e4ischen Liga werden kann. Es ist lange her, dass die Ligue 1 in europ\u00e4ischen Wettbewerben eine dominierende Kraft war, aber hoffentlich wird sich diese Situation bald verbessern. <br><\/p>\n\n\n\n<div itemscope=\"\" itemtype=\"https:\/\/schema.org\/FAQPage\">\n\t\t<div itemscope=\"\" itemprop=\"mainEntity\" itemtype=\"https:\/\/schema.org\/Question\">\n\t\t\t<h4 itemprop=\"name\">Kann ich Ligue 1-Fu\u00dfball legal online live ansehen?<\/h4>\n\t\t\t<div itemscope=\"\" itemprop=\"acceptedAnswer\" itemtype=\"https:\/\/schema.org\/Answer\">\n\t\t\t\t<div itemprop=\"text\"><p>William Hill streamt eine gro\u00dfe Anzahl von Spielen der franz\u00f6sischen Ligue 1, bitte folgen Sie dem Link f\u00fcr die aktuelle Version <a href=\"\/WilliamHill-Football.php\" rel=\"nofollow noopener\" target=\"_blank\"><b>Fu\u00dfballplan von William Hill<\/b><\/a>. (Es gelten die Allgemeinen Gesch\u00e4ftsbedingungen. Streams k\u00f6nnen je nach Wohnort geografisch eingeschr\u00e4nkt sein.)<\/p><\/div>\n\t\t\t<\/div>\n\t\t<\/div>\n\t\t<div itemscope=\"\" itemprop=\"mainEntity\" itemtype=\"https:\/\/schema.org\/Question\">\n\t\t\t<h4 itemprop=\"name\">Wie gut sind die Live-Streams der Ligue 1?<\/h4>\n\t\t\t<div itemscope=\"\" itemprop=\"acceptedAnswer\" itemtype=\"https:\/\/schema.org\/Answer\">\n\t\t\t\t<div itemprop=\"text\"><p>Sehr gut anzusehen, sogar auf einem gro\u00dfen Fernseher (sofern Sie die M\u00f6glichkeit haben, Ihren Computer\/Ger\u00e4t anzuschlie\u00dfen).<\/p><\/div>\n\t\t\t<\/div>\n\t\t<\/div>\n\t\t<div itemscope=\"\" itemprop=\"mainEntity\" itemtype=\"https:\/\/schema.org\/Question\">\n\t\t\t<h4 itemprop=\"name\">Wie wettbewerbsf\u00e4hig ist die Ligue 1?<\/h4>\n\t\t\t<div itemscope=\"\" itemprop=\"acceptedAnswer\" itemtype=\"https:\/\/schema.org\/Answer\">\n\t\t\t\t<div itemprop=\"text\"><p>Wenn man PSG und seine reichen Unterst\u00fctzer au\u00dfer Acht l\u00e4sst, ist die Ligue 1 tats\u00e4chlich sehr wettbewerbsintensiv und die meisten Teams sind in der Lage, sich gegenseitig zu schlagen. Es l\u00e4sst sich jedoch nicht leugnen, dass PSG mit seiner Kaufkraft dem Rest der Liga derzeit einen gro\u00dfen Schritt voraus ist.<\/p><\/div>\n\t\t\t<\/div>\n\t\t<\/div>\n\t\t<div itemscope=\"\" itemprop=\"mainEntity\" itemtype=\"https:\/\/schema.org\/Question\">\n\t\t\t<h4 itemprop=\"name\">Kann ich in der Ligue 1 spielen?<\/h4>\n\t\t\t<div itemscope=\"\" itemprop=\"acceptedAnswer\" itemtype=\"https:\/\/schema.org\/Answer\">\n\t\t\t\t<div itemprop=\"text\"><p>Auf jeden Fall, solange Sie alt genug sind, um dort, wo Sie leben, legal zu spielen. Die Ligue 1 ist im Hinblick auf die nationalen Ligen \u00e4u\u00dferst wettbewerbsintensiv (solange man PSG-Spiele au\u00dfer Acht l\u00e4sst) und die Quoten neigen im Allgemeinen dazu, diese \u201eunbekannte\u201c Gr\u00f6\u00dfe widerzuspiegeln. <a href=\"\/WilliamHill-Football.php\" rel=\"nofollow noopener\" target=\"_blank\">William Hill bietet eine gro\u00dfe Anzahl von M\u00e4rkten f\u00fcr Spiele der Ligue 1 an<\/a>.<\/p><\/div>\n\t\t\t<\/div>\n\t\t<\/div>\n\t<\/div>\n\n\n\n<p>[scu name=&#8221;ligue1&#8243;]<\/p>","protected":false},"excerpt":{"rendered":"<p>France might be world champions, but what you might not know is that Ligue 1 is the most improved league in Europe, even if they do say so themselves! Oft-derided as a development league at best and insignificant at worst, Ligue 1 has endured a hard time shedding its reputation as a second-tier competition, leading [&hellip;]<\/p>","protected":false},"author":1,"featured_media":0,"parent":0,"menu_order":0,"comment_status":"closed","ping_status":"closed","template":"","meta":{"footnotes":""},"class_list":["post-1341","page","type-page","status-publish","hentry"],"_links":{"self":[{"href":"https:\/\/www.livefooty.net\/de\/wp-json\/wp\/v2\/pages\/1341","targetHints":{"allow":["GET"]}}],"collection":[{"href":"https:\/\/www.livefooty.net\/de\/wp-json\/wp\/v2\/pages"}],"about":[{"href":"https:\/\/www.livefooty.net\/de\/wp-json\/wp\/v2\/types\/page"}],"author":[{"embeddable":true,"href":"https:\/\/www.livefooty.net\/de\/wp-json\/wp\/v2\/users\/1"}],"replies":[{"embeddable":true,"href":"https:\/\/www.livefooty.net\/de\/wp-json\/wp\/v2\/comments?post=1341"}],"version-history":[{"count":0,"href":"https:\/\/www.livefooty.net\/de\/wp-json\/wp\/v2\/pages\/1341\/revisions"}],"wp:attachment":[{"href":"https:\/\/www.livefooty.net\/de\/wp-json\/wp\/v2\/media?parent=1341"}],"curies":[{"name":"wp","href":"https:\/\/api.w.org\/{rel}","templated":true}]}}