{"id":1339,"date":"2023-08-22T08:49:50","date_gmt":"2023-08-22T08:49:50","guid":{"rendered":"https:\/\/www.livefooty.net\/?page_id=1339"},"modified":"2023-09-19T10:58:44","modified_gmt":"2023-09-19T10:58:44","slug":"live-serie-a-fusball","status":"publish","type":"page","link":"https:\/\/www.livefooty.net\/de\/live-serie-a-fusball\/","title":{"rendered":"Live-Serie-A-Fu\u00dfball"},"content":{"rendered":"<p> Der italienische Fu\u00dfball kann wahrscheinlich als der taktisch kompetenteste von allen angesehen werden. Im italienischen Fu\u00dfball gibt es eine etwas unfaire Wiederholung des Defensivfu\u00dfballs, die oft von \u00fcberbezahlten Experten herumgeworfen wird, die gerne das Wort Catenaccio verwenden. Der italienische Fu\u00dfball ist alles andere als monolithisch und diejenigen, die ihn sehen, genie\u00dfen die taktischen K\u00e4mpfe zwischen verschiedenen Philosophien und Spielstilen. Der italienische Fu\u00dfball hat seit diesen gl\u00fccklichen Tagen einen langen Weg zur\u00fcckgelegt; Tage, in denen echte Superstars wie Zinedine Zizou Zidane, Ronaldo und mein pers\u00f6nlicher Favorit George Weah zu Man City wechselten, bevor es cool war, bei Juventus, Inter und Mailand ihren Beruf aus\u00fcbten. Sein Ruf ist gesunken und man kann immer noch mit Sicherheit sagen, dass der italienische Fu\u00dfball immer noch darum k\u00e4mpft, sich von den Fesseln dieser Trag\u00f6die zu befreien. <\/p>\n\n\n\n<!--more-->\n\n\n\n<p><br><\/p>\n\n\n\n<p> Als junger Fu\u00dfballfan erregte neben der Premier League vor allem die italienische Serie meine Aufmerksamkeit. Jeder, der in den 90ern Football Manager gespielt hat, wei\u00df, was ich meine: AC Mailand, Inter Mailand, Juventus, Weah, Zidane usw. Es war eine unglaublich anzusehende Liga, in der sich die Spiele so sehr von der Hektik der Briten unterschieden Fu\u00dfball. Dann kam es zu den Skandalen, der Wettbewerbsvorteil schien der Serie A zu entschwinden und das \u201eProdukt\u201c war nur noch ein Schatten seiner selbst. Ich hoffe wirklich, dass die Serie A eines Tages wieder zu dem wird, was sie einmal war, als die La Liga noch nie erw\u00e4hnt wurde! <br><\/p>\n\n\n\n<div itemscope=\"\" itemtype=\"https:\/\/schema.org\/FAQPage\">\n\t\t<div itemscope=\"\" itemprop=\"mainEntity\" itemtype=\"https:\/\/schema.org\/Question\">\n\t\t\t<h4 itemprop=\"name\">Kann ich Fu\u00dfball der Serie A legal live online sehen?<\/h4>\n\t\t\t<div itemscope=\"\" itemprop=\"acceptedAnswer\" itemtype=\"https:\/\/schema.org\/Answer\">\n\t\t\t\t<div itemprop=\"text\"><p>William Hill streamt eine gro\u00dfe Anzahl von Spielen aus Italiens h\u00f6chster Liga, der Serie A, bitte folgen Sie dem Link f\u00fcr die aktuelle Version <a href=\"\/WilliamHill-Football.php\" rel=\"nofollow noopener\" target=\"_blank\"><b>Fu\u00dfballplan von William Hill<\/b><\/a>. (Es gelten die Allgemeinen Gesch\u00e4ftsbedingungen, Streams sind f\u00fcr bestimmte L\u00e4nder eingeschr\u00e4nkt.)<\/p><\/div>\n\t\t\t<\/div>\n\t\t<\/div>\n\t\t<div itemscope=\"\" itemprop=\"mainEntity\" itemtype=\"https:\/\/schema.org\/Question\">\n\t\t\t<h4 itemprop=\"name\">Wie gut sind die Livestreams der Serie A?<\/h4>\n\t\t\t<div itemscope=\"\" itemprop=\"acceptedAnswer\" itemtype=\"https:\/\/schema.org\/Answer\">\n\t\t\t\t<div itemprop=\"text\"><p>Sehr gut anzusehen, sogar auf einem gro\u00dfen Fernseher (sofern Sie die M\u00f6glichkeit haben, Ihren Computer\/Ger\u00e4t anzuschlie\u00dfen).<\/p><\/div>\n\t\t\t<\/div>\n\t\t<\/div>\n\t\t<div itemscope=\"\" itemprop=\"mainEntity\" itemtype=\"https:\/\/schema.org\/Question\">\n\t\t\t<h4 itemprop=\"name\">Wie wettbewerbsf\u00e4hig ist die Serie A?<\/h4>\n\t\t\t<div itemscope=\"\" itemprop=\"acceptedAnswer\" itemtype=\"https:\/\/schema.org\/Answer\">\n\t\t\t\t<div itemprop=\"text\"><p>Da ich in den sp\u00e4ten 80ern und 90ern aufgewachsen bin und viel italienischen Fu\u00dfball gesehen habe, tut es mir wirklich weh, das zu sagen, aber nicht mehr so konkurrenzf\u00e4hig. Da so viel Geld in Juventus geflossen ist, ist es zu einer Liga von Jeventus geworden, und dann sind auch sie weggelaufen. Hoffentlich wird der fr\u00fchere Glanz bald wiederhergestellt!<\/p><\/div>\n\t\t\t<\/div>\n\t\t<\/div>\n\t\t<div itemscope=\"\" itemprop=\"mainEntity\" itemtype=\"https:\/\/schema.org\/Question\">\n\t\t\t<h4 itemprop=\"name\">Kann ich in der Serie A spielen?<\/h4>\n\t\t\t<div itemscope=\"\" itemprop=\"acceptedAnswer\" itemtype=\"https:\/\/schema.org\/Answer\">\n\t\t\t\t<div itemprop=\"text\"><p>Auf jeden Fall, solange Sie alt genug sind, um dort, wo Sie leben, legal zu spielen. Die Serie A bietet gro\u00dfartige Quoten f\u00fcr viele Spiele, wenn man Juve au\u00dfer Acht l\u00e4sst. Es ist eine gute Liga, auf die man wetten kann, und die Quoten neigen im Allgemeinen dazu, diese \u201eunbekannte\u201c Gr\u00f6\u00dfe widerzuspiegeln, insbesondere wenn die 5-6 Teams unter Juventus gegeneinander spielen <a href=\"\/WilliamHill-Football.php\" rel=\"nofollow noopener\" target=\"_blank\">William Hill bietet zahlreiche M\u00e4rkte f\u00fcr Spiele der Serie A an<\/a>.<\/p><\/div>\n\t\t\t<\/div>\n\t\t<\/div>\n\t<\/div>\n\n\n\n<p>[scu name=&#8221;serie-a&#8221;]<\/p>","protected":false},"excerpt":{"rendered":"<p>Italian football can probably be seen as the most tactically competent of them all. Italian football has a somewhat unfair repetition for defensive football, often thrown around by overpaid pundits who love to use the word catenaccio. Italian football is far from monolithic, and those who watch it thoroughly enjoy the tactical battles between different [&hellip;]<\/p>","protected":false},"author":1,"featured_media":0,"parent":0,"menu_order":0,"comment_status":"closed","ping_status":"closed","template":"","meta":{"footnotes":""},"class_list":["post-1339","page","type-page","status-publish","hentry"],"_links":{"self":[{"href":"https:\/\/www.livefooty.net\/de\/wp-json\/wp\/v2\/pages\/1339","targetHints":{"allow":["GET"]}}],"collection":[{"href":"https:\/\/www.livefooty.net\/de\/wp-json\/wp\/v2\/pages"}],"about":[{"href":"https:\/\/www.livefooty.net\/de\/wp-json\/wp\/v2\/types\/page"}],"author":[{"embeddable":true,"href":"https:\/\/www.livefooty.net\/de\/wp-json\/wp\/v2\/users\/1"}],"replies":[{"embeddable":true,"href":"https:\/\/www.livefooty.net\/de\/wp-json\/wp\/v2\/comments?post=1339"}],"version-history":[{"count":0,"href":"https:\/\/www.livefooty.net\/de\/wp-json\/wp\/v2\/pages\/1339\/revisions"}],"wp:attachment":[{"href":"https:\/\/www.livefooty.net\/de\/wp-json\/wp\/v2\/media?parent=1339"}],"curies":[{"name":"wp","href":"https:\/\/api.w.org\/{rel}","templated":true}]}}