{"id":1302,"date":"2023-08-18T09:06:26","date_gmt":"2023-08-18T09:06:26","guid":{"rendered":"https:\/\/www.livefooty.net\/?page_id=1302"},"modified":"2023-09-19T10:52:21","modified_gmt":"2023-09-19T10:52:21","slug":"aintree-pferderennen","status":"publish","type":"page","link":"https:\/\/www.livefooty.net\/de\/aintree-pferderennen\/","title":{"rendered":"Aintree Pferderennen"},"content":{"rendered":"<h2 class=\"wp-block-heading\">Aintree Race Course \u2013 Live-Rennen<\/h2>\n\n\n\n<p> <b><a href=\"https:\/\/www.livehorseracingonline.com\" target=\"_blank\" rel=\"noopener\" title=\"\">Sehen Sie sich Pferderennen von Aintree live auf Ihrem PC, Handy oder Tablet an<\/a><\/b> <br><\/p>\n\n\n\n<p> Die Rennstrecke von Aintree ist aus einem einfachen Grund eine der ber\u00fchmtesten im gesamten Vereinigten K\u00f6nigreich: Sie ist die Heimat des Grand National. Selbst f\u00fcr Leute, die kein Interesse an Pferderennen oder Gl\u00fccksspielen haben, ist das Nationalrennen vielleicht das einzige Rennen, das JEDER kennt, und eines, bei dem sich die meisten Menschen wohl f\u00fchlen, wenn sie dabei sind.  <\/p>\n\n\n\n<!--more-->\n\n\n\n<p>Wir alle wissen, dass der Fr\u00fchling mit dem Aintree Festival und dem Grand National schon vor der T\u00fcr steht. Die Aintree-Rennbahn selbst besteht eigentlich aus zwei Strecken in einer. Die Grand National-Strecke ist eine spezielle Hindernislaufstrecke mit einer Gesamtl\u00e4nge von 2 Meilen und 2 Stadien. Dieser Kurs ist ein grobes Dreieck, das linksh\u00e4ndig (gegen den Uhrzeigersinn) ausgetragen wird. Die zweite Strecke, der Mildmay-Kurs, ist mit nur 1 Meile und 3 Furlongs viel k\u00fcrzer und eine viel engere ovale Strecke, die wiederum linksh\u00e4ndig verl\u00e4uft. <\/p>","protected":false},"excerpt":{"rendered":"<p>Aintree Race Course &#8211; Live Races Watch Horse Racing From Aintree Live On Your PC, Mobile Or Tablet The Aintree race course is one of the most famous in the whole of the UK for 1 simple reason, it is the home of the Grand National. Even for people who have no interest in horse [&hellip;]<\/p>","protected":false},"author":1,"featured_media":0,"parent":0,"menu_order":0,"comment_status":"closed","ping_status":"closed","template":"","meta":{"footnotes":""},"class_list":["post-1302","page","type-page","status-publish","hentry"],"_links":{"self":[{"href":"https:\/\/www.livefooty.net\/de\/wp-json\/wp\/v2\/pages\/1302","targetHints":{"allow":["GET"]}}],"collection":[{"href":"https:\/\/www.livefooty.net\/de\/wp-json\/wp\/v2\/pages"}],"about":[{"href":"https:\/\/www.livefooty.net\/de\/wp-json\/wp\/v2\/types\/page"}],"author":[{"embeddable":true,"href":"https:\/\/www.livefooty.net\/de\/wp-json\/wp\/v2\/users\/1"}],"replies":[{"embeddable":true,"href":"https:\/\/www.livefooty.net\/de\/wp-json\/wp\/v2\/comments?post=1302"}],"version-history":[{"count":0,"href":"https:\/\/www.livefooty.net\/de\/wp-json\/wp\/v2\/pages\/1302\/revisions"}],"wp:attachment":[{"href":"https:\/\/www.livefooty.net\/de\/wp-json\/wp\/v2\/media?parent=1302"}],"curies":[{"name":"wp","href":"https:\/\/api.w.org\/{rel}","templated":true}]}}