{"id":1260,"date":"2023-08-18T08:28:30","date_gmt":"2023-08-18T08:28:30","guid":{"rendered":"https:\/\/www.livefooty.net\/?page_id=1260"},"modified":"2023-09-19T10:55:07","modified_gmt":"2023-09-19T10:55:07","slug":"legal","status":"publish","type":"page","link":"https:\/\/www.livefooty.net\/de\/legal\/","title":{"rendered":"Legal"},"content":{"rendered":"<h2 class=\"wp-block-heading\">Benachrichtigungen \u00fcber mutma\u00dflich illegale Inhalte<\/h2>\n\n\n\n<p> Die Website livefooty.net ist einfach eine Online-Informationsquelle zu allen Aspekten des Sports, wir sind in erster Linie Sportfans, die gerne \u00fcber Sport schreiben.  Der Inhalt unserer Website stammt von einer Reihe von Autoren und Drittanbieter-Datenquellen. Zu den Datenquellen geh\u00f6ren unter anderem football-api.com und Bet365 Live Odds Feed.  Wir \u00c3?bernehmen weder implizit noch explizit eine Garantie f\u00c3?r die Richtigkeit der auf livefooty.net enthaltenen Informationen. Einige dieser Informationen k\u00c3\u00b6nnen Links zu Inhalten enthalten, die sich auf den Servern Dritter befinden. livefooty.net hostet oder \u00c3?bertr\u00c3?gt keine audiovisuellen Inhalte, bettet nicht wissentlich illegale audiovisuelle Inhalte ein und verlinkt nicht direkt auf audiovisuelle Inhalte Dritter und hat keinen Einfluss auf diese Inhalte. livefooty.net kann keine Haftung f\u00c3?r die von anderen \u00c3?bermittelten Inhalte \u00c3?bernehmen. Die Verantwortung f\u00c3?r diese Inhalte liegt bei denjenigen, die diese Inhalte hosten oder \u00c3?bertragen. Auch kann livefooty.net keine Verantwortung f\u00c3?r die Besucher der livefooty.net-Website \u00c3?bernehmen. Es liegt in der Verantwortung jedes einzelnen Besuchers, sicherzustellen, dass er seine eigenen lokalen, nationalen oder staatlichen Gesetze vollst\u00c3?ndig einh\u00c3?lt. <\/p>\n\n\n\n<!--more-->\n\n\n\n<p>\nObwohl livefooty.net die Inhalte, die \u00fcber Websites Dritter \u00fcbermittelt werden, nicht aktiv \u00fcberwachen oder die Verantwortung daf\u00fcr \u00fcbernehmen kann, ist es nach Erhalt einer entsprechenden Benachrichtigung bereit, Ma\u00dfnahmen zu ergreifen und Links zu illegalen Inhalten oder illegal eingebetteten Inhalten zu entfernen. livefooty.net wird alle Links zu illegalen Inhalten von seiner Website entfernen, sofern die folgenden Informationen bereitgestellt wurden:-\n<\/p>\n\n\n\n<p>\n1. Identit\u00e4t des Inhalts, den Sie f\u00fcr illegal halten, und die Gr\u00fcnde f\u00fcr die Rechtswidrigkeit. Beispiele f\u00fcr illegale Inhalte sind unter anderem: beleidigende, verleumderische oder beleidigende Sprache, rechtswidrige Ver\u00f6ffentlichungen, Verletzung der Privatsph\u00e4re oder moralischer Rechte, Verletzung geistiger Eigentumsrechte, Weitergabe von Gesch\u00e4ftsgeheimnissen, Know-how oder anderweitig geheimen Informationen, sexuelle oder kindermissbrauchende Informationen usw ansonsten illegale Informationen;\n<br>\n2. Angabe des Standorts des Inhalts, den Sie f\u00fcr illegal halten, einschlie\u00dflich mindestens der genauen URL der Webseite, des Datums und der Uhrzeit, zu der Sie den mutma\u00dflich illegalen Inhalt identifiziert haben, sowie eines Screenshots der Webseite, auf dem der mutma\u00dflich illegale Inhalt zu sehen ist ;\n<br>\n3. Angabe des Standorts des Links zu den Inhalten, die Sie f\u00fcr illegal halten, einschlie\u00dflich mindestens der genauen URL der Webseite, auf der der Link angezeigt wird, sowie des Datums und der Uhrzeit, zu der Sie den Link zu den angeblich illegalen Inhalten identifiziert haben ;\n<br>\n4. Ihre Kontaktdaten\n<br>\n5. Eine Erkl\u00e4rung, in der Sie erkl\u00e4ren:\n<br><br>\n    * dass Sie in gutem Glauben davon ausgehen, dass die umstrittene Nutzung des Inhalts nicht vom Eigent\u00fcmer oder seinem Vertreter genehmigt wurde;\n<br>\n    * dass die umstrittene Nutzung gesetzlich nicht zul\u00e4ssig ist;\n<br>\n    * dass Sie den Eigent\u00fcmer der Website, die angeblich die illegalen Inhalte hostet, bereitstellt oder \u00fcbertr\u00e4gt, aufgefordert haben, seine illegalen Aktivit\u00e4ten einzustellen, oder, falls dies nicht m\u00f6glich ist, warum Sie diesen Eigent\u00fcmer nicht direkt kontaktieren konnten; \n<br>\n    * dass die Informationen in der Benachrichtigung korrekt sind und dass Sie unter Strafe des Meineids berechtigt sind, im Namen des Inhabers eines Rechts zu handeln, das angeblich verletzt oder anderweitig missbraucht wird;\n<br>\n    * dass Sie livefooty.net, alle seine verbundenen Unternehmen und deren jeweilige F\u00fchrungskr\u00e4fte, Direktoren, Mitarbeiter, Vertreter und Nachfolger von allen Anspr\u00fcchen, Verlusten, Kosten und Ausgaben, Sch\u00e4den, Strafen und Verbindlichkeiten freistellen, die livefooty.net dadurch entstehen der Bekanntmachung; Und\n<br>\n    * dass Sie damit einverstanden sind, dass die Mitteilung sowie alle daraus oder im Zusammenhang damit entstehenden Streitigkeiten den Gesetzen der Isle of Man unterliegen.\n<br><\/p>\n\n\n\n<p> Nach Erhalt einer Mitteilung, die den oben genannten Anforderungen entspricht, wird livefooty.net den identifizierten Link unverz\u00fcglich von seiner Website entfernen. Bitte richten Sie solche Mitteilungen an die E-Mail-Adresse:  <br> <b>info@livefooty.net<\/b> <br> <\/p>\n\n\n\n<p>\n<b>Was passiert, wenn das Problem bei Inhalten ohne Link (z. B. Text\/Bild) liegt, die auf einer Seite auf livefooty.net enthalten sind?<\/b> \u2013 Wenn Sie Probleme mit den Inhalten auf der Website livefooty.net haben, teilen Sie uns dies bitte mit (info@livefooty.net). Wir werden Ihnen entweder erkl\u00e4ren, warum wir den Inhalt f\u00fcr in Ordnung halten, oder wenn wir mit Ihrer Position einverstanden sind, den Inhalt nach Bedarf \u00e4ndern\/entfernen.\n<br><\/p>\n\n\n\n<p> Letzte Aktualisierung 18.08.2023 <\/p>","protected":false},"excerpt":{"rendered":"<p>Notifications Of Alleged Illegal Content The website livefooty.net is simply an online information source relating to all aspects of sport, we are primarily sports fans who like to write about sport. The content for our website comes from a number of writers and 3rd party data sources, data sources include but are not limited to [&hellip;]<\/p>","protected":false},"author":1,"featured_media":0,"parent":0,"menu_order":0,"comment_status":"closed","ping_status":"closed","template":"","meta":{"footnotes":""},"class_list":["post-1260","page","type-page","status-publish","hentry"],"_links":{"self":[{"href":"https:\/\/www.livefooty.net\/de\/wp-json\/wp\/v2\/pages\/1260","targetHints":{"allow":["GET"]}}],"collection":[{"href":"https:\/\/www.livefooty.net\/de\/wp-json\/wp\/v2\/pages"}],"about":[{"href":"https:\/\/www.livefooty.net\/de\/wp-json\/wp\/v2\/types\/page"}],"author":[{"embeddable":true,"href":"https:\/\/www.livefooty.net\/de\/wp-json\/wp\/v2\/users\/1"}],"replies":[{"embeddable":true,"href":"https:\/\/www.livefooty.net\/de\/wp-json\/wp\/v2\/comments?post=1260"}],"version-history":[{"count":0,"href":"https:\/\/www.livefooty.net\/de\/wp-json\/wp\/v2\/pages\/1260\/revisions"}],"wp:attachment":[{"href":"https:\/\/www.livefooty.net\/de\/wp-json\/wp\/v2\/media?parent=1260"}],"curies":[{"name":"wp","href":"https:\/\/api.w.org\/{rel}","templated":true}]}}