{"id":1220,"date":"2023-08-06T10:53:16","date_gmt":"2023-08-06T10:53:16","guid":{"rendered":"https:\/\/www.livefooty.net\/?page_id=1220"},"modified":"2023-09-19T10:59:20","modified_gmt":"2023-09-19T10:59:20","slug":"ppstream-live-streams","status":"publish","type":"page","link":"https:\/\/www.livefooty.net\/de\/ppstream-live-streams\/","title":{"rendered":"PPStream-Livestreams"},"content":{"rendered":"<h2 class=\"wp-block-heading\">PPStream-Streaming-Software<\/h2>\n\n\n\n<p> Die Qualit\u00e4t der \u00fcber verf\u00fcgbaren Streams <b>PPStream<\/b> ist sogar besser als SOPCast und TVants, Kan\u00e4le werden schnell gefunden und ein stabiles Bild ist f\u00fcr die meisten PPStream-Nutzer in wenigen Minuten verf\u00fcgbar. Die Benutzeroberfl\u00e4che ist nur auf Chinesisch verf\u00fcgbar und die Streams werden entweder in einer eingebetteten Version des Media Players abgespielt oder, wenn Sie die Men\u00fcoption im eigenst\u00e4ndigen Media Player finden k\u00f6nnen.  Durch diesen \"All-in-One\"-Ansatz ist diese Software sehr einfach zu bedienen und eine sehr n\u00fctzliche Anwendung, mit der Sie Live-Fu\u00dfball im Internet sehen k\u00f6nnen. PPStream bietet eine breite Palette von Kan\u00e4len, die alle Arten von Live-Fu\u00dfball zeigen, einschlie\u00dflich nationaler und internationaler Spiele aus der ganzen Welt. Einige der Kan\u00e4le, die \u00fcber <b>PPStream bietet einen englischen Kommentar<\/b>. <\/p>\n\n\n\n<!--more-->\n\n\n\n<p>\n\tPPStream steht hier zum Download bereit, allerdings m\u00fcssen Sie m\u00f6glicherweise etwas Geduld haben:-\n\t<br><\/p>\n\n\n\n<center>\n\t<a href=\"https:\/\/www.ppstream.com\/bin\/ppstreamsetup.exe\" target=\"_blank\" rel=\"noopener\">Laden Sie PPStream herunter<\/a>\n\t<\/center>\n\n\n\n<p>\n\tPPStream verf\u00fcgt \u00fcber eine integrierte Kanalliste, die das Kanalsurfen sehr einfach macht. Wenn Sie Schwierigkeiten haben, das Gesuchte zu finden, k\u00f6nnen Sie eine der vielen Websites mit Live-Fu\u00dfballlisten im Internet ausprobieren.\n\t<\/p>","protected":false},"excerpt":{"rendered":"<p>PPStream Streaming Software The quality of streams available through PPStream is even better than SOPCast and TVants, channels are found quickly and a steady picture is available for most PPStream users in a matter of minutes. The interface is only available in Chinese and streams are either played in an embedded version of media player [&hellip;]<\/p>","protected":false},"author":1,"featured_media":0,"parent":0,"menu_order":0,"comment_status":"closed","ping_status":"closed","template":"","meta":{"footnotes":""},"class_list":["post-1220","page","type-page","status-publish","hentry"],"_links":{"self":[{"href":"https:\/\/www.livefooty.net\/de\/wp-json\/wp\/v2\/pages\/1220","targetHints":{"allow":["GET"]}}],"collection":[{"href":"https:\/\/www.livefooty.net\/de\/wp-json\/wp\/v2\/pages"}],"about":[{"href":"https:\/\/www.livefooty.net\/de\/wp-json\/wp\/v2\/types\/page"}],"author":[{"embeddable":true,"href":"https:\/\/www.livefooty.net\/de\/wp-json\/wp\/v2\/users\/1"}],"replies":[{"embeddable":true,"href":"https:\/\/www.livefooty.net\/de\/wp-json\/wp\/v2\/comments?post=1220"}],"version-history":[{"count":0,"href":"https:\/\/www.livefooty.net\/de\/wp-json\/wp\/v2\/pages\/1220\/revisions"}],"wp:attachment":[{"href":"https:\/\/www.livefooty.net\/de\/wp-json\/wp\/v2\/media?parent=1220"}],"curies":[{"name":"wp","href":"https:\/\/api.w.org\/{rel}","templated":true}]}}