{"id":1202,"date":"2023-08-06T10:11:31","date_gmt":"2023-08-06T10:11:31","guid":{"rendered":"https:\/\/www.livefooty.net\/?page_id=1202"},"modified":"2023-09-19T10:54:44","modified_gmt":"2023-09-19T10:54:44","slug":"fusball-spielplane-neueste-live-fusball","status":"publish","type":"page","link":"https:\/\/www.livefooty.net\/de\/fusball-spielplane-neueste-live-fusball\/","title":{"rendered":"Fu\u00dfballpl\u00e4ne \u2013 Aktueller Live-Fu\u00dfball"},"content":{"rendered":"<h2 class=\"wp-block-heading\">Live-Fu\u00dfball \u2013 Kostenlose Internet-Spielpl\u00e4ne<\/h2>\n\n\n\n<p> Wahrscheinlich der schwierigste Teil davon <b>Live-Fu\u00dfball schauen<\/b> und anderen Sportarten im Internet besteht darin, herauszufinden, welche Kan\u00e4le welche Sportarten zeigen und wo man auf diese Kan\u00e4le zugreifen kann. Mit der neuen Generation der P2P-Software k\u00f6nnen Sie ganz einfach einen Kanal ausw\u00e4hlen, den Sie ansehen m\u00f6chten. Dies ist jedoch nicht wirklich sinnvoll, es sei denn, Sie wissen, welcher Kanal wann welche Fu\u00dfballspiele zeigt. Offensichtlich machen die Buchmacher den Sportarten, die sie anbieten, die ganze Arbeit viel einfacher! <\/p>\n\n\n\n<!--more-->\n\n\n\n<p><br><\/p>\n\n\n\n<p>\n\tDie folgenden Links enthalten detaillierte und aktuelle Informationen dar\u00fcber, was geplant ist und wo Spiele aus den meisten europ\u00e4ischen L\u00e4ndern gezeigt werden:- \n\t<\/p>\n\n\n\n<ul class=\"wp-block-list\">\n<li><a href=\"https:\/\/www.livefooty.net\/de\/heutige-zeitplane-alle-sportarten-live-online\/\">Zeitplan f\u00fcr Live-Sport<\/a> \u2013 Eine Auflistung aller Live-Sportarten, die heute stattfinden sollen <\/li>\n\n\n\n<li><a href=\"https:\/\/www.livefooty.net\/de\/william-hill-tv-live-streams-live-online-ansehen\/\">William Hill Live-Fu\u00dfball-Streams<\/a> \u2013 Ein Zeitplan f\u00fcr Fu\u00dfballspiele, die live auf William Hill \u00fcbertragen werden <\/li>\n\n\n\n<li><a href=\"https:\/\/www.livefooty.net\/de\/betfair-live-streams-online\/\">Betfair Live-Fu\u00dfball-Streams<\/a> \u2013 Live-Streaming von Fu\u00dfballspielen auf Betfair <\/li>\n<\/ul>\n\n\n\n<p>\n\tDie obigen Links zeigen, welche Sportarten heute online verf\u00fcgbar sind. Die Ansto\u00dfzeiten f\u00fcr verschiedene Wettbewerbe finden Sie in den Fu\u00dfballpl\u00e4nen unten. M\u00f6glicherweise sind nicht alle dieser Spiele an Ihrem Wohnort live verf\u00fcgbar.\n\t<\/p>\n\n\n<p>[scu name=&#8221;football-schedule&#8221;]<\/p>\n\n\n\n<p><\/p>","protected":false},"excerpt":{"rendered":"<p>Live Football &#8211; Free Internet Schedules Probably the hardest part of watching live football and other sports on the internet is to find out what channels are showing what sports and where to access those channels. The new generation of P2P software allows you to easily select a channel to watch but it&#8217;s not really [&hellip;]<\/p>","protected":false},"author":1,"featured_media":0,"parent":0,"menu_order":0,"comment_status":"closed","ping_status":"closed","template":"","meta":{"footnotes":""},"class_list":["post-1202","page","type-page","status-publish","hentry"],"_links":{"self":[{"href":"https:\/\/www.livefooty.net\/de\/wp-json\/wp\/v2\/pages\/1202","targetHints":{"allow":["GET"]}}],"collection":[{"href":"https:\/\/www.livefooty.net\/de\/wp-json\/wp\/v2\/pages"}],"about":[{"href":"https:\/\/www.livefooty.net\/de\/wp-json\/wp\/v2\/types\/page"}],"author":[{"embeddable":true,"href":"https:\/\/www.livefooty.net\/de\/wp-json\/wp\/v2\/users\/1"}],"replies":[{"embeddable":true,"href":"https:\/\/www.livefooty.net\/de\/wp-json\/wp\/v2\/comments?post=1202"}],"version-history":[{"count":0,"href":"https:\/\/www.livefooty.net\/de\/wp-json\/wp\/v2\/pages\/1202\/revisions"}],"wp:attachment":[{"href":"https:\/\/www.livefooty.net\/de\/wp-json\/wp\/v2\/media?parent=1202"}],"curies":[{"name":"wp","href":"https:\/\/api.w.org\/{rel}","templated":true}]}}