{"id":1196,"date":"2023-08-06T10:00:51","date_gmt":"2023-08-06T10:00:51","guid":{"rendered":"https:\/\/www.livefooty.net\/?page_id=1196"},"modified":"2023-09-19T10:53:43","modified_gmt":"2023-09-19T10:53:43","slug":"betfair-live-streams-online","status":"publish","type":"page","link":"https:\/\/www.livefooty.net\/de\/betfair-live-streams-online\/","title":{"rendered":"Betfair \u2013 Live-Streams online"},"content":{"rendered":"<h2 class=\"wp-block-heading\">Betfair Live-Sport-Streams \u2013 Live online ansehen<\/h2>\n\n\n\n<p> Es gibt harte Wege <b>Sehen Sie sich Ihre Lieblingssportarten online an<\/b> und dann gibt es noch die einfachen Wege.  Ganz oben auf der Liste der einfachsten steht das Ansehen von Live-Streams einiger der gr\u00f6\u00dften Unternehmen im Internet. <b>Betfair<\/b> Betfair ist einer der gr\u00f6\u00dften Buchmacher im Internet und bietet Ihnen nicht nur die besten Quoten, sondern auch die M\u00f6glichkeit, Ihre Lieblingssportarten online zu verfolgen - und das v\u00f6llig kostenlos! Betfair-Livestreams bieten Ihnen erstklassige Sport\u00fcbertragungen, ohne dass Sie etwas daf\u00fcr bezahlen m\u00fcssen. Alles, was Sie brauchen, ist eine 2-min\u00fctige Anmeldung und eine Einzahlung auf Ihr Konto, um Zugang zu erhalten. <\/p>\n\n\n\n<!--more-->\n\n\n\n<p> Live-Fu\u00dfball interessiert die meisten Menschen und Betfair hat das Recht, Ihnen Spiele aus einigen der Top-Ligen und Pokale zu zeigen \u2013 <b>Serie A, Portugiesische Superliga, UEFA-Pokal und die meisten internationalen Freundschaftsspiele<\/b> um nur ein paar zu nennen*.  Betfair erweitert diese Liste laufend, es gibt also keinen Grund, sich nicht jetzt anzumelden.  Wenn Sie nicht nur auf Fu\u00dfball wetten m\u00f6chten, finden Sie auf der Liste der anderen Sportarten auch Tennis, Snooker und Basketball.  Wie w\u00e4re es mit Pferderennen?  Sie stecken in der Arbeit fest, wollen aber wissen, wie es Ihrem Pferd geht?  Betfair \u00fcbertr\u00e4gt mehr Pferderennen live als jede andere Quelle, die ich online gefunden habe.  Nat\u00fcrlich bieten sie auch ein erstklassiges Casino und <a href=\"https:\/\/www.kushmoney.com\/\" target=\"_blank\" rel=\"noopener\">Pokerspiel<\/a> wenn Sie so geneigt sind.   <br><\/p>\n\n\n\n<p>\n\tAlle <b>Betfair-Livestreams<\/b> sind kostenlos, alles was Sie brauchen ist ein eingezahltes Konto.  Wenn Sie gerne wetten, dann k\u00f6nnen Sie mit dem Neukundenangebot sogar bis zu 100 Euro an Gratiswetten erhalten. Platzieren Sie 5 x 10 \u20ac oder mehr Wetten und Sie erhalten 20 \u20ac in Gratiswetten. Wiederholen Sie dies bis zu 5 Mal, um den maximalen Bonus von 100 \u20ac zu erhalten. Mindestquoten 1\/2 (1,5). B\u00f6rsenwetten sind ausgeschlossen. AGBs gelten\n\t<br><\/p>\n\n\n\n<p>\n\tDie Anmeldung bei Betfair ist eine einfache M\u00f6glichkeit <b>Live-Sport-Streams online ansehen<\/b>, wenn Sie noch kein Mitglied sind, empfehle ich Ihnen, jetzt dorthin zu gehen und es zu erledigen!<\/p>","protected":false},"excerpt":{"rendered":"<p>Betfair Live Sports Streams &#8211; Watch Live Online There are hard ways of watching your favourite sports online and then there are the easy ways. Right up there as the easiest has to be watching live streams from some of the biggest companies online. Betfair for example are one of the biggest bookmakers online and [&hellip;]<\/p>","protected":false},"author":1,"featured_media":0,"parent":0,"menu_order":0,"comment_status":"closed","ping_status":"closed","template":"","meta":{"footnotes":""},"class_list":["post-1196","page","type-page","status-publish","hentry"],"_links":{"self":[{"href":"https:\/\/www.livefooty.net\/de\/wp-json\/wp\/v2\/pages\/1196","targetHints":{"allow":["GET"]}}],"collection":[{"href":"https:\/\/www.livefooty.net\/de\/wp-json\/wp\/v2\/pages"}],"about":[{"href":"https:\/\/www.livefooty.net\/de\/wp-json\/wp\/v2\/types\/page"}],"author":[{"embeddable":true,"href":"https:\/\/www.livefooty.net\/de\/wp-json\/wp\/v2\/users\/1"}],"replies":[{"embeddable":true,"href":"https:\/\/www.livefooty.net\/de\/wp-json\/wp\/v2\/comments?post=1196"}],"version-history":[{"count":0,"href":"https:\/\/www.livefooty.net\/de\/wp-json\/wp\/v2\/pages\/1196\/revisions"}],"wp:attachment":[{"href":"https:\/\/www.livefooty.net\/de\/wp-json\/wp\/v2\/media?parent=1196"}],"curies":[{"name":"wp","href":"https:\/\/api.w.org\/{rel}","templated":true}]}}