{"id":1163,"date":"2023-08-06T08:34:34","date_gmt":"2023-08-06T08:34:34","guid":{"rendered":"https:\/\/www.livefooty.net\/?page_id=1163"},"modified":"2023-09-28T07:11:31","modified_gmt":"2023-09-28T07:11:31","slug":"bet365-live-streams","status":"publish","type":"page","link":"https:\/\/www.livefooty.net\/de\/bet365-live-streams\/","title":{"rendered":"Bet365 Live-Streams"},"content":{"rendered":"<h2 class=\"wp-block-heading\">Live-Sport-Streams mit Bet365<\/h2>\n\n\n\n<p>Wenn Sie einen Live-Stream der neuesten Fu\u00dfball-Action auf Ihrem Desktop oder Mobilger\u00e4t sehen m\u00f6chten, dann ist Bet365 das Online-Sportwettenanbieter, den Sie ausprobieren m\u00f6chten. Bet365-Live-Streaming ist hervorragend!<\/p>\n\n\n\n<!--more-->\n\n\n\n<p><strong>Live-Sport \u00fcber das Internet ansehen<\/strong> ist ein gro\u00dfes Gesch\u00e4ft, und die Sache ist, dass gro\u00dfe Unternehmen es auch wissen! Eine der viel beachteten und ignorierten M\u00f6glichkeiten, Ihren Lieblingssport online zu verfolgen (sei es <strong>Fu\u00dfball, Golf, Tennis<\/strong> oder irgendetwas anderes) besteht darin, die von diesen gro\u00dfen Unternehmen bereitgestellten Live-Streams zu nutzen. Die BBC, ITV und viele Buchmacher in verschiedenen Gerichtsbarkeiten bieten m\u00f6glicherweise Live-Streaming von Sportereignissen online an. Meiner Meinung nach ist Bet365 ein gro\u00dfartiges Beispiel daf\u00fcr (und mein Favorit). <strong>Bet365-Livestreams<\/strong> Bietet seinen Mitgliedern Zugang zu einer Vielzahl von Live-Sportarten. Meiner Meinung nach sind diese Sport-Streams in der Regel von sehr hoher Qualit\u00e4t und entfernen so viel von der Frage \u201eWo kann ich das sehen?\u201c Element aus Live-Sport online. M\u00f6glicherweise liegt es an der Natur der Durchf\u00fchrung von Sportwetten, dass viele der Ereignisse selbst nicht die Art von Dingen sind, die man in vielen L\u00e4ndern im \u201enormalen\u201c Fernsehen sehen w\u00fcrde. Eine vollst\u00e4ndige Liste der Veranstaltungen finden Sie auf der Live-Streaming-Seite von Bet365. Es gelten die AGB, 18+<\/p>\n\n\n\n<p>Um die Spannung im Spiel noch zu steigern, \u00fcbertr\u00e4gt bet365 jedes Jahr \u00fcber 140.000 Events live auf Ihren PC - so k\u00f6nnen Sie wetten, w\u00e4hrend sich die Action entfaltet. Zu den Highlights geh\u00f6ren die Tennisturniere der Masters Series und die Spiele einiger der besten Fu\u00dfballligen der Welt. Um den Live-Streaming-Service nutzen zu k\u00f6nnen, m\u00fcssen Sie eingeloggt sein und \u00fcber ein finanziertes Konto verf\u00fcgen oder innerhalb der letzten 24 Stunden eine Wette platziert haben. Jedes Spiel\/Ereignis auf unserer Website, neben dem das Play- oder Video-Symbol zu sehen ist, wird per Live-Streaming \u00fcbertragen. Es gelten die Allgemeinen Gesch\u00e4ftsbedingungen, 18+<\/p>\n\n\n\n<p>Und vergessen Sie nicht den innovativen Bet365 Live Golf Tracker, mit dem Sie nicht nur Live-Streams von Par-3-L\u00f6chern bei vielen der gr\u00f6\u00dften Golfturniere der Welt verfolgen k\u00f6nnen, sondern auch die gesamte Action in Echtzeit, einschlie\u00dflich Loch- und Gr\u00fcn-Layouts, aktuellem Tabellenstand und sekundengenauen Positionsdaten<br>f\u00fcr jeden Spieler auf dem Platz. Brillant.<\/p>\n\n\n\n<p><strong>\u00dcbertr\u00e4gt Bet365 Live-Fu\u00dfball?<\/strong>  Bet365 ist ein seri\u00f6ser Online-Wettanbieter, der das Streaming von Live-Fu\u00dfballspielen anbietet. Dieser Service steht Nutzern im Vereinigten K\u00f6nigreich, Irland und Italien zur Verf\u00fcgung. Das Unternehmen bietet auch eine Reihe anderer Sportwetten an, darunter Cricket, Tennis und Rugby.  Um auf den Live-Streaming-Service von Bet365 zugreifen zu k\u00f6nnen, m\u00fcssen die Nutzer zun\u00e4chst ein Konto erstellen und ihre Identit\u00e4t verifizieren. Nach dem Einloggen k\u00f6nnen sie ausw\u00e4hlen, welche Spiele sie sehen m\u00f6chten. Live-Streams sind f\u00fcr die meisten Spiele in Gro\u00dfbritannien und Irland verf\u00fcgbar, sowie f\u00fcr einige Spiele der italienischen Serie A und Ligue 1. Einige Spiele k\u00f6nnen aufgrund von Lizenzbeschr\u00e4nkungen oder Zeitbeschr\u00e4nkungen nicht verf\u00fcgbar sein.  Insgesamt ist der Live-Streaming-Service von Bet365 bequem und erschwinglich. Er ist eine gro\u00dfartige Option f\u00fcr britische Sportfans, die ihre Lieblingsmannschaften auch unterwegs sehen m\u00f6chten, oder f\u00fcr diejenigen, die kein Kabel- oder Satellitenfernsehen zu Hause haben.  Sie k\u00f6nnen nicht nur Spiele aus der ganzen Welt live und in Echtzeit verfolgen, sondern den Streaming-Service von Bet365 auch nutzen, um die Diskussionen vor und nach dem Spiel zu verfolgen - so sind Sie immer auf dem Laufenden, egal was auf dem Spielfeld passiert.<\/p>\n\n\n\n<p><strong>Wie kann ich einen Live-Stream auf Bet365 ansehen?<\/strong>  Es gibt mehrere M\u00f6glichkeiten, Live-Streams auf Bet365 zu sehen. Der einfachste Weg ist, einfach die Website zu besuchen und Ihre Lieblingsspiele auszuw\u00e4hlen. Sie k\u00f6nnen auch die App verwenden, die sowohl f\u00fcr Android- als auch f\u00fcr iOS-Ger\u00e4te verf\u00fcgbar ist.Bet365 ist einer der f\u00fchrenden Online-Wettanbieter der Welt und bietet eine Vielzahl von Live-Streaming-Optionen. Egal, ob Sie ein Fu\u00dfballspiel oder ein anderes Sportereignis sehen m\u00f6chten, Bet365 hat die Streaming-Option f\u00fcr Sie.<\/p>\n\n\n\n<p><strong>Was ist der Live-Streaming-Dienst von Bet365?<\/strong>  Bet365 ist ein f\u00fchrendes Online-Wettunternehmen mit einem Live-Streaming-Dienst, mit dem Benutzer Sportereignisse, darunter Fu\u00dfball-, Cricket- und Tennisspiele, live verfolgen k\u00f6nnen. Der Dienst ist auf Desktop- und Mobilger\u00e4ten verf\u00fcgbar und bietet eine Reihe von Funktionen, darunter die M\u00f6glichkeit, mehrere Spiele gleichzeitig zu verfolgen und mit anderen Zuschauern zu chatten. Bet365 bietet auch Wetttipps und Markteinblicke und ist damit eine ideale Informationsquelle f\u00fcr alle, die sich f\u00fcr Gl\u00fccksspiele im Sport interessieren.<\/p>\n\n\n\n<p><strong>Wie funktioniert das Live-Streaming von Bet365?<\/strong>  Bet365 ist eines der weltweit f\u00fchrenden Online-Wettunternehmen und bietet eine gro\u00dfe Auswahl an Wettm\u00f6glichkeiten, einschlie\u00dflich Live-Streaming. Wenn Sie sich bei Bet365 anmelden, k\u00f6nnen Sie w\u00e4hlen, ob Sie Ihre Wetten in Echtzeit ansehen oder sie anschlie\u00dfend \u00fcberpr\u00fcfen m\u00f6chten. Live-Streaming mit Bet365 ist einfach und unkompliziert: \u00d6ffnen Sie einfach das Wettfenster und klicken Sie auf die Schaltfl\u00e4che \u201eLive ansehen\u201c. Sie k\u00f6nnen auch die Live-Streaming-Funktion nutzen, um Ihre Lieblingssportmannschaften oder -spieler beim Spielen zu verfolgen.<\/p>\n\n\n\n<p><strong>Ist Bet365 Live-Streaming kostenlos?<\/strong>  Ja, der Live-Streaming-Service von Bet365 kann kostenlos genutzt werden.  Allerdings gibt es einige Einschr\u00e4nkungen, was und wie lange gestreamt werden kann. Zum Beispiel ist das Live-Streaming f\u00fcr bestimmte Sportereignisse wie die englische Premier League und La Liga nicht verf\u00fcgbar. Au\u00dferdem steht das Live-Streaming nur Kunden zur Verf\u00fcgung, die \u00fcber ein qualifiziertes Konto verf\u00fcgen.<\/p>\n\n\n\n<p><strong>Wie kann ich einen Live-Stream auf Bet365 ansehen?<\/strong>  Bet365 ist eine der beliebtesten Online-Wettseiten und bietet einen Live-Streaming-Service an, mit dem Sie das gesamte Geschehen von Ihrem Computer, Tablet oder Telefon aus verfolgen k\u00f6nnen. Um diesen Service zu nutzen, klicken Sie einfach auf den Link \"Live Streaming\" im Hauptmen\u00fc der Website und w\u00e4hlen Sie Ihr bevorzugtes Ger\u00e4t aus. Sie k\u00f6nnen dann auf alle Live-Streams zugreifen und sich mit anderen Zuschauern in Chatrooms oder Foren austauschen. Sie k\u00f6nnen auch Wetten platzieren, w\u00e4hrend Sie die Live-Streams ansehen, so dass es nie langweilig wird, wenn Sie den Streaming-Service von Bet365 nutzen.Um einen Live-Stream auf Bet365 anzusehen, m\u00fcssen sich Kunden anmelden oder ein Konto erstellen. Nach der Anmeldung k\u00f6nnen die Kunden das Ereignis ausw\u00e4hlen, das sie sehen m\u00f6chten.<\/p>\n\n\n\n<p><strong>Wie funktioniert Bet365-Live-Streaming auf Mobilger\u00e4ten?<\/strong>  Bet365 Live-Streaming funktioniert auf mobilen Ger\u00e4ten, indem die Nutzer bet365 Spiele und Turniere \u00fcber die App verfolgen k\u00f6nnen. Die App ist sowohl f\u00fcr Android- als auch f\u00fcr iOS-Ger\u00e4te verf\u00fcgbar und macht es den Nutzern leicht, auf ihre Lieblingsinhalte zuzugreifen. \u00d6ffnen Sie einfach die Bet365-App und w\u00e4hlen Sie ein Spiel oder Turnier aus, das Sie sehen m\u00f6chten. Dann k\u00f6nnen Sie das Geschehen direkt mitverfolgen, ohne dass Sie ein Kabelabonnement oder eine andere Software ben\u00f6tigen.<\/p>","protected":false},"excerpt":{"rendered":"<p>Live Sports Streams With Bet365 If you&#8217;re looking to catch a live stream of the latest football action on your desktop or mobile device, then Bet365 is the online sports book you want to check out, Bet365 live streaming is excellent!<\/p>","protected":false},"author":1,"featured_media":0,"parent":0,"menu_order":0,"comment_status":"closed","ping_status":"closed","template":"","meta":{"footnotes":""},"class_list":["post-1163","page","type-page","status-publish","hentry"],"_links":{"self":[{"href":"https:\/\/www.livefooty.net\/de\/wp-json\/wp\/v2\/pages\/1163","targetHints":{"allow":["GET"]}}],"collection":[{"href":"https:\/\/www.livefooty.net\/de\/wp-json\/wp\/v2\/pages"}],"about":[{"href":"https:\/\/www.livefooty.net\/de\/wp-json\/wp\/v2\/types\/page"}],"author":[{"embeddable":true,"href":"https:\/\/www.livefooty.net\/de\/wp-json\/wp\/v2\/users\/1"}],"replies":[{"embeddable":true,"href":"https:\/\/www.livefooty.net\/de\/wp-json\/wp\/v2\/comments?post=1163"}],"version-history":[{"count":0,"href":"https:\/\/www.livefooty.net\/de\/wp-json\/wp\/v2\/pages\/1163\/revisions"}],"wp:attachment":[{"href":"https:\/\/www.livefooty.net\/de\/wp-json\/wp\/v2\/media?parent=1163"}],"curies":[{"name":"wp","href":"https:\/\/api.w.org\/{rel}","templated":true}]}}