{"id":1141,"date":"2023-08-06T08:01:12","date_gmt":"2023-08-06T08:01:12","guid":{"rendered":"https:\/\/livefooty.net\/?page_id=1141"},"modified":"2025-10-14T09:58:51","modified_gmt":"2025-10-14T09:58:51","slug":"live-football-other-sports-online-news-and-games","status":"publish","type":"page","link":"https:\/\/www.livefooty.net\/de\/","title":{"rendered":"Live-Fu\u00dfball und andere Sportarten online - Nachrichten und Spiele"},"content":{"rendered":"<h2 class=\"wp-block-heading\">Wo Sie Fu\u00dfball, Tennis, Darts usw. live sehen k\u00f6nnen<\/h2>\n\n\n\n<figure class=\"wp-block-image size-full is-style-rounded\"><img decoding=\"async\" width=\"1024\" height=\"683\" src=\"https:\/\/www.livefooty.net\/wp-content\/uploads\/2023\/08\/live-footy.jpg\" alt=\"Live-Fu\u00dfball\" class=\"wp-image-1322\" title=\"\" srcset=\"https:\/\/www.livefooty.net\/wp-content\/uploads\/2023\/08\/live-footy.jpg 1024w, https:\/\/www.livefooty.net\/wp-content\/uploads\/2023\/08\/live-footy-300x200.jpg 300w, https:\/\/www.livefooty.net\/wp-content\/uploads\/2023\/08\/live-footy-768x512.jpg 768w, https:\/\/www.livefooty.net\/wp-content\/uploads\/2023\/08\/live-footy-18x12.jpg 18w, https:\/\/www.livefooty.net\/wp-content\/uploads\/2023\/08\/live-footy-665x444.jpg 665w, https:\/\/www.livefooty.net\/wp-content\/uploads\/2023\/08\/live-footy-390x260.jpg 390w\" sizes=\"(max-width: 1024px) 100vw, 1024px\" \/><\/figure>\n\n\n\n<p>Das Internet ist nicht nur f\u00fcr Facebook und Pornos da, es gibt auch einige n\u00fctzliche Dinge da drau\u00dfen im Cyberspace! Eines der n\u00fctzlichsten Dinge f\u00fcr Sportfans ist die M\u00f6glichkeit, echte, legitime und autorisierte Live-Sport\u00fcbertragungen online von bezahlten \u00dcbertragungspartnern zu sehen. Was zun\u00e4chst nur etwas f\u00fcr Technikfreaks und Geeks war, hat sich zum Mainstream entwickelt und wird von einer gro\u00dfen Anzahl von Menschen Woche f\u00fcr Woche genutzt, um mehr Live-Fu\u00dfball zu sehen.  Es gibt keinen Grund, Ihren Computer zu gef\u00e4hrden, wir sprechen hier nur \u00fcber offizielle Streams.<\/p>\n\n\n\n<!--more-->\n\n\n\n<hr class=\"wp-block-separator has-alpha-channel-opacity\"\/>\n\n\n\n<p><\/p>\n\n\n\n<hr class=\"wp-block-separator has-alpha-channel-opacity\"\/>\n\n\n\n<h2 class=\"wp-block-heading\">Die Buchmacher<\/h2>\n\n\n\n<p>Eine st\u00e4ndig wachsende Zahl von Online-Buchmachern hat begonnen, Live-Streams verschiedener Sportarten anzubieten, darunter nat\u00fcrlich auch der allseits beliebte Fu\u00dfball, einschlie\u00dflich der Spitzenspiele der gro\u00dfen europ\u00e4ischen Ligen. Auch wenn die Regeln von Buchmacher zu Buchmacher unterschiedlich sind (bei einigen muss man eine Einzahlung t\u00e4tigen und bei anderen sogar eine Wette auf ein bestimmtes Ereignis platzieren, um es sehen zu k\u00f6nnen), ist das Ergebnis dasselbe: Live-Streams in professioneller Qualit\u00e4t von vielen Sportereignissen, die man auf keine andere Weise zu sehen bekommt. Technisch gesehen ist es ganz einfach, nicht komplizierter als das Ansehen eines Youtube-Videos. Ein eingebetteter Videoplayer wird verwendet, um die Live-Sport-Streams zu zeigen, und deshalb ist es m\u00f6glich, sie in 99% Webbrowsern zu sehen. Das einzige Problem k\u00f6nnte bei einigen Apple-Ger\u00e4ten auftreten, denn warum sie darauf bestehen, Flash nicht zu unterst\u00fctzen, wei\u00df niemand. Die einzige weitere Einschr\u00e4nkung, die es zu beachten gilt, ist die Tatsache, dass einige Veranstaltungen je nach Senderechten in bestimmten L\u00e4ndern geografisch eingeschr\u00e4nkt sind. Aber die Buchmacher sind immer noch eine ausgezeichnete M\u00f6glichkeit, mehr Live-Fu\u00dfball zu sehen, als man sonst jemals zu sehen bekommen w\u00fcrde.<\/p>\n\n\n\n<figure class=\"wp-block-image size-large is-style-default\"><img decoding=\"async\" width=\"1024\" height=\"318\" src=\"https:\/\/www.livefooty.net\/wp-content\/uploads\/2023\/08\/live-footy-online-1024x318.jpg\" alt=\"Live-Fu\u00dfball online\" class=\"wp-image-1324\" title=\"\" srcset=\"https:\/\/www.livefooty.net\/wp-content\/uploads\/2023\/08\/live-footy-online-1024x318.jpg 1024w, https:\/\/www.livefooty.net\/wp-content\/uploads\/2023\/08\/live-footy-online-300x93.jpg 300w, https:\/\/www.livefooty.net\/wp-content\/uploads\/2023\/08\/live-footy-online-768x238.jpg 768w, https:\/\/www.livefooty.net\/wp-content\/uploads\/2023\/08\/live-footy-online-18x6.jpg 18w, https:\/\/www.livefooty.net\/wp-content\/uploads\/2023\/08\/live-footy-online-665x206.jpg 665w, https:\/\/www.livefooty.net\/wp-content\/uploads\/2023\/08\/live-footy-online-838x260.jpg 838w, https:\/\/www.livefooty.net\/wp-content\/uploads\/2023\/08\/live-footy-online.jpg 1080w\" sizes=\"(max-width: 1024px) 100vw, 1024px\" \/><\/figure>\n\n\n\n<h2 class=\"wp-block-heading\">Die Fernsehsender<\/h2>\n\n\n\n<p>Es hat einige Zeit gedauert, aber endlich erkennt man, dass Online das perfekte Medium ist, um mehr Menschen den Sport zug\u00e4nglich zu machen und die Zuschauerzahlen sowie die Werbeeinnahmen zu steigern. Nat\u00fcrlich ist das Angebot von Land zu Land sehr unterschiedlich, aber der Trend ist f\u00fcr Sportfans immer noch positiv, wir sehen langsam, dass mehr Sportarten live online \u00fcbertragen werden. In Gro\u00dfbritannien bietet vor allem die BBC hervorragende Live-Sport\u00fcbertragungen online, die Formel 1 musste damals besonders erw\u00e4hnt werden. Wichtige Trainingseinheiten, die fr\u00fcher nur eine 30-sek\u00fcndige Zusammenfassung der Vorqualifikation waren, wurden live online \u00fcbertragen, es war der Beginn eines Prozesses, der alle dazu brachte, ihr Spiel zu verbessern. Sie k\u00f6nnen au\u00dferdem sicher sein, dass jedes Fu\u00dfballspiel, \u00fcber das die BBC berichtet, auch live online \u00fcbertragen wird \u2013 ein unsch\u00e4tzbar wertvoller Service, wenn Sie bei der Arbeit festsitzen oder nicht vor dem Fernseher sitzen. Sky hat sogar seinen NowTV-Dienst (sie lieben es einfach, Spiele von Manchester United, Liverpool, Chelsea und Arsenal zu zeigen!), mit dem Sie die Sky Sports-Action zu reduzierten Abonnementkosten live \u00fcber Ihr Mobilger\u00e4t verfolgen k\u00f6nnen. Es ist noch fr\u00fch und es ist noch ein langer Weg, aber wir kommen langsam dorthin. Es wird doch sicher nur eine Frage der Zeit sein, bis wir ALLE Fu\u00dfballspiele live online verfolgen k\u00f6nnen?<\/p>\n\n\n\n<h3 class=\"wp-block-heading\">Neueste Footy-Aktivit\u00e4ten<\/h3>\n\n\n\n<p>[scu name=\"event-summary\"]<\/p>\n\n\n\n<hr class=\"wp-block-separator has-alpha-channel-opacity\"\/>\n\n\n\n<h3 class=\"wp-block-heading\">Live-Fu\u00dfballnachrichten<\/h3>\n\n\n\n<p>[scu name=\"rss-feed\"]<\/p>","protected":false},"excerpt":{"rendered":"<p>Where To Watch Live Football, Tennis, Darts etc The internet isn&#8217;t just for Facebook and porn, there are actually some useful things going on out there in cyberspace! One of the most useful for sports fans is the ability to watch genuine, legitimate, authorised live sports streams online from paid up broadcast partners. What started [&hellip;]<\/p>","protected":false},"author":1,"featured_media":0,"parent":0,"menu_order":0,"comment_status":"closed","ping_status":"closed","template":"","meta":{"footnotes":""},"class_list":["post-1141","page","type-page","status-publish","hentry"],"_links":{"self":[{"href":"https:\/\/www.livefooty.net\/de\/wp-json\/wp\/v2\/pages\/1141","targetHints":{"allow":["GET"]}}],"collection":[{"href":"https:\/\/www.livefooty.net\/de\/wp-json\/wp\/v2\/pages"}],"about":[{"href":"https:\/\/www.livefooty.net\/de\/wp-json\/wp\/v2\/types\/page"}],"author":[{"embeddable":true,"href":"https:\/\/www.livefooty.net\/de\/wp-json\/wp\/v2\/users\/1"}],"replies":[{"embeddable":true,"href":"https:\/\/www.livefooty.net\/de\/wp-json\/wp\/v2\/comments?post=1141"}],"version-history":[{"count":1,"href":"https:\/\/www.livefooty.net\/de\/wp-json\/wp\/v2\/pages\/1141\/revisions"}],"predecessor-version":[{"id":3083,"href":"https:\/\/www.livefooty.net\/de\/wp-json\/wp\/v2\/pages\/1141\/revisions\/3083"}],"wp:attachment":[{"href":"https:\/\/www.livefooty.net\/de\/wp-json\/wp\/v2\/media?parent=1141"}],"curies":[{"name":"wp","href":"https:\/\/api.w.org\/{rel}","templated":true}]}}